{"id":4848,"date":"2016-02-26T17:33:53","date_gmt":"2016-02-26T15:33:53","guid":{"rendered":"https:\/\/www.kananas.com\/it\/documentation-42\/accounting\/closing-account\/"},"modified":"2023-12-28T12:54:58","modified_gmt":"2023-12-28T10:54:58","slug":"chiusura-del-conto","status":"publish","type":"page","link":"https:\/\/www.kananas.com\/it\/documentazione\/contabilita\/chiusura-del-conto\/","title":{"rendered":"Chiusura del conto"},"content":{"rendered":"\n<p class=\"wp-block-paragraph\">Nel file dell&rsquo;anno finanziario, avrai la possibilit\u00e0 di chiuderlo: ci\u00f2 avr\u00e0 l&rsquo;effetto di vietare la modifica e la creazione di proventi\/spese durante il periodo dell&rsquo;anno finanziario.<\/p>\n\n\n\n<p class=\"wp-block-paragraph\">Per accedere al menu dell&rsquo;esercizio, vai su Contabilit\u00e0\/tassa.<\/p>\n\n\n\n<figure class=\"wp-block-image size-full ghostkit-custom-2q8Qmd\"><img decoding=\"async\" src=\"https:\/\/www.kananas.com\/en\/wp-content\/uploads\/sites\/2145\/2023\/12\/Screenshot-2023-12-15-at-16-45-32-SOA-club.png\" alt=\"\" class=\"wp-image-5404\"\/><\/figure>\n\n\n\n<div style=\"height:20px\" aria-hidden=\"true\" class=\"wp-block-spacer\"><\/div>\n\n\n\n<p class=\"wp-block-paragraph\"><i class=\"icon fa fa-exclamation-circle\" aria-hidden=\"true\"> <\/i> Quando l&rsquo;anno finanziario si chiude, \u00e8 tua responsabilit\u00e0 riportare manualmente i saldi dei diversi conti. Per farlo, aggiungi semplicemente movimenti di recupero sotto forma di ricevute, dell&rsquo;importo desiderato, ai diversi conti da finanziare.<\/p>\n\n\n\n<div style=\"height:30px\" aria-hidden=\"true\" class=\"wp-block-spacer\"><\/div>\n\n\n\n<p class=\"wp-block-paragraph\">Per saperne di pi\u00f9 sulla contabilit\u00e0<\/p>\n\n\n<ul class=\"wp-block-page-list\"><li class=\"wp-block-pages-list__item\"><a class=\"wp-block-pages-list__item__link\" href=\"https:\/\/www.kananas.com\/it\/documentazione\/contabilita\/transazioni\/\">Transazioni<\/a><\/li><li class=\"wp-block-pages-list__item\"><a class=\"wp-block-pages-list__item__link\" href=\"https:\/\/www.kananas.com\/it\/documentazione\/contabilita\/collocamento\/\">Collocamento<\/a><\/li><li class=\"wp-block-pages-list__item\"><a class=\"wp-block-pages-list__item__link\" href=\"https:\/\/www.kananas.com\/it\/documentazione\/contabilita\/tagga-un-ricavo-o-una-spesa\/\">Tagga un ricavo o una spesa<\/a><\/li><li class=\"wp-block-pages-list__item\"><a class=\"wp-block-pages-list__item__link\" href=\"https:\/\/www.kananas.com\/it\/documentazione\/contabilita\/nuovo-esercizio\/\">Nuovo esercizio<\/a><\/li><li class=\"wp-block-pages-list__item\"><a class=\"wp-block-pages-list__item__link\" href=\"https:\/\/www.kananas.com\/it\/documentazione\/contabilita\/chiusura-del-conto\/\">Chiusura del conto<\/a><\/li><li class=\"wp-block-pages-list__item\"><a class=\"wp-block-pages-list__item__link\" href=\"https:\/\/www.kananas.com\/it\/documentazione\/contabilita\/controlla-il-deposito\/\">Controlla il deposito<\/a><\/li><li class=\"wp-block-pages-list__item\"><a class=\"wp-block-pages-list__item__link\" href=\"https:\/\/www.kananas.com\/it\/documentazione\/contabilita\/stato-patrimoniale-e-conto-economico\/\">Stato patrimoniale e conto economico<\/a><\/li><\/ul>","protected":false},"excerpt":{"rendered":"<p>Nel file dell&rsquo;anno finanziario, avrai la possibilit\u00e0 di chiuderlo: ci\u00f2 avr\u00e0 l&rsquo;effetto di vietare la modifica e la creazione di proventi\/spese durante il periodo dell&rsquo;anno finanziario. Per accedere al menu dell&rsquo;esercizio, vai su Contabilit\u00e0\/tassa. Quando l&rsquo;anno finanziario si chiude, \u00e8 tua responsabilit\u00e0 riportare manualmente i saldi dei diversi conti. Per farlo, aggiungi semplicemente movimenti di &#8230; <a title=\"Chiusura del conto\" class=\"read-more\" href=\"https:\/\/www.kananas.com\/it\/documentazione\/contabilita\/chiusura-del-conto\/\" aria-label=\"En savoir plus sur Chiusura del conto\">Lire la suite<\/a><\/p>\n","protected":false},"author":1,"featured_media":0,"parent":4772,"menu_order":5,"comment_status":"closed","ping_status":"closed","template":"","meta":{"_crdt_document":"","footnotes":""},"class_list":["post-4848","page","type-page","status-publish"],"_links":{"self":[{"href":"https:\/\/www.kananas.com\/it\/wp-json\/wp\/v2\/pages\/4848","targetHints":{"allow":["GET"]}}],"collection":[{"href":"https:\/\/www.kananas.com\/it\/wp-json\/wp\/v2\/pages"}],"about":[{"href":"https:\/\/www.kananas.com\/it\/wp-json\/wp\/v2\/types\/page"}],"author":[{"embeddable":true,"href":"https:\/\/www.kananas.com\/it\/wp-json\/wp\/v2\/users\/1"}],"replies":[{"embeddable":true,"href":"https:\/\/www.kananas.com\/it\/wp-json\/wp\/v2\/comments?post=4848"}],"version-history":[{"count":1,"href":"https:\/\/www.kananas.com\/it\/wp-json\/wp\/v2\/pages\/4848\/revisions"}],"predecessor-version":[{"id":5063,"href":"https:\/\/www.kananas.com\/it\/wp-json\/wp\/v2\/pages\/4848\/revisions\/5063"}],"up":[{"embeddable":true,"href":"https:\/\/www.kananas.com\/it\/wp-json\/wp\/v2\/pages\/4772"}],"wp:attachment":[{"href":"https:\/\/www.kananas.com\/it\/wp-json\/wp\/v2\/media?parent=4848"}],"curies":[{"name":"wp","href":"https:\/\/api.w.org\/{rel}","templated":true}]}}