{"id":4853,"date":"2016-02-26T17:32:08","date_gmt":"2016-02-26T15:32:08","guid":{"rendered":"https:\/\/www.kananas.com\/it\/documentation-44\/planning\/attendees\/"},"modified":"2024-01-05T12:53:59","modified_gmt":"2024-01-05T10:53:59","slug":"partecipanti","status":"publish","type":"page","link":"https:\/\/www.kananas.com\/it\/documentazione\/pianificazione\/partecipanti\/","title":{"rendered":"Partecipanti"},"content":{"rendered":"\n<p class=\"wp-block-paragraph\">La scheda \u00ab\u00a0Partecipanti\u00a0\u00bb dell&rsquo;attivit\u00e0 ti mostrer\u00e0 l&rsquo;elenco dei registranti, che siano stati registrati da te o che si siano registrati tramite il loro <a href=\"https:\/\/www.kananas.com\/it\/documentazione\/membri\/spazio-personale\/\" data-type=\"page\" data-id=\"4881\">spazio personale<\/a>.<\/p>\n\n\n<div class=\"wp-block-image\">\n<figure class=\"aligncenter size-full\"><img decoding=\"async\" src=\"https:\/\/www.kananas.com\/en\/wp-content\/uploads\/sites\/2145\/2023\/12\/Screenshot-2023-12-18-at-15-09-40-SOA-club-Planning-MF1-training.png\" alt=\"\" class=\"wp-image-5420\"\/><\/figure>\n<\/div>\n\n\n<h3 class=\"wp-block-heading\">&nbsp;<\/h3>\n\n\n\n<h3 class=\"wp-block-heading\">Aggiungi un partecipante<\/h3>\n\n\n\n<p class=\"wp-block-paragraph\">Per aggiungere partecipanti alla tua attivit\u00e0, utilizza il pulsante <strong>+Partecipante<\/strong>. La finestra seguente ti permetter\u00e0 di selezionare la\/e persona\/e che desideri aggiungere alla tua attivit\u00e0.<\/p>\n\n\n<div class=\"wp-block-image\">\n<figure class=\"aligncenter size-full\"><img decoding=\"async\" src=\"https:\/\/www.kananas.com\/en\/wp-content\/uploads\/sites\/2145\/2023\/12\/Screenshot-2023-12-18-at-15-10-05-SOA-club-Planning-MF1-training.png\" alt=\"\" class=\"wp-image-5421\" title=\"associazione gestione delle attivit\u00e0 aggiungi partecipante\"\/><\/figure>\n<\/div>\n\n\n<p class=\"wp-block-paragraph\">Quando aggiungi, hai anche l&rsquo;opzione di assegnare il\/i partecipante\/i a sessioni successive nel caso di un&rsquo;attivit\u00e0 ripetitiva.<\/p>\n\n\n\n<p class=\"wp-block-paragraph\">Puoi anche assegnare il\/i partecipante\/i a un gruppo e specificare il loro stato (in attesa, accettato, ecc\u2026).<\/p>\n\n\n\n<p class=\"wp-block-paragraph\">Un altro modo per aggiungere un partecipante \u00e8 aprire la funzionalit\u00e0 di registrazione online: offri quindi ai tuoi membri la possibilit\u00e0 di registrarsi alle attivit\u00e0 autonomamente tramite il loro spazio personale.<\/p>\n\n\n\n<p class=\"wp-block-paragraph\">Nota che puoi anche assegnare un contatto a un&rsquo;attivit\u00e0 direttamente dalla scheda di pianificazione del loro file:<\/p>\n\n\n<div class=\"wp-block-image\">\n<figure class=\"aligncenter size-full\"><img decoding=\"async\" src=\"https:\/\/www.kananas.com\/en\/wp-content\/uploads\/sites\/2145\/2023\/12\/Screenshot-2023-12-18-at-15-11-22-SOA-club-Contact-Cindy-Larourout.png\" alt=\"\" class=\"wp-image-5422\" title=\"associazione gestione delle attivit\u00e0 assegna partecipante\"\/><\/figure>\n<\/div>\n\n\n<h5 class=\"wp-block-heading\">&nbsp;<\/h5>\n\n\n\n<h3 class=\"wp-block-heading\">Registrazione di pi\u00f9 persone<\/h3>\n\n\n\n<p class=\"wp-block-paragraph\">Per risparmiare tempo, puoi selezionare pi\u00f9 persone e registrarle per un&rsquo;attivit\u00e0 contemporaneamente.<\/p>\n\n\n\n<p class=\"wp-block-paragraph\">Per farlo, seleziona le persone nell&rsquo;elenco dei contatti, quindi utilizza l&rsquo;azione <strong>assegna all&rsquo;attivit\u00e0<\/strong> in alto nella pagina.<\/p>\n\n\n<div class=\"wp-block-image\">\n<figure class=\"aligncenter size-full\"><img decoding=\"async\" src=\"https:\/\/www.kananas.com\/en\/wp-content\/uploads\/sites\/2145\/2023\/12\/Screenshot-2023-12-18-at-15-11-55-SOA-club-Contact.png\" alt=\"\" class=\"wp-image-5424\" title=\"associazione assegna a un'attivit\u00e0 dalla lista dei membri\"\/><\/figure>\n<\/div>\n\n\n<p class=\"wp-block-paragraph\">Se l&rsquo;attivit\u00e0 \u00e8 di tipo ripetitivo, puoi decidere di registrare queste persone per tutte le sessioni, ad esempio: una lezione di danza che inizia a settembre e si svolge ogni settimana fino al 30 giugno.<\/p>\n\n\n\n<div style=\"height:30px\" aria-hidden=\"true\" class=\"wp-block-spacer\"><\/div>\n\n\n\n<p class=\"wp-block-paragraph\">Configura le registrazioni<\/p>\n\n\n\n<p class=\"wp-block-paragraph\">Per pubblicare un&rsquo;attivit\u00e0 nello spazio dei membri, \u00e8 sufficiente che sia in stato \u00ab\u00a0aperto\u00a0\u00bb e che la data di inizio non sia ancora trascorsa.<\/p>\n\n\n\n<p class=\"wp-block-paragraph\">Puoi limitare la registrazione all&rsquo;attivit\u00e0 basandoti su 2 criteri:<\/p>\n\n\n\n<ul class=\"wp-block-list\">\n<li>La categoria del contatto<\/li>\n\n\n\n<li>Acquisto di un prodotto<\/li>\n<\/ul>\n\n\n\n<p class=\"wp-block-paragraph\">Ad esempio, un corso che \u00e8 riservato ai membri della categoria \u00ab\u00a0anziani\u00a0\u00bb che hanno acquistato l&rsquo;opzione \u00ab\u00a0corso d&rsquo;acquerello\u00a0\u00bb (oltre all&rsquo;iscrizione annuale). I membri che non soddisfano queste condizioni di idoneit\u00e0 non vedranno l&rsquo;attivit\u00e0 nel loro calendario.<\/p>\n\n\n\n<p class=\"wp-block-paragraph\">Inoltre, nel backoffice non sar\u00e0 possibile aggiungerli tramite il pulsante \u00ab\u00a0Aggiungi partecipanti all&rsquo;attivit\u00e0\u00a0\u00bb.<\/p>\n\n\n\n<p class=\"wp-block-paragraph\">Queste condizioni sono configurate nella sezione delle condizioni della scheda \u00ab\u00a0Registrazioni\u00a0\u00bb.<\/p>\n\n\n\n<p class=\"wp-block-paragraph\">La scheda partecipanti dell&rsquo;attivit\u00e0 ti mostrer\u00e0 l&rsquo;elenco dei partecipanti, che siano stati registrati da te o che si siano registrati tramite il loro <a href=\"https:\/\/www.kananas.com\/it\/documentazione\/membri\/spazio-personale\/\" data-type=\"page\" data-id=\"4881\">spazio personale<\/a>.<\/p>\n\n\n<div class=\"wp-block-image\">\n<figure class=\"aligncenter size-full\"><img decoding=\"async\" src=\"https:\/\/www.kananas.com\/en\/wp-content\/uploads\/sites\/2145\/2023\/12\/Screenshot-2023-12-18-at-15-09-40-SOA-club-Planning-MF1-training.png\" alt=\"\" class=\"wp-image-5420\"\/><\/figure>\n<\/div>\n\n\n<h3 class=\"wp-block-heading\">&nbsp;<\/h3>\n\n\n\n<h3 class=\"wp-block-heading\">Aggiungi un partecipante<\/h3>\n\n\n\n<p class=\"wp-block-paragraph\">Per aggiungere partecipanti alla tua attivit\u00e0, utilizza il pulsante <strong>+Partecipante<\/strong>. La seguente finestra ti permetter\u00e0 di selezionare la persona o le persone che desideri aggiungere alla tua attivit\u00e0.<\/p>\n\n\n<div class=\"wp-block-image\">\n<figure class=\"aligncenter size-full\"><img decoding=\"async\" src=\"https:\/\/www.kananas.com\/en\/wp-content\/uploads\/sites\/2145\/2023\/12\/Screenshot-2023-12-18-at-15-10-05-SOA-club-Planning-MF1-training.png\" alt=\"\" class=\"wp-image-5421\" title=\"associazione gestione attivit\u00e0 aggiungi partecipante\"\/><\/figure>\n<\/div>\n\n\n<p class=\"wp-block-paragraph\">Quando aggiungi un partecipante, hai anche l&rsquo;opzione di assegnare il partecipante o i partecipanti a sessioni successive nel caso di un&rsquo;attivit\u00e0 ripetitiva.<\/p>\n\n\n\n<p class=\"wp-block-paragraph\">Puoi anche assegnare il partecipante o i partecipanti a un gruppo e specificarne lo stato (in attesa, accettato, ecc&#8230;).<\/p>\n\n\n\n<p class=\"wp-block-paragraph\">Un altro modo per aggiungere un partecipante \u00e8 aprire la funzionalit\u00e0 di registrazione online: in questo modo offri ai tuoi membri la possibilit\u00e0 di registrarsi alle attivit\u00e0 autonomamente attraverso il loro spazio personale.<\/p>\n\n\n\n<p class=\"wp-block-paragraph\">Nota che puoi anche assegnare un contatto a un&rsquo;attivit\u00e0 direttamente dalla scheda di pianificazione del loro file:<\/p>\n\n\n<div class=\"wp-block-image\">\n<figure class=\"aligncenter size-full\"><img decoding=\"async\" src=\"https:\/\/www.kananas.com\/en\/wp-content\/uploads\/sites\/2145\/2023\/12\/Screenshot-2023-12-18-at-15-11-22-SOA-club-Contact-Cindy-Larourout.png\" alt=\"\" class=\"wp-image-5422\" title=\"associazione gestione attivit\u00e0 assegna partecipante\"\/><\/figure>\n<\/div>\n\n\n<h5 class=\"wp-block-heading\">&nbsp;<\/h5>\n\n\n\n<h3 class=\"wp-block-heading\">Registrazione di pi\u00f9 persone<\/h3>\n\n\n\n<p class=\"wp-block-paragraph\">Per risparmiare tempo, puoi selezionare pi\u00f9 persone e registrarle per un&rsquo;attivit\u00e0 contemporaneamente.<\/p>\n\n\n\n<p class=\"wp-block-paragraph\">Per farlo, selezionale nell&rsquo;elenco dei contatti, quindi utilizza l&rsquo;azione <strong>assegna all&rsquo;attivit\u00e0<\/strong> in cima alla pagina.<\/p>\n\n\n<div class=\"wp-block-image\">\n<figure class=\"aligncenter size-full\"><img decoding=\"async\" src=\"https:\/\/www.kananas.com\/en\/wp-content\/uploads\/sites\/2145\/2023\/12\/Screenshot-2023-12-18-at-15-11-55-SOA-club-Contact.png\" alt=\"\" class=\"wp-image-5424\" title=\"associazione assegna a un'attivit\u00e0 dalla lista dei membri\"\/><\/figure>\n<\/div>\n\n\n<p class=\"wp-block-paragraph\">Se l&rsquo;attivit\u00e0 \u00e8 del tipo ripetitivo, puoi decidere di registrare queste persone per tutte le sessioni, ad esempio: una lezione di danza che inizia a settembre e si svolge ogni settimana fino al 30 giugno.<\/p>\n\n\n\n<div style=\"height:30px\" aria-hidden=\"true\" class=\"wp-block-spacer\"><\/div>\n\n\n\n<p class=\"wp-block-paragraph\">Configura le registrazioni<\/p>\n\n\n\n<p class=\"wp-block-paragraph\">Per pubblicare un&rsquo;attivit\u00e0 nello spazio dei membri, \u00e8 sufficiente che sia in stato \u00ab\u00a0aperto\u00a0\u00bb e che la data di inizio non sia ancora trascorsa.<\/p>\n\n\n\n<p class=\"wp-block-paragraph\">Puoi limitare la registrazione all&rsquo;attivit\u00e0 in base a 2 criteri:<\/p>\n\n\n\n<ul class=\"wp-block-list\">\n<li>La categoria del contatto<\/li>\n\n\n\n<li>Acquisto di un prodotto<\/li>\n<\/ul>\n\n\n\n<p class=\"wp-block-paragraph\">Ad esempio, un corso riservato ai membri della categoria \u00ab\u00a0anziani\u00a0\u00bb che hanno acquistato l&rsquo;opzione \u00ab\u00a0corso di acquerello\u00a0\u00bb (oltre all&rsquo;iscrizione annuale). I membri che non soddisfano queste condizioni di idoneit\u00e0 non vedranno l&rsquo;attivit\u00e0 nel loro calendario.<\/p>\n\n\n\n<p class=\"wp-block-paragraph\">Inoltre, nel backoffice non sar\u00e0 possibile aggiungerli tramite il pulsante aggiungi partecipanti all&rsquo;attivit\u00e0.<\/p>\n\n\n\n<p class=\"wp-block-paragraph\">Queste condizioni sono configurate nella sezione delle condizioni della scheda registrazioni.<\/p>\n\n\n<ul class=\"wp-block-page-list\"><li class=\"wp-block-pages-list__item\"><a class=\"wp-block-pages-list__item__link\" href=\"https:\/\/www.kananas.com\/it\/documentazione\/pianificazione\/attivita\/\">Attivit\u00e0<\/a><\/li><li class=\"wp-block-pages-list__item\"><a class=\"wp-block-pages-list__item__link\" href=\"https:\/\/www.kananas.com\/it\/documentazione\/pianificazione\/biglietteria\/\">Biglietteria<\/a><\/li><li class=\"wp-block-pages-list__item\"><a class=\"wp-block-pages-list__item__link\" href=\"https:\/\/www.kananas.com\/it\/documentazione\/pianificazione\/partecipanti\/\">Partecipanti<\/a><\/li><li class=\"wp-block-pages-list__item\"><a class=\"wp-block-pages-list__item__link\" href=\"https:\/\/www.kananas.com\/it\/documentazione\/pianificazione\/iscrizione-on-line-alle-attivita\/\">Iscrizione on-line alle attivit\u00e0<\/a><\/li><li class=\"wp-block-pages-list__item\"><a class=\"wp-block-pages-list__item__link\" href=\"https:\/\/www.kananas.com\/it\/documentazione\/pianificazione\/entrate-e-spese\/\">Entrate e spese<\/a><\/li><li class=\"wp-block-pages-list__item\"><a class=\"wp-block-pages-list__item__link\" href=\"https:\/\/www.kananas.com\/it\/documentazione\/pianificazione\/gestione-dei-compiti\/\">Gestione dei compiti<\/a><\/li><li class=\"wp-block-pages-list__item\"><a class=\"wp-block-pages-list__item__link\" href=\"https:\/\/www.kananas.com\/it\/documentazione\/pianificazione\/incontro-e-votazioni-online\/\">Incontro e votazioni online<\/a><\/li><li class=\"wp-block-pages-list__item\"><a class=\"wp-block-pages-list__item__link\" href=\"https:\/\/www.kananas.com\/it\/documentazione\/pianificazione\/controllo-degli-ingressi\/\">Controllo degli ingressi<\/a><\/li><\/ul>","protected":false},"excerpt":{"rendered":"<p>La scheda \u00ab\u00a0Partecipanti\u00a0\u00bb dell&rsquo;attivit\u00e0 ti mostrer\u00e0 l&rsquo;elenco dei registranti, che siano stati registrati da te o che si siano registrati tramite il loro spazio personale. &nbsp; Aggiungi un partecipante Per aggiungere partecipanti alla tua attivit\u00e0, utilizza il pulsante +Partecipante. La finestra seguente ti permetter\u00e0 di selezionare la\/e persona\/e che desideri aggiungere alla tua attivit\u00e0. Quando &#8230; <a title=\"Partecipanti\" class=\"read-more\" href=\"https:\/\/www.kananas.com\/it\/documentazione\/pianificazione\/partecipanti\/\" aria-label=\"En savoir plus sur Partecipanti\">Lire la suite<\/a><\/p>\n","protected":false},"author":1,"featured_media":0,"parent":4891,"menu_order":1,"comment_status":"closed","ping_status":"closed","template":"","meta":{"_crdt_document":"","footnotes":""},"class_list":["post-4853","page","type-page","status-publish"],"_links":{"self":[{"href":"https:\/\/www.kananas.com\/it\/wp-json\/wp\/v2\/pages\/4853","targetHints":{"allow":["GET"]}}],"collection":[{"href":"https:\/\/www.kananas.com\/it\/wp-json\/wp\/v2\/pages"}],"about":[{"href":"https:\/\/www.kananas.com\/it\/wp-json\/wp\/v2\/types\/page"}],"author":[{"embeddable":true,"href":"https:\/\/www.kananas.com\/it\/wp-json\/wp\/v2\/users\/1"}],"replies":[{"embeddable":true,"href":"https:\/\/www.kananas.com\/it\/wp-json\/wp\/v2\/comments?post=4853"}],"version-history":[{"count":2,"href":"https:\/\/www.kananas.com\/it\/wp-json\/wp\/v2\/pages\/4853\/revisions"}],"predecessor-version":[{"id":5174,"href":"https:\/\/www.kananas.com\/it\/wp-json\/wp\/v2\/pages\/4853\/revisions\/5174"}],"up":[{"embeddable":true,"href":"https:\/\/www.kananas.com\/it\/wp-json\/wp\/v2\/pages\/4891"}],"wp:attachment":[{"href":"https:\/\/www.kananas.com\/it\/wp-json\/wp\/v2\/media?parent=4853"}],"curies":[{"name":"wp","href":"https:\/\/api.w.org\/{rel}","templated":true}]}}