{"id":4859,"date":"2016-02-26T17:25:02","date_gmt":"2016-02-26T15:25:02","guid":{"rendered":"https:\/\/www.kananas.com\/it\/documentation-46\/planning\/activities\/"},"modified":"2024-01-05T12:52:57","modified_gmt":"2024-01-05T10:52:57","slug":"attivita","status":"publish","type":"page","link":"https:\/\/www.kananas.com\/it\/documentazione\/pianificazione\/attivita\/","title":{"rendered":"Attivit\u00e0"},"content":{"rendered":"\n<p class=\"wp-block-paragraph\">Il CRM di Kananas ti consente di gestire gli orari delle tue attivit\u00e0, ma anche quelli dei partecipanti.<\/p>\n\n\n\n<div class=\"wp-block-columns is-layout-flex wp-container-core-columns-is-layout-8f761849 wp-block-columns-is-layout-flex\">\n<div class=\"wp-block-column is-layout-flow wp-block-column-is-layout-flow\">\n<figure class=\"wp-block-image size-large\"><a href=\"http:\/\/www.kananas.com\/en\/wp-content\/uploads\/sites\/2145\/2023\/12\/Screenshot-2023-12-18-at-14-51-25-SOA-club-Activities-_-month-planning.png\"><img decoding=\"async\" src=\"http:\/\/www.kananas.com\/en\/wp-content\/uploads\/sites\/2145\/2023\/12\/Screenshot-2023-12-18-at-14-51-25-SOA-club-Activities-_-month-planning-1024x682.png\" alt=\"\" class=\"wp-image-5409\"\/><\/a><\/figure>\n\n\n\n<p class=\"has-text-align-center wp-block-paragraph\">Vista pianificazione<\/p>\n<\/div>\n\n\n\n<div class=\"wp-block-column is-layout-flow wp-block-column-is-layout-flow\">\n<figure class=\"wp-block-image size-large is-resized\"><a href=\"https:\/\/www.kananas.com\/en\/wp-content\/uploads\/sites\/2145\/2023\/12\/Screenshot-2023-12-18-at-14-55-36-SOA-club-Activities-_-month-planning.png\"><img decoding=\"async\" src=\"https:\/\/www.kananas.com\/en\/wp-content\/uploads\/sites\/2145\/2023\/12\/Screenshot-2023-12-18-at-14-55-36-SOA-club-Activities-_-month-planning-1024x626.png\" alt=\"\" class=\"wp-image-5412\" style=\"width:592px;height:auto\"\/><\/a><\/figure>\n\n\n\n<p class=\"wp-block-paragraph\">Vista elenco<\/p>\n<\/div>\n<\/div>\n\n\n\n<p class=\"wp-block-paragraph\">Per un&rsquo;attivit\u00e0, puoi specificare quando si svolge, chi sono i partecipanti e i prezzi se autorizzi l&rsquo;iscrizione online (tramite il <a href=\"https:\/\/www.kananas.com\/it\/documentazione\/membri\/spazio-personale\/\" data-type=\"page\" data-id=\"4881\">spazio personale del membro).<\/a><\/p>\n\n\n\n<p class=\"wp-block-paragraph\">Definizione del titolo e degli orari:<\/p>\n\n\n<div class=\"wp-block-image ghostkit-custom-qupc4\">\n<figure class=\"aligncenter size-full\"><img decoding=\"async\" src=\"https:\/\/www.kananas.com\/en\/wp-content\/uploads\/sites\/2145\/2023\/12\/Screenshot-2023-12-18-at-14-56-41-SOA-club-Planning-Yoga-Nidra-Retreat.png\" alt=\"\" class=\"wp-image-5415\" title=\"association gestion des activit\u00e9s param\u00e9trage\"\/><\/figure>\n<\/div>\n\n\n<p class=\"wp-block-paragraph\">Definizione delle condizioni di registrazione<\/p>\n\n\n<div class=\"wp-block-image ghostkit-custom-Z2akdvT\">\n<figure class=\"aligncenter size-full\"><img decoding=\"async\" src=\"https:\/\/www.kananas.com\/en\/wp-content\/uploads\/sites\/2145\/2023\/12\/Screenshot-2023-12-18-at-14-58-13-SOA-club-Planning-Yoga-Nidra-Retreat-1.png\" alt=\"\" class=\"wp-image-5416\"\/><\/figure>\n<\/div>\n\n\n<p class=\"wp-block-paragraph\">Per la gestione delle iscrizioni, fare riferimento al documento dei partecipanti e per la gestione finanziaria, fare riferimento ai documenti delle spese e delle entrate.<\/p>\n\n\n\n<div style=\"height:30px\" aria-hidden=\"true\" class=\"wp-block-spacer\"><\/div>\n\n\n\n<h3 class=\"wp-block-heading\">Attivit\u00e0 ricorrente<\/h3>\n\n\n\n<p class=\"wp-block-paragraph\">Quando la tua attivit\u00e0 si ripete nel tempo a intervalli regolari, puoi definire un periodo di ripetizione: ogni settimana, ogni 15 giorni o ogni mese.<\/p>\n\n\n\n<p class=\"wp-block-paragraph\">Esempio: una lezione di palestra ogni mercoled\u00ec dalle 15:00 alle 16:00.<br>Nota: il campo \u00ab\u00a0periodicit\u00e0\u00a0\u00bb appare solo quando si crea l&rsquo;attivit\u00e0.<\/p>\n\n\n\n<p class=\"wp-block-paragraph\">Il campo \u00ab\u00a0fino a\u00a0\u00bb \u00e8 obbligatorio e ti consente di limitare il periodo di ripetizione, nota che il periodo di ripetizione non pu\u00f2 superare 1 anno.<br>Per definire il tuo periodo devi modificare i parametri della prima occorrenza: \u00ab\u00a0periodicit\u00e0\u00a0\u00bb e \u00ab\u00a0fino a\u00a0\u00bb.<\/p>\n\n\n\n<p class=\"wp-block-paragraph\">Esempio:<\/p>\n\n\n<div class=\"wp-block-image ghostkit-custom-ZTRSBh\">\n<figure class=\"aligncenter size-full\"><img decoding=\"async\" src=\"https:\/\/www.kananas.com\/en\/wp-content\/uploads\/sites\/2145\/2023\/12\/Screenshot-2023-12-18-at-14-59-10-SOA-club-Planning-Yoga.png\" alt=\"\" class=\"wp-image-5417\" title=\"association gestion des activit\u00e9s r\u00e9petitives\"\/><\/figure>\n<\/div>\n\n\n<p class=\"wp-block-paragraph\">Dopo aver modificato il periodo o la data di fine, quindi la convalida, il software creer\u00e0 le diverse occorrenze dell&rsquo;attivit\u00e0 per l&rsquo;intero periodo desiderato. Le attivit\u00e0 sono quindi collegate e fanno parte di una \u00ab\u00a0serie\u00a0\u00bb.<\/p>\n\n\n\n<p class=\"wp-block-paragraph\">La prima occorrenza nella serie \u00e8 chiamata attivit\u00e0 principale. Se successivamente modifichi uno dei criteri dell&rsquo;attivit\u00e0 principale, il software eliminer\u00e0 e ricreer\u00e0 le occorrenze. Per modificare una ripetizione (responsabile, luogo, orario, condizioni di registrazione, ecc.), devi recarti alla prima occorrenza.<\/p>\n\n\n\n<p class=\"wp-block-paragraph\">Se i partecipanti sono collegati all&rsquo;attivit\u00e0 principale (prima occorrenza), saranno duplicati anche nelle altre attivit\u00e0. Ci\u00f2 pu\u00f2 essere utile se, ad esempio, assegni sempre le stesse persone per supervisionare l&rsquo;attivit\u00e0.<\/p>\n\n\n\n<p class=\"wp-block-paragraph\">Se desideri che un&rsquo;attivit\u00e0 non sia influenzata dalla modifica dell&rsquo;attivit\u00e0 principale, devi rimuoverla dalla serie: utilizza il pulsante \u00ab\u00a0uscire dalla serie\u00a0\u00bb.<\/p>\n\n\n\n<p class=\"wp-block-paragraph\">Se desideri modificare la serie, utilizza il collegamento per accedere alla prima attivit\u00e0 della serie: \u00ab\u00a0far parte della serie xxxxxx\u00a0\u00bb<\/p>\n\n\n<div class=\"wp-block-image ghostkit-custom-2nGwpP\">\n<figure class=\"aligncenter size-full\"><img decoding=\"async\" src=\"https:\/\/www.kananas.com\/en\/wp-content\/uploads\/sites\/2145\/2023\/12\/Screenshot-2023-12-18-at-14-59-29-SOA-club-Planning-Yoga.png\" alt=\"\" class=\"wp-image-5418\" title=\"association activit\u00e9 r\u00e9petitive\"\/><\/figure>\n<\/div>\n\n\n<p class=\"wp-block-paragraph\">Quando assegni uno o pi\u00f9 contatti a un&rsquo;attivit\u00e0, sia dalla sua cartella che dalla lista dei contatti (campo di modifica collettiva), puoi scegliere se l&rsquo;assegnazione riguarda questa sessione o questa sessione e le seguenti.<\/p>\n\n\n\n<blockquote class=\"wp-block-quote is-layout-flow wp-block-quote-is-layout-flow\">\n<p class=\"wp-block-paragraph\"><\/p>\n<cite><i class=\"icon fa fa-star\" aria-hidden=\"true\"> <\/i> Se desideri rimuovere tutte le occorrenze di un&rsquo;attivit\u00e0 ripetitiva, modifica l&rsquo;attivit\u00e0 principale per indicare che la sua frequenza \u00e8 \u00ab\u00a0una tantum\u00a0\u00bb.<\/cite><\/blockquote>\n\n\n\n<div style=\"height:30px\" aria-hidden=\"true\" class=\"wp-block-spacer\"><\/div>\n\n\n\n<p class=\"wp-block-paragraph\">Per saperne di pi\u00f9 sulla pianificazione<\/p>\n\n\n<ul class=\"wp-block-page-list\"><li class=\"wp-block-pages-list__item\"><a class=\"wp-block-pages-list__item__link\" href=\"https:\/\/www.kananas.com\/it\/documentazione\/pianificazione\/attivita\/\">Attivit\u00e0<\/a><\/li><li class=\"wp-block-pages-list__item\"><a class=\"wp-block-pages-list__item__link\" href=\"https:\/\/www.kananas.com\/it\/documentazione\/pianificazione\/biglietteria\/\">Biglietteria<\/a><\/li><li class=\"wp-block-pages-list__item\"><a class=\"wp-block-pages-list__item__link\" href=\"https:\/\/www.kananas.com\/it\/documentazione\/pianificazione\/partecipanti\/\">Partecipanti<\/a><\/li><li class=\"wp-block-pages-list__item\"><a class=\"wp-block-pages-list__item__link\" href=\"https:\/\/www.kananas.com\/it\/documentazione\/pianificazione\/iscrizione-on-line-alle-attivita\/\">Iscrizione on-line alle attivit\u00e0<\/a><\/li><li class=\"wp-block-pages-list__item\"><a class=\"wp-block-pages-list__item__link\" href=\"https:\/\/www.kananas.com\/it\/documentazione\/pianificazione\/entrate-e-spese\/\">Entrate e spese<\/a><\/li><li class=\"wp-block-pages-list__item\"><a class=\"wp-block-pages-list__item__link\" href=\"https:\/\/www.kananas.com\/it\/documentazione\/pianificazione\/gestione-dei-compiti\/\">Gestione dei compiti<\/a><\/li><li class=\"wp-block-pages-list__item\"><a class=\"wp-block-pages-list__item__link\" href=\"https:\/\/www.kananas.com\/it\/documentazione\/pianificazione\/incontro-e-votazioni-online\/\">Incontro e votazioni online<\/a><\/li><li class=\"wp-block-pages-list__item\"><a class=\"wp-block-pages-list__item__link\" href=\"https:\/\/www.kananas.com\/it\/documentazione\/pianificazione\/controllo-degli-ingressi\/\">Controllo degli ingressi<\/a><\/li><\/ul>","protected":false},"excerpt":{"rendered":"<p>Il CRM di Kananas ti consente di gestire gli orari delle tue attivit\u00e0, ma anche quelli dei partecipanti. Vista pianificazione Vista elenco Per un&rsquo;attivit\u00e0, puoi specificare quando si svolge, chi sono i partecipanti e i prezzi se autorizzi l&rsquo;iscrizione online (tramite il spazio personale del membro). Definizione del titolo e degli orari: Definizione delle condizioni &#8230; <a title=\"Attivit\u00e0\" class=\"read-more\" href=\"https:\/\/www.kananas.com\/it\/documentazione\/pianificazione\/attivita\/\" aria-label=\"En savoir plus sur Attivit\u00e0\">Lire la suite<\/a><\/p>\n","protected":false},"author":1,"featured_media":0,"parent":4891,"menu_order":0,"comment_status":"closed","ping_status":"closed","template":"","meta":{"_crdt_document":"","footnotes":""},"class_list":["post-4859","page","type-page","status-publish"],"_links":{"self":[{"href":"https:\/\/www.kananas.com\/it\/wp-json\/wp\/v2\/pages\/4859","targetHints":{"allow":["GET"]}}],"collection":[{"href":"https:\/\/www.kananas.com\/it\/wp-json\/wp\/v2\/pages"}],"about":[{"href":"https:\/\/www.kananas.com\/it\/wp-json\/wp\/v2\/types\/page"}],"author":[{"embeddable":true,"href":"https:\/\/www.kananas.com\/it\/wp-json\/wp\/v2\/users\/1"}],"replies":[{"embeddable":true,"href":"https:\/\/www.kananas.com\/it\/wp-json\/wp\/v2\/comments?post=4859"}],"version-history":[{"count":2,"href":"https:\/\/www.kananas.com\/it\/wp-json\/wp\/v2\/pages\/4859\/revisions"}],"predecessor-version":[{"id":5173,"href":"https:\/\/www.kananas.com\/it\/wp-json\/wp\/v2\/pages\/4859\/revisions\/5173"}],"up":[{"embeddable":true,"href":"https:\/\/www.kananas.com\/it\/wp-json\/wp\/v2\/pages\/4891"}],"wp:attachment":[{"href":"https:\/\/www.kananas.com\/it\/wp-json\/wp\/v2\/media?parent=4859"}],"curies":[{"name":"wp","href":"https:\/\/api.w.org\/{rel}","templated":true}]}}