{"id":4862,"date":"2016-02-26T17:24:12","date_gmt":"2016-02-26T15:24:12","guid":{"rendered":"https:\/\/www.kananas.com\/it\/documentation-47\/planning\/revenue-and-expense\/"},"modified":"2024-01-05T12:56:12","modified_gmt":"2024-01-05T10:56:12","slug":"entrate-e-spese","status":"publish","type":"page","link":"https:\/\/www.kananas.com\/it\/documentazione\/pianificazione\/entrate-e-spese\/","title":{"rendered":"Entrate e spese"},"content":{"rendered":"\n<h3 class=\"wp-block-heading\">Tariffe di registrazione<\/h3>\n\n\n\n<p class=\"wp-block-paragraph\">Se desideri che i futuri partecipanti paghino la loro registrazione online, devi aggiungere delle tariffe alla tua attivit\u00e0.<\/p>\n\n\n\n<p class=\"wp-block-paragraph\">Per farlo, utilizza il pulsante \u00ab\u00a0Aggiungi\u00a0\u00bb nell&rsquo;area \u00ab\u00a0Prezzo\u00a0\u00bb della scheda \u00ab\u00a0Registrazioni\u00a0\u00bb.<\/p>\n\n\n\n<p class=\"wp-block-paragraph\">Alla registrazione, la tariffa verr\u00e0 automaticamente aggiunta al loro carrello e, se lo hai abilitato, il <a href=\"https:\/\/www.kananas.com\/it\/documentazione\/sito-web\/pagamento-online\/\" data-type=\"page\" data-id=\"4831\">pagamento online<\/a> pu\u00f2 essere effettuato.<\/p>\n\n\n<div class=\"wp-block-image\">\n<figure class=\"aligncenter size-full\"><img decoding=\"async\" src=\"https:\/\/www.kananas.com\/en\/wp-content\/uploads\/sites\/2145\/2023\/12\/Screenshot-2023-12-18-at-14-58-13-SOA-club-Planning-Yoga-Nidra-Retreat-1.png\" alt=\"\" class=\"wp-image-5416\" title=\"associazione configurare le tariffe di un'attivit\u00e0\"\/><\/figure>\n<\/div>\n\n\n<h5 class=\"wp-block-heading\">&nbsp;<\/h5>\n\n\n\n<h3 class=\"wp-block-heading\">Spese applicate ai partecipanti<\/h3>\n\n\n\n<p class=\"wp-block-paragraph\">Per aggiungere spese a un partecipante, fai clic sull&rsquo;icona del carrello della spesa situata a destra della loro riga. Per aggiungere un pagamento, usa l&rsquo;icona del salvadanaio.<\/p>\n\n\n\n<figure class=\"wp-block-image size-full\"><img decoding=\"async\" src=\"https:\/\/www.kananas.com\/en\/wp-content\/uploads\/sites\/2145\/2023\/12\/Screenshot-2023-12-18-at-15-32-22-SOA-club-Planning-MF1-training.png\" alt=\"\" class=\"wp-image-5440\"\/><\/figure>\n\n\n\n<p class=\"wp-block-paragraph\">Se desideri applicare spese ai partecipanti collettivamente, seleziona i partecipanti nella <strong>scheda partecipanti<\/strong> dell&rsquo;attivit\u00e0, quindi utilizza la funzione di modifica collettiva situata nella parte inferiore della pagina. Avrai quindi la scelta tra l&rsquo;aggiunta di un prodotto (collegato al tuo catalogo prodotti, ad esempio 1 maglietta) o l&rsquo;aggiunta di una spesa (un titolo e un importo).<\/p>\n\n\n\n<figure class=\"wp-block-image size-full\"><img decoding=\"async\" src=\"https:\/\/www.kananas.com\/en\/wp-content\/uploads\/sites\/2145\/2023\/12\/Screenshot-2023-12-18-at-15-34-07-SOA-club-Planning-MF1-training.png\" alt=\"\" class=\"wp-image-5441\"\/><\/figure>\n\n\n\n<p class=\"wp-block-paragraph\">Devi procedere allo stesso modo quando paghi la spesa, seleziona il partecipante e utilizza l&rsquo;azione collettiva <strong>aggiungi pagamento<\/strong>.<\/p>\n\n\n\n<p class=\"wp-block-paragraph\">Visualizzazione delle tariffe:<\/p>\n\n\n<div class=\"wp-block-image\">\n<figure class=\"aligncenter size-full\"><a href=\"http:\/\/www.kananas.com\/en\/wp-content\/uploads\/sites\/2145\/2023\/12\/Screenshot-2023-12-18-at-15-09-40-SOA-club-Planning-MF1-training.png\"><img decoding=\"async\" src=\"https:\/\/www.kananas.com\/en\/wp-content\/uploads\/sites\/2145\/2023\/12\/Screenshot-2023-12-18-at-15-09-40-SOA-club-Planning-MF1-training.png\" alt=\"\" class=\"wp-image-5420\" title=\"associazione entrate e spese relative a un'attivit\u00e0\"\/><\/a><\/figure>\n<\/div>\n\n\n<p class=\"wp-block-paragraph\">Puoi quindi inserire i pagamenti cliccando sull&rsquo;icona del salvadanaio sulla riga corrispondente. Il pagamento inserito generer\u00e0 automaticamente una riga di ricevuta nel giornale contabile e nel carrello del contatto.<\/p>\n\n\n\n<p class=\"wp-block-paragraph\">Cliccando sulla descrizione dei costi (colonna delle tariffe), hai accesso ai dettagli di questi ultimi cos\u00ec come ai dettagli del pagamento.<\/p>\n\n\n<div class=\"wp-block-image\">\n<figure class=\"aligncenter size-full\"><img decoding=\"async\" src=\"https:\/\/www.kananas.com\/en\/wp-content\/uploads\/sites\/2145\/2023\/12\/Screenshot-2023-12-18-at-15-35-45-SOA-club-Planning-MF1-training.png\" alt=\"\" class=\"wp-image-5442\" title=\"associazione gestione delle spese relative a un'attivit\u00e0\"\/><\/figure>\n<\/div>\n\n\n<h3 class=\"wp-block-heading\">&nbsp;<\/h3>\n\n\n\n<h3 class=\"wp-block-heading\">Costi relativi all&rsquo;attivit\u00e0<\/h3>\n\n\n\n<p class=\"wp-block-paragraph\">\u00c8 anche possibile allocare entrate o spese a un&rsquo;attivit\u00e0 utilizzando la <strong>scheda contabilit\u00e0 <\/strong>e facendo clic su <strong>aggiungi<\/strong>.<\/p>\n\n\n\n<p class=\"wp-block-paragraph\">NB: le voci in questa scheda non saranno collegate a un partecipante, in caso contrario dovranno essere create nella scheda partecipanti.<\/p>\n\n\n<div class=\"wp-block-image\">\n<figure class=\"aligncenter size-full\"><img decoding=\"async\" src=\"https:\/\/www.kananas.com\/en\/wp-content\/uploads\/sites\/2145\/2023\/12\/Screenshot-2023-12-18-at-15-38-57-SOA-club-Planning-Ballroom-dancing-wednesday.png\" alt=\"\" class=\"wp-image-5443\" title=\"associazione spese relative a un'attivit\u00e0\"\/><\/figure>\n<\/div>\n\n\n<p class=\"wp-block-paragraph\">Per saperne di pi\u00f9 sulla pianificazione<\/p>\n\n\n<ul class=\"wp-block-page-list\"><li class=\"wp-block-pages-list__item\"><a class=\"wp-block-pages-list__item__link\" href=\"https:\/\/www.kananas.com\/it\/documentazione\/pianificazione\/attivita\/\">Attivit\u00e0<\/a><\/li><li class=\"wp-block-pages-list__item\"><a class=\"wp-block-pages-list__item__link\" href=\"https:\/\/www.kananas.com\/it\/documentazione\/pianificazione\/biglietteria\/\">Biglietteria<\/a><\/li><li class=\"wp-block-pages-list__item\"><a class=\"wp-block-pages-list__item__link\" href=\"https:\/\/www.kananas.com\/it\/documentazione\/pianificazione\/partecipanti\/\">Partecipanti<\/a><\/li><li class=\"wp-block-pages-list__item\"><a class=\"wp-block-pages-list__item__link\" href=\"https:\/\/www.kananas.com\/it\/documentazione\/pianificazione\/iscrizione-on-line-alle-attivita\/\">Iscrizione on-line alle attivit\u00e0<\/a><\/li><li class=\"wp-block-pages-list__item\"><a class=\"wp-block-pages-list__item__link\" href=\"https:\/\/www.kananas.com\/it\/documentazione\/pianificazione\/entrate-e-spese\/\">Entrate e spese<\/a><\/li><li class=\"wp-block-pages-list__item\"><a class=\"wp-block-pages-list__item__link\" href=\"https:\/\/www.kananas.com\/it\/documentazione\/pianificazione\/gestione-dei-compiti\/\">Gestione dei compiti<\/a><\/li><li class=\"wp-block-pages-list__item\"><a class=\"wp-block-pages-list__item__link\" href=\"https:\/\/www.kananas.com\/it\/documentazione\/pianificazione\/incontro-e-votazioni-online\/\">Incontro e votazioni online<\/a><\/li><li class=\"wp-block-pages-list__item\"><a class=\"wp-block-pages-list__item__link\" href=\"https:\/\/www.kananas.com\/it\/documentazione\/pianificazione\/controllo-degli-ingressi\/\">Controllo degli ingressi<\/a><\/li><\/ul>","protected":false},"excerpt":{"rendered":"<p>Tariffe di registrazione Se desideri che i futuri partecipanti paghino la loro registrazione online, devi aggiungere delle tariffe alla tua attivit\u00e0. Per farlo, utilizza il pulsante \u00ab\u00a0Aggiungi\u00a0\u00bb nell&rsquo;area \u00ab\u00a0Prezzo\u00a0\u00bb della scheda \u00ab\u00a0Registrazioni\u00a0\u00bb. Alla registrazione, la tariffa verr\u00e0 automaticamente aggiunta al loro carrello e, se lo hai abilitato, il pagamento online pu\u00f2 essere effettuato. &nbsp; Spese &#8230; <a title=\"Entrate e spese\" class=\"read-more\" href=\"https:\/\/www.kananas.com\/it\/documentazione\/pianificazione\/entrate-e-spese\/\" aria-label=\"En savoir plus sur Entrate e spese\">Lire la suite<\/a><\/p>\n","protected":false},"author":1,"featured_media":0,"parent":4891,"menu_order":3,"comment_status":"closed","ping_status":"closed","template":"","meta":{"_crdt_document":"","footnotes":""},"class_list":["post-4862","page","type-page","status-publish"],"_links":{"self":[{"href":"https:\/\/www.kananas.com\/it\/wp-json\/wp\/v2\/pages\/4862","targetHints":{"allow":["GET"]}}],"collection":[{"href":"https:\/\/www.kananas.com\/it\/wp-json\/wp\/v2\/pages"}],"about":[{"href":"https:\/\/www.kananas.com\/it\/wp-json\/wp\/v2\/types\/page"}],"author":[{"embeddable":true,"href":"https:\/\/www.kananas.com\/it\/wp-json\/wp\/v2\/users\/1"}],"replies":[{"embeddable":true,"href":"https:\/\/www.kananas.com\/it\/wp-json\/wp\/v2\/comments?post=4862"}],"version-history":[{"count":2,"href":"https:\/\/www.kananas.com\/it\/wp-json\/wp\/v2\/pages\/4862\/revisions"}],"predecessor-version":[{"id":5177,"href":"https:\/\/www.kananas.com\/it\/wp-json\/wp\/v2\/pages\/4862\/revisions\/5177"}],"up":[{"embeddable":true,"href":"https:\/\/www.kananas.com\/it\/wp-json\/wp\/v2\/pages\/4891"}],"wp:attachment":[{"href":"https:\/\/www.kananas.com\/it\/wp-json\/wp\/v2\/media?parent=4862"}],"curies":[{"name":"wp","href":"https:\/\/api.w.org\/{rel}","templated":true}]}}