{"id":4877,"date":"2016-02-26T17:57:37","date_gmt":"2016-02-26T15:57:37","guid":{"rendered":"https:\/\/www.kananas.com\/it\/documentation-53\/members\/membership\/"},"modified":"2024-01-05T16:01:20","modified_gmt":"2024-01-05T14:01:20","slug":"contributo","status":"publish","type":"page","link":"https:\/\/www.kananas.com\/it\/documentazione\/membri\/contributo\/","title":{"rendered":"Contributo"},"content":{"rendered":"\n<p class=\"wp-block-paragraph\">Nel CRM Kananas, l&rsquo;appartenenza \u00e8 definita come un prodotto da vendere, quindi ti consigliamo di fare riferimento alla parte della documentazione intitolata <a href=\"https:\/\/www.kananas.com\/it\/documentazione\/negozio\/vendere-un-prodotto\/\" data-type=\"page\" data-id=\"4825\">vendita di prodotti<\/a>.<\/p>\n\n\n\n<p class=\"wp-block-paragraph\">La sola differenza rispetto ad un altro <a href=\"https:\/\/www.kananas.com\/it\/documentazione\/negozio\/definire-un-prodotto\/\" data-type=\"page\" data-id=\"4822\">prodotto<\/a> \u00e8 che definirai questo prodotto come utilizzato per la gestione dell&rsquo;appartenenza. Per farlo, seleziona il campo \u00ab\u00a0Utilizzato per l&rsquo;appartenenza\u00a0\u00bb situato nella scheda del prodotto.<\/p>\n\n\n\n<p class=\"wp-block-paragraph\">Successivamente, il prodotto che hai definito in questo modo verr\u00e0 utilizzato per verificare la validit\u00e0 dell&rsquo;appartenenza. Questo test viene effettuato quando il membro accede al proprio spazio personale. Ci\u00f2 significa che se nel carrello del membro non viene trovato nessun prodotto di questo tipo, o se sono scaduti, al membro verr\u00e0 chiesto, al momento della connessione, di scegliere e pagare la propria quota.<\/p>\n\n\n\n<figure class=\"wp-block-image size-full ghostkit-custom-2tOw9e\"><img decoding=\"async\" src=\"https:\/\/www.kananas.com\/it\/wp-content\/uploads\/sites\/2145\/2023\/12\/Screenshot-2023-12-15-at-09-52-30-SOA-club-Member-access-jax-teller.png\" alt=\"\" class=\"wp-image-5320\"\/><\/figure>\n\n\n\n<div style=\"height:30px\" aria-hidden=\"true\" class=\"wp-block-spacer\"><\/div>\n\n\n\n<p class=\"wp-block-paragraph\">Tieni presente che puoi utilizzare il filtro sui contatti per estrarre l&rsquo;elenco delle adesioni aggiornate, ad esempio, tramite il <strong>pulsante di ricerca<\/strong>.<\/p>\n\n\n<div class=\"wp-block-image ghostkit-custom-1XTDW0\">\n<figure class=\"aligncenter size-full\"><img decoding=\"async\" src=\"https:\/\/www.kananas.com\/it\/wp-content\/uploads\/sites\/2145\/2023\/12\/Screenshot-2023-12-15-at-09-53-10-SOA-club-Contact.png\" alt=\"\" class=\"wp-image-5321\" title=\"gestione delle quote associative dell'associazione\"\/><\/figure>\n<\/div>\n\n\n<div style=\"height:30px\" aria-hidden=\"true\" class=\"wp-block-spacer\"><\/div>\n\n\n\n<p class=\"wp-block-paragraph\">Se desideri impostare diversi tipi di contributi, dovresti quindi creare tanti prodotti quanti sono i contributi.<\/p>\n\n\n\n<p class=\"wp-block-paragraph\">Esempio:<\/p>\n\n\n\n<ul class=\"wp-block-list\">\n<li>Contributo \u20ac20<\/li>\n\n\n\n<li>Contributo coppia \u20ac30<\/li>\n\n\n\n<li>Contributo famiglia \u20ac55<\/li>\n<\/ul>\n\n\n\n<blockquote class=\"wp-block-quote is-layout-flow wp-block-quote-is-layout-flow\">\n<p class=\"wp-block-paragraph\"><\/p>\n<cite><i class=\"icon fa fa-star\" aria-hidden=\"true\"> <\/i>Suggerimento: Si consiglia di creare un prodotto di contributo per anno finanziario, ci\u00f2 ti permetter\u00e0 di trovare i membri per anno tramite il filtro dei contatti.<\/cite><\/blockquote>\n\n\n\n<p class=\"wp-block-paragraph\">La vendita di una <a href=\"https:\/\/www.kananas.com\/it\/documentazione\/membri\/\" data-type=\"page\" data-id=\"4745\">quota associativa<\/a> pu\u00f2 essere effettuata in 3 modi:<\/p>\n\n\n\n<ul class=\"wp-block-list\">\n<li>Il gestore aggiunge il prodotto al carrello del membro,<\/li>\n\n\n\n<li>Il membro aderisce all&rsquo;associazione e paga la quota associativa online,<\/li>\n\n\n\n<li>Il membro aggiunge manualmente il prodotto di contributo al suo carrello dal <a href=\"https:\/\/www.kananas.com\/it\/documentazione\/sito-web\/negozio-online\/\" data-type=\"page\" data-id=\"4784\">negozio<\/a> accessibile dal suo <a href=\"https:\/\/www.kananas.com\/it\/documentazione\/membri\/spazio-personale\/\" data-type=\"page\" data-id=\"4901\">spazio personale<\/a>.<\/li>\n<\/ul>\n\n\n\n<p class=\"wp-block-paragraph\">Una volta acquisito il prodotto di abbonamento, sar\u00e0 visibile nel carrello del contatto.<\/p>\n\n\n\n<figure class=\"wp-block-image size-full ghostkit-custom-ZBmjsQ\"><img decoding=\"async\" src=\"https:\/\/www.kananas.com\/it\/wp-content\/uploads\/sites\/2145\/2023\/12\/Screenshot-2023-12-15-at-09-55-17-SOA-club-Contact-Jean-Ambezati.png\" alt=\"\" class=\"wp-image-5322\"\/><\/figure>\n\n\n\n<div style=\"height:30px\" aria-hidden=\"true\" class=\"wp-block-spacer\"><\/div>\n\n\n\n<h3 class=\"wp-block-heading\">Automazione delle quote associative<\/h3>\n\n\n\n<p class=\"wp-block-paragraph\">Per risparmiare tempo, puoi automatizzare la gestione delle quote associative. In questo modo, il richiedente dovr\u00e0 scegliere il proprio livello di appartenenza e pagarlo online al momento dell&rsquo;adesione all&rsquo;associazione. Successivamente, il suo file verr\u00e0 creato nel tuo backoffice, il prodotto verr\u00e0 aggiunto al suo carrello e il pagamento verr\u00e0 creato nella tua contabilit\u00e0. In seguito, quando scadr\u00e0 la sua iscrizione, gli verr\u00e0 inviata una email e potr\u00e0 quindi rinnovare la sua appartenenza e effettuare il <a href=\"https:\/\/www.kananas.com\/it\/documentazione\/sito-web\/pagamento-online\/\" data-type=\"page\" data-id=\"4852\">pagamento online<\/a>.<\/p>\n\n\n\n<p class=\"wp-block-paragraph\">Per farlo, procedi semplicemente come segue: <a href=\"https:\/\/www.kananas.com\/it\/documentazione\/membri\/contributo\/\" type=\"page\" id=\"4878\">gestione automatica delle quote associative<\/a><\/p>\n\n\n\n<div style=\"height:30px\" aria-hidden=\"true\" class=\"wp-block-spacer\"><\/div>\n\n\n\n<p class=\"wp-block-paragraph\">Per saperne di pi\u00f9 sulla gestione dei contatti<\/p>\n\n\n<ul class=\"wp-block-page-list\"><li class=\"wp-block-pages-list__item\"><a class=\"wp-block-pages-list__item__link\" href=\"https:\/\/www.kananas.com\/it\/documentazione\/membri\/importazione-di-membri\/\">Importazione di membri<\/a><\/li><li class=\"wp-block-pages-list__item\"><a class=\"wp-block-pages-list__item__link\" href=\"https:\/\/www.kananas.com\/it\/documentazione\/membri\/personalizzazione-delle-cartelle\/\">Personalizzazione delle cartelle<\/a><\/li><li class=\"wp-block-pages-list__item\"><a class=\"wp-block-pages-list__item__link\" href=\"https:\/\/www.kananas.com\/it\/documentazione\/membri\/personalizzazione-delle-visualizzazioni\/\">Personalizzazione delle visualizzazioni<\/a><\/li><li class=\"wp-block-pages-list__item has-child\"><a class=\"wp-block-pages-list__item__link\" href=\"https:\/\/www.kananas.com\/it\/documentazione\/membri\/contributo\/\">Contributo<\/a><ul class=\"wp-block-navigation__submenu-container\"><li class=\"wp-block-pages-list__item \"><a class=\"wp-block-pages-list__item__link\" href=\"https:\/\/www.kananas.com\/it\/documentazione\/membri\/contributo\/iscrizione-senza-contatto\/\">Iscrizione senza contatto<\/a><\/li><li class=\"wp-block-pages-list__item \"><a class=\"wp-block-pages-list__item__link\" href=\"https:\/\/www.kananas.com\/it\/documentazione\/membri\/contributo\/stampare-le-tessere-associative\/\">Stampare le tessere associative<\/a><\/li><\/ul><\/li><li class=\"wp-block-pages-list__item\"><a class=\"wp-block-pages-list__item__link\" href=\"https:\/\/www.kananas.com\/it\/documentazione\/membri\/diritti-di-accesso\/\">Diritti di accesso<\/a><\/li><li class=\"wp-block-pages-list__item\"><a class=\"wp-block-pages-list__item__link\" href=\"https:\/\/www.kananas.com\/it\/documentazione\/membri\/taggare-le-cartelle\/\">Taggare le cartelle<\/a><\/li><li class=\"wp-block-pages-list__item\"><a class=\"wp-block-pages-list__item__link\" href=\"https:\/\/www.kananas.com\/it\/documentazione\/membri\/carrello\/\">Carrello<\/a><\/li><li class=\"wp-block-pages-list__item\"><a class=\"wp-block-pages-list__item__link\" href=\"https:\/\/www.kananas.com\/it\/documentazione\/membri\/gestione-familiare\/\">Gestione familiare<\/a><\/li><li class=\"wp-block-pages-list__item\"><a class=\"wp-block-pages-list__item__link\" href=\"https:\/\/www.kananas.com\/it\/documentazione\/membri\/appunti\/\">Appunti<\/a><\/li><li class=\"wp-block-pages-list__item\"><a class=\"wp-block-pages-list__item__link\" href=\"https:\/\/www.kananas.com\/it\/documentazione\/membri\/spazio-personale\/\">Spazio personale<\/a><\/li><li class=\"wp-block-pages-list__item\"><a class=\"wp-block-pages-list__item__link\" href=\"https:\/\/www.kananas.com\/it\/documentazione\/membri\/statistiche\/\">Statistiche<\/a><\/li><li class=\"wp-block-pages-list__item\"><a class=\"wp-block-pages-list__item__link\" href=\"https:\/\/www.kananas.com\/it\/documentazione\/membri\/donazioni\/\">Donazioni<\/a><\/li><li class=\"wp-block-pages-list__item\"><a class=\"wp-block-pages-list__item__link\" href=\"https:\/\/www.kananas.com\/it\/documentazione\/membri\/tessera-associativa\/\">Tessera associativa<\/a><\/li><li class=\"wp-block-pages-list__item\"><a class=\"wp-block-pages-list__item__link\" href=\"https:\/\/www.kananas.com\/it\/documentazione\/membri\/certificato-medico\/\">Certificato medico<\/a><\/li><\/ul>","protected":false},"excerpt":{"rendered":"<p>Nel CRM Kananas, l&rsquo;appartenenza \u00e8 definita come un prodotto da vendere, quindi ti consigliamo di fare riferimento alla parte della documentazione intitolata vendita di prodotti. La sola differenza rispetto ad un altro prodotto \u00e8 che definirai questo prodotto come utilizzato per la gestione dell&rsquo;appartenenza. Per farlo, seleziona il campo \u00ab\u00a0Utilizzato per l&rsquo;appartenenza\u00a0\u00bb situato nella scheda &#8230; <a title=\"Contributo\" class=\"read-more\" href=\"https:\/\/www.kananas.com\/it\/documentazione\/membri\/contributo\/\" aria-label=\"En savoir plus sur Contributo\">Lire la suite<\/a><\/p>\n","protected":false},"author":1,"featured_media":0,"parent":4876,"menu_order":3,"comment_status":"closed","ping_status":"closed","template":"","meta":{"_crdt_document":"","footnotes":""},"class_list":["post-4877","page","type-page","status-publish"],"_links":{"self":[{"href":"https:\/\/www.kananas.com\/it\/wp-json\/wp\/v2\/pages\/4877","targetHints":{"allow":["GET"]}}],"collection":[{"href":"https:\/\/www.kananas.com\/it\/wp-json\/wp\/v2\/pages"}],"about":[{"href":"https:\/\/www.kananas.com\/it\/wp-json\/wp\/v2\/types\/page"}],"author":[{"embeddable":true,"href":"https:\/\/www.kananas.com\/it\/wp-json\/wp\/v2\/users\/1"}],"replies":[{"embeddable":true,"href":"https:\/\/www.kananas.com\/it\/wp-json\/wp\/v2\/comments?post=4877"}],"version-history":[{"count":8,"href":"https:\/\/www.kananas.com\/it\/wp-json\/wp\/v2\/pages\/4877\/revisions"}],"predecessor-version":[{"id":5208,"href":"https:\/\/www.kananas.com\/it\/wp-json\/wp\/v2\/pages\/4877\/revisions\/5208"}],"up":[{"embeddable":true,"href":"https:\/\/www.kananas.com\/it\/wp-json\/wp\/v2\/pages\/4876"}],"wp:attachment":[{"href":"https:\/\/www.kananas.com\/it\/wp-json\/wp\/v2\/media?parent=4877"}],"curies":[{"name":"wp","href":"https:\/\/api.w.org\/{rel}","templated":true}]}}