{"id":4887,"date":"2016-02-26T17:01:59","date_gmt":"2016-02-26T15:01:59","guid":{"rendered":"https:\/\/www.kananas.com\/it\/documentation-56\/web-site\/modules\/"},"modified":"2024-01-05T14:00:23","modified_gmt":"2024-01-05T12:00:23","slug":"moduli","status":"publish","type":"page","link":"https:\/\/www.kananas.com\/it\/documentazione\/sito-web\/moduli\/","title":{"rendered":"Moduli"},"content":{"rendered":"\n<div id=\"mainbody\">\n<div class=\"item-page\">\n<h3>Iscrizione online :<\/h3>\n<p>Se hai gi\u00e0 un sito web, \u00e8 interessante offrire ai tuoi futuri membri un modulo di domanda di iscrizione online per la tua organizzazione. Ci\u00f2 ti libera da compiti noiosi e riduce il rischio di errori legati alla copia o alla reimmissione delle informazioni.<\/p>\n<p>Attraverso il modulo di iscrizione online, gli utenti di Internet hanno la possibilit\u00e0 di compilare un modulo e inviarlo, il che avr\u00e0 l&rsquo;effetto di creare il loro file nel tuo database con lo stato \u00ab\u00a0in sospeso\u00a0\u00bb. I gestori dell&rsquo;associazione potranno quindi accettare o rifiutare la richiesta di iscrizione dal Backoffice.<\/p>\n<p>Kananas ti fornisce questo modulo che pu\u00f2 essere facilmente integrato in una delle pagine web del tuo sito web.<\/p>\n<h3>Area personale :<\/h3>\n<p>Puoi anche aggiungere un link sul tuo sito web all&rsquo; spazio personale del membro disponibile sulla piattaforma Kananas.<\/p>\n<h3>WordPress<\/h3>\n<p>Per integrare i moduli Kananas in un sito WordPress, devi utilizzare l&rsquo;estensione Iframe: https:\/\/fr.wordpress.org\/plugins\/iframe\/ con gli URL del backoffice per lo spazio personale https:\/\/backoffice.kananas.com e per l&rsquo;iscrizione online https:\/\/backoffice.kananas.com\/action_manager.php?event=hire&amp;id=votrecodeclient<\/p>\n<\/div>\n<\/div>\n\n\n\n<div style=\"height:20px\" aria-hidden=\"true\" class=\"wp-block-spacer\"><\/div>\n\n\n\n<p class=\"wp-block-paragraph\">Per saperne di pi\u00f9 sul sito web<\/p>\n\n\n<ul class=\"wp-block-page-list\"><li class=\"wp-block-pages-list__item\"><a class=\"wp-block-pages-list__item__link\" href=\"https:\/\/www.kananas.com\/it\/documentazione\/sito-web\/iscrizione-in-linea\/\">Iscrizione in linea<\/a><\/li><li class=\"wp-block-pages-list__item\"><a class=\"wp-block-pages-list__item__link\" href=\"https:\/\/www.kananas.com\/it\/documentazione\/sito-web\/negozio-online\/\">Negozio online<\/a><\/li><li class=\"wp-block-pages-list__item\"><a class=\"wp-block-pages-list__item__link\" href=\"https:\/\/www.kananas.com\/it\/documentazione\/sito-web\/pagamento-online\/\">Pagamento online<\/a><\/li><li class=\"wp-block-pages-list__item\"><a class=\"wp-block-pages-list__item__link\" href=\"https:\/\/www.kananas.com\/it\/documentazione\/sito-web\/moduli\/\">Moduli<\/a><\/li><li class=\"wp-block-pages-list__item\"><a class=\"wp-block-pages-list__item__link\" href=\"https:\/\/www.kananas.com\/it\/documentazione\/sito-web\/direttorio\/\">Direttorio<\/a><\/li><\/ul>","protected":false},"excerpt":{"rendered":"<p>Iscrizione online : Se hai gi\u00e0 un sito web, \u00e8 interessante offrire ai tuoi futuri membri un modulo di domanda di iscrizione online per la tua organizzazione. Ci\u00f2 ti libera da compiti noiosi e riduce il rischio di errori legati alla copia o alla reimmissione delle informazioni. Attraverso il modulo di iscrizione online, gli utenti &#8230; <a title=\"Moduli\" class=\"read-more\" href=\"https:\/\/www.kananas.com\/it\/documentazione\/sito-web\/moduli\/\" aria-label=\"En savoir plus sur Moduli\">Lire la suite<\/a><\/p>\n","protected":false},"author":1,"featured_media":0,"parent":4883,"menu_order":4,"comment_status":"closed","ping_status":"closed","template":"","meta":{"_crdt_document":"","footnotes":""},"class_list":["post-4887","page","type-page","status-publish"],"_links":{"self":[{"href":"https:\/\/www.kananas.com\/it\/wp-json\/wp\/v2\/pages\/4887","targetHints":{"allow":["GET"]}}],"collection":[{"href":"https:\/\/www.kananas.com\/it\/wp-json\/wp\/v2\/pages"}],"about":[{"href":"https:\/\/www.kananas.com\/it\/wp-json\/wp\/v2\/types\/page"}],"author":[{"embeddable":true,"href":"https:\/\/www.kananas.com\/it\/wp-json\/wp\/v2\/users\/1"}],"replies":[{"embeddable":true,"href":"https:\/\/www.kananas.com\/it\/wp-json\/wp\/v2\/comments?post=4887"}],"version-history":[{"count":2,"href":"https:\/\/www.kananas.com\/it\/wp-json\/wp\/v2\/pages\/4887\/revisions"}],"predecessor-version":[{"id":5199,"href":"https:\/\/www.kananas.com\/it\/wp-json\/wp\/v2\/pages\/4887\/revisions\/5199"}],"up":[{"embeddable":true,"href":"https:\/\/www.kananas.com\/it\/wp-json\/wp\/v2\/pages\/4883"}],"wp:attachment":[{"href":"https:\/\/www.kananas.com\/it\/wp-json\/wp\/v2\/media?parent=4887"}],"curies":[{"name":"wp","href":"https:\/\/api.w.org\/{rel}","templated":true}]}}