{"id":4894,"date":"2016-02-26T16:58:50","date_gmt":"2016-02-26T14:58:50","guid":{"rendered":"https:\/\/www.kananas.com\/it\/documentation-59\/planning\/task-management\/"},"modified":"2023-12-29T17:07:37","modified_gmt":"2023-12-29T15:07:37","slug":"gestione-dei-compiti","status":"publish","type":"page","link":"https:\/\/www.kananas.com\/it\/documentazione\/pianificazione\/gestione-dei-compiti\/","title":{"rendered":"Gestione dei compiti"},"content":{"rendered":"\n<p class=\"wp-block-paragraph\">Una lavagna kanban \u00e8 un utensile di lavoro per applicare il metodo kanban a un flusso di lavoro. Grazie a questa tavola, i diversi attori nella tua organizzazione possono condividere e monitorare il progresso dei compiti.<\/p>\n\n\n\n<p class=\"wp-block-paragraph\">Il principio di questo strumento \u00e8 quello di aggiungere compiti sotto forma di note adesive in colonne chiamate <strong>da fare<\/strong>, <strong>in corso<\/strong> e <strong>Fatto<\/strong>. I compiti possono essere spostati in qualsiasi momento in un&rsquo;altra colonna per indicare il loro stato di avanzamento. Quando un compito \u00e8 completato, termina la sua vita nella colonna \u00ab\u00a0completato\u00a0\u00bb e poi in \u00ab\u00a0archiviato\u00a0\u00bb se desideri conservare un registro storico.<\/p>\n\n\n\n<figure class=\"wp-block-image size-large\"><a href=\"https:\/\/www.kananas.com\/en\/wp-content\/uploads\/sites\/2145\/2023\/12\/Screenshot-2023-12-18-at-15-42-01-SOA-club-Tasks.png\"><img decoding=\"async\" src=\"https:\/\/www.kananas.com\/en\/wp-content\/uploads\/sites\/2145\/2023\/12\/Screenshot-2023-12-18-at-15-42-01-SOA-club-Tasks-1024x640.png\" alt=\"\" class=\"wp-image-5445\"\/><\/a><\/figure>\n\n\n\n<p class=\"wp-block-paragraph\">Il ciclo di vita di un compito \u00e8 il seguente: creazione in \u00ab\u00a0da fare\u00a0\u00bb, quindi spostamento in \u00ab\u00a0in corso\u00a0\u00bb e infine \u00ab\u00a0completato\u00a0\u00bb. In qualsiasi momento, altri attori nella tua organizzazione consultano questa tavola, quindi \u00e8 importante farla evolvere in tempo reale. Questo ciclo non \u00e8 ovviamente obbligatorio, puoi adattarlo alle particolarit\u00e0 della tua struttura.<\/p>\n\n\n\n<blockquote class=\"wp-block-quote is-layout-flow wp-block-quote-is-layout-flow\">\n<p class=\"wp-block-paragraph\">Per spostare un compito, fai clic su di esso senza rilasciare il pulsante e trascinalo in un&rsquo;altra colonna.<\/p>\n<\/blockquote>\n\n\n\n<p class=\"wp-block-paragraph\">Per modificare un compito, fai clic sul suo titolo.<\/p>\n\n\n\n<p class=\"wp-block-paragraph\">Quando passi in modalit\u00e0 di modifica, hai la possibilit\u00e0 di assegnare una o pi\u00f9 persone, queste persone sono coloro che contribuiranno alla sua creazione.<\/p>\n\n\n\n<p class=\"wp-block-paragraph\">Se il compito deve essere completato entro una certa data, puoi specificare una data di completamento.<\/p>\n\n\n\n<p class=\"wp-block-paragraph\">Hai anche la possibilit\u00e0 di scegliere il colore del compito per, ad esempio, evidenziare un compito pi\u00f9 importante sulla lavagna. Questi colori possono anche essere utilizzati per raggruppare famiglie di compiti.<\/p>\n\n\n\n<div style=\"height:20px\" aria-hidden=\"true\" class=\"wp-block-spacer\"><\/div>\n\n\n\n<p class=\"wp-block-paragraph\">Per saperne di pi\u00f9 sulla pianificazione<\/p>\n\n\n<ul class=\"wp-block-page-list\"><li class=\"wp-block-pages-list__item\"><a class=\"wp-block-pages-list__item__link\" href=\"https:\/\/www.kananas.com\/it\/documentazione\/pianificazione\/attivita\/\">Attivit\u00e0<\/a><\/li><li class=\"wp-block-pages-list__item\"><a class=\"wp-block-pages-list__item__link\" href=\"https:\/\/www.kananas.com\/it\/documentazione\/pianificazione\/biglietteria\/\">Biglietteria<\/a><\/li><li class=\"wp-block-pages-list__item\"><a class=\"wp-block-pages-list__item__link\" href=\"https:\/\/www.kananas.com\/it\/documentazione\/pianificazione\/partecipanti\/\">Partecipanti<\/a><\/li><li class=\"wp-block-pages-list__item\"><a class=\"wp-block-pages-list__item__link\" href=\"https:\/\/www.kananas.com\/it\/documentazione\/pianificazione\/iscrizione-on-line-alle-attivita\/\">Iscrizione on-line alle attivit\u00e0<\/a><\/li><li class=\"wp-block-pages-list__item\"><a class=\"wp-block-pages-list__item__link\" href=\"https:\/\/www.kananas.com\/it\/documentazione\/pianificazione\/entrate-e-spese\/\">Entrate e spese<\/a><\/li><li class=\"wp-block-pages-list__item\"><a class=\"wp-block-pages-list__item__link\" href=\"https:\/\/www.kananas.com\/it\/documentazione\/pianificazione\/gestione-dei-compiti\/\">Gestione dei compiti<\/a><\/li><li class=\"wp-block-pages-list__item\"><a class=\"wp-block-pages-list__item__link\" href=\"https:\/\/www.kananas.com\/it\/documentazione\/pianificazione\/incontro-e-votazioni-online\/\">Incontro e votazioni online<\/a><\/li><li class=\"wp-block-pages-list__item\"><a class=\"wp-block-pages-list__item__link\" href=\"https:\/\/www.kananas.com\/it\/documentazione\/pianificazione\/controllo-degli-ingressi\/\">Controllo degli ingressi<\/a><\/li><\/ul>","protected":false},"excerpt":{"rendered":"<p>Una lavagna kanban \u00e8 un utensile di lavoro per applicare il metodo kanban a un flusso di lavoro. Grazie a questa tavola, i diversi attori nella tua organizzazione possono condividere e monitorare il progresso dei compiti. Il principio di questo strumento \u00e8 quello di aggiungere compiti sotto forma di note adesive in colonne chiamate da &#8230; <a title=\"Gestione dei compiti\" class=\"read-more\" href=\"https:\/\/www.kananas.com\/it\/documentazione\/pianificazione\/gestione-dei-compiti\/\" aria-label=\"En savoir plus sur Gestione dei compiti\">Lire la suite<\/a><\/p>\n","protected":false},"author":1,"featured_media":0,"parent":4891,"menu_order":4,"comment_status":"closed","ping_status":"closed","template":"","meta":{"_crdt_document":"","footnotes":""},"class_list":["post-4894","page","type-page","status-publish"],"_links":{"self":[{"href":"https:\/\/www.kananas.com\/it\/wp-json\/wp\/v2\/pages\/4894","targetHints":{"allow":["GET"]}}],"collection":[{"href":"https:\/\/www.kananas.com\/it\/wp-json\/wp\/v2\/pages"}],"about":[{"href":"https:\/\/www.kananas.com\/it\/wp-json\/wp\/v2\/types\/page"}],"author":[{"embeddable":true,"href":"https:\/\/www.kananas.com\/it\/wp-json\/wp\/v2\/users\/1"}],"replies":[{"embeddable":true,"href":"https:\/\/www.kananas.com\/it\/wp-json\/wp\/v2\/comments?post=4894"}],"version-history":[{"count":1,"href":"https:\/\/www.kananas.com\/it\/wp-json\/wp\/v2\/pages\/4894\/revisions"}],"predecessor-version":[{"id":5077,"href":"https:\/\/www.kananas.com\/it\/wp-json\/wp\/v2\/pages\/4894\/revisions\/5077"}],"up":[{"embeddable":true,"href":"https:\/\/www.kananas.com\/it\/wp-json\/wp\/v2\/pages\/4891"}],"wp:attachment":[{"href":"https:\/\/www.kananas.com\/it\/wp-json\/wp\/v2\/media?parent=4894"}],"curies":[{"name":"wp","href":"https:\/\/api.w.org\/{rel}","templated":true}]}}