{"id":5263,"date":"2024-02-15T10:23:11","date_gmt":"2024-02-15T08:23:11","guid":{"rendered":"https:\/\/www.kananas.com\/it\/?page_id=5263"},"modified":"2024-02-15T10:24:06","modified_gmt":"2024-02-15T08:24:06","slug":"chi-siamo-noi","status":"publish","type":"page","link":"https:\/\/www.kananas.com\/it\/chi-siamo-noi\/","title":{"rendered":"Chi siamo noi"},"content":{"rendered":"\n<p class=\"wp-block-paragraph\"><strong>Rivoluzionare la Gestione Associativa<\/strong><\/p>\n\n\n\n<p class=\"wp-block-paragraph\"><em>Fondata da due appassionati del mondo associativo, Kananas \u00e8 molto pi\u00f9 di un&rsquo;azienda. \u00c8 un&rsquo;iniziativa impegnata, nata dalla profonda convinzione che le associazioni meritino una gestione ottimale per realizzare appieno la loro missione. Con un obiettivo chiaro e uno spirito devoto, Kananas \u00e8 nata per offrire una soluzione CRM specializzata nella gestione delle associazioni.<\/em><\/p>\n\n\n\n<p class=\"wp-block-paragraph\"><strong>La Genesi di Kananas<\/strong><\/p>\n\n\n\n<p class=\"wp-block-paragraph\"><em>Fondata nel 2009 (precedentemente gestasso.com), Kananas \u00e8 emersa dall&rsquo;esperienza concreta dei suoi cofondatori che hanno dedicato molti anni a vari progetti associativi. La loro osservazione era chiara: la gestione amministrativa e il coordinamento dei membri possono rapidamente diventare una sfida significativa, limitando l&rsquo;efficienza operativa delle associazioni. \u00c8 in questo contesto che Kananas ha preso forma, con la missione di semplificare e migliorare la gestione delle associazioni, consentendo loro di concentrarsi completamente sui propri obiettivi.<\/em><\/p>\n\n\n\n<p class=\"wp-block-paragraph\"><strong>La Visione di Kananas<\/strong><\/p>\n\n\n\n<p class=\"wp-block-paragraph\"><em>Da Kananas, crediamo nel potere dell&rsquo;azione collettiva e nella capacit\u00e0 delle associazioni di portare un cambiamento positivo nella societ\u00e0. La nostra visione \u00e8 quella di facilitare il loro lavoro quotidiano fornendo uno strumento di gestione moderno, intuitivo e potente. Aspiriamo a diventare il partner di fiducia delle associazioni di tutto il mondo, aiutandole a massimizzare il loro impatto e a liberare il loro potenziale.<\/em><\/p>\n\n\n\n<p class=\"wp-block-paragraph\"><strong>Il Nostro Prodotto: Un CRM Dedicato alle Associazioni<\/strong><\/p>\n\n\n\n<p class=\"wp-block-paragraph\"><em>Il nucleo della nostra offerta \u00e8 il nostro CRM specializzato nella gestione associativa. Progettato con un approccio centrato sull&rsquo;utente, il nostro sistema offre funzionalit\u00e0 avanzate per la gestione dei membri, la raccolta fondi, la pianificazione eventi, la comunicazione interna e molto altro ancora. Kananas offre una piattaforma tutto in uno, eliminando le complessit\u00e0 amministrative e consentendo alle associazioni di dedicarsi completamente alle proprie missioni.<\/em><\/p>\n\n\n\n<p class=\"wp-block-paragraph\"><strong>I Nostri Valori: Impegno, Trasparenza, Innovazione<\/strong><\/p>\n\n\n\n<p class=\"wp-block-paragraph\"><em>Da Kananas, siamo guidati da valori solidi. L&rsquo;impegno verso le cause ambientali, la trasparenza nelle nostre azioni e l&rsquo;innovazione continua sono al centro del nostro DNA. Crediamo fermamente che ogni associazione meriti un partner tecnologico affidabile che condivida i suoi valori e la supporti nel suo percorso.<\/em><\/p>\n\n\n\n<p class=\"wp-block-paragraph\"><strong>Unisciti a Noi nella Nostra Missione<\/strong><\/p>\n\n\n\n<p class=\"wp-block-paragraph\"><em>Kananas invita tutte le associazioni a unirsi alla nostra comunit\u00e0. Insieme, costruiamo un mondo in cui la gestione amministrativa non \u00e8 pi\u00f9 un ostacolo, ma un&rsquo;opportunit\u00e0 per amplificare l&rsquo;impatto positivo di ogni associazione. Unisciti a noi in questa avventura, perch\u00e9 insieme siamo pi\u00f9 forti.<\/em><\/p>\n\n\n\n<p class=\"wp-block-paragraph\"><\/p>\n\n\n\n<p class=\"wp-block-paragraph\">Kananas \u00e8 un prodotto dell&rsquo;azienda Kiwi sas (siren 819 424 904) sviluppato con amore nel sud della Francia.<\/p>\n\n\n\n<p class=\"wp-block-paragraph\"><\/p>\n","protected":false},"excerpt":{"rendered":"<p>Rivoluzionare la Gestione Associativa Fondata da due appassionati del mondo associativo, Kananas \u00e8 molto pi\u00f9 di un&rsquo;azienda. \u00c8 un&rsquo;iniziativa impegnata, nata dalla profonda convinzione che le associazioni meritino una gestione ottimale per realizzare appieno la loro missione. Con un obiettivo chiaro e uno spirito devoto, Kananas \u00e8 nata per offrire una soluzione CRM specializzata nella &#8230; <a title=\"Chi siamo noi\" class=\"read-more\" href=\"https:\/\/www.kananas.com\/it\/chi-siamo-noi\/\" aria-label=\"En savoir plus sur Chi siamo noi\">Lire la suite<\/a><\/p>\n","protected":false},"author":1,"featured_media":0,"parent":0,"menu_order":0,"comment_status":"closed","ping_status":"closed","template":"","meta":{"_crdt_document":"","footnotes":""},"class_list":["post-5263","page","type-page","status-publish"],"_links":{"self":[{"href":"https:\/\/www.kananas.com\/it\/wp-json\/wp\/v2\/pages\/5263","targetHints":{"allow":["GET"]}}],"collection":[{"href":"https:\/\/www.kananas.com\/it\/wp-json\/wp\/v2\/pages"}],"about":[{"href":"https:\/\/www.kananas.com\/it\/wp-json\/wp\/v2\/types\/page"}],"author":[{"embeddable":true,"href":"https:\/\/www.kananas.com\/it\/wp-json\/wp\/v2\/users\/1"}],"replies":[{"embeddable":true,"href":"https:\/\/www.kananas.com\/it\/wp-json\/wp\/v2\/comments?post=5263"}],"version-history":[{"count":1,"href":"https:\/\/www.kananas.com\/it\/wp-json\/wp\/v2\/pages\/5263\/revisions"}],"predecessor-version":[{"id":5264,"href":"https:\/\/www.kananas.com\/it\/wp-json\/wp\/v2\/pages\/5263\/revisions\/5264"}],"wp:attachment":[{"href":"https:\/\/www.kananas.com\/it\/wp-json\/wp\/v2\/media?parent=5263"}],"curies":[{"name":"wp","href":"https:\/\/api.w.org\/{rel}","templated":true}]}}