{"id":5312,"date":"2024-09-04T18:38:50","date_gmt":"2024-09-04T16:38:50","guid":{"rendered":"https:\/\/www.kananas.com\/it\/?page_id=5312"},"modified":"2024-09-04T18:41:03","modified_gmt":"2024-09-04T16:41:03","slug":"collocamento","status":"publish","type":"page","link":"https:\/\/www.kananas.com\/it\/documentazione\/collocamento\/","title":{"rendered":"Collocamento"},"content":{"rendered":"\n<p class=\"wp-block-paragraph\">Sappiamo che ogni associazione \u00e8 unica. Ecco perch\u00e9 il CRM Kananas \u00e8 progettato per adattarsi ai tuoi processi interni e alle tue esigenze specifiche.<\/p>\n\n\n\n<p class=\"wp-block-paragraph\">Uno dei punti di forza di Kananas \u00e8 la sua capacit\u00e0 di essere completamente configurabile. Ogni associazione pu\u00f2 personalizzare i campi, le viste e definire il proprio riferimento di valori secondo le esigenze specifiche e la propria attivit\u00e0.<\/p>\n\n\n\n<div style=\"height:20px\" aria-hidden=\"true\" class=\"wp-block-spacer\"><\/div>\n\n\n\n<div class=\"wp-block-columns img-thumbnail has-base-2-background-color has-background is-layout-flex wp-container-core-columns-is-layout-8f761849 wp-block-columns-is-layout-flex\">\n<div class=\"wp-block-column is-layout-flow wp-block-column-is-layout-flow\" style=\"flex-basis:30%\">\n<div class=\"wp-block-group is-content-justification-left is-nowrap is-layout-flex wp-container-core-group-is-layout-14d7fe8f wp-block-group-is-layout-flex\">\n<figure class=\"wp-block-image size-medium\"><img decoding=\"async\" src=\"https:\/\/www.kananas.com\/wp-content\/uploads\/2024\/06\/theme-210x300.png\" alt=\"\" class=\"wp-image-6860\"\/><\/figure>\n<\/div>\n<\/div>\n\n\n\n<div class=\"wp-block-column is-vertically-aligned-center is-layout-flow wp-block-column-is-layout-flow\">\n<p class=\"wp-block-paragraph\">L\u2019aspetto dell&rsquo;interfaccia di Kananas pu\u00f2 anche essere personalizzato cambiando tema (menu tema in basso a sinistra dello schermo).<\/p>\n<\/div>\n<\/div>\n\n\n\n<div style=\"height:20px\" aria-hidden=\"true\" class=\"wp-block-spacer\"><\/div>\n\n\n\n<h3 class=\"wp-block-heading\">Definizione del tuo riferimento<\/h3>\n\n\n\n<p class=\"wp-block-paragraph\">Elenco delle categorie dei membri, tipi di contatto, categorie di eventi&#8230; Puoi definire i diversi valori di queste liste in configurazione\/riferimento.<\/p>\n\n\n<div class=\"wp-block-image\">\n<figure class=\"aligncenter size-large\"><img loading=\"lazy\" decoding=\"async\" width=\"1024\" height=\"600\" src=\"https:\/\/www.kananas.com\/it\/wp-content\/uploads\/sites\/2144\/2024\/09\/Screenshot-2024-09-04-at-18-36-35-SOA-club-Configurazione-_-Riferimenti-1024x600.png\" alt=\"\" class=\"wp-image-5313\" srcset=\"https:\/\/www.kananas.com\/it\/wp-content\/uploads\/sites\/2144\/2024\/09\/Screenshot-2024-09-04-at-18-36-35-SOA-club-Configurazione-_-Riferimenti-1024x600.png 1024w, https:\/\/www.kananas.com\/it\/wp-content\/uploads\/sites\/2144\/2024\/09\/Screenshot-2024-09-04-at-18-36-35-SOA-club-Configurazione-_-Riferimenti-300x176.png 300w, https:\/\/www.kananas.com\/it\/wp-content\/uploads\/sites\/2144\/2024\/09\/Screenshot-2024-09-04-at-18-36-35-SOA-club-Configurazione-_-Riferimenti-768x450.png 768w, https:\/\/www.kananas.com\/it\/wp-content\/uploads\/sites\/2144\/2024\/09\/Screenshot-2024-09-04-at-18-36-35-SOA-club-Configurazione-_-Riferimenti-1536x900.png 1536w, https:\/\/www.kananas.com\/it\/wp-content\/uploads\/sites\/2144\/2024\/09\/Screenshot-2024-09-04-at-18-36-35-SOA-club-Configurazione-_-Riferimenti-2048x1199.png 2048w\" sizes=\"auto, (max-width: 1024px) 100vw, 1024px\" \/><\/figure>\n<\/div>\n\n\n<p class=\"wp-block-paragraph\">NB: le categorie e i tipi di contatto ti permetteranno di organizzare il tuo database Kananas raggruppando i record dello stesso tipo. Un club di basket, ad esempio, pu\u00f2 creare i tipi allenatore, giocatore, genitore e le categorie U9, U11, U14, ecc.<\/p>\n\n\n\n<div style=\"height:20px\" aria-hidden=\"true\" class=\"wp-block-spacer\"><\/div>\n\n\n\n<h3 class=\"wp-block-heading\">Personalizzazione delle schede dei membri<\/h3>\n\n\n\n<p class=\"wp-block-paragraph\">I record dei contatti in Kananas includono i campi standard: nome, cognome, indirizzo, ecc&#8230; In base alla tua attivit\u00e0 e alle tue esigenze, puoi aggiungere altri campi chiamati campi liberi: contatto di emergenza, taglia della maglia, professione, ecc.<\/p>\n\n\n\n<p class=\"wp-block-paragraph\">Per creare i tuoi campi liberi, consulta la pagina <a href=\"https:\/\/www.kananas.com\/it\/documentazione\/membri\/personalizzazione-delle-cartelle\/\" data-type=\"page\" data-id=\"4804\">personalizzazione delle schede<\/a>.<\/p>\n\n\n\n<div style=\"height:20px\" aria-hidden=\"true\" class=\"wp-block-spacer\"><\/div>\n\n\n\n<h3 class=\"wp-block-heading\">Personalizzazione delle viste<\/h3>\n\n\n\n<p class=\"wp-block-paragraph\">Il tuo CRM Kananas offre di default una vista dei contatti con un certo numero di colonne. Puoi anche creare le tue viste per visualizzare altre informazioni.<\/p>\n\n\n\n<p class=\"wp-block-paragraph\">Per creare le tue viste, consulta la pagina <a href=\"https:\/\/www.kananas.com\/it\/documentazione\/membri\/personalizzazione-delle-visualizzazioni\/\" data-type=\"page\" data-id=\"4776\">personalizzazione delle viste<\/a>.<\/p>\n\n\n<div class=\"wp-block-image\">\n<figure class=\"aligncenter size-large\"><a href=\"https:\/\/www.kananas.com\/it\/wp-content\/uploads\/sites\/2144\/2024\/09\/Screenshot-2024-09-04-at-18-37-39-SOA-club-Modifica-questa-vista.png\"><img loading=\"lazy\" decoding=\"async\" width=\"1024\" height=\"600\" src=\"https:\/\/www.kananas.com\/it\/wp-content\/uploads\/sites\/2144\/2024\/09\/Screenshot-2024-09-04-at-18-37-39-SOA-club-Modifica-questa-vista-1024x600.png\" alt=\"\" class=\"wp-image-5314\" srcset=\"https:\/\/www.kananas.com\/it\/wp-content\/uploads\/sites\/2144\/2024\/09\/Screenshot-2024-09-04-at-18-37-39-SOA-club-Modifica-questa-vista-1024x600.png 1024w, https:\/\/www.kananas.com\/it\/wp-content\/uploads\/sites\/2144\/2024\/09\/Screenshot-2024-09-04-at-18-37-39-SOA-club-Modifica-questa-vista-300x176.png 300w, https:\/\/www.kananas.com\/it\/wp-content\/uploads\/sites\/2144\/2024\/09\/Screenshot-2024-09-04-at-18-37-39-SOA-club-Modifica-questa-vista-768x450.png 768w, https:\/\/www.kananas.com\/it\/wp-content\/uploads\/sites\/2144\/2024\/09\/Screenshot-2024-09-04-at-18-37-39-SOA-club-Modifica-questa-vista-1536x900.png 1536w, https:\/\/www.kananas.com\/it\/wp-content\/uploads\/sites\/2144\/2024\/09\/Screenshot-2024-09-04-at-18-37-39-SOA-club-Modifica-questa-vista-2048x1199.png 2048w\" sizes=\"auto, (max-width: 1024px) 100vw, 1024px\" \/><\/a><\/figure>\n<\/div>\n\n\n<div style=\"height:20px\" aria-hidden=\"true\" class=\"wp-block-spacer\"><\/div>\n\n\n\n<h3 class=\"wp-block-heading\">Il tuo modulo di iscrizione online<\/h3>\n\n\n\n<p class=\"wp-block-paragraph\">Crea il tuo modulo di iscrizione online selezionando i campi di cui hai bisogno: nome, cognome, citt\u00e0, attivit\u00e0 desiderata, ecc. Raccogli anche i documenti necessari per l&rsquo;iscrizione come il certificato medico o una foto.<\/p>\n\n\n\n<p class=\"wp-block-paragraph\">Per creare il tuo modulo, consulta la pagina <a href=\"https:\/\/www.kananas.com\/it\/documentazione\/sito-web\/iscrizione-in-linea\/\" data-type=\"page\" data-id=\"4884\">iscrizione online<\/a>.<\/p>\n\n\n<div class=\"wp-block-image img-thumbnail\">\n<figure class=\"aligncenter size-large\"><img loading=\"lazy\" decoding=\"async\" width=\"1024\" height=\"600\" src=\"https:\/\/www.kananas.com\/it\/wp-content\/uploads\/sites\/2144\/2024\/09\/Screenshot-2024-09-04-at-18-38-29-Gestore-dellassociazione-1024x600.png\" alt=\"\" class=\"wp-image-5315\" srcset=\"https:\/\/www.kananas.com\/it\/wp-content\/uploads\/sites\/2144\/2024\/09\/Screenshot-2024-09-04-at-18-38-29-Gestore-dellassociazione-1024x600.png 1024w, https:\/\/www.kananas.com\/it\/wp-content\/uploads\/sites\/2144\/2024\/09\/Screenshot-2024-09-04-at-18-38-29-Gestore-dellassociazione-300x176.png 300w, https:\/\/www.kananas.com\/it\/wp-content\/uploads\/sites\/2144\/2024\/09\/Screenshot-2024-09-04-at-18-38-29-Gestore-dellassociazione-768x450.png 768w, https:\/\/www.kananas.com\/it\/wp-content\/uploads\/sites\/2144\/2024\/09\/Screenshot-2024-09-04-at-18-38-29-Gestore-dellassociazione-1536x900.png 1536w, https:\/\/www.kananas.com\/it\/wp-content\/uploads\/sites\/2144\/2024\/09\/Screenshot-2024-09-04-at-18-38-29-Gestore-dellassociazione-2048x1199.png 2048w\" sizes=\"auto, (max-width: 1024px) 100vw, 1024px\" \/><\/figure>\n<\/div>\n\n\n<div style=\"height:20px\" aria-hidden=\"true\" class=\"wp-block-spacer\"><\/div>\n","protected":false},"excerpt":{"rendered":"<p>Sappiamo che ogni associazione \u00e8 unica. Ecco perch\u00e9 il CRM Kananas \u00e8 progettato per adattarsi ai tuoi processi interni e alle tue esigenze specifiche. Uno dei punti di forza di Kananas \u00e8 la sua capacit\u00e0 di essere completamente configurabile. Ogni associazione pu\u00f2 personalizzare i campi, le viste e definire il proprio riferimento di valori secondo &#8230; <a title=\"Collocamento\" class=\"read-more\" href=\"https:\/\/www.kananas.com\/it\/documentazione\/collocamento\/\" aria-label=\"En savoir plus sur Collocamento\">Lire la suite<\/a><\/p>\n","protected":false},"author":1,"featured_media":0,"parent":4865,"menu_order":0,"comment_status":"closed","ping_status":"closed","template":"","meta":{"_crdt_document":"","footnotes":""},"class_list":["post-5312","page","type-page","status-publish"],"_links":{"self":[{"href":"https:\/\/www.kananas.com\/it\/wp-json\/wp\/v2\/pages\/5312","targetHints":{"allow":["GET"]}}],"collection":[{"href":"https:\/\/www.kananas.com\/it\/wp-json\/wp\/v2\/pages"}],"about":[{"href":"https:\/\/www.kananas.com\/it\/wp-json\/wp\/v2\/types\/page"}],"author":[{"embeddable":true,"href":"https:\/\/www.kananas.com\/it\/wp-json\/wp\/v2\/users\/1"}],"replies":[{"embeddable":true,"href":"https:\/\/www.kananas.com\/it\/wp-json\/wp\/v2\/comments?post=5312"}],"version-history":[{"count":5,"href":"https:\/\/www.kananas.com\/it\/wp-json\/wp\/v2\/pages\/5312\/revisions"}],"predecessor-version":[{"id":5320,"href":"https:\/\/www.kananas.com\/it\/wp-json\/wp\/v2\/pages\/5312\/revisions\/5320"}],"up":[{"embeddable":true,"href":"https:\/\/www.kananas.com\/it\/wp-json\/wp\/v2\/pages\/4865"}],"wp:attachment":[{"href":"https:\/\/www.kananas.com\/it\/wp-json\/wp\/v2\/media?parent=5312"}],"curies":[{"name":"wp","href":"https:\/\/api.w.org\/{rel}","templated":true}]}}