{"id":5489,"date":"2025-05-23T18:02:09","date_gmt":"2025-05-23T16:02:09","guid":{"rendered":"https:\/\/www.kananas.com\/it\/?page_id=5489"},"modified":"2025-05-23T18:02:10","modified_gmt":"2025-05-23T16:02:10","slug":"software-di-gestione-delle-associazioni","status":"publish","type":"page","link":"https:\/\/www.kananas.com\/it\/software-di-gestione-delle-associazioni\/","title":{"rendered":"Software di gestione delle associazioni"},"content":{"rendered":"\n<div class=\"wp-block-columns is-layout-flex wp-container-core-columns-is-layout-8f761849 wp-block-columns-is-layout-flex\">\n<div class=\"wp-block-column is-layout-flow wp-block-column-is-layout-flow\">\n<div class=\"wp-block-columns has-base-3-color has-accent-background-color has-text-color has-background has-link-color wp-elements-38e82e9f655f724145be696616751910 is-layout-flex wp-container-core-columns-is-layout-8f761849 wp-block-columns-is-layout-flex\">\n<div class=\"wp-block-column is-layout-flow wp-block-column-is-layout-flow\" style=\"flex-basis:5%\"><\/div>\n\n\n\n<div class=\"wp-block-column padding10 is-layout-flow wp-block-column-is-layout-flow\" style=\"flex-basis:35%\">\n<div style=\"height:150px\" aria-hidden=\"true\" class=\"wp-block-spacer\"><\/div>\n\n\n\n<h1 class=\"wp-block-heading\"><strong>La soluzione di gestione delle associazioni<\/strong><\/h1>\n\n\n\n<p class=\"wp-block-paragraph\">Scopri Kananas, la soluzione completa per la gestione della tua associazione. Liberati dai vincoli amministrativi e passa all&rsquo;azione!<\/p>\n\n\n\n<p class=\"wp-block-paragraph\"><strong>Automatizza<\/strong> le attivit\u00e0 quotidiane, <strong>centralizza<\/strong> le tue informazioni, <strong>ottimizza<\/strong> la gestione finanziaria e <strong>semplifica<\/strong> la tua routine con strumenti efficaci e sicuri.<\/p>\n\n\n\n<div style=\"height:100px\" aria-hidden=\"true\" class=\"wp-block-spacer\"><\/div>\n<\/div>\n\n\n\n<div class=\"wp-block-column is-layout-flow wp-block-column-is-layout-flow\" style=\"flex-basis:5%\"><\/div>\n\n\n\n<div class=\"wp-block-column is-vertically-aligned-center padding10 is-layout-flow wp-block-column-is-layout-flow\" style=\"flex-basis:50%\"><div class=\"wp-block-image is-style-rounded\">\n<figure class=\"aligncenter size-full\"><img decoding=\"async\" src=\"https:\/\/www.kananas.com\/wp-content\/uploads\/2023\/09\/mjc2-e1713368391155.png\" alt=\"\" class=\"wp-image-4917\" style=\"aspect-ratio:16\/9;object-fit:cover\"\/><\/figure>\n<\/div><\/div>\n\n\n\n<div class=\"wp-block-column is-layout-flow wp-block-column-is-layout-flow\" style=\"flex-basis:5%\"><\/div>\n<\/div>\n<\/div>\n<\/div>\n\n\n\n<div style=\"height:100px\" aria-hidden=\"true\" class=\"wp-block-spacer\"><\/div>\n\n\n\n<div class=\"wp-block-columns is-layout-flex wp-container-core-columns-is-layout-8f761849 wp-block-columns-is-layout-flex\">\n<div class=\"wp-block-column is-layout-flow wp-block-column-is-layout-flow\">\n<div class=\"wp-block-columns has-contrast-color has-base-3-background-color has-text-color has-background has-link-color wp-elements-50e5179f4afdec63fd43b1563a852c38 is-layout-flex wp-container-core-columns-is-layout-8f761849 wp-block-columns-is-layout-flex\">\n<div class=\"wp-block-column is-layout-flow wp-block-column-is-layout-flow\" style=\"flex-basis:5%\"><\/div>\n\n\n\n<div class=\"wp-block-column is-vertically-aligned-center padding10 has-base-3-background-color has-background is-layout-flow wp-block-column-is-layout-flow\" style=\"flex-basis:50%\"><div class=\"wp-block-image is-style-default\">\n<figure class=\"aligncenter size-full\"><img loading=\"lazy\" decoding=\"async\" width=\"1024\" height=\"623\" src=\"http:\/\/www.kananas.com\/it\/wp-content\/uploads\/sites\/2144\/2025\/05\/home-page-IT-rounded-grid.png\" alt=\"\" class=\"wp-image-5446\" srcset=\"https:\/\/www.kananas.com\/it\/wp-content\/uploads\/sites\/2144\/2025\/05\/home-page-IT-rounded-grid.png 1024w, https:\/\/www.kananas.com\/it\/wp-content\/uploads\/sites\/2144\/2025\/05\/home-page-IT-rounded-grid-300x183.png 300w, https:\/\/www.kananas.com\/it\/wp-content\/uploads\/sites\/2144\/2025\/05\/home-page-IT-rounded-grid-768x467.png 768w\" sizes=\"auto, (max-width: 1024px) 100vw, 1024px\" \/><\/figure>\n<\/div><\/div>\n\n\n\n<div class=\"wp-block-column is-layout-flow wp-block-column-is-layout-flow\" style=\"flex-basis:5%\"><\/div>\n\n\n\n<div class=\"wp-block-column roundDiv padding30 has-base-background-color has-background is-layout-flow wp-block-column-is-layout-flow\" style=\"flex-basis:35%\">\n<h2 class=\"wp-block-heading\"><strong>Dashboard integrato<\/strong><\/h2>\n\n\n\n<p class=\"roundDiv wp-block-paragraph\">Con un dashboard completo e accessibile in tempo reale, prendi il controllo di tutti gli aspetti della tua associazione: gestione delle adesioni, vendita di biglietti per i tuoi eventi, tracciamento delle donazioni e commercializzazione dei tuoi prodotti.<\/p>\n\n\n\n<p class=\"wp-block-paragraph\">La nostra piattaforma intuitiva e facile da usare riunisce tutte le funzionalit\u00e0 necessarie per monitorare da vicino la tesoreria della tua associazione.<\/p>\n<\/div>\n\n\n\n<div class=\"wp-block-column is-layout-flow wp-block-column-is-layout-flow\" style=\"flex-basis:5%\"><\/div>\n<\/div>\n<\/div>\n<\/div>\n\n\n\n<div style=\"height:100px\" aria-hidden=\"true\" class=\"wp-block-spacer\"><\/div>\n\n\n\n<div class=\"wp-block-group has-background\" style=\"background-color:#f6f7fd\"><div class=\"wp-block-group__inner-container is-layout-constrained wp-block-group-is-layout-constrained\">\n<div style=\"height:100px\" aria-hidden=\"true\" class=\"wp-block-spacer\"><\/div>\n\n\n\n<div class=\"wp-block-columns is-layout-flex wp-container-core-columns-is-layout-8f761849 wp-block-columns-is-layout-flex\">\n<div class=\"wp-block-column is-layout-flow wp-block-column-is-layout-flow\" style=\"flex-basis:5%\"><\/div>\n\n\n\n<div class=\"wp-block-column is-layout-flow wp-block-column-is-layout-flow\" style=\"flex-basis:60%\">\n<h2 class=\"wp-block-heading\"><strong>Biglietteria<\/strong><\/h2>\n\n\n\n<p class=\"wp-block-paragraph\">Kananas offre una biglietteria online gratuita, semplice e <strong>sicura<\/strong>, ideale per le associazioni. La nostra piattaforma intuitiva permette di creare e gestire eventi in pochi clic, senza bisogno di competenze tecniche avanzate.<\/p>\n\n\n\n<p class=\"wp-block-paragraph\">Con Kananas, centralizza la vendita dei biglietti e segui le prenotazioni in tempo reale da un dashboard accessibile. Beneficia di un&rsquo;esperienza utente ottimizzata e di un supporto dedicato per il successo dei tuoi eventi.<\/p>\n<\/div>\n\n\n\n<div class=\"wp-block-column is-layout-flow wp-block-column-is-layout-flow\" style=\"flex-basis:3%\"><\/div>\n\n\n\n<div class=\"wp-block-column is-layout-flow wp-block-column-is-layout-flow\" style=\"flex-basis:40%\">\n<figure class=\"wp-block-image size-full is-style-rounded\"><img decoding=\"async\" src=\"https:\/\/www.kananas.com\/wp-content\/uploads\/2025\/05\/billetterie-fete.png\" alt=\"\" class=\"wp-image-8969\"\/><\/figure>\n<\/div>\n\n\n\n<div class=\"wp-block-column is-layout-flow wp-block-column-is-layout-flow\" style=\"flex-basis:5%\"><\/div>\n<\/div>\n\n\n\n<div style=\"height:100px\" aria-hidden=\"true\" class=\"wp-block-spacer\"><\/div>\n\n\n\n<div class=\"wp-block-columns is-layout-flex wp-container-core-columns-is-layout-8f761849 wp-block-columns-is-layout-flex\">\n<div class=\"wp-block-column is-layout-flow wp-block-column-is-layout-flow\" style=\"flex-basis:5%\"><\/div>\n\n\n\n<div class=\"wp-block-column is-layout-flow wp-block-column-is-layout-flow\" style=\"flex-basis:40%\">\n<figure class=\"wp-block-image size-full is-style-rounded\"><img decoding=\"async\" src=\"https:\/\/www.kananas.com\/wp-content\/uploads\/2025\/05\/adherents.png\" alt=\"\" class=\"wp-image-8970\"\/><\/figure>\n<\/div>\n\n\n\n<div class=\"wp-block-column is-layout-flow wp-block-column-is-layout-flow\" style=\"flex-basis:3%\"><\/div>\n\n\n\n<div class=\"wp-block-column is-layout-flow wp-block-column-is-layout-flow\" style=\"flex-basis:60%\">\n<h2 class=\"wp-block-heading\"><strong>Membri<\/strong><\/h2>\n\n\n\n<p class=\"wp-block-paragraph\">Kananas <strong>semplifica<\/strong> la gestione dei membri per le associazioni con una soluzione completa e intuitiva. Centralizza i dati, automatizza le attivit\u00e0 amministrative e facilita la comunicazione con i tuoi membri. Tieni traccia delle adesioni e gestisci i pagamenti in tempo reale, beneficiando di una sicurezza rafforzata per proteggere le informazioni.<\/p>\n\n\n\n<p class=\"wp-block-paragraph\">Offri ai tuoi membri uno spazio personale che li render\u00e0 pi\u00f9 autonomi e ti liberer\u00e0 da compiti noiosi.<\/p>\n<\/div>\n\n\n\n<div class=\"wp-block-column is-layout-flow wp-block-column-is-layout-flow\" style=\"flex-basis:5%\"><\/div>\n<\/div>\n\n\n\n<div style=\"height:100px\" aria-hidden=\"true\" class=\"wp-block-spacer\"><\/div>\n\n\n\n<div class=\"wp-block-columns is-layout-flex wp-container-core-columns-is-layout-8f761849 wp-block-columns-is-layout-flex\">\n<div class=\"wp-block-column is-layout-flow wp-block-column-is-layout-flow\" style=\"flex-basis:5%\"><\/div>\n\n\n\n<div class=\"wp-block-column is-layout-flow wp-block-column-is-layout-flow\" style=\"flex-basis:60%\">\n<h2 class=\"wp-block-heading\"><strong>Finanze<\/strong><\/h2>\n\n\n\n<p class=\"wp-block-paragraph\">Centralizza i tuoi dati finanziari, automatizza le attivit\u00e0 contabili e facilita il monitoraggio delle tue transazioni. Gestisci i tuoi budget e le tue spese in tempo reale.<\/p>\n\n\n\n<p class=\"wp-block-paragraph\">Raccogli donazioni, offri un negozio online, tutto beneficiando del pagamento online sicuro.<\/p>\n\n\n\n<p class=\"wp-block-paragraph\">Alla fine dell&rsquo;esercizio, modifica il tuo conto economico e il tuo bilancio.<\/p>\n<\/div>\n\n\n\n<div class=\"wp-block-column is-layout-flow wp-block-column-is-layout-flow\" style=\"flex-basis:3%\"><\/div>\n\n\n\n<div class=\"wp-block-column is-layout-flow wp-block-column-is-layout-flow\" style=\"flex-basis:40%\">\n<figure class=\"wp-block-image size-full is-style-rounded\"><img decoding=\"async\" src=\"https:\/\/www.kananas.com\/wp-content\/uploads\/2025\/05\/compta-association.png\" alt=\"\" class=\"wp-image-8982\"\/><\/figure>\n<\/div>\n\n\n\n<div class=\"wp-block-column is-layout-flow wp-block-column-is-layout-flow\" style=\"flex-basis:5%\"><\/div>\n<\/div>\n\n\n\n<div style=\"height:100px\" aria-hidden=\"true\" class=\"wp-block-spacer\"><\/div>\n\n\n\n<div class=\"wp-block-columns is-layout-flex wp-container-core-columns-is-layout-8f761849 wp-block-columns-is-layout-flex\">\n<div class=\"wp-block-column is-layout-flow wp-block-column-is-layout-flow\" style=\"flex-basis:5%\"><\/div>\n\n\n\n<div class=\"wp-block-column is-layout-flow wp-block-column-is-layout-flow\" style=\"flex-basis:40%\">\n<figure class=\"wp-block-image size-full is-style-rounded\"><img decoding=\"async\" src=\"https:\/\/www.kananas.com\/wp-content\/uploads\/2025\/05\/site-web-association.png\" alt=\"\" class=\"wp-image-8984\"\/><\/figure>\n<\/div>\n\n\n\n<div class=\"wp-block-column is-layout-flow wp-block-column-is-layout-flow\" style=\"flex-basis:3%\"><\/div>\n\n\n\n<div class=\"wp-block-column is-layout-flow wp-block-column-is-layout-flow\" style=\"flex-basis:60%\">\n<h2 class=\"wp-block-heading\"><strong>Sito web<\/strong><\/h2>\n\n\n\n<p class=\"wp-block-paragraph\">Kananas ti permette di gestire il sito web della tua associazione senza bisogno di particolari conoscenze informatiche.<\/p>\n\n\n\n<p class=\"wp-block-paragraph\">Questo sito web sar\u00e0 il trait d&rsquo;union tra la tua associazione e i tuoi membri, ma \u00e8 anche la vetrina per presentare la tua struttura e garantirne il buon sviluppo.<\/p>\n<\/div>\n\n\n\n<div class=\"wp-block-column is-layout-flow wp-block-column-is-layout-flow\" style=\"flex-basis:5%\"><\/div>\n<\/div>\n\n\n\n<div style=\"height:100px\" aria-hidden=\"true\" class=\"wp-block-spacer\"><\/div>\n<\/div><\/div>\n\n\n\n<div style=\"height:50px\" aria-hidden=\"true\" class=\"wp-block-spacer\"><\/div>\n\n\n\n<div class=\"wp-block-columns is-layout-flex wp-container-core-columns-is-layout-8f761849 wp-block-columns-is-layout-flex\">\n<div class=\"wp-block-column is-layout-flow wp-block-column-is-layout-flow\" style=\"flex-basis:10%\"><\/div>\n\n\n\n<div class=\"wp-block-column is-layout-flow wp-block-column-is-layout-flow\">\n<h2 class=\"wp-block-heading\"><strong>Associazioni, centri ricreativi, MJC, sindacati, federazioni, scuole, club, ONG, ASBL, OBNL ecc. .. <\/strong><\/h2>\n<\/div>\n\n\n\n<div class=\"wp-block-column is-layout-flow wp-block-column-is-layout-flow\">\n<p class=\"wp-block-paragraph\">Un&rsquo;ampia gamma di organizzazioni si fida di Kananas; qualunque sia il tuo campo di attivit\u00e0, potrai organizzare il lavoro e aumentare l&rsquo;efficienza del tuo team.<\/p>\n\n\n\n<div style=\"height:20px\" aria-hidden=\"true\" class=\"wp-block-spacer\"><\/div>\n\n\n\n<h3 class=\"wp-block-heading has-text-align-center roundDiv padding30 has-base-background-color has-background\"><strong>97% di clienti soddisfatti<\/strong><\/h3>\n<\/div>\n\n\n\n<div class=\"wp-block-column is-layout-flow wp-block-column-is-layout-flow\" style=\"flex-basis:10%\"><\/div>\n<\/div>\n\n\n\n<div style=\"height:50px\" aria-hidden=\"true\" class=\"wp-block-spacer\"><\/div>\n\n\n\n<div class=\"wp-block-columns ghostkit-custom-Z2fnz1p has-base-3-color has-accent-background-color has-text-color has-background has-link-color wp-elements-3091be1134a495e3cbe20269ed4d252e is-layout-flex wp-container-core-columns-is-layout-8f761849 wp-block-columns-is-layout-flex\">\n<div class=\"wp-block-column is-layout-flow wp-block-column-is-layout-flow\" style=\"flex-basis:5%\"><\/div>\n\n\n\n<div class=\"wp-block-column is-layout-flow wp-block-column-is-layout-flow\">\n<div style=\"height:100px\" aria-hidden=\"true\" class=\"wp-block-spacer\"><\/div>\n\n\n\n<div class=\"wp-block-columns is-layout-flex wp-container-core-columns-is-layout-8f761849 wp-block-columns-is-layout-flex\">\n<div class=\"wp-block-column is-layout-flow wp-block-column-is-layout-flow\" style=\"flex-basis:5%\"><\/div>\n\n\n\n<div class=\"wp-block-column is-layout-flow wp-block-column-is-layout-flow\">\n<h2 class=\"wp-block-heading\"><strong>Ottimizzate il vostro tempo, potenziate la vostra associazione con Kananas<\/strong><\/h2>\n\n\n\n<p class=\"wp-block-paragraph\">Iscrivetevi gratuitamente su Kananas e approfittate di 30 giorni di prova senza carta di credito.<\/p>\n\n\n\n<div style=\"height:20px\" aria-hidden=\"true\" class=\"wp-block-spacer\"><\/div>\n\n\n\n<div class=\"wp-block-buttons is-content-justification-center is-layout-flex wp-container-core-buttons-is-layout-fe48e5de wp-block-buttons-is-layout-flex\">\n<div class=\"wp-block-button\"><a class=\"wp-block-button__link has-accent-color has-base-2-background-color has-text-color has-background has-link-color has-medium-font-size has-custom-font-size wp-element-button\" href=\"https:\/\/backoffice.kananas.com\/action_manager.php?event=organisation_add&amp;p=1&amp;lang=ITA\" target=\"_blank\" rel=\"noreferrer noopener\">Inizia<\/a><\/div>\n<\/div>\n<\/div>\n\n\n\n<div class=\"wp-block-column is-layout-flow wp-block-column-is-layout-flow\" style=\"flex-basis:5%\"><\/div>\n<\/div>\n\n\n\n<div style=\"height:100px\" aria-hidden=\"true\" class=\"wp-block-spacer\"><\/div>\n<\/div>\n\n\n\n<div class=\"wp-block-column is-vertically-aligned-center is-layout-flow wp-block-column-is-layout-flow\"><div class=\"wp-block-image is-style-rounded\">\n<figure class=\"aligncenter size-large is-resized\"><img decoding=\"async\" src=\"https:\/\/www.kananas.com\/wp-content\/uploads\/2024\/12\/Screenshot-2024-12-04-at-08-47-20-Free-Photo-Side-view-smiley-man-working-on-laptop-1024x683.png\" alt=\"\" class=\"wp-image-7872\" style=\"width:300px\"\/><\/figure>\n<\/div><\/div>\n\n\n\n<div class=\"wp-block-column is-layout-flow wp-block-column-is-layout-flow\" style=\"flex-basis:5%\"><\/div>\n<\/div>\n","protected":false},"excerpt":{"rendered":"<p>La soluzione di gestione delle associazioni Scopri Kananas, la soluzione completa per la gestione della tua associazione. Liberati dai vincoli amministrativi e passa all&rsquo;azione! Automatizza le attivit\u00e0 quotidiane, centralizza le tue informazioni, ottimizza la gestione finanziaria e semplifica la tua routine con strumenti efficaci e sicuri. Dashboard integrato Con un dashboard completo e accessibile in &#8230; <a title=\"Software di gestione delle associazioni\" class=\"read-more\" href=\"https:\/\/www.kananas.com\/it\/software-di-gestione-delle-associazioni\/\" aria-label=\"En savoir plus sur Software di gestione delle associazioni\">Lire la suite<\/a><\/p>\n","protected":false},"author":1,"featured_media":0,"parent":0,"menu_order":0,"comment_status":"closed","ping_status":"closed","template":"","meta":{"_crdt_document":"","footnotes":""},"class_list":["post-5489","page","type-page","status-publish"],"_links":{"self":[{"href":"https:\/\/www.kananas.com\/it\/wp-json\/wp\/v2\/pages\/5489","targetHints":{"allow":["GET"]}}],"collection":[{"href":"https:\/\/www.kananas.com\/it\/wp-json\/wp\/v2\/pages"}],"about":[{"href":"https:\/\/www.kananas.com\/it\/wp-json\/wp\/v2\/types\/page"}],"author":[{"embeddable":true,"href":"https:\/\/www.kananas.com\/it\/wp-json\/wp\/v2\/users\/1"}],"replies":[{"embeddable":true,"href":"https:\/\/www.kananas.com\/it\/wp-json\/wp\/v2\/comments?post=5489"}],"version-history":[{"count":1,"href":"https:\/\/www.kananas.com\/it\/wp-json\/wp\/v2\/pages\/5489\/revisions"}],"predecessor-version":[{"id":5490,"href":"https:\/\/www.kananas.com\/it\/wp-json\/wp\/v2\/pages\/5489\/revisions\/5490"}],"wp:attachment":[{"href":"https:\/\/www.kananas.com\/it\/wp-json\/wp\/v2\/media?parent=5489"}],"curies":[{"name":"wp","href":"https:\/\/api.w.org\/{rel}","templated":true}]}}