{"id":559,"date":"2016-02-02T05:27:16","date_gmt":"2016-02-02T04:27:16","guid":{"rendered":"http:\/\/www.gestasso.com\/association\/clubdumoulin\/?page_id=559"},"modified":"2026-03-16T05:37:03","modified_gmt":"2026-03-16T04:37:03","slug":"lassociation","status":"publish","type":"page","link":"https:\/\/www.kananas.com\/lesainesdumoulin\/lassociation\/","title":{"rendered":"L&rsquo;association"},"content":{"rendered":"<p><span style=\"font-family: trebuchet ms, geneva, sans-serif\">L&rsquo;histoire de l&rsquo;association <\/span><br \/>\n<span style=\"font-family: trebuchet ms, geneva, sans-serif\">Fond\u00e9 en 1984, le dub du moulin parut au journal officiel le 30 mai 1984.<br \/>\nAdh\u00e9rez aux A\u00een\u00e9s du Moulin, voir<a href=\"https:\/\/www.kananas.com\/lesainesdumoulin\/adhesion-2\/\"><span style=\"color: #0000ff\"><strong> \u00ab\u00a0Adh\u00e9sion\u00a0\u00bb<\/strong><\/span><\/a><\/span><br \/>\n<a href=\"https:\/\/www.kananas.com\/lesainesdumoulin\/le-bureau-des-aines\/\"><span style=\"color: #0000ff\"><strong>\u00ab\u00a0Le bureau et le conseil d&rsquo;administration 2026\u00a0\u00bb<\/strong><\/span><\/a><\/p>\n","protected":false},"excerpt":{"rendered":"<p>L&rsquo;histoire de l&rsquo;association Fond\u00e9 en 1984, le dub du moulin parut au journal officiel le 30 mai 1984. Adh\u00e9rez aux A\u00een\u00e9s du Moulin, voir \u00ab\u00a0Adh\u00e9sion\u00a0\u00bb \u00ab\u00a0Le bureau et le conseil d&rsquo;administration 2026\u00a0\u00bb<\/p>\n","protected":false},"author":621,"featured_media":0,"parent":0,"menu_order":0,"comment_status":"open","ping_status":"open","template":"","meta":{"_crdt_document":"","footnotes":""},"class_list":["post-559","page","type-page","status-publish","hentry"],"_links":{"self":[{"href":"https:\/\/www.kananas.com\/lesainesdumoulin\/wp-json\/wp\/v2\/pages\/559","targetHints":{"allow":["GET"]}}],"collection":[{"href":"https:\/\/www.kananas.com\/lesainesdumoulin\/wp-json\/wp\/v2\/pages"}],"about":[{"href":"https:\/\/www.kananas.com\/lesainesdumoulin\/wp-json\/wp\/v2\/types\/page"}],"author":[{"embeddable":true,"href":"https:\/\/www.kananas.com\/lesainesdumoulin\/wp-json\/wp\/v2\/users\/621"}],"replies":[{"embeddable":true,"href":"https:\/\/www.kananas.com\/lesainesdumoulin\/wp-json\/wp\/v2\/comments?post=559"}],"version-history":[{"count":4,"href":"https:\/\/www.kananas.com\/lesainesdumoulin\/wp-json\/wp\/v2\/pages\/559\/revisions"}],"predecessor-version":[{"id":3174,"href":"https:\/\/www.kananas.com\/lesainesdumoulin\/wp-json\/wp\/v2\/pages\/559\/revisions\/3174"}],"wp:attachment":[{"href":"https:\/\/www.kananas.com\/lesainesdumoulin\/wp-json\/wp\/v2\/media?parent=559"}],"curies":[{"name":"wp","href":"https:\/\/api.w.org\/{rel}","templated":true}]}}