{"id":23,"date":"2015-02-13T13:32:04","date_gmt":"2015-02-13T13:32:04","guid":{"rendered":"http:\/\/www.gestasso.com\/association\/ligueskinautiqueetwakeboardpaysdeloire\/?page_id=23"},"modified":"2015-02-13T13:32:04","modified_gmt":"2015-02-13T13:32:04","slug":"npcg-club-ski-nautique-de-chateau-gontier","status":"publish","type":"page","link":"https:\/\/www.kananas.com\/liguepaysdeloireskinautiqueetwakeboard2792\/clubs-associatifs\/npcg-club-ski-nautique-de-chateau-gontier\/","title":{"rendered":"Navigation Plaisance Chateau-Gontier   NPCG 53"},"content":{"rendered":"<p>D\u00e9couvrez notre club de ski nautique, id\u00e9al pour apprendre, progresser et s\u2019amuser.<\/p>\n<p>Visitez notre site internet \u00a0 \u00a0en cliquant ici : \u00a0<a href=\"http:\/\/www.skinautique53.fr\/\" target=\"_blank\">NPCG<\/a><\/p>\n<p>Vid\u00e9o \u00a0de notre champion \u00a0mondial \u00a0 ,adh\u00e9rent du club \u00a0 NPCG \u00a0, \u00a0<a href=\"https:\/\/www.youtube.com\/watch?v=fnjUXzNAJxU\" target=\"_blank\"> Pierre Ballon\u00a0<\/a>\u00a0 !<\/p>\n<p>Vid\u00e9o de Constance Gerboin \u00a0,espoir f\u00e9minin ,\u00e9galement adh\u00e9rente NPCG \u00a0: \u00a0 <a href=\"https:\/\/www.youtube.com\/watch?v=fwysBH0S6UY\">Constance\u00a0<\/a><\/p>\n","protected":false},"excerpt":{"rendered":"<p>D\u00e9couvrez notre club de ski nautique, id\u00e9al pour apprendre, progresser et s\u2019amuser. Visitez notre site internet \u00a0 \u00a0en cliquant ici : \u00a0NPCG Vid\u00e9o \u00a0de notre champion \u00a0mondial \u00a0 ,adh\u00e9rent du club \u00a0 NPCG \u00a0, \u00a0 Pierre Ballon\u00a0\u00a0 ! Vid\u00e9o de &hellip; <a href=\"https:\/\/www.kananas.com\/liguepaysdeloireskinautiqueetwakeboard2792\/clubs-associatifs\/npcg-club-ski-nautique-de-chateau-gontier\/\">Continue reading <span class=\"meta-nav\">&rarr;<\/span><\/a><\/p>\n","protected":false},"author":772,"featured_media":0,"parent":245,"menu_order":0,"comment_status":"open","ping_status":"open","template":"","meta":{"_crdt_document":"","footnotes":""},"class_list":["post-23","page","type-page","status-publish","hentry"],"_links":{"self":[{"href":"https:\/\/www.kananas.com\/liguepaysdeloireskinautiqueetwakeboard2792\/wp-json\/wp\/v2\/pages\/23","targetHints":{"allow":["GET"]}}],"collection":[{"href":"https:\/\/www.kananas.com\/liguepaysdeloireskinautiqueetwakeboard2792\/wp-json\/wp\/v2\/pages"}],"about":[{"href":"https:\/\/www.kananas.com\/liguepaysdeloireskinautiqueetwakeboard2792\/wp-json\/wp\/v2\/types\/page"}],"author":[{"embeddable":true,"href":"https:\/\/www.kananas.com\/liguepaysdeloireskinautiqueetwakeboard2792\/wp-json\/wp\/v2\/users\/772"}],"replies":[{"embeddable":true,"href":"https:\/\/www.kananas.com\/liguepaysdeloireskinautiqueetwakeboard2792\/wp-json\/wp\/v2\/comments?post=23"}],"version-history":[{"count":0,"href":"https:\/\/www.kananas.com\/liguepaysdeloireskinautiqueetwakeboard2792\/wp-json\/wp\/v2\/pages\/23\/revisions"}],"up":[{"embeddable":true,"href":"https:\/\/www.kananas.com\/liguepaysdeloireskinautiqueetwakeboard2792\/wp-json\/wp\/v2\/pages\/245"}],"wp:attachment":[{"href":"https:\/\/www.kananas.com\/liguepaysdeloireskinautiqueetwakeboard2792\/wp-json\/wp\/v2\/media?parent=23"}],"curies":[{"name":"wp","href":"https:\/\/api.w.org\/{rel}","templated":true}]}}