{"id":354,"date":"2015-02-10T22:31:37","date_gmt":"2015-02-10T22:31:37","guid":{"rendered":"http:\/\/www.gestasso.com\/association\/ligueskinautiqueetwakeboardpaysdeloire\/?page_id=2"},"modified":"2015-02-10T22:31:37","modified_gmt":"2015-02-10T22:31:37","slug":"page-d-exemple-2","status":"publish","type":"page","link":"https:\/\/www.kananas.com\/liguepaysdeloireskinautiqueetwakeboard2792\/clubs-associatifs\/page-d-exemple-2\/","title":{"rendered":"Ski Nautique Choletais  SNC Cholet 49"},"content":{"rendered":"<p>lien vers site de la <a href=\"http:\/\/www.ffsnw.fr\/index.php?option=com_k2&amp;view=item&amp;id=1082&amp;Itemid=193\" target=\"_blank\">\u00a0FFSNW et notre club<\/a><\/p>\n<p>Responsable \u00a0Frederic Dubl\u00e9 \u00a0 \u00a0<span class=\"metter\">06.17.19.46.24 \u00a0\u00a0<\/span><span class=\"metter\"><a href=\"mailto:fredduble@free.fr\" target=\"_blank\">fredduble@free.fr<\/a><\/span><\/p>\n<p>Club ouvert du 15 avril au 31 octobre<\/p>\n<p>Etang des Noues Route d&rsquo;Angers \u00a049300 CHOLET<\/p>\n<p>EQUIPEMENT : &#8211; Slalom, mini slalom, tremplin &#8211; Club housse avec sanitaires, vestiaires et douches BATEAUX : &#8211; 1 master craft avec z\u00e9ro off et tour de wake &#8211; 1 cap 400 (baby ski) Permanences : le lundi, mardi jeudi et vendredi de 18 h \u00e0 la tomb\u00e9e de la nuit le mercredi de 16h \u00e0 la tomb\u00e9e de la nuit le samedi et le dimanche de 13h \u00e0 18h<\/p>\n<p>Possibilit\u00e9 pour les groupes de prendre RDV sur d&rsquo;autres cr\u00e9neaux horaires, (cr\u00e9neaux en fonction des disponibilit\u00e9s des pilotes).<\/p>\n<p>Les permanences sont tenues par de pilotes b\u00e9n\u00e9voles (Initiateurs club et baby ski)<\/p>\n<p>&nbsp;<\/p>\n<p><strong><span style=\"color: #0000ff\">FETE : les \u00a050 ans \u00a0du club \u00a0 \u00a0! \u00a0 \u00a0<\/span><\/strong><strong><span style=\"color: #0000ff\"> le samedi 18 juin 2016<\/span><\/strong><\/p>\n<p><img loading=\"lazy\" decoding=\"async\" class=\"alignnone size-medium wp-image-321\" src=\"http:\/\/www.kananas.com\/liguepaysdeloireskinautiqueetwakeboard2792\/wp-content\/uploads\/sites\/753\/2015\/02\/50-ans-SNC-invitation-1-116x300.jpg\" alt=\"50 ans SNC invitation 1\" width=\"116\" height=\"300\" srcset=\"https:\/\/www.kananas.com\/liguepaysdeloireskinautiqueetwakeboard2792\/wp-content\/uploads\/sites\/753\/2015\/02\/50-ans-SNC-invitation-1-116x300.jpg 116w, https:\/\/www.kananas.com\/liguepaysdeloireskinautiqueetwakeboard2792\/wp-content\/uploads\/sites\/753\/2015\/02\/50-ans-SNC-invitation-1-396x1024.jpg 396w, https:\/\/www.kananas.com\/liguepaysdeloireskinautiqueetwakeboard2792\/wp-content\/uploads\/sites\/753\/2015\/02\/50-ans-SNC-invitation-1.jpg 475w\" sizes=\"auto, (max-width: 116px) 100vw, 116px\" \/> <img loading=\"lazy\" decoding=\"async\" class=\"alignnone size-medium wp-image-322\" src=\"http:\/\/www.kananas.com\/liguepaysdeloireskinautiqueetwakeboard2792\/wp-content\/uploads\/sites\/753\/2015\/02\/50-ans-SNC-invitation-2-116x300.jpg\" alt=\"50 ans SNC invitation 2\" width=\"116\" height=\"300\" srcset=\"https:\/\/www.kananas.com\/liguepaysdeloireskinautiqueetwakeboard2792\/wp-content\/uploads\/sites\/753\/2015\/02\/50-ans-SNC-invitation-2-116x300.jpg 116w, https:\/\/www.kananas.com\/liguepaysdeloireskinautiqueetwakeboard2792\/wp-content\/uploads\/sites\/753\/2015\/02\/50-ans-SNC-invitation-2-397x1024.jpg 397w, https:\/\/www.kananas.com\/liguepaysdeloireskinautiqueetwakeboard2792\/wp-content\/uploads\/sites\/753\/2015\/02\/50-ans-SNC-invitation-2.jpg 477w\" sizes=\"auto, (max-width: 116px) 100vw, 116px\" \/> <img loading=\"lazy\" decoding=\"async\" class=\"alignnone size-medium wp-image-323\" src=\"http:\/\/www.kananas.com\/liguepaysdeloireskinautiqueetwakeboard2792\/wp-content\/uploads\/sites\/753\/2015\/02\/coupon-r\u00e9ponse-50-ans-SNC-300x141.jpg\" alt=\"coupon r\u00e9ponse 50 ans SNC\" width=\"300\" height=\"141\" srcset=\"https:\/\/www.kananas.com\/liguepaysdeloireskinautiqueetwakeboard2792\/wp-content\/uploads\/sites\/753\/2015\/02\/coupon-r\u00e9ponse-50-ans-SNC-300x141.jpg 300w, https:\/\/www.kananas.com\/liguepaysdeloireskinautiqueetwakeboard2792\/wp-content\/uploads\/sites\/753\/2015\/02\/coupon-r\u00e9ponse-50-ans-SNC-768x362.jpg 768w, https:\/\/www.kananas.com\/liguepaysdeloireskinautiqueetwakeboard2792\/wp-content\/uploads\/sites\/753\/2015\/02\/coupon-r\u00e9ponse-50-ans-SNC-1024x482.jpg 1024w, https:\/\/www.kananas.com\/liguepaysdeloireskinautiqueetwakeboard2792\/wp-content\/uploads\/sites\/753\/2015\/02\/coupon-r\u00e9ponse-50-ans-SNC.jpg 1236w\" sizes=\"auto, (max-width: 300px) 100vw, 300px\" \/><\/p>\n","protected":false},"excerpt":{"rendered":"<p>lien vers site de la \u00a0FFSNW et notre club Responsable \u00a0Frederic Dubl\u00e9 \u00a0 \u00a006.17.19.46.24 \u00a0\u00a0fredduble@free.fr Club ouvert du 15 avril au 31 octobre Etang des Noues Route d&rsquo;Angers \u00a049300 CHOLET EQUIPEMENT : &#8211; Slalom, mini slalom, tremplin &#8211; Club housse &hellip; <a href=\"https:\/\/www.kananas.com\/liguepaysdeloireskinautiqueetwakeboard2792\/clubs-associatifs\/page-d-exemple-2\/\">Continue reading <span class=\"meta-nav\">&rarr;<\/span><\/a><\/p>\n","protected":false},"author":772,"featured_media":0,"parent":245,"menu_order":0,"comment_status":"closed","ping_status":"closed","template":"","meta":{"_crdt_document":"","footnotes":""},"class_list":["post-354","page","type-page","status-publish","hentry"],"_links":{"self":[{"href":"https:\/\/www.kananas.com\/liguepaysdeloireskinautiqueetwakeboard2792\/wp-json\/wp\/v2\/pages\/354","targetHints":{"allow":["GET"]}}],"collection":[{"href":"https:\/\/www.kananas.com\/liguepaysdeloireskinautiqueetwakeboard2792\/wp-json\/wp\/v2\/pages"}],"about":[{"href":"https:\/\/www.kananas.com\/liguepaysdeloireskinautiqueetwakeboard2792\/wp-json\/wp\/v2\/types\/page"}],"author":[{"embeddable":true,"href":"https:\/\/www.kananas.com\/liguepaysdeloireskinautiqueetwakeboard2792\/wp-json\/wp\/v2\/users\/772"}],"replies":[{"embeddable":true,"href":"https:\/\/www.kananas.com\/liguepaysdeloireskinautiqueetwakeboard2792\/wp-json\/wp\/v2\/comments?post=354"}],"version-history":[{"count":0,"href":"https:\/\/www.kananas.com\/liguepaysdeloireskinautiqueetwakeboard2792\/wp-json\/wp\/v2\/pages\/354\/revisions"}],"up":[{"embeddable":true,"href":"https:\/\/www.kananas.com\/liguepaysdeloireskinautiqueetwakeboard2792\/wp-json\/wp\/v2\/pages\/245"}],"wp:attachment":[{"href":"https:\/\/www.kananas.com\/liguepaysdeloireskinautiqueetwakeboard2792\/wp-json\/wp\/v2\/media?parent=354"}],"curies":[{"name":"wp","href":"https:\/\/api.w.org\/{rel}","templated":true}]}}