{"id":122,"date":"2023-07-01T07:10:32","date_gmt":"2023-07-01T05:10:32","guid":{"rendered":"https:\/\/www.kananas.com\/meusevergerstraditions\/?page_id=122"},"modified":"2023-07-01T07:10:46","modified_gmt":"2023-07-01T05:10:46","slug":"une-association-meusienne-pour-qui-pourquoi","status":"publish","type":"page","link":"https:\/\/www.kananas.com\/meusevergerstraditions\/notre-association\/une-association-meusienne-pour-qui-pourquoi\/","title":{"rendered":"Une association Meusienne &#8211; pour qui ? pourquoi?"},"content":{"rendered":"<p>Views: 36<\/p><p>Quels sont les membres de notre Association Meuse Vergers Traditions et pourquoi nous rejoindre ?<\/p>\n<ul>\n<li><b>Les propri\u00e9taires, locataires, exploitants de vergers familiaux ou d\u00e9tenteurs d\u2019arbres fruitiers, sympathisants <\/b>qui souhaitent faire partie d\u2019un r\u00e9seau d\u2019\u00e9changes, de partages et d\u2019entraide avec comme objectif\u00a0: d\u00e9velopper de bonnes pratiques li\u00e9es \u00e0 l\u2019entretien des vergers familiaux.<\/li>\n<li><b>Les syndicats communaux <\/b>de distillation qui choisissent de s\u2019ouvrir, de faire partie d\u2019un r\u00e9seau, de se renforcer &#8211; de faire profiter leurs adh\u00e9rents de possibilit\u00e9s d\u2019\u00e9changes structur\u00e9s avec d\u2019autres passionn\u00e9s de la distillation au travers d\u2019un r\u00e9seau d\u2019\u00e9changes, de partage de bonnes pratiques ou de rencontres diverses.<\/li>\n<li><b>Les Distillateurs professionnels <\/b>qui souhaitent mieux satisfaire leurs clients, les fid\u00e9liser, par la qualit\u00e9 de l\u2019Eau-de-Vie qui leur sera rendue,\u00a0 r\u00e9sultant d\u2019une bonne connaissance des conditions de la \u00ab\u00a0mise en fermentation de leurs fruits\u00a0\u00bb &#8211; au demeurant int\u00e9grer une communaut\u00e9 ayant la volont\u00e9 de contribuer \u00e0 p\u00e9renniser les bouilleurs de cru (les traditions ancestrales qui vont avec), et donc leur propre devenir.<\/li>\n<li><b>Les Communes <\/b>qui s\u2019engagent \u00e0 soutenir des actions visant \u00e0 la promotion de vergers bien entretenus aux abords de leurs village, et de la vie sociale qui l\u2019accompagne.<\/li>\n<li><b>Tout r\u00e9coltant de fruits<\/b> \u00e0 l\u2019\u00e9coute des meilleurs canaux locaux de transformation du fruit de sa r\u00e9colte.<\/li>\n<li><b>Tout sympathisant<\/b> qui souhaite voir perdurer les droits \u00e0 distiller, par son soutien \u00e0 la <b>FNSRPE, <\/b>au travers de son adh\u00e9sion \u00e0 l\u2019Association Meuse Vergers Traditions.<\/li>\n<\/ul>\n<p>&nbsp;<\/p>\n","protected":false},"excerpt":{"rendered":"<p>Views: 36Quels sont les membres de notre Association Meuse Vergers Traditions et pourquoi nous rejoindre ? Les propri\u00e9taires, locataires, exploitants de vergers familiaux ou d\u00e9tenteurs d\u2019arbres fruitiers, sympathisants qui souhaitent faire partie d\u2019un r\u00e9seau d\u2019\u00e9changes, de partages et d\u2019entraide avec comme objectif\u00a0: d\u00e9velopper de bonnes pratiques li\u00e9es \u00e0 l\u2019entretien des vergers familiaux. Les syndicats communaux [&hellip;]<\/p>\n","protected":false},"author":2171,"featured_media":0,"parent":64,"menu_order":1,"comment_status":"closed","ping_status":"closed","template":"","meta":{"_crdt_document":"","footnotes":""},"class_list":["post-122","page","type-page","status-publish","hentry"],"_links":{"self":[{"href":"https:\/\/www.kananas.com\/meusevergerstraditions\/wp-json\/wp\/v2\/pages\/122","targetHints":{"allow":["GET"]}}],"collection":[{"href":"https:\/\/www.kananas.com\/meusevergerstraditions\/wp-json\/wp\/v2\/pages"}],"about":[{"href":"https:\/\/www.kananas.com\/meusevergerstraditions\/wp-json\/wp\/v2\/types\/page"}],"author":[{"embeddable":true,"href":"https:\/\/www.kananas.com\/meusevergerstraditions\/wp-json\/wp\/v2\/users\/2171"}],"replies":[{"embeddable":true,"href":"https:\/\/www.kananas.com\/meusevergerstraditions\/wp-json\/wp\/v2\/comments?post=122"}],"version-history":[{"count":1,"href":"https:\/\/www.kananas.com\/meusevergerstraditions\/wp-json\/wp\/v2\/pages\/122\/revisions"}],"predecessor-version":[{"id":123,"href":"https:\/\/www.kananas.com\/meusevergerstraditions\/wp-json\/wp\/v2\/pages\/122\/revisions\/123"}],"up":[{"embeddable":true,"href":"https:\/\/www.kananas.com\/meusevergerstraditions\/wp-json\/wp\/v2\/pages\/64"}],"wp:attachment":[{"href":"https:\/\/www.kananas.com\/meusevergerstraditions\/wp-json\/wp\/v2\/media?parent=122"}],"curies":[{"name":"wp","href":"https:\/\/api.w.org\/{rel}","templated":true}]}}