{"id":129,"date":"2023-07-01T07:30:58","date_gmt":"2023-07-01T05:30:58","guid":{"rendered":"https:\/\/www.kananas.com\/meusevergerstraditions\/?page_id=129"},"modified":"2023-07-01T08:20:51","modified_gmt":"2023-07-01T06:20:51","slug":"la-federation-nationale-fnsrpe","status":"publish","type":"page","link":"https:\/\/www.kananas.com\/meusevergerstraditions\/la-federation-nationale-fnsrpe\/","title":{"rendered":"FNSRPE"},"content":{"rendered":"<p>Views: 51<\/p><p><span style=\"font-size: 10pt\">La F.N.S.R.P.E est la\u00a0 <strong>F\u00e9d\u00e9ration Nationale des Syndicats des R\u00e9coltants familiaux de fruits et Producteurs d\u2019Eau de vie naturelle<\/strong> \u00e0 laquelle notre association Meuse Vergers Traditions est affili\u00e9e. <\/span><\/p>\n<p><span style=\"font-size: 10pt\">Pourquoi rejoindre cette f\u00e9d\u00e9ration? : Les lois changent, nos droits \u00e9voluent sans cesse, nous sommes l\u00e0 pour veiller \u00e0 ce que nos droits ne disparaissent pas.<\/span><\/p>\n<p><span style=\"font-size: 10pt\"><b>\u00a0<\/b><b>Votre adh\u00e9sion est fondamentale<\/b><\/span><\/p>\n<ul>\n<li><span style=\"font-size: 10pt\">La F\u00e9d\u00e9ration nationale ne b\u00e9n\u00e9ficie pas de subventions comme les autres syndicats.<\/span><\/li>\n<li><span style=\"font-size: 10pt\">C\u2019est uniquement votre adh\u00e9sion qui leur permet de mettre en place des actions aussi bien de veille l\u00e9gislative et r\u00e9glementaire que d\u2019explications aupr\u00e8s des \u00e9lus de la nation qui votent les lois.<\/span><\/li>\n<li><span style=\"font-size: 10pt\">Vous recevrez leur revue trimestrielle \u00ab\u00a0Le Bouilleur de France\u00a0\u00bb, o\u00f9 vous y trouverez des conseils techniques par leurs sp\u00e9cialistes, les r\u00e9ponses \u00e0 vos questions sur les droits des bouilleurs de cru ainsi que de formidables recettes tr\u00e8s appr\u00e9ci\u00e9es.<\/span><\/li>\n<\/ul>\n<p><span style=\"font-size: 10pt\"><b>\u00a0<\/b><b>Les avanc\u00e9es majeures de la F\u00e9d\u00e9ration.<\/b><\/span><\/p>\n<ul>\n<li><span style=\"font-size: 10pt\"><b>\u00a0<\/b><b>2002<\/b>. A l\u2019initiative de Guy RICHARD, l\u2019amendement n\u00b0 232, co-sign\u00e9 par plus de 100 d\u00e9put\u00e9s fait b\u00e9n\u00e9ficier les <b>bouilleurs de cru d\u2019une d\u00e9taxation de 50% du droit de consommation sur les 10 premiers litres d\u2019alcool pur.<\/b><\/span><\/li>\n<li><span style=\"font-size: 10pt\"><b>2012<\/b>. <b>l\u2019allocation en franchise de 10 litres d\u2019alcool pur est accord\u00e9e \u00e0 vie aux titulaires.<\/b> Cet amendement est devenu l\u2019article 46 quinquies du projet de loi de finances.<\/span><\/li>\n<\/ul>\n<p><img loading=\"lazy\" decoding=\"async\" class=\"wp-image-144 aligncenter\" src=\"http:\/\/www.kananas.com\/meusevergerstraditions\/wp-content\/uploads\/sites\/2085\/2023\/07\/FNSRPE-Adresse-Qr_Code-300x61.jpg\" alt=\"\" width=\"448\" height=\"91\" srcset=\"https:\/\/www.kananas.com\/meusevergerstraditions\/wp-content\/uploads\/sites\/2085\/2023\/07\/FNSRPE-Adresse-Qr_Code-300x61.jpg 300w, https:\/\/www.kananas.com\/meusevergerstraditions\/wp-content\/uploads\/sites\/2085\/2023\/07\/FNSRPE-Adresse-Qr_Code.jpg 729w\" sizes=\"auto, (max-width: 448px) 100vw, 448px\" \/><\/p>\n","protected":false},"excerpt":{"rendered":"<p>Views: 51La F.N.S.R.P.E est la\u00a0 F\u00e9d\u00e9ration Nationale des Syndicats des R\u00e9coltants familiaux de fruits et Producteurs d\u2019Eau de vie naturelle \u00e0 laquelle notre association Meuse Vergers Traditions est affili\u00e9e. Pourquoi rejoindre cette f\u00e9d\u00e9ration? : Les lois changent, nos droits \u00e9voluent sans cesse, nous sommes l\u00e0 pour veiller \u00e0 ce que nos droits ne disparaissent pas. [&hellip;]<\/p>\n","protected":false},"author":2171,"featured_media":0,"parent":0,"menu_order":0,"comment_status":"closed","ping_status":"closed","template":"","meta":{"_crdt_document":"","footnotes":""},"class_list":["post-129","page","type-page","status-publish","hentry"],"_links":{"self":[{"href":"https:\/\/www.kananas.com\/meusevergerstraditions\/wp-json\/wp\/v2\/pages\/129","targetHints":{"allow":["GET"]}}],"collection":[{"href":"https:\/\/www.kananas.com\/meusevergerstraditions\/wp-json\/wp\/v2\/pages"}],"about":[{"href":"https:\/\/www.kananas.com\/meusevergerstraditions\/wp-json\/wp\/v2\/types\/page"}],"author":[{"embeddable":true,"href":"https:\/\/www.kananas.com\/meusevergerstraditions\/wp-json\/wp\/v2\/users\/2171"}],"replies":[{"embeddable":true,"href":"https:\/\/www.kananas.com\/meusevergerstraditions\/wp-json\/wp\/v2\/comments?post=129"}],"version-history":[{"count":10,"href":"https:\/\/www.kananas.com\/meusevergerstraditions\/wp-json\/wp\/v2\/pages\/129\/revisions"}],"predecessor-version":[{"id":146,"href":"https:\/\/www.kananas.com\/meusevergerstraditions\/wp-json\/wp\/v2\/pages\/129\/revisions\/146"}],"wp:attachment":[{"href":"https:\/\/www.kananas.com\/meusevergerstraditions\/wp-json\/wp\/v2\/media?parent=129"}],"curies":[{"name":"wp","href":"https:\/\/api.w.org\/{rel}","templated":true}]}}