{"id":150,"date":"2023-07-01T08:49:08","date_gmt":"2023-07-01T06:49:08","guid":{"rendered":"https:\/\/www.kananas.com\/meusevergerstraditions\/?page_id=150"},"modified":"2023-07-02T07:24:59","modified_gmt":"2023-07-02T05:24:59","slug":"mentions_legales","status":"publish","type":"page","link":"https:\/\/www.kananas.com\/meusevergerstraditions\/mentions_legales\/","title":{"rendered":"Mentions l\u00e9gales"},"content":{"rendered":"<p>Views: 4<\/p><p><span style=\"font-size: 10pt\">La cr\u00e9ation, la gestion et la mise en ligne de ce site sont r\u00e9alis\u00e9es en interne par l&rsquo;Association Meuse Vergers Traditions dont le si\u00e8ge social est :<\/span><\/p>\n<p style=\"padding-left: 40px\"><span style=\"text-decoration: underline;font-size: 10pt\">Coordonn\u00e9es postales :<\/span><br \/>\n<span style=\"font-size: 10pt\">Association Meuse Vergers Traditions<\/span><br \/>\n<span style=\"font-size: 10pt\">3 Sentier des Plantes<\/span><br \/>\n<span style=\"font-size: 10pt\">55300 LIGNY-EN-BARROIS<\/span><\/p>\n","protected":false},"excerpt":{"rendered":"<p>Views: 4La cr\u00e9ation, la gestion et la mise en ligne de ce site sont r\u00e9alis\u00e9es en interne par l&rsquo;Association Meuse Vergers Traditions dont le si\u00e8ge social est : Coordonn\u00e9es postales : Association Meuse Vergers Traditions 3 Sentier des Plantes 55300 LIGNY-EN-BARROIS<\/p>\n","protected":false},"author":2171,"featured_media":0,"parent":0,"menu_order":0,"comment_status":"closed","ping_status":"closed","template":"","meta":{"_crdt_document":"","footnotes":""},"class_list":["post-150","page","type-page","status-publish","hentry"],"_links":{"self":[{"href":"https:\/\/www.kananas.com\/meusevergerstraditions\/wp-json\/wp\/v2\/pages\/150","targetHints":{"allow":["GET"]}}],"collection":[{"href":"https:\/\/www.kananas.com\/meusevergerstraditions\/wp-json\/wp\/v2\/pages"}],"about":[{"href":"https:\/\/www.kananas.com\/meusevergerstraditions\/wp-json\/wp\/v2\/types\/page"}],"author":[{"embeddable":true,"href":"https:\/\/www.kananas.com\/meusevergerstraditions\/wp-json\/wp\/v2\/users\/2171"}],"replies":[{"embeddable":true,"href":"https:\/\/www.kananas.com\/meusevergerstraditions\/wp-json\/wp\/v2\/comments?post=150"}],"version-history":[{"count":5,"href":"https:\/\/www.kananas.com\/meusevergerstraditions\/wp-json\/wp\/v2\/pages\/150\/revisions"}],"predecessor-version":[{"id":167,"href":"https:\/\/www.kananas.com\/meusevergerstraditions\/wp-json\/wp\/v2\/pages\/150\/revisions\/167"}],"wp:attachment":[{"href":"https:\/\/www.kananas.com\/meusevergerstraditions\/wp-json\/wp\/v2\/media?parent=150"}],"curies":[{"name":"wp","href":"https:\/\/api.w.org\/{rel}","templated":true}]}}