{"id":159,"date":"2023-07-02T06:49:02","date_gmt":"2023-07-02T04:49:02","guid":{"rendered":"https:\/\/www.kananas.com\/meusevergerstraditions\/?page_id=159"},"modified":"2023-07-02T06:49:02","modified_gmt":"2023-07-02T04:49:02","slug":"politique-de-confidentialite","status":"publish","type":"page","link":"https:\/\/www.kananas.com\/meusevergerstraditions\/politique-de-confidentialite\/","title":{"rendered":"Politique de confidentialit\u00e9"},"content":{"rendered":"<p>Views: 5<\/p><p><strong>Donn\u00e9es personnelles:<\/strong><br \/>\nLes seules donn\u00e9es personnelles susceptibles d\u2019\u00eatre collect\u00e9es ne sont recueillies qu\u2019\u00e0 la suite de leur communication volontaire par les internautes souhaitant :<\/p>\n<ul style=\"list-style-type: square\">\n<li>Recevoir des informations de l&rsquo;Association Meuse Vergers Traditions.<\/li>\n<li>\u00catre tenu inform\u00e9 de la vie de l&rsquo;association Meuse Vergers Traditions<\/li>\n<li>Recevoir une r\u00e9ponse \u00e0 leurs demandes de renseignements formul\u00e9e depuis le site https:\/\/www.kananas.com\/meusevergerstraditions\/<\/li>\n<li>\u00catre abonn\u00e9 \u00e0 la revue le Bouilleur \u00e9dit\u00e9 par la FNSRPE (1)<\/li>\n<li>Adh\u00e9rer \u00e0 l&rsquo;Association Meuse Vergers Traditions, via un formulaire mis en ligne sur le site. Ces informations sont administr\u00e9es par l&rsquo;Association Meuse Vergers Traditions et sont confidentielles.<\/li>\n<\/ul>\n<p>Nous ne diffuserons en aucune circonstance votre adresse \u00e0 des tiers ext\u00e9rieurs \u00e0 l&rsquo;Association Meuse Vergers Traditions ou \u00e0 la FNSRPE (1).<\/p>\n<p>Les traitements automatis\u00e9s mis en \u0153uvre dans le cadre du site Internet de la FNSRPE sont soumis aux r\u00e9glementations de la Commission nationale de l\u2019informatique et des libert\u00e9s (CNIL).<\/p>\n<p><span style=\"font-size: 10pt\"><em>(1) F\u00e9d\u00e9ration Nationale des Syndicats des R\u00e9coltants familiaux de fruits et Producteurs d\u2019Eau de vie naturelle.<\/em><\/span><\/p>\n","protected":false},"excerpt":{"rendered":"<p>Views: 5Donn\u00e9es personnelles: Les seules donn\u00e9es personnelles susceptibles d\u2019\u00eatre collect\u00e9es ne sont recueillies qu\u2019\u00e0 la suite de leur communication volontaire par les internautes souhaitant : Recevoir des informations de l&rsquo;Association Meuse Vergers Traditions. \u00catre tenu inform\u00e9 de la vie de l&rsquo;association Meuse Vergers Traditions Recevoir une r\u00e9ponse \u00e0 leurs demandes de renseignements formul\u00e9e depuis le [&hellip;]<\/p>\n","protected":false},"author":2171,"featured_media":0,"parent":0,"menu_order":0,"comment_status":"closed","ping_status":"closed","template":"","meta":{"_crdt_document":"","footnotes":""},"class_list":["post-159","page","type-page","status-publish","hentry"],"_links":{"self":[{"href":"https:\/\/www.kananas.com\/meusevergerstraditions\/wp-json\/wp\/v2\/pages\/159","targetHints":{"allow":["GET"]}}],"collection":[{"href":"https:\/\/www.kananas.com\/meusevergerstraditions\/wp-json\/wp\/v2\/pages"}],"about":[{"href":"https:\/\/www.kananas.com\/meusevergerstraditions\/wp-json\/wp\/v2\/types\/page"}],"author":[{"embeddable":true,"href":"https:\/\/www.kananas.com\/meusevergerstraditions\/wp-json\/wp\/v2\/users\/2171"}],"replies":[{"embeddable":true,"href":"https:\/\/www.kananas.com\/meusevergerstraditions\/wp-json\/wp\/v2\/comments?post=159"}],"version-history":[{"count":1,"href":"https:\/\/www.kananas.com\/meusevergerstraditions\/wp-json\/wp\/v2\/pages\/159\/revisions"}],"predecessor-version":[{"id":160,"href":"https:\/\/www.kananas.com\/meusevergerstraditions\/wp-json\/wp\/v2\/pages\/159\/revisions\/160"}],"wp:attachment":[{"href":"https:\/\/www.kananas.com\/meusevergerstraditions\/wp-json\/wp\/v2\/media?parent=159"}],"curies":[{"name":"wp","href":"https:\/\/api.w.org\/{rel}","templated":true}]}}