{"id":162,"date":"2023-07-02T07:22:19","date_gmt":"2023-07-02T05:22:19","guid":{"rendered":"https:\/\/www.kananas.com\/meusevergerstraditions\/?page_id=162"},"modified":"2023-07-02T07:22:19","modified_gmt":"2023-07-02T05:22:19","slug":"copywrite","status":"publish","type":"page","link":"https:\/\/www.kananas.com\/meusevergerstraditions\/copywrite\/","title":{"rendered":"Copywrite"},"content":{"rendered":"<p>Views: 0<\/p><p>\u00a9 Copywrite Meuse Vergers Traditions<\/p>\n<p>Le contenu de ce site rel\u00e8ve de la l\u00e9gislation fran\u00e7aise sur la propri\u00e9t\u00e9 intellectuelle et est la propri\u00e9t\u00e9 exclusive de l\u2019\u00e9diteur, l&rsquo;Association Meuse Vergers Traditions.<\/p>\n<p><span style=\"text-decoration: underline\">Coordonn\u00e9es postales:<\/span><br \/>\nAssociation Meuse Vergers Traditions<br \/>\n3 Sentier des Plantes<br \/>\n55300 LIGNY-EN-BARROIS<\/p>\n<p><span style=\"text-decoration: underline\">Propri\u00e9t\u00e9 intellectuelle :<\/span><br \/>\n\u25ba Les \u0153uvres figurant sur ce site peuvent \u00eatre consult\u00e9es et reproduites sur un support papier ou num\u00e9rique sous r\u00e9serve qu\u2019elles soient strictement r\u00e9serv\u00e9es \u00e0 un usage soit personnel, soit scientifique ou p\u00e9dagogique excluant toute exploitation commerciale.<br \/>\n\u25ba La reproduction devra obligatoirement mentionner l\u2019\u00e9diteur, le nom de la revue, l\u2019auteur et la r\u00e9f\u00e9rence du document.<br \/>\n\u25ba Toute autre reproduction est interdite sauf accord pr\u00e9alable de l\u2019\u00e9diteur, en dehors des cas pr\u00e9vus par la l\u00e9gislation en vigueur en France.<\/p>\n<p><span style=\"text-decoration: underline\">Contact :<\/span><br \/>\nNous vous invitons, pour toute question concernant le site, \u00e0 nous contacter \u00e0 <strong>patrick.martinet@meusevergerstraditions.org<\/strong><\/p>\n<p>&nbsp;<\/p>\n","protected":false},"excerpt":{"rendered":"<p>Views: 0\u00a9 Copywrite Meuse Vergers Traditions Le contenu de ce site rel\u00e8ve de la l\u00e9gislation fran\u00e7aise sur la propri\u00e9t\u00e9 intellectuelle et est la propri\u00e9t\u00e9 exclusive de l\u2019\u00e9diteur, l&rsquo;Association Meuse Vergers Traditions. Coordonn\u00e9es postales: Association Meuse Vergers Traditions 3 Sentier des Plantes 55300 LIGNY-EN-BARROIS Propri\u00e9t\u00e9 intellectuelle : \u25ba Les \u0153uvres figurant sur ce site peuvent \u00eatre [&hellip;]<\/p>\n","protected":false},"author":2171,"featured_media":0,"parent":0,"menu_order":0,"comment_status":"closed","ping_status":"closed","template":"","meta":{"_crdt_document":"","footnotes":""},"class_list":["post-162","page","type-page","status-publish","hentry"],"_links":{"self":[{"href":"https:\/\/www.kananas.com\/meusevergerstraditions\/wp-json\/wp\/v2\/pages\/162","targetHints":{"allow":["GET"]}}],"collection":[{"href":"https:\/\/www.kananas.com\/meusevergerstraditions\/wp-json\/wp\/v2\/pages"}],"about":[{"href":"https:\/\/www.kananas.com\/meusevergerstraditions\/wp-json\/wp\/v2\/types\/page"}],"author":[{"embeddable":true,"href":"https:\/\/www.kananas.com\/meusevergerstraditions\/wp-json\/wp\/v2\/users\/2171"}],"replies":[{"embeddable":true,"href":"https:\/\/www.kananas.com\/meusevergerstraditions\/wp-json\/wp\/v2\/comments?post=162"}],"version-history":[{"count":3,"href":"https:\/\/www.kananas.com\/meusevergerstraditions\/wp-json\/wp\/v2\/pages\/162\/revisions"}],"predecessor-version":[{"id":165,"href":"https:\/\/www.kananas.com\/meusevergerstraditions\/wp-json\/wp\/v2\/pages\/162\/revisions\/165"}],"wp:attachment":[{"href":"https:\/\/www.kananas.com\/meusevergerstraditions\/wp-json\/wp\/v2\/media?parent=162"}],"curies":[{"name":"wp","href":"https:\/\/api.w.org\/{rel}","templated":true}]}}