{"id":4,"date":"2022-11-14T22:53:53","date_gmt":"2022-11-14T21:53:53","guid":{"rendered":"https:\/\/www.kananas.com\/meusevergerstraditions7563\/espace-perso\/"},"modified":"2024-04-11T08:37:04","modified_gmt":"2024-04-11T06:37:04","slug":"espace-perso","status":"publish","type":"page","link":"https:\/\/www.kananas.com\/meusevergerstraditions\/espace-perso\/","title":{"rendered":"Espace perso"},"content":{"rendered":"<p>Views: 50<\/p>\n<p class=\"wp-block-paragraph\">Vous \u00eates membre de l&rsquo;Association Meuse Vergers Traditions, vous avez la possibilit\u00e9 de vous connecter sur votre &lsquo;espace personnel&rsquo;. En cas de perte ou d&rsquo;oubli, demander la r\u00e9initialisation de votre identifiant et mot de passe par le menu &lsquo;<a href=\"https:\/\/www.kananas.com\/meusevergerstraditions\/contact\/\" data-type=\"page\" data-id=\"21\">Contact<\/a>&lsquo;.<\/p>\n\n\n\n<!-- iframe plugin v.6.0 wordpress.org\/plugins\/iframe\/ -->\n<iframe loading=\"lazy\" src=\"https:\/\/backoffice.kananas.com\/action_manager.php?event=member_connect&#038;front=1\" frameborder=\"0\" width=\"100%\" height=\"800\" scrolling=\"auto\" class=\"iframe-class\"><\/iframe>\n","protected":false},"excerpt":{"rendered":"<p>Views: 50 Vous \u00eates membre de l&rsquo;Association Meuse Vergers Traditions, vous avez la possibilit\u00e9 de vous connecter sur votre &lsquo;espace personnel&rsquo;. En cas de perte ou d&rsquo;oubli, demander la r\u00e9initialisation de votre identifiant et mot de passe par le menu &lsquo;Contact&lsquo;.<\/p>\n","protected":false},"author":2171,"featured_media":0,"parent":0,"menu_order":0,"comment_status":"closed","ping_status":"closed","template":"","meta":{"_crdt_document":"","footnotes":""},"class_list":["post-4","page","type-page","status-publish","hentry"],"_links":{"self":[{"href":"https:\/\/www.kananas.com\/meusevergerstraditions\/wp-json\/wp\/v2\/pages\/4","targetHints":{"allow":["GET"]}}],"collection":[{"href":"https:\/\/www.kananas.com\/meusevergerstraditions\/wp-json\/wp\/v2\/pages"}],"about":[{"href":"https:\/\/www.kananas.com\/meusevergerstraditions\/wp-json\/wp\/v2\/types\/page"}],"author":[{"embeddable":true,"href":"https:\/\/www.kananas.com\/meusevergerstraditions\/wp-json\/wp\/v2\/users\/2171"}],"replies":[{"embeddable":true,"href":"https:\/\/www.kananas.com\/meusevergerstraditions\/wp-json\/wp\/v2\/comments?post=4"}],"version-history":[{"count":2,"href":"https:\/\/www.kananas.com\/meusevergerstraditions\/wp-json\/wp\/v2\/pages\/4\/revisions"}],"predecessor-version":[{"id":971,"href":"https:\/\/www.kananas.com\/meusevergerstraditions\/wp-json\/wp\/v2\/pages\/4\/revisions\/971"}],"wp:attachment":[{"href":"https:\/\/www.kananas.com\/meusevergerstraditions\/wp-json\/wp\/v2\/media?parent=4"}],"curies":[{"name":"wp","href":"https:\/\/api.w.org\/{rel}","templated":true}]}}