{"id":452,"date":"2023-12-25T17:07:00","date_gmt":"2023-12-25T16:07:00","guid":{"rendered":"https:\/\/www.kananas.com\/meusevergerstraditions\/?page_id=452"},"modified":"2024-01-16T16:14:47","modified_gmt":"2024-01-16T15:14:47","slug":"douanes","status":"publish","type":"page","link":"https:\/\/www.kananas.com\/meusevergerstraditions\/documentation\/douanes\/","title":{"rendered":"Douanes"},"content":{"rendered":"<p>Views: 34<\/p><p><strong>2024 : Douanes et textes de loi &#8211; Chronologie<\/strong><\/p>\n<ul>\n<li>15\/01\/2024 : <strong>DSA et Droits d&rsquo;accise sur les alcools pour 2024<\/strong> (Document de la FNSRPE)\u00a0 <a href=\"http:\/\/www.kananas.com\/meusevergerstraditions\/wp-content\/uploads\/sites\/2085\/2024\/01\/2024-01-15_FNSRPE_DSA_2024.pdf\" target=\"_blank\" rel=\"noopener\">&lsquo;Cliquez ici&rsquo;<\/a><\/li>\n<li>05\/01\/2024 : Mise \u00e0 jour sur L\u00e9gifrance des articles du CIBS\u00a0 313-34 et abrogation du 313-35 <a href=\"http:\/\/www.kananas.com\/meusevergerstraditions\/wp-content\/uploads\/sites\/2085\/2024\/01\/2024-01-05_Legifrance_L313-34.pdf\" target=\"_blank\" rel=\"noopener\">&lsquo;Cliquez ici&rsquo;<\/a><\/li>\n<\/ul>\n<p>&nbsp;<\/p>\n<p><span style=\"text-decoration: underline\"><strong>2023 : Douanes et textes de loi &#8211; Chronologie<br \/>\n<\/strong><\/span><\/p>\n<p>La note des douanes du 11 mai 2023 a boulevers\u00e9 le monde des bouilleurs de cru. Pour vous aider \u00e0 y voir plus clair<strong> vous pouvez ouvrir et t\u00e9l\u00e9charger<\/strong> les diff\u00e9rents documents, courriers, textes qui ont conduit \u00e0 l&rsquo;exon\u00e9ration de 50 Litres d&rsquo;Alcool Pur \u00e0 compter du 01\/01\/2024.<\/p>\n<ul>\n<li>30\/12\/2023 : Inscription de la loi au Journal Officiel<\/li>\n<li>29\/12\/2023 : Promulgation de la loi de finance par le Pr\u00e9sident de la R\u00e9publique qui devient loi 2023-1322 du 29 d\u00e9cembre 2023 (pas de texte)<\/li>\n<li>28\/12\/2023 : D\u00e9cision du Conseil Constitutionnel sur la Loi de Finance 2024 (voir pages 13 et 14), <a href=\"http:\/\/www.kananas.com\/meusevergerstraditions\/wp-content\/uploads\/sites\/2085\/2023\/12\/2023-12-28_Decision_Conseil_Constitutionnel_PLF2024.pdf\" target=\"_blank\" rel=\"noopener\">&lsquo;cliquez ici<\/a>&lsquo;<\/li>\n<li>26\/12\/2023 : Observations du gouvernement sur le recours d\u00e9pos\u00e9 contre La Loi de Finance 2024. (pages 12 \u00e0 14) &lsquo;<a href=\"http:\/\/www.kananas.com\/meusevergerstraditions\/wp-content\/uploads\/sites\/2085\/2023\/12\/2023-12-26_Observation_gouvernement_PLF_2024.pdf\">cliquez ic<\/a>i&rsquo;.<\/li>\n<li>26\/12\/2023 : <strong>Nouveaux Taux de distillation \u00e0 compter du 01\/01\/2024 <\/strong>(Document des Douanes)\u00a0 <a href=\"http:\/\/www.kananas.com\/meusevergerstraditions\/wp-content\/uploads\/sites\/2085\/2023\/12\/2023-12-26_DOUANES_Nouveaux_Taux-distillation_AC-au-01-01-2024.pdf\" target=\"_blank\" rel=\"noopener\">&lsquo;Cliquez-ici&rsquo;<\/a><\/li>\n<li>24\/12\/2023 : Comment remplir un DSA en 2024 (un document de la FNSRPE) &#8211;\u00a0 <a href=\"http:\/\/www.kananas.com\/meusevergerstraditions\/wp-content\/uploads\/sites\/2085\/2023\/12\/2023-12-23_FNSRPE_DSA_2024.pdf\">&lsquo;cliquer ici&rsquo;<\/a><\/li>\n<li>24\/12\/2023 : Ce qui a chang\u00e9\u00a0 fin 2023 : explications &#8211;<a href=\"http:\/\/www.kananas.com\/meusevergerstraditions\/wp-content\/uploads\/sites\/2085\/2023\/12\/2023-12-24_Flash-Info_Douanes_2024.pdf\"> &lsquo;cliquer ici&rsquo;<\/a><\/li>\n<li>18\/12\/2023 : Texte d\u00e9finitivement adopt\u00e9 en deuxi\u00e8me lecture par 49-3 (Pas d&rsquo;article)<\/li>\n<li>16\/11\/2023 : R\u00e9ponse de Bruno LEMAIRE au S\u00e9nateur Franck MENONVILLE &#8211; <a href=\"http:\/\/www.kananas.com\/meusevergerstraditions\/wp-content\/uploads\/sites\/2085\/2023\/12\/2023-11_16_Question-Reponse_Franck_MENONVILLE.pdf\" target=\"_blank\" rel=\"noopener\">&lsquo;cliquer ici&rsquo;<\/a><\/li>\n<li>28\/10\/2023 : Courrier correctif de Bureau Douanes \u00c9pinal \u00e0 Syndicat de bouilleurs de cru Vosges <a href=\"http:\/\/www.kananas.com\/meusevergerstraditions\/wp-content\/uploads\/sites\/2085\/2023\/12\/2023-10-28_Courrier_Bureau_Douanes_Epinal.pdf\" target=\"_blank\" rel=\"noopener\">&lsquo;cliquez ici&rsquo;<\/a><\/li>\n<li>08\/10\/2023 : Courrier \u00e0 M. le D\u00e9put\u00e9 Bertrand Pancher <a href=\"http:\/\/www.kananas.com\/meusevergerstraditions\/wp-content\/uploads\/sites\/2085\/2023\/12\/2023-10-08_MVT_a_Mr_B_Pancher_Depute_Meuse-1.pdf\" target=\"_blank\" rel=\"noopener\">&lsquo;cliquez ici&rsquo;<\/a><\/li>\n<li>28\/09\/2023 : Projet de Loi de Finances 2024 (Article 18 du PLF2024 explications) &#8211; <a href=\"http:\/\/www.kananas.com\/meusevergerstraditions\/wp-content\/uploads\/sites\/2085\/2023\/12\/2023-09-28_plf_ARTICLE_18-V2.pdf\" target=\"_blank\" rel=\"noopener\">&lsquo;cliquer ici&rsquo;<\/a><\/li>\n<li>23\/09\/2023 : Invitation de la FNSRPE par la Direction des Douanes \u00e0 r\u00e9union \u00e0 Paris-Bercy &lsquo;<a href=\"http:\/\/www.kananas.com\/meusevergerstraditions\/wp-content\/uploads\/sites\/2085\/2023\/12\/2023-09-29_Invitation_douane_Paris_Bercy.pdf\" target=\"_blank\" rel=\"noopener\">cliquez ic<\/a>i&rsquo;<\/li>\n<li>24\/08\/2023 : R\u00e9ponse de Bruno LEMAIRE au D\u00e9put\u00e9 Bertrand PANCHER &#8211; <a href=\"http:\/\/www.kananas.com\/meusevergerstraditions\/wp-content\/uploads\/sites\/2085\/2023\/12\/2023-10-19_reponse_B_Lemaire_B_Pancher.pdf\" target=\"_blank\" rel=\"noopener\">&lsquo;cliquer ici&rsquo;<\/a><\/li>\n<li>28\/07\/2023 : Compte rendu de la R\u00e9union avec la Dir. Douanes Montreuil (Doc FNSRPE) &lsquo; <a href=\"http:\/\/www.kananas.com\/meusevergerstraditions\/wp-content\/uploads\/sites\/2085\/2023\/12\/2023-07-28_Cr_reuniondu_28_juillet2023.pdf\" target=\"_blank\" rel=\"noopener\">cliquez ici<\/a>&lsquo;<\/li>\n<li>27\/06\/2023 : R\u00e9ponse de la Direction des Douanes Nancy \u00e0 Meuse Vergers Traditions &#8211; <a href=\"http:\/\/www.kananas.com\/meusevergerstraditions\/wp-content\/uploads\/sites\/2085\/2023\/12\/2023-06-27_Rep._Dir_Douanes_Nancy_a_MVT.pdf\">&lsquo;Cliquez-ici&rsquo;<\/a><\/li>\n<li>17\/06\/2023 : Courrier de Meuse Vergers Traditions \u00e0 la Direction des Douanes de Nancy &#8211; <a href=\"http:\/\/www.kananas.com\/meusevergerstraditions\/wp-content\/uploads\/sites\/2085\/2023\/12\/2023-06-17_MVT_a_Direction_Douanes_Nancy_Recouv_Taxes.pdf\" target=\"_blank\" rel=\"noopener\">&lsquo;cliquer ici&rsquo;<\/a><\/li>\n<li>10\/06\/2023 : E-mail des Douanes de Nancy aux Pr\u00e9sidents de Syndicats ou Assoc. de bouilleurs de cru Meuse &#8211; <a href=\"http:\/\/www.kananas.com\/meusevergerstraditions\/wp-content\/uploads\/sites\/2085\/2023\/12\/2023-06-10_Email_de_Douanes_Nancy.pdf\" target=\"_blank\" rel=\"noopener\">&lsquo;cliquer ici&rsquo;<\/a><\/li>\n<li>03\/06\/2023 : Rencontre avec le D\u00e9put\u00e9 Bertrand PANCHER ( compte rendu) &#8211; <a href=\"http:\/\/www.kananas.com\/meusevergerstraditions\/wp-content\/uploads\/sites\/2085\/2023\/12\/2023-06-02_CR_Rencontre_B_Pancher.pdf\" target=\"_blank\" rel=\"noopener\">&lsquo;cliquer ici&rsquo;<\/a><\/li>\n<li>11\/05\/2023 : Note du 11 mai 2023 de la Direction G\u00e9n\u00e9rale des Douanes de Montreuil &#8211; <a href=\"http:\/\/www.kananas.com\/meusevergerstraditions\/wp-content\/uploads\/sites\/2085\/2023\/12\/2023-05-11_dgfip_012024.pdf\" target=\"_blank\" rel=\"noopener\">&lsquo;cliquer ici&rsquo;<\/a><\/li>\n<\/ul>\n<p>&nbsp;<\/p>\n","protected":false},"excerpt":{"rendered":"<p>Views: 342024 : Douanes et textes de loi &#8211; Chronologie 15\/01\/2024 : DSA et Droits d&rsquo;accise sur les alcools pour 2024 (Document de la FNSRPE)\u00a0 &lsquo;Cliquez ici&rsquo; 05\/01\/2024 : Mise \u00e0 jour sur L\u00e9gifrance des articles du CIBS\u00a0 313-34 et abrogation du 313-35 &lsquo;Cliquez ici&rsquo; &nbsp; 2023 : Douanes et textes de loi &#8211; Chronologie [&hellip;]<\/p>\n","protected":false},"author":2171,"featured_media":0,"parent":449,"menu_order":0,"comment_status":"closed","ping_status":"closed","template":"page-templates\/template-fullwidth.php","meta":{"_crdt_document":"","footnotes":""},"class_list":["post-452","page","type-page","status-publish","hentry"],"_links":{"self":[{"href":"https:\/\/www.kananas.com\/meusevergerstraditions\/wp-json\/wp\/v2\/pages\/452","targetHints":{"allow":["GET"]}}],"collection":[{"href":"https:\/\/www.kananas.com\/meusevergerstraditions\/wp-json\/wp\/v2\/pages"}],"about":[{"href":"https:\/\/www.kananas.com\/meusevergerstraditions\/wp-json\/wp\/v2\/types\/page"}],"author":[{"embeddable":true,"href":"https:\/\/www.kananas.com\/meusevergerstraditions\/wp-json\/wp\/v2\/users\/2171"}],"replies":[{"embeddable":true,"href":"https:\/\/www.kananas.com\/meusevergerstraditions\/wp-json\/wp\/v2\/comments?post=452"}],"version-history":[{"count":54,"href":"https:\/\/www.kananas.com\/meusevergerstraditions\/wp-json\/wp\/v2\/pages\/452\/revisions"}],"predecessor-version":[{"id":776,"href":"https:\/\/www.kananas.com\/meusevergerstraditions\/wp-json\/wp\/v2\/pages\/452\/revisions\/776"}],"up":[{"embeddable":true,"href":"https:\/\/www.kananas.com\/meusevergerstraditions\/wp-json\/wp\/v2\/pages\/449"}],"wp:attachment":[{"href":"https:\/\/www.kananas.com\/meusevergerstraditions\/wp-json\/wp\/v2\/media?parent=452"}],"curies":[{"name":"wp","href":"https:\/\/api.w.org\/{rel}","templated":true}]}}