{"id":1354,"date":"2018-05-03T22:34:49","date_gmt":"2018-05-03T20:34:49","guid":{"rendered":"http:\/\/www.kananas.com\/monassociation2118\/?page_id=1354"},"modified":"2019-03-01T19:23:57","modified_gmt":"2019-03-01T18:23:57","slug":"on-en-parle-dans-les-medias","status":"publish","type":"page","link":"https:\/\/www.kananas.com\/monassociation2118\/on-en-parle-dans-les-medias\/","title":{"rendered":"On en parle dans les m\u00e9dias !"},"content":{"rendered":"<p><img loading=\"lazy\" decoding=\"async\" class=\"alignnone size-thumbnail wp-image-1361\" src=\"http:\/\/www.kananas.com\/monassociation2118\/wp-content\/uploads\/sites\/597\/2018\/05\/comheat_rp_relations_presse-150x150.jpg\" alt=\"\" width=\"150\" height=\"150\" srcset=\"https:\/\/www.kananas.com\/monassociation2118\/wp-content\/uploads\/sites\/597\/2018\/05\/comheat_rp_relations_presse-150x150.jpg 150w, https:\/\/www.kananas.com\/monassociation2118\/wp-content\/uploads\/sites\/597\/2018\/05\/comheat_rp_relations_presse-230x230.jpg 230w\" sizes=\"auto, (max-width: 150px) 100vw, 150px\" \/><\/p>\n<p>&nbsp;<\/p>\n<hr \/>\n<p><span style=\"font-size: 18pt\"><strong>Presse \u00e9crite<\/strong><\/span><\/p>\n<table class=\" aligncenter\" style=\"width: 697px\">\n<tbody>\n<tr>\n<td style=\"width: 233.767px\"><img loading=\"lazy\" decoding=\"async\" class=\"alignnone size-full wp-image-1849\" src=\"http:\/\/www.kananas.com\/monassociation2118\/wp-content\/uploads\/sites\/597\/2018\/11\/Sans-titre.png\" alt=\"\" width=\"287\" height=\"370\" srcset=\"https:\/\/www.kananas.com\/monassociation2118\/wp-content\/uploads\/sites\/597\/2018\/11\/Sans-titre.png 287w, https:\/\/www.kananas.com\/monassociation2118\/wp-content\/uploads\/sites\/597\/2018\/11\/Sans-titre-233x300.png 233w\" sizes=\"auto, (max-width: 287px) 100vw, 287px\" \/><\/td>\n<td style=\"width: 441.233px;text-align: left;vertical-align: middle\"><a href=\"https:\/\/drive.google.com\/open?id=1lSCQ084u0lx6ZZafE6Btbwlnug4Dpg4n\">Article du Quotidien du Pharmacien (26 novembre 2018) :<\/a><br \/>\n<strong>\u00ab En qu\u00eate de jeunes pharmaciens, les sapeurs-pompiers recrutent \u00bb<\/strong><\/td>\n<\/tr>\n<tr style=\"height: 86.6667px\">\n<td style=\"width: 233.767px;height: 86px\">\u00a0<img loading=\"lazy\" decoding=\"async\" class=\"alignnone wp-image-1375\" src=\"http:\/\/www.kananas.com\/monassociation2118\/wp-content\/uploads\/sites\/597\/2018\/05\/pomp-b\u00e9n\u00e9-150x150.jpg\" alt=\"\" width=\"183\" height=\"183\" srcset=\"https:\/\/www.kananas.com\/monassociation2118\/wp-content\/uploads\/sites\/597\/2018\/05\/pomp-b\u00e9n\u00e9-150x150.jpg 150w, https:\/\/www.kananas.com\/monassociation2118\/wp-content\/uploads\/sites\/597\/2018\/05\/pomp-b\u00e9n\u00e9-230x230.jpg 230w\" sizes=\"auto, (max-width: 183px) 100vw, 183px\" \/><\/td>\n<td style=\"width: 441.233px;height: 86px;text-align: left;vertical-align: middle\"><a href=\"https:\/\/drive.google.com\/open?id=1rPez3eMNXVPOevvm0P31GsGC_5hbi2nr\">Article du Quotidien du Pharmacien (19 juin 2017) :<\/a><br \/>\n<strong>\u00ab\u00a0Pompiers b\u00e9n\u00e9voles\u00a0: au service de\u00a0la vie\u00a0\u00bb<\/strong><\/td>\n<\/tr>\n<tr style=\"height: 24px\">\n<td style=\"width: 233.767px;height: 24px\">\u00a0<a href=\"https:\/\/drive.google.com\/open?id=1RIdnOAv3dHEf4hnHYqFZX3zDGC5tm-4H\" target=\"_blank\" rel=\"noopener\"><img loading=\"lazy\" decoding=\"async\" class=\"alignnone wp-image-1374 size-thumbnail\" src=\"http:\/\/www.kananas.com\/monassociation2118\/wp-content\/uploads\/sites\/597\/2018\/05\/pr\u00e9p-150x150.jpg\" alt=\"\" width=\"150\" height=\"150\" srcset=\"https:\/\/www.kananas.com\/monassociation2118\/wp-content\/uploads\/sites\/597\/2018\/05\/pr\u00e9p-150x150.jpg 150w, https:\/\/www.kananas.com\/monassociation2118\/wp-content\/uploads\/sites\/597\/2018\/05\/pr\u00e9p-230x230.jpg 230w\" sizes=\"auto, (max-width: 150px) 100vw, 150px\" \/><\/a><\/td>\n<td style=\"width: 441.233px;height: 24px;text-align: left;vertical-align: middle\"><a href=\"https:\/\/drive.google.com\/open?id=1RIdnOAv3dHEf4hnHYqFZX3zDGC5tm-4H\">Article de Porphyre (mai 2014) :<\/a><br \/>\n<strong>\u00ab Pompier bon oeil \u00bb<\/strong><\/td>\n<\/tr>\n<tr style=\"height: 118px\">\n<td style=\"width: 233.767px;height: 118px\">\u00a0<a href=\"https:\/\/drive.google.com\/open?id=1dg06cJWp_kJCrNrbd-KRi8jVd96Dwsyz\" target=\"_blank\" rel=\"noopener\"><img loading=\"lazy\" decoding=\"async\" class=\"alignnone wp-image-1373\" src=\"http:\/\/www.kananas.com\/monassociation2118\/wp-content\/uploads\/sites\/597\/2018\/05\/dominique-e1525419586977-150x92.jpg\" alt=\"\" width=\"280\" height=\"172\" \/><\/a><\/td>\n<td style=\"width: 441.233px;height: 118px;text-align: left;vertical-align: middle\"><a href=\"https:\/\/drive.google.com\/open?id=1dg06cJWp_kJCrNrbd-KRi8jVd96Dwsyz\">Article du Quotidien du Pharmacien (26 avril 2018) :<\/a><br \/>\n<strong>\u00ab Dominique Hamon : une femme chez les pompiers\u00a0 \u00bb<\/strong><\/td>\n<\/tr>\n<tr style=\"height: 181px\">\n<td style=\"width: 233.767px;height: 181px\"><a href=\"https:\/\/drive.google.com\/open?id=19_-gZcqmLIat0bGb7P3FjhvwU3Dv4ZHC\" target=\"_blank\" rel=\"noopener\"><img loading=\"lazy\" decoding=\"async\" class=\"alignnone\" src=\"http:\/\/www.kananas.com\/monassociation2118\/wp-content\/uploads\/sites\/597\/2018\/05\/b\u00e9n\u00e9.jpg\" alt=\"\" width=\"549\" height=\"709\" \/><\/a><\/td>\n<td style=\"width: 441.233px;height: 181px;text-align: left;vertical-align: middle\"><a href=\"https:\/\/drive.google.com\/open?id=19_-gZcqmLIat0bGb7P3FjhvwU3Dv4ZHC\">Article de Pharma (avril 2018) :<\/a><\/p>\n<p><strong>\u00ab Je suis pharmacien de sapeurs-pompiers \u00bb<\/strong><\/td>\n<\/tr>\n<tr style=\"height: 181px\">\n<td style=\"width: 233.767px;height: 181px\"><a href=\"https:\/\/drive.google.com\/open?id=1ybJU2YBwORID4nJpMmAxxflVbBdcP2tb\" target=\"_blank\" rel=\"noopener\"><img loading=\"lazy\" decoding=\"async\" class=\"alignnone wp-image-1393 size-thumbnail\" src=\"http:\/\/www.kananas.com\/monassociation2118\/wp-content\/uploads\/sites\/597\/2018\/05\/Sans-titre-150x150.png\" alt=\"\" width=\"150\" height=\"150\" srcset=\"https:\/\/www.kananas.com\/monassociation2118\/wp-content\/uploads\/sites\/597\/2018\/05\/Sans-titre-150x150.png 150w, https:\/\/www.kananas.com\/monassociation2118\/wp-content\/uploads\/sites\/597\/2018\/05\/Sans-titre-230x230.png 230w\" sizes=\"auto, (max-width: 150px) 100vw, 150px\" \/><\/a><\/td>\n<td style=\"width: 441.233px;height: 181px;text-align: left;vertical-align: middle\"><a href=\"https:\/\/drive.google.com\/open?id=1ybJU2YBwORID4nJpMmAxxflVbBdcP2tb\">Article dans le Quotidien du Pharmacien (20 juillet 2015)<\/a><\/p>\n<p><strong>\u00ab Feux de for\u00eat : des pharmaciens sur la br\u00e8che \u00bb<\/strong><\/td>\n<\/tr>\n<tr style=\"height: 150px\">\n<td style=\"width: 233.767px;height: 150px\"><a href=\"https:\/\/drive.google.com\/open?id=19jqQwaOF3qFmbH8uEQeyWMKBNqxEYqmo\" target=\"_blank\" rel=\"noopener\"><img loading=\"lazy\" decoding=\"async\" class=\"alignnone wp-image-1402 size-thumbnail\" src=\"http:\/\/www.kananas.com\/monassociation2118\/wp-content\/uploads\/sites\/597\/2018\/06\/Laetita-GILARDI-article-Valence-150x150.jpg\" alt=\"\" width=\"150\" height=\"150\" srcset=\"https:\/\/www.kananas.com\/monassociation2118\/wp-content\/uploads\/sites\/597\/2018\/06\/Laetita-GILARDI-article-Valence-150x150.jpg 150w, https:\/\/www.kananas.com\/monassociation2118\/wp-content\/uploads\/sites\/597\/2018\/06\/Laetita-GILARDI-article-Valence-230x230.jpg 230w\" sizes=\"auto, (max-width: 150px) 100vw, 150px\" \/><\/a><\/td>\n<td style=\"width: 441.233px;text-align: left;vertical-align: middle;height: 150px\"><a href=\"https:\/\/drive.google.com\/open?id=19jqQwaOF3qFmbH8uEQeyWMKBNqxEYqmo\">Article dans la Revue \u00ab\u00a0Valence et moi\u00a0\u00bb (\u00e9t\u00e9 2018)<\/a><\/p>\n<p><strong>\u00ab Laetita GILARDI-PROUST : pharmacienne commandant et violoniste \u00bb<\/strong><\/td>\n<\/tr>\n<\/tbody>\n<\/table>\n<hr \/>\n<p><span style=\"font-size: 18pt\"><strong>R\u00e9seaux sociaux<\/strong><\/span><\/p>\n<table style=\"width: 603px\">\n<tbody>\n<tr>\n<td style=\"width: 245.767px\"><a href=\"https:\/\/www.facebook.com\/FranceBleuChampagneArdenne\/videos\/10156389548371929\/\" target=\"_blank\" rel=\"noopener\"><img loading=\"lazy\" decoding=\"async\" class=\"alignnone wp-image-1377 size-thumbnail\" src=\"http:\/\/www.kananas.com\/monassociation2118\/wp-content\/uploads\/sites\/597\/2018\/05\/remy-150x150.jpg\" alt=\"\" width=\"150\" height=\"150\" srcset=\"https:\/\/www.kananas.com\/monassociation2118\/wp-content\/uploads\/sites\/597\/2018\/05\/remy-150x150.jpg 150w, https:\/\/www.kananas.com\/monassociation2118\/wp-content\/uploads\/sites\/597\/2018\/05\/remy-230x230.jpg 230w\" sizes=\"auto, (max-width: 150px) 100vw, 150px\" \/><\/a><\/td>\n<td style=\"width: 337.233px;text-align: left;vertical-align: middle\"><a href=\"https:\/\/www.facebook.com\/FranceBleuChampagneArdenne\/videos\/10156389548371929\/\">Matin\u00e9e en direct de la caserne Marchandeau de Reims :<\/a><br \/>\n<strong>interview du pharmacien hors-classe Remy VEXLARD (\u00e0 partir de la minute 21)<\/strong><\/td>\n<\/tr>\n<tr>\n<td style=\"width: 245.767px\"><a href=\"https:\/\/www.youtube.com\/watch?v=lAYQe9afT9I&amp;feature=youtu.be\" target=\"_blank\" rel=\"noopener\"><img loading=\"lazy\" decoding=\"async\" class=\"alignnone wp-image-1385\" src=\"http:\/\/www.kananas.com\/monassociation2118\/wp-content\/uploads\/sites\/597\/2018\/05\/virginie-e1525444319883-150x112.jpg\" alt=\"\" width=\"181\" height=\"135\" \/><\/a><\/td>\n<td style=\"width: 337.233px;text-align: left;vertical-align: middle\"><a href=\"https:\/\/www.youtube.com\/watch?v=lAYQe9afT9I&amp;feature=youtu.be\">Dans le cadre de la journ\u00e9e de la femme au SDIS du Loiret :<\/a><br \/>\n<strong>Portrait du pharmacien lieutenant-colonel Virginie FOUCAULT (SDIS 45)<\/strong><\/td>\n<\/tr>\n<tr>\n<td style=\"width: 245.767px\"><img loading=\"lazy\" decoding=\"async\" class=\" wp-image-2243\" src=\"http:\/\/www.kananas.com\/monassociation2118\/wp-content\/uploads\/sites\/597\/2019\/03\/1529951145-pompier735.jpg\" alt=\"\" width=\"170\" height=\"114\" srcset=\"https:\/\/www.kananas.com\/monassociation2118\/wp-content\/uploads\/sites\/597\/2019\/03\/1529951145-pompier735.jpg 735w, https:\/\/www.kananas.com\/monassociation2118\/wp-content\/uploads\/sites\/597\/2019\/03\/1529951145-pompier735-300x202.jpg 300w\" sizes=\"auto, (max-width: 170px) 100vw, 170px\" \/><\/td>\n<td style=\"width: 337.233px;text-align: left;vertical-align: middle\"><a href=\"https:\/\/optipharm.eu\/votre-pharmacien-vous-conseille\/146\/le-pharmacien-pompier-volontaire-5.html\">Optipharm : Le pharmacien pompier volontaire<\/a><br \/>\n<strong>Interview d&rsquo;Arnaud DUFRAISSE<br \/>\n<\/strong><\/td>\n<\/tr>\n<\/tbody>\n<\/table>\n<p>&nbsp;<\/p>\n<hr \/>\n<p><strong><span style=\"color: #000080\"><em> <img loading=\"lazy\" decoding=\"async\" class=\" wp-image-1364 alignleft\" src=\"http:\/\/www.kananas.com\/monassociation2118\/wp-content\/uploads\/sites\/597\/2018\/05\/IoA5oQas_400x400-e1525379625203-150x150.jpeg\" alt=\"\" width=\"87\" height=\"87\" srcset=\"https:\/\/www.kananas.com\/monassociation2118\/wp-content\/uploads\/sites\/597\/2018\/05\/IoA5oQas_400x400-e1525379625203-150x150.jpeg 150w, https:\/\/www.kananas.com\/monassociation2118\/wp-content\/uploads\/sites\/597\/2018\/05\/IoA5oQas_400x400-e1525379625203-300x300.jpeg 300w, https:\/\/www.kananas.com\/monassociation2118\/wp-content\/uploads\/sites\/597\/2018\/05\/IoA5oQas_400x400-e1525379625203-230x230.jpeg 230w, https:\/\/www.kananas.com\/monassociation2118\/wp-content\/uploads\/sites\/597\/2018\/05\/IoA5oQas_400x400-e1525379625203.jpeg 400w\" sizes=\"auto, (max-width: 87px) 100vw, 87px\" \/>N&rsquo;h\u00e9sitez pas \u00e0 nous signaler de nouveaux \u00e9l\u00e9ments afn de les afficher dans cette rubrique !<br \/>\n<\/em><\/span><\/strong><\/p>\n","protected":false},"excerpt":{"rendered":"<p>&nbsp; Presse \u00e9crite Article du Quotidien du Pharmacien (26 novembre 2018) : \u00ab En qu\u00eate de jeunes pharmaciens, les sapeurs-pompiers recrutent \u00bb \u00a0 Article du Quotidien du Pharmacien (19 juin 2017) : \u00ab\u00a0Pompiers b\u00e9n\u00e9voles\u00a0: au service de\u00a0la vie\u00a0\u00bb \u00a0 Article&hellip; <\/p>\n","protected":false},"author":613,"featured_media":1361,"parent":0,"menu_order":0,"comment_status":"closed","ping_status":"closed","template":"","meta":{"_crdt_document":"","footnotes":""},"class_list":["post-1354","page","type-page","status-publish","has-post-thumbnail","hentry"],"_links":{"self":[{"href":"https:\/\/www.kananas.com\/monassociation2118\/wp-json\/wp\/v2\/pages\/1354","targetHints":{"allow":["GET"]}}],"collection":[{"href":"https:\/\/www.kananas.com\/monassociation2118\/wp-json\/wp\/v2\/pages"}],"about":[{"href":"https:\/\/www.kananas.com\/monassociation2118\/wp-json\/wp\/v2\/types\/page"}],"author":[{"embeddable":true,"href":"https:\/\/www.kananas.com\/monassociation2118\/wp-json\/wp\/v2\/users\/613"}],"replies":[{"embeddable":true,"href":"https:\/\/www.kananas.com\/monassociation2118\/wp-json\/wp\/v2\/comments?post=1354"}],"version-history":[{"count":25,"href":"https:\/\/www.kananas.com\/monassociation2118\/wp-json\/wp\/v2\/pages\/1354\/revisions"}],"predecessor-version":[{"id":2244,"href":"https:\/\/www.kananas.com\/monassociation2118\/wp-json\/wp\/v2\/pages\/1354\/revisions\/2244"}],"wp:featuredmedia":[{"embeddable":true,"href":"https:\/\/www.kananas.com\/monassociation2118\/wp-json\/wp\/v2\/media\/1361"}],"wp:attachment":[{"href":"https:\/\/www.kananas.com\/monassociation2118\/wp-json\/wp\/v2\/media?parent=1354"}],"curies":[{"name":"wp","href":"https:\/\/api.w.org\/{rel}","templated":true}]}}