{"id":163,"date":"2018-03-07T11:36:46","date_gmt":"2018-03-07T10:36:46","guid":{"rendered":"http:\/\/www.kananas.com\/monassociation2901\/?page_id=163"},"modified":"2025-12-23T10:12:28","modified_gmt":"2025-12-23T09:12:28","slug":"mot-du-president","status":"publish","type":"page","link":"https:\/\/www.kananas.com\/monassociation2118\/mot-du-president\/","title":{"rendered":"Le mot de la Pr\u00e9sidente"},"content":{"rendered":"<blockquote><p><span style=\"font-family: arial, helvetica, sans-serif\"><img loading=\"lazy\" decoding=\"async\" class=\"alignnone wp-image-4101 size-medium\" src=\"https:\/\/www.kananas.com\/monassociation2118\/wp-content\/uploads\/sites\/597\/2025\/12\/Edma-PRESIDENTE-1-e1764596795420-274x300.jpg\" alt=\"\" width=\"274\" height=\"300\" srcset=\"https:\/\/www.kananas.com\/monassociation2118\/wp-content\/uploads\/sites\/597\/2025\/12\/Edma-PRESIDENTE-1-e1764596795420-274x300.jpg 274w, https:\/\/www.kananas.com\/monassociation2118\/wp-content\/uploads\/sites\/597\/2025\/12\/Edma-PRESIDENTE-1-e1764596795420-768x842.jpg 768w, https:\/\/www.kananas.com\/monassociation2118\/wp-content\/uploads\/sites\/597\/2025\/12\/Edma-PRESIDENTE-1-e1764596795420-50x55.jpg 50w, https:\/\/www.kananas.com\/monassociation2118\/wp-content\/uploads\/sites\/597\/2025\/12\/Edma-PRESIDENTE-1-e1764596795420.jpg 808w\" sizes=\"auto, (max-width: 274px) 100vw, 274px\" \/><\/span><\/p>\n<p><span style=\"font-family: arial, helvetica, sans-serif;font-size: 12pt\"><strong>Au nom du Conseil d\u2019administration de l\u2019association ALPHASIS, bienvenue sur notre site internet !<\/strong><\/span><\/p>\n<p><span style=\"font-family: arial, helvetica, sans-serif;font-size: 12pt\">Destin\u00e9 \u00e0 mieux faire conna\u00eetre notre jeune association de pharmaciens de sapeurs-pompiers, ce site est \u00e0 l\u2019attention du grand public et des professionnels des secours.<\/span><br \/>\n<span style=\"font-family: arial, helvetica, sans-serif;font-size: 12pt\"> Un espace \u00ab adh\u00e9rents \u00bb permet aussi aux membres de l\u2019association d\u2019avoir acc\u00e8s \u00e0 leur espace personnel et de g\u00e9rer leur adh\u00e9sion.<\/span><\/p>\n<p><span style=\"font-family: arial, helvetica, sans-serif;font-size: 12pt\">Vous y retrouverez des informations sur le r\u00f4le du pharmacien au sein des services d\u2019incendie et de<\/span><br \/>\n<span style=\"font-family: arial, helvetica, sans-serif;font-size: 12pt\"> secours, l\u2019actualit\u00e9 de notre association, les prochains rendez-vous, des liens utiles, etc.<\/span><\/p>\n<p><span style=\"font-family: arial, helvetica, sans-serif;font-size: 12pt\">N\u2019h\u00e9sitez pas \u00e0 nous laisser un message via l\u2019onglet \u00ab <a href=\"http:\/\/www.kananas.com\/monassociation2901\/contact\/\">Nous contacter<\/a> \u00bb.<\/span><br \/>\n<span style=\"font-family: arial, helvetica, sans-serif;font-size: 12pt\"> Bonne navigation !<\/span><\/p>\n<h3><span style=\"font-family: arial, helvetica, sans-serif;font-size: 12pt\">Edma BENHASSINE<\/span><br \/>\n<span style=\"font-family: arial, helvetica, sans-serif;font-size: 12pt\"> Pr\u00e9sidente d&rsquo;ALPHASIS<br \/>\n<\/span><\/h3>\n<\/blockquote>\n","protected":false},"excerpt":{"rendered":"<p>Au nom du Conseil d\u2019administration de l\u2019association ALPHASIS, bienvenue sur notre site internet ! Destin\u00e9 \u00e0 mieux faire conna\u00eetre notre jeune association de pharmaciens de sapeurs-pompiers, ce site est \u00e0 l\u2019attention du grand public et des professionnels des secours. Un&hellip; <\/p>\n","protected":false},"author":613,"featured_media":0,"parent":0,"menu_order":0,"comment_status":"closed","ping_status":"closed","template":"","meta":{"_crdt_document":"","footnotes":""},"class_list":["post-163","page","type-page","status-publish","hentry"],"_links":{"self":[{"href":"https:\/\/www.kananas.com\/monassociation2118\/wp-json\/wp\/v2\/pages\/163","targetHints":{"allow":["GET"]}}],"collection":[{"href":"https:\/\/www.kananas.com\/monassociation2118\/wp-json\/wp\/v2\/pages"}],"about":[{"href":"https:\/\/www.kananas.com\/monassociation2118\/wp-json\/wp\/v2\/types\/page"}],"author":[{"embeddable":true,"href":"https:\/\/www.kananas.com\/monassociation2118\/wp-json\/wp\/v2\/users\/613"}],"replies":[{"embeddable":true,"href":"https:\/\/www.kananas.com\/monassociation2118\/wp-json\/wp\/v2\/comments?post=163"}],"version-history":[{"count":8,"href":"https:\/\/www.kananas.com\/monassociation2118\/wp-json\/wp\/v2\/pages\/163\/revisions"}],"predecessor-version":[{"id":4103,"href":"https:\/\/www.kananas.com\/monassociation2118\/wp-json\/wp\/v2\/pages\/163\/revisions\/4103"}],"wp:attachment":[{"href":"https:\/\/www.kananas.com\/monassociation2118\/wp-json\/wp\/v2\/media?parent=163"}],"curies":[{"name":"wp","href":"https:\/\/api.w.org\/{rel}","templated":true}]}}