{"id":333,"date":"2018-03-11T20:17:56","date_gmt":"2018-03-11T19:17:56","guid":{"rendered":"http:\/\/www.kananas.com\/monassociation2901\/?page_id=333"},"modified":"2025-12-30T10:48:04","modified_gmt":"2025-12-30T09:48:04","slug":"ca","status":"publish","type":"page","link":"https:\/\/www.kananas.com\/monassociation2118\/ca\/","title":{"rendered":"Le Conseil d&rsquo;Administration"},"content":{"rendered":"<p>L\u2019association est dirig\u00e9e par un conseil d\u2019administration de 13 membres maximum, ayant la qualit\u00e9 de pharmacien de sapeur-pompier professionnel, contractuel, volontaire ou militaire, \u00e9lus pour 3 ann\u00e9es par l\u2019assembl\u00e9e g\u00e9n\u00e9rale. Le conseil d\u2019administration est renouvel\u00e9 \u00e0 l\u2019issue des 3 ans.<\/p>\n<p>Le conseil d\u2019administration choisit au scrutin secret, un Bureau parmi ses membres constitu\u00e9s de\u00a0:<\/p>\n<p>La pr\u00e9sidente : Edma BIENHASSINE, pharmacienne-cheffe et g\u00e9rante de la PUI du SDIS 68<\/p>\n<p><img loading=\"lazy\" decoding=\"async\" class=\"aligncenter size-medium wp-image-4101\" src=\"https:\/\/www.kananas.com\/monassociation2118\/wp-content\/uploads\/sites\/597\/2025\/12\/Edma-PRESIDENTE-1-e1764596795420-274x300.jpg\" alt=\"Pharmacienne-cheffe g\u00e9rante de la PUI du SDIS 68\" width=\"274\" height=\"300\" srcset=\"https:\/\/www.kananas.com\/monassociation2118\/wp-content\/uploads\/sites\/597\/2025\/12\/Edma-PRESIDENTE-1-e1764596795420-274x300.jpg 274w, https:\/\/www.kananas.com\/monassociation2118\/wp-content\/uploads\/sites\/597\/2025\/12\/Edma-PRESIDENTE-1-e1764596795420-768x842.jpg 768w, https:\/\/www.kananas.com\/monassociation2118\/wp-content\/uploads\/sites\/597\/2025\/12\/Edma-PRESIDENTE-1-e1764596795420-50x55.jpg 50w, https:\/\/www.kananas.com\/monassociation2118\/wp-content\/uploads\/sites\/597\/2025\/12\/Edma-PRESIDENTE-1-e1764596795420.jpg 808w\" sizes=\"auto, (max-width: 274px) 100vw, 274px\" \/><\/p>\n\n\n<p>La vice-pr\u00e9sidente : G\u00e9raldine GUERIN, pharmacienne-cheffe au SDIS 44<\/p>\n<p><img loading=\"lazy\" decoding=\"async\" class=\"aligncenter size-medium wp-image-3866\" src=\"https:\/\/www.kananas.com\/monassociation2118\/wp-content\/uploads\/sites\/597\/2023\/11\/WhatsApp-Image-2023-11-03-at-11.30.47-e1699430162122-184x300.jpeg\" alt=\"\" width=\"184\" height=\"300\" srcset=\"https:\/\/www.kananas.com\/monassociation2118\/wp-content\/uploads\/sites\/597\/2023\/11\/WhatsApp-Image-2023-11-03-at-11.30.47-e1699430162122-184x300.jpeg 184w, https:\/\/www.kananas.com\/monassociation2118\/wp-content\/uploads\/sites\/597\/2023\/11\/WhatsApp-Image-2023-11-03-at-11.30.47-e1699430162122-626x1024.jpeg 626w, https:\/\/www.kananas.com\/monassociation2118\/wp-content\/uploads\/sites\/597\/2023\/11\/WhatsApp-Image-2023-11-03-at-11.30.47-e1699430162122-768x1255.jpeg 768w, https:\/\/www.kananas.com\/monassociation2118\/wp-content\/uploads\/sites\/597\/2023\/11\/WhatsApp-Image-2023-11-03-at-11.30.47-e1699430162122-940x1536.jpeg 940w, https:\/\/www.kananas.com\/monassociation2118\/wp-content\/uploads\/sites\/597\/2023\/11\/WhatsApp-Image-2023-11-03-at-11.30.47-e1699430162122.jpeg 1119w\" sizes=\"auto, (max-width: 184px) 100vw, 184px\" \/><\/p>\n<p style=\"text-align: left\">Les secr\u00e9taires :<\/p>\n<p style=\"text-align: left\">Noyale LIMON DUPARCMEUR, pharmacienne-cheffe et g\u00e9rante de la PUI du SDIS35.Secretaire g\u00e9n\u00e9rale.<img loading=\"lazy\" decoding=\"async\" class=\"aligncenter size-thumbnail wp-image-3859\" src=\"https:\/\/www.kananas.com\/monassociation2118\/wp-content\/uploads\/sites\/597\/2023\/11\/PHOTO-NOYALE-LIMON-DUPARCMEUR-e1699369609928-150x150.jpg\" alt=\"\" width=\"150\" height=\"150\" srcset=\"https:\/\/www.kananas.com\/monassociation2118\/wp-content\/uploads\/sites\/597\/2023\/11\/PHOTO-NOYALE-LIMON-DUPARCMEUR-e1699369609928-150x150.jpg 150w, https:\/\/www.kananas.com\/monassociation2118\/wp-content\/uploads\/sites\/597\/2023\/11\/PHOTO-NOYALE-LIMON-DUPARCMEUR-e1699369609928-230x230.jpg 230w\" sizes=\"auto, (max-width: 150px) 100vw, 150px\" \/><\/p>\n<p style=\"text-align: left\">Karine DERUNE pharmacienne-cheffe et g\u00e9rante de la PUI du SDIS 56. Secr\u00e9taire adjointe.<img loading=\"lazy\" decoding=\"async\" class=\"aligncenter size-thumbnail wp-image-3313\" src=\"https:\/\/www.kananas.com\/monassociation2118\/wp-content\/uploads\/sites\/597\/2020\/11\/derunes-150x150.jpg\" alt=\"\" width=\"150\" height=\"150\" srcset=\"https:\/\/www.kananas.com\/monassociation2118\/wp-content\/uploads\/sites\/597\/2020\/11\/derunes-150x150.jpg 150w, https:\/\/www.kananas.com\/monassociation2118\/wp-content\/uploads\/sites\/597\/2020\/11\/derunes-230x230.jpg 230w\" sizes=\"auto, (max-width: 150px) 100vw, 150px\" \/><\/p>\n\n\n\n<p>Les tr\u00e9soriers :\u00a0<\/p>\n<p>Val\u00e9rie FERREBOEUF, pharmacienne-cheffe et g\u00e9rante de la PUI du SDIS 43. Tr\u00e9sori\u00e8re g\u00e9n\u00e9rale.<img loading=\"lazy\" decoding=\"async\" class=\"aligncenter size-thumbnail wp-image-3316\" src=\"https:\/\/www.kananas.com\/monassociation2118\/wp-content\/uploads\/sites\/597\/2020\/11\/ferreboeuf-150x150.jpg\" alt=\"\" width=\"150\" height=\"150\" srcset=\"https:\/\/www.kananas.com\/monassociation2118\/wp-content\/uploads\/sites\/597\/2020\/11\/ferreboeuf-150x150.jpg 150w, https:\/\/www.kananas.com\/monassociation2118\/wp-content\/uploads\/sites\/597\/2020\/11\/ferreboeuf-230x230.jpg 230w\" sizes=\"auto, (max-width: 150px) 100vw, 150px\" \/><\/p>\n<p>Guillaume BONNEL, pharmacien volontaire au SDIS 77. Tr\u00e9sorier adjoint.<img loading=\"lazy\" decoding=\"async\" class=\"aligncenter size-thumbnail wp-image-3230\" src=\"https:\/\/www.kananas.com\/monassociation2118\/wp-content\/uploads\/sites\/597\/2020\/10\/Guillaume-Bonnel-150x150.jpg\" alt=\"\" width=\"150\" height=\"150\" srcset=\"https:\/\/www.kananas.com\/monassociation2118\/wp-content\/uploads\/sites\/597\/2020\/10\/Guillaume-Bonnel-150x150.jpg 150w, https:\/\/www.kananas.com\/monassociation2118\/wp-content\/uploads\/sites\/597\/2020\/10\/Guillaume-Bonnel-230x230.jpg 230w\" sizes=\"auto, (max-width: 150px) 100vw, 150px\" \/><\/p>\n\n\n\n<p>Les 7 autres membres du conseil d&rsquo;administration:\u00a0<\/p>\n<table style=\"border-collapse: collapse;width: 100%;height: 473px\">\n<tbody>\n<tr style=\"height: 150px\">\n<td style=\"width: 25%;height: 150px\"><img loading=\"lazy\" decoding=\"async\" class=\"aligncenter size-thumbnail wp-image-3813\" src=\"https:\/\/www.kananas.com\/monassociation2118\/wp-content\/uploads\/sites\/597\/2023\/10\/unnamed4-150x150.jpeg\" alt=\"\" width=\"150\" height=\"150\" srcset=\"https:\/\/www.kananas.com\/monassociation2118\/wp-content\/uploads\/sites\/597\/2023\/10\/unnamed4-150x150.jpeg 150w, https:\/\/www.kananas.com\/monassociation2118\/wp-content\/uploads\/sites\/597\/2023\/10\/unnamed4-230x230.jpeg 230w\" sizes=\"auto, (max-width: 150px) 100vw, 150px\" \/><\/td>\n<td style=\"width: 25%;height: 150px\"><img loading=\"lazy\" decoding=\"async\" class=\"aligncenter size-thumbnail wp-image-3322\" src=\"https:\/\/www.kananas.com\/monassociation2118\/wp-content\/uploads\/sites\/597\/2020\/11\/bidault-2-150x150.jpg\" alt=\"\" width=\"150\" height=\"150\" srcset=\"https:\/\/www.kananas.com\/monassociation2118\/wp-content\/uploads\/sites\/597\/2020\/11\/bidault-2-150x150.jpg 150w, https:\/\/www.kananas.com\/monassociation2118\/wp-content\/uploads\/sites\/597\/2020\/11\/bidault-2-230x230.jpg 230w\" sizes=\"auto, (max-width: 150px) 100vw, 150px\" \/><\/td>\n<td style=\"width: 25%;height: 150px\"><img loading=\"lazy\" decoding=\"async\" class=\"aligncenter size-thumbnail wp-image-3824\" src=\"https:\/\/www.kananas.com\/monassociation2118\/wp-content\/uploads\/sites\/597\/2023\/10\/unnamed-1-150x150.png\" alt=\"\" width=\"150\" height=\"150\" \/><\/td>\n<td style=\"width: 25%;height: 150px\"><img loading=\"lazy\" decoding=\"async\" class=\"aligncenter size-thumbnail wp-image-3276\" src=\"https:\/\/www.kananas.com\/monassociation2118\/wp-content\/uploads\/sites\/597\/2020\/11\/martial-150x150.jpg\" alt=\"\" width=\"150\" height=\"150\" srcset=\"https:\/\/www.kananas.com\/monassociation2118\/wp-content\/uploads\/sites\/597\/2020\/11\/martial-150x150.jpg 150w, https:\/\/www.kananas.com\/monassociation2118\/wp-content\/uploads\/sites\/597\/2020\/11\/martial-230x230.jpg 230w\" sizes=\"auto, (max-width: 150px) 100vw, 150px\" \/><\/td>\n<\/tr>\n<tr style=\"height: 70px\">\n<td style=\"width: 25%;height: 70px\">Nathalie AUPIC, pharmacienne cheffe et g\u00e9rante au SDIS 87<\/td>\n<td style=\"width: 25%;height: 70px\">Yves BIDAULT, pharmacien volontaire au SDIS 68<\/td>\n<td style=\"width: 25%;height: 70px\">Renaud DEPOIX, pharmacien chef et g\u00e9rant au SDIS 974<\/td>\n<td style=\"width: 25%;height: 70px\">Val\u00e9rie MARTIAL, pharmacienne cheffe et g\u00e9rante au SDIS 62<\/td>\n<\/tr>\n<tr style=\"height: 150px\">\n<td style=\"width: 25%;height: 150px\"><img loading=\"lazy\" decoding=\"async\" class=\"aligncenter size-thumbnail wp-image-3805\" src=\"https:\/\/www.kananas.com\/monassociation2118\/wp-content\/uploads\/sites\/597\/2023\/10\/unnamed-150x150.jpg\" alt=\"\" width=\"150\" height=\"150\" srcset=\"https:\/\/www.kananas.com\/monassociation2118\/wp-content\/uploads\/sites\/597\/2023\/10\/unnamed-150x150.jpg 150w, https:\/\/www.kananas.com\/monassociation2118\/wp-content\/uploads\/sites\/597\/2023\/10\/unnamed-230x230.jpg 230w\" sizes=\"auto, (max-width: 150px) 100vw, 150px\" \/><\/td>\n<td style=\"width: 25%;height: 150px\"><img loading=\"lazy\" decoding=\"async\" class=\"aligncenter size-thumbnail wp-image-3861\" src=\"https:\/\/www.kananas.com\/monassociation2118\/wp-content\/uploads\/sites\/597\/2023\/11\/PHOTO-VIVIEN-VEYRAT-e1699369658793-150x150.jpg\" alt=\"\" width=\"150\" height=\"150\" srcset=\"https:\/\/www.kananas.com\/monassociation2118\/wp-content\/uploads\/sites\/597\/2023\/11\/PHOTO-VIVIEN-VEYRAT-e1699369658793-150x150.jpg 150w, https:\/\/www.kananas.com\/monassociation2118\/wp-content\/uploads\/sites\/597\/2023\/11\/PHOTO-VIVIEN-VEYRAT-e1699369658793-230x230.jpg 230w\" sizes=\"auto, (max-width: 150px) 100vw, 150px\" \/><\/td>\n<td style=\"width: 25%;height: 150px\"><img loading=\"lazy\" decoding=\"async\" class=\"aligncenter size-thumbnail wp-image-3810\" src=\"https:\/\/www.kananas.com\/monassociation2118\/wp-content\/uploads\/sites\/597\/2023\/10\/unnamed-2-150x150.jpg\" alt=\"\" width=\"150\" height=\"150\" srcset=\"https:\/\/www.kananas.com\/monassociation2118\/wp-content\/uploads\/sites\/597\/2023\/10\/unnamed-2-150x150.jpg 150w, https:\/\/www.kananas.com\/monassociation2118\/wp-content\/uploads\/sites\/597\/2023\/10\/unnamed-2-230x230.jpg 230w\" sizes=\"auto, (max-width: 150px) 100vw, 150px\" \/><\/td>\n<td style=\"width: 25%;height: 150px\">\u00a0<\/td>\n<\/tr>\n<tr style=\"height: 70px\">\n<td style=\"width: 25%;height: 70px\">Christophe PIERARD, pharmacien volontaire au SDIS 78<\/td>\n<td style=\"width: 25%;height: 70px\">Vivien VEYRAT, pharmacien chef au SDIS 78<\/td>\n<td style=\"width: 25%;height: 70px\">Isabelle WEISS, pharmacienne cheffe et g\u00e9rante au SDIS 17<\/td>\n<td style=\"width: 25%;height: 70px\">\u00a0<\/td>\n<\/tr>\n<tr style=\"height: 23px\">\n<td style=\"width: 25%;height: 23px\">\u00a0<\/td>\n<td style=\"width: 25%;height: 23px\">\u00a0<\/td>\n<td style=\"width: 25%;height: 23px\">\u00a0<\/td>\n<td style=\"width: 25%;height: 23px\">\u00a0<\/td>\n<\/tr>\n<tr style=\"height: 10px\">\n<td style=\"width: 25%;height: 10px\">\u00a0<\/td>\n<td style=\"width: 25%;height: 10px\">\u00a0<\/td>\n<td style=\"width: 25%;height: 10px\">\u00a0<\/td>\n<td style=\"width: 25%;height: 10px\">\u00a0<\/td>\n<\/tr>\n<\/tbody>\n<\/table>\n","protected":false},"excerpt":{"rendered":"<p>L\u2019association est dirig\u00e9e par un conseil d\u2019administration de 13 membres maximum, ayant la qualit\u00e9 de pharmacien de sapeur-pompier professionnel, contractuel, volontaire ou militaire, \u00e9lus pour 3 ann\u00e9es par l\u2019assembl\u00e9e g\u00e9n\u00e9rale. Le conseil d\u2019administration est renouvel\u00e9 \u00e0 l\u2019issue des 3 ans.&hellip; <\/p>\n","protected":false},"author":613,"featured_media":301,"parent":0,"menu_order":0,"comment_status":"closed","ping_status":"closed","template":"","meta":{"_crdt_document":"","footnotes":""},"class_list":["post-333","page","type-page","status-publish","has-post-thumbnail","hentry"],"_links":{"self":[{"href":"https:\/\/www.kananas.com\/monassociation2118\/wp-json\/wp\/v2\/pages\/333","targetHints":{"allow":["GET"]}}],"collection":[{"href":"https:\/\/www.kananas.com\/monassociation2118\/wp-json\/wp\/v2\/pages"}],"about":[{"href":"https:\/\/www.kananas.com\/monassociation2118\/wp-json\/wp\/v2\/types\/page"}],"author":[{"embeddable":true,"href":"https:\/\/www.kananas.com\/monassociation2118\/wp-json\/wp\/v2\/users\/613"}],"replies":[{"embeddable":true,"href":"https:\/\/www.kananas.com\/monassociation2118\/wp-json\/wp\/v2\/comments?post=333"}],"version-history":[{"count":11,"href":"https:\/\/www.kananas.com\/monassociation2118\/wp-json\/wp\/v2\/pages\/333\/revisions"}],"predecessor-version":[{"id":4115,"href":"https:\/\/www.kananas.com\/monassociation2118\/wp-json\/wp\/v2\/pages\/333\/revisions\/4115"}],"wp:featuredmedia":[{"embeddable":true,"href":"https:\/\/www.kananas.com\/monassociation2118\/wp-json\/wp\/v2\/media\/301"}],"wp:attachment":[{"href":"https:\/\/www.kananas.com\/monassociation2118\/wp-json\/wp\/v2\/media?parent=333"}],"curies":[{"name":"wp","href":"https:\/\/api.w.org\/{rel}","templated":true}]}}