{"id":38,"date":"2017-11-30T21:33:39","date_gmt":"2017-11-30T20:33:39","guid":{"rendered":"http:\/\/www.kananas.com\/monassociation2118\/?page_id=38"},"modified":"2019-03-13T16:48:22","modified_gmt":"2019-03-13T15:48:22","slug":"qui-sommes-nous","status":"publish","type":"page","link":"https:\/\/www.kananas.com\/monassociation2118\/qui-sommes-nous\/","title":{"rendered":"L&rsquo;association ALPHASIS"},"content":{"rendered":"<p><span style=\"font-family: arial, helvetica, sans-serif\">L\u2019association<strong> ALPHASIS<\/strong> ou <span style=\"text-decoration: underline\"><strong>Al<\/strong><\/span>liance des<span style=\"text-decoration: underline\"><strong> Pha<\/strong><\/span>rmaciens des <span style=\"text-decoration: underline\"><strong>S<\/strong><\/span>ervices d\u2019<span style=\"text-decoration: underline\"><strong>I<\/strong><\/span>ncendie et de <span style=\"text-decoration: underline\"><strong>S<\/strong><\/span>ecours est une\u00a0association r\u00e9gie par la loi du 1er juillet 1901. Elle a \u00e9t\u00e9 cr\u00e9\u00e9e en 2016 par Bruno LEBLAIS, pharmacien-chef du SDIS 56.<\/span><\/p>\n<p><span style=\"font-family: arial, helvetica, sans-serif\"> Cette association est ouverte \u00e0 tous les pharmaciens de sapeurs-pompiers : volontaires, professionnels, ou militaires, mais aussi aux \u00e9tudiants en pharmacie sous le statut d&rsquo;aspirant ou lieutenant et les pr\u00e9parateurs en pharmacie.<br \/>\n<\/span><\/p>\n<p><span style=\"font-family: arial, helvetica, sans-serif\"><strong>Elle a pour objet :<\/strong><\/span><\/p>\n<ul style=\"list-style-type: disc\">\n<li><span style=\"font-family: arial, helvetica, sans-serif\">d\u2019accompagner les pharmaciens dans l\u2019entr\u00e9e dans la profession<\/span><\/li>\n<li><span style=\"font-family: arial, helvetica, sans-serif\">de promouvoir l\u2019exercice de leur art dans tous les domaines de leurs comp\u00e9tences<\/span><\/li>\n<li>de promouvoir les liens entre pharmaciens en favorisant le partage des connaissances et facilitant la communication confraternelle<\/li>\n<li><span style=\"font-family: arial, helvetica, sans-serif\">de favoriser les \u00e9changes avec d\u2019autres professionnels du service de sant\u00e9, du monde des<\/span><br \/>\n<span style=\"font-family: arial, helvetica, sans-serif\"> sapeurs-pompiers en g\u00e9n\u00e9ral, et de faire conna\u00eetre notre r\u00f4le aupr\u00e8s du grand public<\/span><\/li>\n<li><span style=\"font-family: arial, helvetica, sans-serif\">d\u2019informer les adh\u00e9rents des formations existantes<\/span><\/li>\n<li><span style=\"font-family: arial, helvetica, sans-serif\">de r\u00e9unir ses adh\u00e9rents lors de ses Universit\u00e9s<\/span><\/li>\n<\/ul>\n<p><span style=\"font-family: arial, helvetica, sans-serif\">L\u2019adh\u00e9sion donne acc\u00e8s \u00e0 un portail adh\u00e9rent s\u00e9curis\u00e9 et \u00e0 notre groupe Facebook.<br \/>\n<\/span><\/p>\n<p><span style=\"font-family: arial, helvetica, sans-serif\"> Les informations scientifiques, les contacts et l\u2019acc\u00e8s aux Commissions sont alors possibles<strong>.<\/strong><\/span><\/p>\n<hr \/>\n<p>&nbsp;<\/p>\n","protected":false},"excerpt":{"rendered":"<p>L\u2019association ALPHASIS ou Alliance des Pharmaciens des Services d\u2019Incendie et de Secours est une\u00a0association r\u00e9gie par la loi du 1er juillet 1901. Elle a \u00e9t\u00e9 cr\u00e9\u00e9e en 2016 par Bruno LEBLAIS, pharmacien-chef du SDIS 56. Cette association est ouverte \u00e0&hellip; <\/p>\n","protected":false},"author":613,"featured_media":0,"parent":0,"menu_order":0,"comment_status":"closed","ping_status":"closed","template":"","meta":{"_crdt_document":"","footnotes":""},"class_list":["post-38","page","type-page","status-publish","hentry"],"_links":{"self":[{"href":"https:\/\/www.kananas.com\/monassociation2118\/wp-json\/wp\/v2\/pages\/38","targetHints":{"allow":["GET"]}}],"collection":[{"href":"https:\/\/www.kananas.com\/monassociation2118\/wp-json\/wp\/v2\/pages"}],"about":[{"href":"https:\/\/www.kananas.com\/monassociation2118\/wp-json\/wp\/v2\/types\/page"}],"author":[{"embeddable":true,"href":"https:\/\/www.kananas.com\/monassociation2118\/wp-json\/wp\/v2\/users\/613"}],"replies":[{"embeddable":true,"href":"https:\/\/www.kananas.com\/monassociation2118\/wp-json\/wp\/v2\/comments?post=38"}],"version-history":[{"count":29,"href":"https:\/\/www.kananas.com\/monassociation2118\/wp-json\/wp\/v2\/pages\/38\/revisions"}],"predecessor-version":[{"id":2271,"href":"https:\/\/www.kananas.com\/monassociation2118\/wp-json\/wp\/v2\/pages\/38\/revisions\/2271"}],"wp:attachment":[{"href":"https:\/\/www.kananas.com\/monassociation2118\/wp-json\/wp\/v2\/media?parent=38"}],"curies":[{"name":"wp","href":"https:\/\/api.w.org\/{rel}","templated":true}]}}