{"id":467,"date":"2018-03-06T02:29:00","date_gmt":"2018-03-06T01:29:00","guid":{"rendered":"http:\/\/www.kananas.com\/monassociation2901\/?page_id=75"},"modified":"2018-04-17T15:09:31","modified_gmt":"2018-04-17T13:09:31","slug":"achats","status":"publish","type":"page","link":"https:\/\/www.kananas.com\/monassociation2118\/les-commissions\/achats\/","title":{"rendered":"COMMISSION \u00ab ACHATS \u00bb"},"content":{"rendered":"<p style=\"margin: 0cm 0cm 0.0001pt;background: white none repeat scroll 0% 0%\"><span style=\"font-family: 'Arial',sans-serif;color: black\">Les objectifs de cette commission se situent \u00e0 plusieurs niveaux. En premier lieu, il s\u2019agit d\u2019expliciter les proc\u00e9dures du code des march\u00e9s publics et de cr\u00e9er des mod\u00e8les de cahiers des clauses techniques particuli\u00e8res.<\/span><\/p>\n<p style=\"margin: 0cm 0cm 0.0001pt;background: white none repeat scroll 0% 0%\"><span style=\"font-family: 'Arial',sans-serif;color: black\">\u00a0<\/span><\/p>\n<p style=\"margin: 0cm 0cm 0.0001pt;background: white none repeat scroll 0% 0%\"><span style=\"font-family: 'Arial',sans-serif;color: black\">Afin d\u2019aider les adh\u00e9rents face aux choix de mat\u00e9riel, cette commission mettra en place une nomenclature et un r\u00e9f\u00e9rentiel produits. De plus elle informera p\u00e9riodiquement les adh\u00e9rents de la commercialisation de nouveaux dispositifs et m\u00e9dicaments concernant notre art.<\/span><\/p>\n","protected":false},"excerpt":{"rendered":"<p>Les objectifs de cette commission se situent \u00e0 plusieurs niveaux. En premier lieu, il s\u2019agit d\u2019expliciter les proc\u00e9dures du code des march\u00e9s publics et de cr\u00e9er des mod\u00e8les de cahiers des clauses techniques particuli\u00e8res. \u00a0 Afin d\u2019aider les adh\u00e9rents face&hellip; <\/p>\n","protected":false},"author":613,"featured_media":0,"parent":67,"menu_order":0,"comment_status":"closed","ping_status":"closed","template":"","meta":{"_crdt_document":"","footnotes":""},"class_list":["post-467","page","type-page","status-publish","hentry"],"_links":{"self":[{"href":"https:\/\/www.kananas.com\/monassociation2118\/wp-json\/wp\/v2\/pages\/467","targetHints":{"allow":["GET"]}}],"collection":[{"href":"https:\/\/www.kananas.com\/monassociation2118\/wp-json\/wp\/v2\/pages"}],"about":[{"href":"https:\/\/www.kananas.com\/monassociation2118\/wp-json\/wp\/v2\/types\/page"}],"author":[{"embeddable":true,"href":"https:\/\/www.kananas.com\/monassociation2118\/wp-json\/wp\/v2\/users\/613"}],"replies":[{"embeddable":true,"href":"https:\/\/www.kananas.com\/monassociation2118\/wp-json\/wp\/v2\/comments?post=467"}],"version-history":[{"count":2,"href":"https:\/\/www.kananas.com\/monassociation2118\/wp-json\/wp\/v2\/pages\/467\/revisions"}],"predecessor-version":[{"id":969,"href":"https:\/\/www.kananas.com\/monassociation2118\/wp-json\/wp\/v2\/pages\/467\/revisions\/969"}],"up":[{"embeddable":true,"href":"https:\/\/www.kananas.com\/monassociation2118\/wp-json\/wp\/v2\/pages\/67"}],"wp:attachment":[{"href":"https:\/\/www.kananas.com\/monassociation2118\/wp-json\/wp\/v2\/media?parent=467"}],"curies":[{"name":"wp","href":"https:\/\/api.w.org\/{rel}","templated":true}]}}