{"id":468,"date":"2018-03-06T02:29:20","date_gmt":"2018-03-06T01:29:20","guid":{"rendered":"http:\/\/www.kananas.com\/monassociation2901\/?page_id=77"},"modified":"2018-04-17T15:06:28","modified_gmt":"2018-04-17T13:06:28","slug":"qualite-pharmacie-clinique","status":"publish","type":"page","link":"https:\/\/www.kananas.com\/monassociation2118\/les-commissions\/qualite-pharmacie-clinique\/","title":{"rendered":"COMMISSION \u00ab QUALIT\u00c9 ET PHARMACIE CLINIQUE \u00bb"},"content":{"rendered":"<p style=\"margin: 0cm 0cm 0.0001pt;background: white none repeat scroll 0% 0%\"><span style=\"font-family: 'Arial',sans-serif;color: black\">L&rsquo;objectif de cette commission est de mettre en commun des documents \u00ab\u00a0Qualit\u00e9\u00a0\u00bb par th\u00e8me ou processus de l&rsquo;activit\u00e9 des PUI de SDIS.<\/span><\/p>\n<p style=\"margin: 0cm 0cm 0.0001pt;background: white none repeat scroll 0% 0%\"><span style=\"font-size: 10.0pt;font-family: 'Segoe UI',sans-serif;color: black\">\u00a0<\/span><\/p>\n<p style=\"margin: 0cm 0cm 0.0001pt;background: white none repeat scroll 0% 0%\"><span style=\"font-family: 'Arial',sans-serif;color: black\">Elle souhaite \u0153uvrer dans l&rsquo;\u00e9volution des processus d&rsquo;auto\u00e9valuation et d&rsquo;indicateurs d&rsquo;activit\u00e9\u00a0des PUI.<\/span><\/p>\n<p style=\"margin: 0cm 0cm 0.0001pt;background: white none repeat scroll 0% 0%\"><span style=\"font-size: 10.0pt;font-family: 'Segoe UI',sans-serif;color: black\">\u00a0<\/span><\/p>\n<p style=\"margin: 0cm 0cm 0.0001pt;background: white none repeat scroll 0% 0%\"><span style=\"font-family: 'Arial',sans-serif;color: black\">Elle a aussi pour ambition de promouvoir l&rsquo;analyse pharmaceutique des pharmaciens sapeurs-pompiers, et d&rsquo;uniformiser ce volet d&rsquo;activit\u00e9 dans nos PUI.<\/span><\/p>\n","protected":false},"excerpt":{"rendered":"<p>L&rsquo;objectif de cette commission est de mettre en commun des documents \u00ab\u00a0Qualit\u00e9\u00a0\u00bb par th\u00e8me ou processus de l&rsquo;activit\u00e9 des PUI de SDIS. \u00a0 Elle souhaite \u0153uvrer dans l&rsquo;\u00e9volution des processus d&rsquo;auto\u00e9valuation et d&rsquo;indicateurs d&rsquo;activit\u00e9\u00a0des PUI. \u00a0 Elle a aussi pour&hellip; <\/p>\n","protected":false},"author":613,"featured_media":0,"parent":67,"menu_order":0,"comment_status":"closed","ping_status":"closed","template":"","meta":{"_crdt_document":"","footnotes":""},"class_list":["post-468","page","type-page","status-publish","hentry"],"_links":{"self":[{"href":"https:\/\/www.kananas.com\/monassociation2118\/wp-json\/wp\/v2\/pages\/468","targetHints":{"allow":["GET"]}}],"collection":[{"href":"https:\/\/www.kananas.com\/monassociation2118\/wp-json\/wp\/v2\/pages"}],"about":[{"href":"https:\/\/www.kananas.com\/monassociation2118\/wp-json\/wp\/v2\/types\/page"}],"author":[{"embeddable":true,"href":"https:\/\/www.kananas.com\/monassociation2118\/wp-json\/wp\/v2\/users\/613"}],"replies":[{"embeddable":true,"href":"https:\/\/www.kananas.com\/monassociation2118\/wp-json\/wp\/v2\/comments?post=468"}],"version-history":[{"count":2,"href":"https:\/\/www.kananas.com\/monassociation2118\/wp-json\/wp\/v2\/pages\/468\/revisions"}],"predecessor-version":[{"id":968,"href":"https:\/\/www.kananas.com\/monassociation2118\/wp-json\/wp\/v2\/pages\/468\/revisions\/968"}],"up":[{"embeddable":true,"href":"https:\/\/www.kananas.com\/monassociation2118\/wp-json\/wp\/v2\/pages\/67"}],"wp:attachment":[{"href":"https:\/\/www.kananas.com\/monassociation2118\/wp-json\/wp\/v2\/media?parent=468"}],"curies":[{"name":"wp","href":"https:\/\/api.w.org\/{rel}","templated":true}]}}