{"id":469,"date":"2018-03-06T02:29:49","date_gmt":"2018-03-06T01:29:49","guid":{"rendered":"http:\/\/www.kananas.com\/monassociation2901\/?page_id=82"},"modified":"2018-04-17T14:59:00","modified_gmt":"2018-04-17T12:59:00","slug":"rtn-et-nrbce","status":"publish","type":"page","link":"https:\/\/www.kananas.com\/monassociation2118\/les-commissions\/rtn-et-nrbce\/","title":{"rendered":"COMMISSION \u00ab RISQUES TECHNOLOGIQUES ET NRBCe \u00bb"},"content":{"rendered":"<p>Cette commission a pour vocation de r\u00e9fl\u00e9chir \u00e0 la place du pharmacien dans les risques technologiques et pour les menaces nucl\u00e9aires, radiologiques, biologiques, chimiques et explosif.<\/p>\n<p>Le but est de donner des outils utiles aux pharmaciens afin de les encourager et de les soutenir en tant que formateurs et en op\u00e9rationnel sur ces risques particuliers en listant les formations adapt\u00e9es, en effectuant une veille scientifique et m\u00e9dicale sur les diff\u00e9rents risques \u00e9mergents et en d\u00e9livrant des conseils techniques sur le mat\u00e9riel (EPI, mat\u00e9riels de d\u00e9tection\u2026).<\/p>\n","protected":false},"excerpt":{"rendered":"<p>Cette commission a pour vocation de r\u00e9fl\u00e9chir \u00e0 la place du pharmacien dans les risques technologiques et pour les menaces nucl\u00e9aires, radiologiques, biologiques, chimiques et explosif. Le but est de donner des outils utiles aux pharmaciens afin de les encourager&hellip; <\/p>\n","protected":false},"author":613,"featured_media":0,"parent":67,"menu_order":0,"comment_status":"closed","ping_status":"closed","template":"","meta":{"_crdt_document":"","footnotes":""},"class_list":["post-469","page","type-page","status-publish","hentry"],"_links":{"self":[{"href":"https:\/\/www.kananas.com\/monassociation2118\/wp-json\/wp\/v2\/pages\/469","targetHints":{"allow":["GET"]}}],"collection":[{"href":"https:\/\/www.kananas.com\/monassociation2118\/wp-json\/wp\/v2\/pages"}],"about":[{"href":"https:\/\/www.kananas.com\/monassociation2118\/wp-json\/wp\/v2\/types\/page"}],"author":[{"embeddable":true,"href":"https:\/\/www.kananas.com\/monassociation2118\/wp-json\/wp\/v2\/users\/613"}],"replies":[{"embeddable":true,"href":"https:\/\/www.kananas.com\/monassociation2118\/wp-json\/wp\/v2\/comments?post=469"}],"version-history":[{"count":3,"href":"https:\/\/www.kananas.com\/monassociation2118\/wp-json\/wp\/v2\/pages\/469\/revisions"}],"predecessor-version":[{"id":4097,"href":"https:\/\/www.kananas.com\/monassociation2118\/wp-json\/wp\/v2\/pages\/469\/revisions\/4097"}],"up":[{"embeddable":true,"href":"https:\/\/www.kananas.com\/monassociation2118\/wp-json\/wp\/v2\/pages\/67"}],"wp:attachment":[{"href":"https:\/\/www.kananas.com\/monassociation2118\/wp-json\/wp\/v2\/media?parent=469"}],"curies":[{"name":"wp","href":"https:\/\/api.w.org\/{rel}","templated":true}]}}