{"id":470,"date":"2018-03-06T02:30:18","date_gmt":"2018-03-06T01:30:18","guid":{"rendered":"http:\/\/www.kananas.com\/monassociation2901\/?page_id=86"},"modified":"2018-04-17T14:54:49","modified_gmt":"2018-04-17T12:54:49","slug":"hygiene-securite-prevention","status":"publish","type":"page","link":"https:\/\/www.kananas.com\/monassociation2118\/les-commissions\/hygiene-securite-prevention\/","title":{"rendered":"COMMISSION \u00ab HYGI\u00c8NE, S\u00c9CURIT\u00c9 ET PR\u00c9VENTION \u00bb"},"content":{"rendered":"<p>Les objectifs de cette commission sont multiples puisqu\u2019ils touchent \u00e0 la fois \u00e0 l\u2019hygi\u00e8ne avec le r\u00e9f\u00e9rencement des produits utilis\u00e9s dans la d\u00e9sinfection et dans le cadre de la lutte antivectoriel, les modalit\u00e9s de lavage des mains.<\/p>\n<p>Elle s\u2019int\u00e9resse aussi \u00e0 la s\u00e9curit\u00e9 avec le r\u00e9f\u00e9rencement des EPI, et enfin la pr\u00e9vention du risque infectieux, avec la mise en place d\u2019une veille sanitaire nationale et mondiale, le choix des dispositifs m\u00e9dicaux s\u00e9curis\u00e9s et la vaccinologie.<\/p>\n<p>Elle permet \u00e9galement de pr\u00e9senter notre r\u00f4le de conseil et d\u2019expertise avec la toxicit\u00e9 des fum\u00e9es d\u2019incendie, les risques psycho-sociaux, etc.<\/p>\n","protected":false},"excerpt":{"rendered":"<p>Les objectifs de cette commission sont multiples puisqu\u2019ils touchent \u00e0 la fois \u00e0 l\u2019hygi\u00e8ne avec le r\u00e9f\u00e9rencement des produits utilis\u00e9s dans la d\u00e9sinfection et dans le cadre de la lutte antivectoriel, les modalit\u00e9s de lavage des mains. Elle s\u2019int\u00e9resse aussi&hellip; <\/p>\n","protected":false},"author":613,"featured_media":0,"parent":67,"menu_order":0,"comment_status":"closed","ping_status":"closed","template":"","meta":{"_crdt_document":"","footnotes":""},"class_list":["post-470","page","type-page","status-publish","hentry"],"_links":{"self":[{"href":"https:\/\/www.kananas.com\/monassociation2118\/wp-json\/wp\/v2\/pages\/470","targetHints":{"allow":["GET"]}}],"collection":[{"href":"https:\/\/www.kananas.com\/monassociation2118\/wp-json\/wp\/v2\/pages"}],"about":[{"href":"https:\/\/www.kananas.com\/monassociation2118\/wp-json\/wp\/v2\/types\/page"}],"author":[{"embeddable":true,"href":"https:\/\/www.kananas.com\/monassociation2118\/wp-json\/wp\/v2\/users\/613"}],"replies":[{"embeddable":true,"href":"https:\/\/www.kananas.com\/monassociation2118\/wp-json\/wp\/v2\/comments?post=470"}],"version-history":[{"count":3,"href":"https:\/\/www.kananas.com\/monassociation2118\/wp-json\/wp\/v2\/pages\/470\/revisions"}],"predecessor-version":[{"id":962,"href":"https:\/\/www.kananas.com\/monassociation2118\/wp-json\/wp\/v2\/pages\/470\/revisions\/962"}],"up":[{"embeddable":true,"href":"https:\/\/www.kananas.com\/monassociation2118\/wp-json\/wp\/v2\/pages\/67"}],"wp:attachment":[{"href":"https:\/\/www.kananas.com\/monassociation2118\/wp-json\/wp\/v2\/media?parent=470"}],"curies":[{"name":"wp","href":"https:\/\/api.w.org\/{rel}","templated":true}]}}