{"id":67,"date":"2018-03-05T22:19:41","date_gmt":"2018-03-05T21:19:41","guid":{"rendered":"http:\/\/www.kananas.com\/monassociation2901\/?page_id=67"},"modified":"2018-04-19T08:59:04","modified_gmt":"2018-04-19T06:59:04","slug":"les-commissions","status":"publish","type":"page","link":"https:\/\/www.kananas.com\/monassociation2118\/les-commissions\/","title":{"rendered":"Les Commissions"},"content":{"rendered":"<p style=\"text-align: justify\">Au sein d\u2019ALPHASIS, des commissions de travail ont \u00e9t\u00e9 cr\u00e9\u00e9es dont l\u2019objectif est de fe\u0301de\u0301rer certains membres de l\u2019association autour d\u2019une the\u0301matique commune.<br \/>\nElles sont au nombre de 7 :<\/p>\n<ol style=\"text-align: justify\">\n<li><a href=\"http:\/\/www.kananas.com\/monassociation2118\/les-commissions\/achats\/\">Achats<\/a><\/li>\n<li><a href=\"http:\/\/www.kananas.com\/monassociation2118\/les-commissions\/qualite-pharmacie-clinique\/\">Qualit\u00e9 et pharmacie clinique<\/a><\/li>\n<li><a href=\"http:\/\/www.kananas.com\/monassociation2118\/les-commissions\/missions-operationnelles\/\">Missions op\u00e9rationnelles<\/a><\/li>\n<li><a href=\"http:\/\/www.kananas.com\/monassociation2118\/les-commissions\/rtn-et-nrbce\/\">RTN et NRBCe<\/a><\/li>\n<li><a href=\"http:\/\/www.kananas.com\/monassociation2118\/les-commissions\/formation\/\">Formation<\/a><\/li>\n<li><a href=\"http:\/\/www.kananas.com\/monassociation2118\/les-commissions\/hygiene-securite-prevention\/\">Hygi\u00e8ne, s\u00e9curit\u00e9 et pr\u00e9vention<\/a><\/li>\n<li><a href=\"http:\/\/www.kananas.com\/monassociation2118\/les-commissions\/biomedical\/\">Biom\u00e9dical<\/a><\/li>\n<\/ol>\n<p style=\"text-align: justify\">Les travaux publi\u00e9s ou les bases de donne\u0301es cre\u0301e\u0301es ont vocation a\u0300 servir les membres de l\u2019association et a\u0300 promouvoir l\u2019exercice des pharmaciens de sapeurs-pompiers.<\/p>\n<p style=\"text-align: justify\">Les objectifs de ces commissions sont accessibles en cliquant sur leur nom.<\/p>\n<p style=\"text-align: justify\">Chaque commission de\u0301finit son fonctionnement et son calendrier de travail. Elle engagera des travaux dans son domaine et pourra e\u0302tre invite\u0301e a\u0300 restituer ses re\u0301flexions et travaux lors de manifestations organise\u0301es par l\u2019association.<\/p>\n<hr \/>\n<p style=\"text-align: justify\">\n","protected":false},"excerpt":{"rendered":"<p>Au sein d\u2019ALPHASIS, des commissions de travail ont \u00e9t\u00e9 cr\u00e9\u00e9es dont l\u2019objectif est de fe\u0301de\u0301rer certains membres de l\u2019association autour d\u2019une the\u0301matique commune. Elles sont au nombre de 7 : Achats Qualit\u00e9 et pharmacie clinique Missions op\u00e9rationnelles RTN et NRBCe&hellip; <\/p>\n","protected":false},"author":613,"featured_media":0,"parent":0,"menu_order":0,"comment_status":"closed","ping_status":"closed","template":"","meta":{"_crdt_document":"","footnotes":""},"class_list":["post-67","page","type-page","status-publish","hentry"],"_links":{"self":[{"href":"https:\/\/www.kananas.com\/monassociation2118\/wp-json\/wp\/v2\/pages\/67","targetHints":{"allow":["GET"]}}],"collection":[{"href":"https:\/\/www.kananas.com\/monassociation2118\/wp-json\/wp\/v2\/pages"}],"about":[{"href":"https:\/\/www.kananas.com\/monassociation2118\/wp-json\/wp\/v2\/types\/page"}],"author":[{"embeddable":true,"href":"https:\/\/www.kananas.com\/monassociation2118\/wp-json\/wp\/v2\/users\/613"}],"replies":[{"embeddable":true,"href":"https:\/\/www.kananas.com\/monassociation2118\/wp-json\/wp\/v2\/comments?post=67"}],"version-history":[{"count":8,"href":"https:\/\/www.kananas.com\/monassociation2118\/wp-json\/wp\/v2\/pages\/67\/revisions"}],"predecessor-version":[{"id":1004,"href":"https:\/\/www.kananas.com\/monassociation2118\/wp-json\/wp\/v2\/pages\/67\/revisions\/1004"}],"wp:attachment":[{"href":"https:\/\/www.kananas.com\/monassociation2118\/wp-json\/wp\/v2\/media?parent=67"}],"curies":[{"name":"wp","href":"https:\/\/api.w.org\/{rel}","templated":true}]}}