{"id":765,"date":"2018-04-09T15:20:15","date_gmt":"2018-04-09T13:20:15","guid":{"rendered":"http:\/\/www.kananas.com\/monassociation2118\/?page_id=765"},"modified":"2019-01-27T18:00:07","modified_gmt":"2019-01-27T17:00:07","slug":"qui-peut-adherer","status":"publish","type":"page","link":"https:\/\/www.kananas.com\/monassociation2118\/qui-peut-adherer\/","title":{"rendered":"\u00ab Se r\u00e9unir est un d\u00e9but. Rester ensemble est un progr\u00e8s. Travailler ensemble est la r\u00e9ussite \u00bb (Henri FORD)"},"content":{"rendered":"<p><img loading=\"lazy\" decoding=\"async\" class=\"size-thumbnail wp-image-873 alignleft\" src=\"http:\/\/www.kananas.com\/monassociation2118\/wp-content\/uploads\/sites\/597\/2018\/04\/ecusson-pharmacien-sapeurs-pompiers1-150x150.jpg\" alt=\"\" width=\"150\" height=\"150\" srcset=\"https:\/\/www.kananas.com\/monassociation2118\/wp-content\/uploads\/sites\/597\/2018\/04\/ecusson-pharmacien-sapeurs-pompiers1-150x150.jpg 150w, https:\/\/www.kananas.com\/monassociation2118\/wp-content\/uploads\/sites\/597\/2018\/04\/ecusson-pharmacien-sapeurs-pompiers1.jpg 300w, https:\/\/www.kananas.com\/monassociation2118\/wp-content\/uploads\/sites\/597\/2018\/04\/ecusson-pharmacien-sapeurs-pompiers1-230x230.jpg 230w\" sizes=\"auto, (max-width: 150px) 100vw, 150px\" \/>Vous \u00eates pharmacien de sapeur-pompier, professionnel, contractuel ou volontaire, de SDIS ou des arm\u00e9es ?<br \/>\nVous \u00eates \u00e9tudiant en pharmacie exer\u00e7ant en PUI sous le statut d&rsquo;aspirant ou interne en pharmacie avec le grade de lieutenant ? Vous \u00eates pr\u00e9parateur en pharmacie exer\u00e7ant dans un SDIS ? Vous avez la volont\u00e9 d&rsquo;un engagement pharmaceutique au service des SDIS ?<\/p>\n<p><strong>Notre association est faite pour vous\u00a0!<\/strong><\/p>\n<p style=\"text-align: justify\">Nous rejoindre, c&rsquo;est adh\u00e9rer \u00e0 une association de pharmaciens qui s&rsquo;investissent dans des domaines\u00a0tr\u00e8s vari\u00e9s : approvisionnement pharmaceutique en situation de catastrophe, gestion de l&rsquo;oxyg\u00e8ne\u00a0m\u00e9dicinal, gestion de mat\u00e9riels secouristes et appareils biom\u00e9dicaux, suivi des DASRI, suivi des\u00a0protocoles d&rsquo;hygi\u00e8ne des entit\u00e9s ; sans oublier le domaine NRBCE (Nucl\u00e9aire, Radiologique,\u00a0Biologique, Chimique, Explosif) dans lequel les pharmaciens sont particuli\u00e8rement impliqu\u00e9s.<\/p>\n<p style=\"text-align: justify\">Notre association permet le rapprochement de ses membres, au travers de valeurs communes, elle \u0153uvre \u00e0 faire conna\u00eetre notre m\u00e9tier et permet \u00e0 chacun de partager ses comp\u00e9tences sp\u00e9cifiques.<\/p>\n<p style=\"text-align: justify\">NB : ALPHASIS offre gratuitement l&rsquo;adh\u00e9sion \u00e0 l&rsquo;association pour les aspirants et lieutenants (\u00e9tudiants en pharmacie).<\/p>\n<hr \/>\n<p>&nbsp;<\/p>\n","protected":false},"excerpt":{"rendered":"<p>Vous \u00eates pharmacien de sapeur-pompier, professionnel, contractuel ou volontaire, de SDIS ou des arm\u00e9es ? Vous \u00eates \u00e9tudiant en pharmacie exer\u00e7ant en PUI sous le statut d&rsquo;aspirant ou interne en pharmacie avec le grade de lieutenant ? Vous \u00eates pr\u00e9parateur&hellip; <\/p>\n","protected":false},"author":613,"featured_media":0,"parent":0,"menu_order":0,"comment_status":"closed","ping_status":"closed","template":"","meta":{"_crdt_document":"","footnotes":""},"class_list":["post-765","page","type-page","status-publish","hentry"],"_links":{"self":[{"href":"https:\/\/www.kananas.com\/monassociation2118\/wp-json\/wp\/v2\/pages\/765","targetHints":{"allow":["GET"]}}],"collection":[{"href":"https:\/\/www.kananas.com\/monassociation2118\/wp-json\/wp\/v2\/pages"}],"about":[{"href":"https:\/\/www.kananas.com\/monassociation2118\/wp-json\/wp\/v2\/types\/page"}],"author":[{"embeddable":true,"href":"https:\/\/www.kananas.com\/monassociation2118\/wp-json\/wp\/v2\/users\/613"}],"replies":[{"embeddable":true,"href":"https:\/\/www.kananas.com\/monassociation2118\/wp-json\/wp\/v2\/comments?post=765"}],"version-history":[{"count":11,"href":"https:\/\/www.kananas.com\/monassociation2118\/wp-json\/wp\/v2\/pages\/765\/revisions"}],"predecessor-version":[{"id":2017,"href":"https:\/\/www.kananas.com\/monassociation2118\/wp-json\/wp\/v2\/pages\/765\/revisions\/2017"}],"wp:attachment":[{"href":"https:\/\/www.kananas.com\/monassociation2118\/wp-json\/wp\/v2\/media?parent=765"}],"curies":[{"name":"wp","href":"https:\/\/api.w.org\/{rel}","templated":true}]}}