{"id":84,"date":"2018-03-06T02:30:01","date_gmt":"2018-03-06T01:30:01","guid":{"rendered":"http:\/\/www.kananas.com\/monassociation2901\/?page_id=84"},"modified":"2018-04-17T15:02:56","modified_gmt":"2018-04-17T13:02:56","slug":"formation","status":"publish","type":"page","link":"https:\/\/www.kananas.com\/monassociation2118\/les-commissions\/formation\/","title":{"rendered":"COMMISSION \u00ab FORMATION \u00bb"},"content":{"rendered":"<p style=\"text-align: justify\">Cette commission a pour objectif principal de recenser toutes les formations int\u00e9ressants les PSP\u00a0: qu\u2019il s\u2019agisse de formations au sein des SDIS, de l\u2019ENSOSP, au niveau r\u00e9gional, de colloques, de formations universitaires, \u2026 Ce recensement permettra une mutualisation de la logistique entre adh\u00e9rents se rendant \u00e0 la m\u00eame formation. Ces informations appara\u00eetront au fur et \u00e0 mesure sur ce site.<\/p>\n<p style=\"text-align: justify\">Enfin, elle est en charge de l\u2019\u00e9laboration du contenu p\u00e9dagogique des Universit\u00e9s ALPHASIS.<\/p>\n<p style=\"text-align: justify\"><strong>\u00a0<\/strong><\/p>\n","protected":false},"excerpt":{"rendered":"<p>Cette commission a pour objectif principal de recenser toutes les formations int\u00e9ressants les PSP\u00a0: qu\u2019il s\u2019agisse de formations au sein des SDIS, de l\u2019ENSOSP, au niveau r\u00e9gional, de colloques, de formations universitaires, \u2026 Ce recensement permettra une mutualisation de la&hellip; <\/p>\n","protected":false},"author":613,"featured_media":0,"parent":67,"menu_order":0,"comment_status":"closed","ping_status":"closed","template":"","meta":{"_crdt_document":"","footnotes":""},"class_list":["post-84","page","type-page","status-publish","hentry"],"_links":{"self":[{"href":"https:\/\/www.kananas.com\/monassociation2118\/wp-json\/wp\/v2\/pages\/84","targetHints":{"allow":["GET"]}}],"collection":[{"href":"https:\/\/www.kananas.com\/monassociation2118\/wp-json\/wp\/v2\/pages"}],"about":[{"href":"https:\/\/www.kananas.com\/monassociation2118\/wp-json\/wp\/v2\/types\/page"}],"author":[{"embeddable":true,"href":"https:\/\/www.kananas.com\/monassociation2118\/wp-json\/wp\/v2\/users\/613"}],"replies":[{"embeddable":true,"href":"https:\/\/www.kananas.com\/monassociation2118\/wp-json\/wp\/v2\/comments?post=84"}],"version-history":[{"count":2,"href":"https:\/\/www.kananas.com\/monassociation2118\/wp-json\/wp\/v2\/pages\/84\/revisions"}],"predecessor-version":[{"id":966,"href":"https:\/\/www.kananas.com\/monassociation2118\/wp-json\/wp\/v2\/pages\/84\/revisions\/966"}],"up":[{"embeddable":true,"href":"https:\/\/www.kananas.com\/monassociation2118\/wp-json\/wp\/v2\/pages\/67"}],"wp:attachment":[{"href":"https:\/\/www.kananas.com\/monassociation2118\/wp-json\/wp\/v2\/media?parent=84"}],"curies":[{"name":"wp","href":"https:\/\/api.w.org\/{rel}","templated":true}]}}