{"id":259,"date":"2018-12-18T09:36:18","date_gmt":"2018-12-18T05:36:18","guid":{"rendered":"http:\/\/www.kananas.com\/monassociation4627\/?page_id=259"},"modified":"2023-08-26T13:08:01","modified_gmt":"2023-08-26T09:08:01","slug":"qui-sommes-nous-2","status":"publish","type":"page","link":"https:\/\/www.kananas.com\/monassociation4627\/qui-sommes-nous-2\/","title":{"rendered":"Qui sommes nous"},"content":{"rendered":"\r\n<figure class=\"wp-block-embed-youtube wp-block-embed is-type-video is-provider-youtube wp-embed-aspect-16-9 wp-has-aspect-ratio\">\r\n<div class=\"wp-block-embed__wrapper\">\u00a0<\/div>\r\n<\/figure>\r\n\r\n\r\n\r\n<p class=\"wp-block-paragraph\" style=\"text-align: center\">La Soci\u00e9t\u00e9 d&rsquo;entraide et de bienfaisance (SEB)\u00a0 France Maurice\u00a0 est une association cr\u00e9e en 2002 enregistr\u00e9e \u00e0 Maurice sous\u00a0 le num\u00e9ro 6565 au registre des associations, elle est reconnue d&rsquo;utilit\u00e9 publique.<\/p>\r\n\r\n\r\n\r\n<p class=\"wp-block-paragraph\" style=\"text-align: left\">Elle s&rsquo;est donn\u00e9\u00a0 pour mission de venir en aide aux personnes en\u00a0 difficult\u00e9, pour des raisons morales, mat\u00e9rielles, m\u00e9dicales ou administratives.<\/p>\r\n\r\n\r\n\r\n<p class=\"wp-block-paragraph\" style=\"text-align: left\">L&rsquo;association\u00a0 est tenue aux r\u00e8gles communes \u00e0 toutes les associations \u00e0 Maurice\u00a0 elle doit pr\u00e9senter un bilan annuel de ses activit\u00e9s et de ses comptes. lorsque le service public fran\u00e7ais nous accorde des aides la synergie avec ses actions sociales s&rsquo;impose.\u00a0 La SEB a besoin de soutient.\u00a0 Venez nous rejoindre \u00e0 votre convenance pour recevoir nos informations ou en tant que\u00a0 sympathisant, membre, donateur ou b\u00e9n\u00e9vole .<\/p>\r\n\r\n\r\n\r\n<p class=\"wp-block-paragraph\" style=\"text-align: left\"><strong>Conseil d&rsquo;administration de la SEB<\/strong><\/p>\r\n\r\n\r\n\r\n\r\n\r\n\r\n\r\n\r\n\r\n\r\n\r\n<p class=\"wp-block-paragraph\">Pr\u00e9sident: Marcel Misslin de Robillard<\/p>\r\n\r\n\r\n\r\n<p class=\"wp-block-paragraph\">Vice-pr\u00e9sident: Eric Gr\u00e9gori<\/p>\r\n\r\n\r\n\r\n<p class=\"wp-block-paragraph\">Tr\u00e9sori\u00e8re: Valentine Rosemarie Provins<\/p>\r\n\r\n\r\n\r\n<p class=\"wp-block-paragraph\">Secr\u00e9taire: Violetta Kartner\u00a0<\/p>\r\n\r\n\r\n\r\n<p class=\"wp-block-paragraph\">Tr\u00e9soriere-adjoint: Jocelyne Bocqu\u00e9e<\/p>\r\n\r\n\r\n\r\n<p class=\"wp-block-paragraph\">Secr\u00e9taire-Adjointe: Jessy Toulier<\/p>\r\n\r\n\r\n\r\n<p class=\"wp-block-paragraph\">Membre: Thierry Chateau<\/p>\r\n\r\n\r\n\r\n\r\n\r\n<p class=\"wp-block-paragraph\">&nbsp;<\/p>\r\n","protected":false},"excerpt":{"rendered":"<p>La Soci\u00e9t\u00e9 d&rsquo;entraide et de bienfaisance (SEB)\u00a0 France Maurice\u00a0 est une association cr\u00e9e en 2002 enregistr\u00e9e \u00e0 Maurice sous\u00a0 le num\u00e9ro 6565 au registre des associations, elle est reconnue d&rsquo;utilit\u00e9 publique. Elle s&rsquo;est donn\u00e9\u00a0 pour mission de venir en aide<\/p>\n","protected":false},"author":1270,"featured_media":0,"parent":0,"menu_order":0,"comment_status":"closed","ping_status":"closed","template":"","meta":{"_crdt_document":"","footnotes":""},"class_list":["post-259","page","type-page","status-publish","hentry"],"_links":{"self":[{"href":"https:\/\/www.kananas.com\/monassociation4627\/wp-json\/wp\/v2\/pages\/259","targetHints":{"allow":["GET"]}}],"collection":[{"href":"https:\/\/www.kananas.com\/monassociation4627\/wp-json\/wp\/v2\/pages"}],"about":[{"href":"https:\/\/www.kananas.com\/monassociation4627\/wp-json\/wp\/v2\/types\/page"}],"author":[{"embeddable":true,"href":"https:\/\/www.kananas.com\/monassociation4627\/wp-json\/wp\/v2\/users\/1270"}],"replies":[{"embeddable":true,"href":"https:\/\/www.kananas.com\/monassociation4627\/wp-json\/wp\/v2\/comments?post=259"}],"version-history":[{"count":24,"href":"https:\/\/www.kananas.com\/monassociation4627\/wp-json\/wp\/v2\/pages\/259\/revisions"}],"predecessor-version":[{"id":550,"href":"https:\/\/www.kananas.com\/monassociation4627\/wp-json\/wp\/v2\/pages\/259\/revisions\/550"}],"wp:attachment":[{"href":"https:\/\/www.kananas.com\/monassociation4627\/wp-json\/wp\/v2\/media?parent=259"}],"curies":[{"name":"wp","href":"https:\/\/api.w.org\/{rel}","templated":true}]}}