{"id":114,"date":"2019-09-18T10:35:33","date_gmt":"2019-09-18T08:35:33","guid":{"rendered":"http:\/\/www.kananas.com\/monassociation4875\/?page_id=114"},"modified":"2023-11-06T09:44:55","modified_gmt":"2023-11-06T08:44:55","slug":"dons-test","status":"publish","type":"page","link":"https:\/\/www.kananas.com\/monassociation4875\/dons-test\/","title":{"rendered":"Dons \/ Cotisations"},"content":{"rendered":"<p style=\"text-align: center\"><span style=\"font-size: 18pt\"><strong><span style=\"font-family: arial, helvetica, sans-serif\">Formulaire pour r\u00e9aliser des <span style=\"color: #ff6600\">DONS<\/span> \u00e0 l&rsquo;association ADD:<\/span> <\/strong><\/span><\/p>\n\n<!-- iframe plugin v.6.0 wordpress.org\/plugins\/iframe\/ -->\n<iframe loading=\"lazy\" id=\"haWidget\" allowtransparency=\"true\" scrolling=\"auto\" src=\"https:\/\/www.helloasso.com\/associations\/association-pour-le-developpement-de-dramane-add\/formulaires\/1\/widget\" style=\"width:100%;height:750px;border:none;\" 0=\"onload=&quot;window.scroll(0,\" 1=\"this.offsetTop)&quot;&gt;\" width=\"100%\" height=\"500\" class=\"iframe-class\" frameborder=\"0\"><\/iframe>\n\n<p>&nbsp;<\/p>\n<p><img loading=\"lazy\" decoding=\"async\" class=\"wp-image-124 aligncenter\" src=\"http:\/\/www.kananas.com\/monassociation4875\/wp-content\/uploads\/sites\/1310\/2019\/09\/index-300x150.png\" alt=\"\" width=\"200\" height=\"100\" srcset=\"https:\/\/www.kananas.com\/monassociation4875\/wp-content\/uploads\/sites\/1310\/2019\/09\/index-300x150.png 300w, https:\/\/www.kananas.com\/monassociation4875\/wp-content\/uploads\/sites\/1310\/2019\/09\/index.png 318w\" sizes=\"auto, (max-width: 200px) 100vw, 200px\" \/><\/p>\n<p style=\"text-align: center\"><span style=\"font-family: arial, helvetica, sans-serif;font-size: 14pt\"><span style=\"text-decoration: underline\"><strong>Dons par Paypal \u00e0 l&rsquo;adresse suivante:<\/strong><\/span> <span style=\"color: #0000ff\"><em><strong>assovillage.dramane@gmail.com<\/strong><\/em><\/span><\/span><\/p>\n<hr \/>\n<p>&nbsp;<\/p>\n<p style=\"text-align: center\"><span style=\"font-size: 18pt\"><strong><span style=\"font-family: arial, helvetica, sans-serif\">Formulaire pour <span style=\"color: #3366ff\">PAYER SA COTISATION<\/span> (30\u20ac\/an) \u00e0 l&rsquo;association ADD:<\/span> <\/strong><\/span><\/p>\n\n<!-- iframe plugin v.6.0 wordpress.org\/plugins\/iframe\/ -->\n<iframe loading=\"lazy\" id=\"haWidget\" allowtransparency=\"true\" scrolling=\"auto\" src=\"https:\/\/www.helloasso.com\/associations\/association-pour-le-developpement-de-dramane-add\/adhesions\/adhesion-annuelle-2023-add\/widget\" 0=\"style=&quot;width:\" 1=\"100%;\" 2=\"height:\" 3=\"750px;\" 4=\"border:\" 5=\"none;&quot;&gt;\" width=\"100%\" height=\"500\" class=\"iframe-class\" frameborder=\"0\"><\/iframe>\n\n","protected":false},"excerpt":{"rendered":"<p>Formulaire pour r\u00e9aliser des DONS \u00e0 l&rsquo;association ADD: &nbsp; Dons par Paypal \u00e0 l&rsquo;adresse suivante: assovillage.dramane@gmail.com &nbsp; Formulaire pour PAYER SA COTISATION (30\u20ac\/an) \u00e0 l&rsquo;association ADD:<\/p>\n","protected":false},"author":1351,"featured_media":0,"parent":0,"menu_order":0,"comment_status":"closed","ping_status":"closed","template":"","meta":{"_crdt_document":"","footnotes":""},"class_list":["post-114","page","type-page","status-publish","hentry"],"_links":{"self":[{"href":"https:\/\/www.kananas.com\/monassociation4875\/wp-json\/wp\/v2\/pages\/114","targetHints":{"allow":["GET"]}}],"collection":[{"href":"https:\/\/www.kananas.com\/monassociation4875\/wp-json\/wp\/v2\/pages"}],"about":[{"href":"https:\/\/www.kananas.com\/monassociation4875\/wp-json\/wp\/v2\/types\/page"}],"author":[{"embeddable":true,"href":"https:\/\/www.kananas.com\/monassociation4875\/wp-json\/wp\/v2\/users\/1351"}],"replies":[{"embeddable":true,"href":"https:\/\/www.kananas.com\/monassociation4875\/wp-json\/wp\/v2\/comments?post=114"}],"version-history":[{"count":13,"href":"https:\/\/www.kananas.com\/monassociation4875\/wp-json\/wp\/v2\/pages\/114\/revisions"}],"predecessor-version":[{"id":167,"href":"https:\/\/www.kananas.com\/monassociation4875\/wp-json\/wp\/v2\/pages\/114\/revisions\/167"}],"wp:attachment":[{"href":"https:\/\/www.kananas.com\/monassociation4875\/wp-json\/wp\/v2\/media?parent=114"}],"curies":[{"name":"wp","href":"https:\/\/api.w.org\/{rel}","templated":true}]}}