{"id":14,"date":"2019-09-14T13:39:53","date_gmt":"2019-09-14T11:39:53","guid":{"rendered":"http:\/\/www.kananas.com\/monassociation4875\/?page_id=14"},"modified":"2019-09-14T14:13:00","modified_gmt":"2019-09-14T12:13:00","slug":"notre-association","status":"publish","type":"page","link":"https:\/\/www.kananas.com\/monassociation4875\/notre-association\/","title":{"rendered":"Notre Association"},"content":{"rendered":"<div id=\"content\" class=\"fullwidth-page\">\n<article id=\"post-1224\" class=\"post-entry post-1224 page type-page status-publish hentry\">\n<div class=\"entry-content\">\n<p><span style=\"font-family: arial, helvetica, sans-serif;font-size: 14pt\">Les jeunes du village de Draman\u00e9 ont d\u00e9cid\u00e9 de se rassembler au sein d\u2019une association, pour r\u00e9aliser diff\u00e9rents projets qui contribueront \u00e0 ameliorer la situation et d\u00e9velopper leur village d\u2019origine.<\/span><\/p>\n<p><span style=\"font-family: arial, helvetica, sans-serif;font-size: 14pt\">Ainsi une assembl\u00e9e g\u00e9n\u00e9rale a eu lieu au cours de l\u2019ann\u00e9e 2013, \u00e0 l\u2019issue de cette assembl\u00e9e, il a \u00e9t\u00e9 unanimement d\u00e9cid\u00e9 que l\u2019association soit nomm\u00e9e <strong>Association pour le D\u00e9veloppement de Draman\u00e9 (A.D.D).<\/strong><\/span><\/p>\n<p>&nbsp;<\/p>\n<h3 style=\"text-align: center\"><span style=\"font-family: arial, helvetica, sans-serif;color: #ff0000;font-size: 18pt\">Cette association est apolitique et \u00e0 but non lucratif.<\/span><\/h3>\n<p>&nbsp;<\/p>\n<h3><span style=\"font-family: arial, helvetica, sans-serif\">Elle a pour objectif de d\u00e9velopper le village de Draman\u00e9 \u00e0 tous les niveaux :<\/span><\/h3>\n<ul style=\"list-style-type: circle\">\n<li>\n<h4><strong><span style=\"font-family: arial, helvetica, sans-serif\">\u00c9ducation<\/span><\/strong><\/h4>\n<\/li>\n<li>\n<h4><strong><span style=\"font-family: arial, helvetica, sans-serif\">Sant\u00e9<\/span><\/strong><\/h4>\n<\/li>\n<li>\n<h4><strong><span style=\"font-family: arial, helvetica, sans-serif\">Maraichage<\/span><\/strong><\/h4>\n<\/li>\n<li>\n<h4><strong><span style=\"font-family: arial, helvetica, sans-serif\">Assainissement<\/span><\/strong><\/h4>\n<\/li>\n<li>\n<h4><strong><span style=\"font-family: arial, helvetica, sans-serif\">Infrastructure<\/span><\/strong><\/h4>\n<\/li>\n<li>\n<h4><strong><span style=\"font-family: arial, helvetica, sans-serif\">Environnement<\/span><\/strong><\/h4>\n<\/li>\n<li>\n<h4><strong><span style=\"font-family: arial, helvetica, sans-serif\">Et tous les autres axes de d\u00e9veloppement<\/span><\/strong><\/h4>\n<\/li>\n<\/ul>\n<\/div>\n<\/article>\n<\/div>\n","protected":false},"excerpt":{"rendered":"<p>Les jeunes du village de Draman\u00e9 ont d\u00e9cid\u00e9 de se rassembler au sein d\u2019une association, pour r\u00e9aliser diff\u00e9rents projets qui contribueront \u00e0 ameliorer la situation et d\u00e9velopper leur village d\u2019origine. Ainsi une assembl\u00e9e g\u00e9n\u00e9rale a eu lieu au cours de<\/p>\n","protected":false},"author":1351,"featured_media":0,"parent":0,"menu_order":0,"comment_status":"closed","ping_status":"closed","template":"","meta":{"_crdt_document":"","footnotes":""},"class_list":["post-14","page","type-page","status-publish","hentry"],"_links":{"self":[{"href":"https:\/\/www.kananas.com\/monassociation4875\/wp-json\/wp\/v2\/pages\/14","targetHints":{"allow":["GET"]}}],"collection":[{"href":"https:\/\/www.kananas.com\/monassociation4875\/wp-json\/wp\/v2\/pages"}],"about":[{"href":"https:\/\/www.kananas.com\/monassociation4875\/wp-json\/wp\/v2\/types\/page"}],"author":[{"embeddable":true,"href":"https:\/\/www.kananas.com\/monassociation4875\/wp-json\/wp\/v2\/users\/1351"}],"replies":[{"embeddable":true,"href":"https:\/\/www.kananas.com\/monassociation4875\/wp-json\/wp\/v2\/comments?post=14"}],"version-history":[{"count":3,"href":"https:\/\/www.kananas.com\/monassociation4875\/wp-json\/wp\/v2\/pages\/14\/revisions"}],"predecessor-version":[{"id":56,"href":"https:\/\/www.kananas.com\/monassociation4875\/wp-json\/wp\/v2\/pages\/14\/revisions\/56"}],"wp:attachment":[{"href":"https:\/\/www.kananas.com\/monassociation4875\/wp-json\/wp\/v2\/media?parent=14"}],"curies":[{"name":"wp","href":"https:\/\/api.w.org\/{rel}","templated":true}]}}