{"id":15,"date":"2019-09-14T13:39:53","date_gmt":"2019-09-14T11:39:53","guid":{"rendered":"http:\/\/www.kananas.com\/monassociation4875\/?page_id=15"},"modified":"2019-09-14T14:16:13","modified_gmt":"2019-09-14T12:16:13","slug":"notre-village","status":"publish","type":"page","link":"https:\/\/www.kananas.com\/monassociation4875\/notre-village\/","title":{"rendered":"Notre Village"},"content":{"rendered":"<div class=\"entry-content\">\n<p><span style=\"font-family: arial, helvetica, sans-serif;font-size: 14pt\">Ce village d\u2019environ six mille \u00e2mes a \u00e9t\u00e9 fond\u00e9 vers 1276 par les patronymes Dram\u00e9 dont le fondateur \u00e9tait SOURANSEFO. Il est situ\u00e9 au bord du fleuve S\u00e9n\u00e9gal dans la r\u00e9gion de Kayes au Mali. Ses principes fondamentaux sont le savoir et la recherche du savoir.<\/span><\/p>\n<p>&nbsp;<\/p>\n<p><span style=\"font-family: arial, helvetica, sans-serif;font-size: 14pt\">Il est dot\u00e9 d\u2019un centre de sant\u00e9 depuis 1995, d\u2019une \u00e9cole primaire publique et d\u2019une \u00e9cole coranique. Les habitants, en majorit\u00e9 sonink\u00e9, vivent essentiellement des activit\u00e9s agropastorales : agriculture, petit \u00e9levage, p\u00e8che, cueillette qui sont tributaires des pr\u00e9cipitations.<\/span><\/p>\n<p>&nbsp;<\/p>\n<p><span style=\"font-family: arial, helvetica, sans-serif;font-size: 14pt\">En mati\u00e8re de migration, \u00e0 l\u2019instar de tous les villages Sonink\u00e9 de la sous-r\u00e9gion, les hommes valides de notre village se sont dispers\u00e9s \u00e0 travers la plan\u00e8te, notamment en France depuis le d\u00e9but ann\u00e9es 1960. Le plus gros contingent est arriv\u00e9 au milieu des ann\u00e9es 70 suite \u00e0 la grande s\u00e9cheresse qui avait s\u00e9vi dans la sous-r\u00e9gion. A partir des ann\u00e9es 80, le syst\u00e8me de regroupement familial est venu enfoncer le clou. La plupart des femmes ont rejoint leurs \u00e9poux en France.<\/span><\/p>\n<p>&nbsp;<\/p>\n<p><span style=\"font-family: arial, helvetica, sans-serif;font-size: 14pt\">Seules quelques familles dont les moyens ne leur ont pas permis de migrer, sont rest\u00e9es avec en majeure partie des vieillards et des enfants dont l\u2019avenir demeure incertain faute d\u2019infrastructures d\u2019\u00e9ducation, de sant\u00e9 etc.<\/span><\/p>\n<\/div>\n","protected":false},"excerpt":{"rendered":"<p>Ce village d\u2019environ six mille \u00e2mes a \u00e9t\u00e9 fond\u00e9 vers 1276 par les patronymes Dram\u00e9 dont le fondateur \u00e9tait SOURANSEFO. Il est situ\u00e9 au bord du fleuve S\u00e9n\u00e9gal dans la r\u00e9gion de Kayes au Mali. Ses principes fondamentaux sont le<\/p>\n","protected":false},"author":1351,"featured_media":0,"parent":0,"menu_order":0,"comment_status":"closed","ping_status":"closed","template":"","meta":{"_crdt_document":"","footnotes":""},"class_list":["post-15","page","type-page","status-publish","hentry"],"_links":{"self":[{"href":"https:\/\/www.kananas.com\/monassociation4875\/wp-json\/wp\/v2\/pages\/15","targetHints":{"allow":["GET"]}}],"collection":[{"href":"https:\/\/www.kananas.com\/monassociation4875\/wp-json\/wp\/v2\/pages"}],"about":[{"href":"https:\/\/www.kananas.com\/monassociation4875\/wp-json\/wp\/v2\/types\/page"}],"author":[{"embeddable":true,"href":"https:\/\/www.kananas.com\/monassociation4875\/wp-json\/wp\/v2\/users\/1351"}],"replies":[{"embeddable":true,"href":"https:\/\/www.kananas.com\/monassociation4875\/wp-json\/wp\/v2\/comments?post=15"}],"version-history":[{"count":3,"href":"https:\/\/www.kananas.com\/monassociation4875\/wp-json\/wp\/v2\/pages\/15\/revisions"}],"predecessor-version":[{"id":58,"href":"https:\/\/www.kananas.com\/monassociation4875\/wp-json\/wp\/v2\/pages\/15\/revisions\/58"}],"wp:attachment":[{"href":"https:\/\/www.kananas.com\/monassociation4875\/wp-json\/wp\/v2\/media?parent=15"}],"curies":[{"name":"wp","href":"https:\/\/api.w.org\/{rel}","templated":true}]}}