{"id":16,"date":"2019-09-14T13:39:53","date_gmt":"2019-09-14T11:39:53","guid":{"rendered":"http:\/\/www.kananas.com\/monassociation4875\/?page_id=16"},"modified":"2019-09-14T14:20:33","modified_gmt":"2019-09-14T12:20:33","slug":"nos-objectifs","status":"publish","type":"page","link":"https:\/\/www.kananas.com\/monassociation4875\/nos-objectifs\/","title":{"rendered":"Nos objectifs"},"content":{"rendered":"<div class=\"entry-content\">\n<h4><span style=\"font-family: arial, helvetica, sans-serif;font-size: 14pt\">Les principaux objectifs que s\u2019est impos\u00e9e l\u2019association passent par les actions suivantes:<\/span><\/h4>\n<ul>\n<li><span style=\"font-family: arial, helvetica, sans-serif\">Contribuer \u00e0 l\u2019acc\u00e8s \u00e0 l\u2019alphab\u00e9tisation pour tous, notamment des jeunes filles<\/span><\/li>\n<li><span style=\"font-family: arial, helvetica, sans-serif\">Aider les parents \u00e0 scolariser au maximum les enfants<\/span><\/li>\n<li><span style=\"font-family: arial, helvetica, sans-serif\">\u00c9quiper les \u00e9coles existantes de mat\u00e9riels n\u00e9cessaires<\/span><\/li>\n<li><span style=\"font-family: arial, helvetica, sans-serif\">\u00c9tendre l\u2019\u00e9cole primaire pour y accueillir un effectif cons\u00e9quent<\/span><\/li>\n<li><span style=\"font-family: arial, helvetica, sans-serif\">Cr\u00e9er un centre d\u2019apprentissage pour les m\u00e9tiers manuels : ma\u00e7on, plomberie etc.<\/span><\/li>\n<li><span style=\"font-family: arial, helvetica, sans-serif\">Collecter et envoyer du mat\u00e9riel m\u00e9dical pour le centre de sant\u00e9<\/span><\/li>\n<li><span style=\"font-family: arial, helvetica, sans-serif\">Mettre en place un comit\u00e9 de sant\u00e9 pour un meilleur suivi du centre<\/span><\/li>\n<li><span style=\"font-family: arial, helvetica, sans-serif\">Mettre en place une \u00e9quipe pour assurer l\u2019assainissement du village.<\/span><\/li>\n<li><span style=\"font-family: arial, helvetica, sans-serif\">Faire une campagne de reboisement<\/span><\/li>\n<li><span style=\"font-family: arial, helvetica, sans-serif\">Contribuer \u00e0 la lutte contre la malnutrition en faisant du maraichage avec les femmes du village.<\/span><\/li>\n<\/ul>\n<h4><\/h4>\n<h4><span style=\"font-family: arial, helvetica, sans-serif;font-size: 14pt\">L\u2019association a pour but d\u2019atteindre ces diff\u00e9rents objectifs par la mise en place de diff\u00e9rents projets, en \u00e9troite collaboration avec les villageois de Draman\u00e9, pour assurer le d\u00e9veloppement du village.<\/span><\/h4>\n<\/div>\n","protected":false},"excerpt":{"rendered":"<p>Les principaux objectifs que s\u2019est impos\u00e9e l\u2019association passent par les actions suivantes: Contribuer \u00e0 l\u2019acc\u00e8s \u00e0 l\u2019alphab\u00e9tisation pour tous, notamment des jeunes filles Aider les parents \u00e0 scolariser au maximum les enfants \u00c9quiper les \u00e9coles existantes de mat\u00e9riels n\u00e9cessaires \u00c9tendre<\/p>\n","protected":false},"author":1351,"featured_media":0,"parent":0,"menu_order":0,"comment_status":"closed","ping_status":"closed","template":"","meta":{"_crdt_document":"","footnotes":""},"class_list":["post-16","page","type-page","status-publish","hentry"],"_links":{"self":[{"href":"https:\/\/www.kananas.com\/monassociation4875\/wp-json\/wp\/v2\/pages\/16","targetHints":{"allow":["GET"]}}],"collection":[{"href":"https:\/\/www.kananas.com\/monassociation4875\/wp-json\/wp\/v2\/pages"}],"about":[{"href":"https:\/\/www.kananas.com\/monassociation4875\/wp-json\/wp\/v2\/types\/page"}],"author":[{"embeddable":true,"href":"https:\/\/www.kananas.com\/monassociation4875\/wp-json\/wp\/v2\/users\/1351"}],"replies":[{"embeddable":true,"href":"https:\/\/www.kananas.com\/monassociation4875\/wp-json\/wp\/v2\/comments?post=16"}],"version-history":[{"count":4,"href":"https:\/\/www.kananas.com\/monassociation4875\/wp-json\/wp\/v2\/pages\/16\/revisions"}],"predecessor-version":[{"id":61,"href":"https:\/\/www.kananas.com\/monassociation4875\/wp-json\/wp\/v2\/pages\/16\/revisions\/61"}],"wp:attachment":[{"href":"https:\/\/www.kananas.com\/monassociation4875\/wp-json\/wp\/v2\/media?parent=16"}],"curies":[{"name":"wp","href":"https:\/\/api.w.org\/{rel}","templated":true}]}}