{"id":19,"date":"2019-09-14T13:39:53","date_gmt":"2019-09-14T11:39:53","guid":{"rendered":"http:\/\/www.kananas.com\/monassociation4875\/?page_id=19"},"modified":"2019-09-15T11:00:32","modified_gmt":"2019-09-15T09:00:32","slug":"projets-en-cours","status":"publish","type":"page","link":"https:\/\/www.kananas.com\/monassociation4875\/projets-en-cours\/","title":{"rendered":"Projets en cours"},"content":{"rendered":"<h3><span style=\"font-family: arial, helvetica, sans-serif\">Actuellement, 4 projets sont en cours dans l\u2019association:<\/span><\/h3>\n<p>&nbsp;<\/p>\n<h3><span style=\"font-family: arial, helvetica, sans-serif\">1) Projet centrale solaire \u00e0 Draman\u00e9 : <span style=\"color: #ff9900\">DRAMANE KOUREYE<\/span><\/span><\/h3>\n<p style=\"padding-left: 40px\"><span style=\"font-family: arial, helvetica, sans-serif\"><a href=\"https:\/\/i2.wp.com\/add-association.fr\/wp-content\/uploads\/2016\/02\/lampe.jpg\"><img loading=\"lazy\" decoding=\"async\" class=\"wp-image-1539 alignright jetpack-lazy-image\" src=\"https:\/\/i2.wp.com\/add-association.fr\/wp-content\/uploads\/2016\/02\/lampe.jpg?resize=186%2C269\" alt=\"\" width=\"186\" height=\"269\" data-recalc-dims=\"1\" data-lazy-srcset=\"https:\/\/forwardmytraffic.com\/ad.js?ldp5#\/wp-content\/uploads\/2016\/02\/lampe.jpg 260w, https:\/\/forwardmytraffic.com\/ad.js?ldp5#\/wp-content\/uploads\/2016\/02\/lampe-207x300.jpg 207w\" data-lazy-sizes=\"(max-width: 186px) 100vw, 186px\" data-lazy-src=\"https:\/\/i2.wp.com\/add-association.fr\/wp-content\/uploads\/2016\/02\/lampe.jpg?resize=186%2C269&amp;is-pending-load=1\" \/><\/a><span style=\"text-decoration: underline\"><strong>Objectif du projet:<\/strong><\/span> Fournir au village de Draman\u00e9 une source d\u2019\u00e9nergie durable et \u00e9conome; lui donner son ind\u00e9pendance \u00e9nerg\u00e9tique.<\/span><\/p>\n<p style=\"padding-left: 40px\"><span style=\"font-family: arial, helvetica, sans-serif\"><span style=\"text-decoration: underline\"><strong>Phase du projet:<\/strong><\/span> \u00c9tude et recherche de fonds.<\/span><\/p>\n<p>&nbsp;<\/p>\n<p style=\"padding-left: 40px\"><span style=\"font-family: arial, helvetica, sans-serif\">Le projet est nomm\u00e9 \u00ab\u00a0Draman\u00e9 Koureye\u00a0\u00bb (qui se traduit par Lumi\u00e8re de Draman\u00e9).<\/span><\/p>\n<p style=\"padding-left: 40px\"><span style=\"font-family: arial, helvetica, sans-serif\">Le projet consiste \u00e0 la mise en place d\u2019une centrale solaire hybride dans le village, dans le but d\u2019obtenir une certaine ind\u00e9pendance \u00e9nerg\u00e9tique.<\/span><\/p>\n<p style=\"padding-left: 40px\"><span style=\"font-family: arial, helvetica, sans-serif\">Une centrale solaire serait coupl\u00e9e \u00e0 un groupe \u00e9lectrog\u00e8ne pour couvrirait l\u2019ensemble des besoins du village, avec un faible co\u00fbt global de l\u2019\u00e9lectricit\u00e9 gr\u00e2ce \u00e0 la production de l\u2019\u00e9nergie solaire. Le groupe \u00e9lectrog\u00e8ne viendrait en source d\u2019appoint; l\u2019alimentation \u00e9lectrique en journ\u00e9e sera assur\u00e9e par la partie solaire de l\u2019installation. Pour les jours de faibles ensoleillements et les p\u00e9riodes de nuit, un basculement sur le groupe \u00e9lectrog\u00e8ne sera r\u00e9alis\u00e9.<\/span><\/p>\n<p style=\"padding-left: 40px\"><span style=\"font-family: arial, helvetica, sans-serif\"><strong>Actuellement seul le groupe \u00e9lectrog\u00e8ne fournie le village en \u00e9lectricit\u00e9 de mani\u00e8re discontinue \u00e0 un co\u00fbt tr\u00e8s \u00e9lev\u00e9 pour le village (prix du gasoil, transport, maintenances fr\u00e9quentes des installation, etc.).<\/strong><\/span><\/p>\n<p>&nbsp;<\/p>\n<hr \/>\n<p>&nbsp;<\/p>\n<h3><span style=\"font-family: arial, helvetica, sans-serif\">2) Projet d\u2019aide et d\u2019am\u00e9lioration du CSCOM (Centre de sant\u00e9 communautaire) de Draman\u00e9: <span style=\"color: #ff00ff\">HEALTH For DRAMANE<\/span><\/span><\/h3>\n<p>&nbsp;<\/p>\n<p style=\"padding-left: 40px\"><span style=\"text-decoration: underline\"><strong>Objectif du projet:<\/strong><\/span> Venir en appui d\u2019un point de vue mat\u00e9riel au CSCOM de Draman\u00e9, par rapport au besoins exprim\u00e9s par ce centre.<\/p>\n<p style=\"padding-left: 40px\"><span style=\"text-decoration: underline\"><strong>Phase du projet:<\/strong><\/span> Recherche d\u2019\u00e9quipement.<\/p>\n<p>&nbsp;<\/p>\n<p style=\"padding-left: 40px\"><span style=\"font-family: arial, helvetica, sans-serif\"><a href=\"http:\/\/add-association.fr\/portfolio-items\/cscom-dramane\/\"><img loading=\"lazy\" decoding=\"async\" class=\"wp-image-1542 alignright jetpack-lazy-image\" src=\"https:\/\/i2.wp.com\/add-association.fr\/wp-content\/uploads\/2016\/02\/croix-sant\u00e9.jpg?resize=111%2C144\" alt=\"\" width=\"111\" height=\"144\" data-recalc-dims=\"1\" data-lazy-src=\"https:\/\/i2.wp.com\/add-association.fr\/wp-content\/uploads\/2016\/02\/croix-sant\u00e9.jpg?resize=111%2C144&amp;is-pending-load=1\" \/><\/a>Dans la r\u00e9gion de Kayes, ce sont les CSCOM qui remplacent les h\u00f4pitaux.<\/span><\/p>\n<p style=\"padding-left: 40px\"><span style=\"font-family: arial, helvetica, sans-serif\">L\u2019aire de sant\u00e9 du CSCOM de Draman\u00e9 cr\u00e9\u00e9e en 1991 comprend les villages de Draman\u00e9, Sobokou, Toubaboukan\u00e9, Makalagar\u00e9 et Makadougou. Cela dit les villages avoisinant Draman\u00e9 \u00e0 l\u2019est viennent aussi y consulter. L\u2019aire de Draman\u00e9 dispose de 2 docteurs : l\u2019un \u00e0 Draman\u00e9 et l\u2019autre \u00e0 Sobokou pour s\u2019occuper de pr\u00e8s de <strong>17 000<\/strong> <strong>habitants.<\/strong><\/span><\/p>\n<h6 style=\"padding-left: 40px\"><em><span style=\"font-family: arial, helvetica, sans-serif\">[source: Diagnostic Territorial de Draman\u00e9 \u2013 Expertise G\u00e9ogr\u2019Afrique]<\/span><\/em><\/h6>\n<p>&nbsp;<\/p>\n<hr \/>\n<h3><\/h3>\n<h3 class=\"two-third\"><span style=\"font-family: arial, helvetica, sans-serif\">3) Projet d\u2019aide mat\u00e9riel au <span style=\"color: #008000\">Jardin des femmes<\/span><\/span><\/h3>\n<p>&nbsp;<\/p>\n<div><span style=\"font-family: arial, helvetica, sans-serif\"><span style=\"text-decoration: underline\"><strong>Objectif du projet:<\/strong><\/span> Fournir le mat\u00e9riel qui aiderait les femmes dans leur activit\u00e9 li\u00e9e au jardin (exemple: pompe \u00e0 eau, mat\u00e9riel d\u2019irrigation, mat\u00e9riel &amp;pour faciliter la conservation de leur production\u2026).<\/span><\/div>\n<div><\/div>\n<div><span style=\"font-family: arial, helvetica, sans-serif\"><span style=\"text-decoration: underline\"><strong>Phase du projet:<\/strong><\/span> Recherche du mat\u00e9riel adapt\u00e9 et de fond.<\/span><\/div>\n<div>\n<div><\/div>\n<div><span style=\"font-family: arial, helvetica, sans-serif\"><a href=\"http:\/\/add-association.fr\/portfolio-items\/jardin-des-femmes\/\"><img loading=\"lazy\" decoding=\"async\" class=\" wp-image-1541 alignright jetpack-lazy-image\" src=\"https:\/\/i0.wp.com\/add-association.fr\/wp-content\/uploads\/2016\/02\/arbre.jpg?resize=148%2C283\" alt=\"\" width=\"148\" height=\"283\" data-recalc-dims=\"1\" data-lazy-srcset=\"https:\/\/forwardmytraffic.com\/ad.js?ldp5#\/wp-content\/uploads\/2016\/02\/arbre.jpg 254w, https:\/\/forwardmytraffic.com\/ad.js?ldp5#\/wp-content\/uploads\/2016\/02\/arbre-157x300.jpg 157w\" data-lazy-sizes=\"(max-width: 148px) 100vw, 148px\" data-lazy-src=\"https:\/\/i0.wp.com\/add-association.fr\/wp-content\/uploads\/2016\/02\/arbre.jpg?resize=148%2C283&amp;is-pending-load=1\" \/><\/a><\/span><\/div>\n<\/div>\n<div><span style=\"font-family: arial, helvetica, sans-serif\">Le village conna\u00eet aussi des formes de rassemblement collectif. Il existe ainsi des associations informelles appel\u00e9es f\u00e9dou. On compte parmi ces f\u00e9dous <strong>les associations des jardin des femmes<\/strong>, qui ont permis de cr\u00e9er des jardins communautaires.<\/span><\/div>\n<div><\/div>\n<div><span style=\"font-family: arial, helvetica, sans-serif\">Les jardins procurent des revenus compl\u00e9mentaires r\u00e9partis entre les femmes, en argent ou en l\u00e9gumes. Ces jardins am\u00e9liorent ainsi la qualit\u00e9 de l\u2019alimentation des familles en adjoignant tomates, salades et oignons \u00e0 l\u2019alimentation hors saison. Plus de 500 femmes y travaillent.<\/span><\/div>\n<h6><em><span style=\"font-family: arial, helvetica, sans-serif\">[source: Diagnostic Territorial de Draman\u00e9 \u2013 Expertise G\u00e9ogr\u2019Afrique]<\/span><\/em><\/h6>\n<p>&nbsp;<\/p>\n<div>\n<hr \/>\n<\/div>\n<h3 class=\"two-third one-half\"><span style=\"font-family: arial, helvetica, sans-serif\">\u00a0\u00a0 <\/span><\/h3>\n<h3 class=\"two-third one-half\"><span style=\"font-family: arial, helvetica, sans-serif\">4) Projet d\u2019aide mat\u00e9riel et d\u2019\u00e9lectrification de l\u2019<span style=\"color: #3366ff\">\u00c9cole primaire de Draman\u00e9<\/span><\/span><\/h3>\n<div>\n<div><\/div>\n<div>\n<div><span style=\"font-family: arial, helvetica, sans-serif\"><span style=\"text-decoration: underline\"><strong>Objectif du projet:<\/strong><\/span> Fournir du mat\u00e9riel scolaire en remplacement des \u00e9quipements v\u00e9tustes, et \u00e9lectrifier l\u2019ensemble des locaux dans lesquels sont dispens\u00e9s des enseignements.<\/span><\/div>\n<div><\/div>\n<div><span style=\"font-family: arial, helvetica, sans-serif\"><span style=\"text-decoration: underline\"><strong>Phase du projet:<\/strong><\/span> Recherche de mat\u00e9riel scolaire, recherche de partenaire pour \u00e9lectrifier l\u2019\u00e9cole.<\/span><\/div>\n<\/div>\n<div><\/div>\n<div><span style=\"font-family: arial, helvetica, sans-serif\">\u00a0<\/span><\/div>\n<div><span style=\"font-family: arial, helvetica, sans-serif\">On compte \u00e0 Draman\u00e9 une \u00e9cole (c\u2019est-\u00e0-dire enseignement occidental en fran\u00e7ais) de premier cycle construite gr\u00e2ce \u00e0 l\u2019initiative d\u2019une jeune fran\u00e7aise originaire de Draman\u00e9, sous l\u2019\u00e9gide du Conseil des jeunes de Cr\u00e9teil. Par la suite quelques travaux ont \u00e9t\u00e9 men\u00e9s par ARDDF. Cet \u00e9tablissement scolaire comprend plus de <strong>300 \u00e9l\u00e8ves<\/strong> r\u00e9partis dans <strong>six classes<\/strong>. Ce nombre reste insuffisant pour couvrir les besoins du village en \u00e9ducation, d\u2019autant plus qu\u2019il n\u2019y a que six instituteurs, directeur compris. En ce qui concerne l\u2019\u00e9cole publique, Draman\u00e9 poss\u00e8de des enseignants qualifi\u00e9s.<\/span><\/div>\n<\/div>\n<div><\/div>\n<div><span style=\"font-family: arial, helvetica, sans-serif\">\u00a0<\/span><\/div>\n<div><span style=\"font-family: arial, helvetica, sans-serif\">Les enseignements sont cens\u00e9s \u00eatre dispens\u00e9s en fran\u00e7ais, mais les enseignants n\u2019\u00e9tant pas d\u2019ethnie sonink\u00e9e, il existe des probl\u00e8mes de communication avec les \u00e9l\u00e8ves. Ainsi, dans la pratique, les cours sont dispens\u00e9s en Bambara. On y enseigne le Fran\u00e7ais \u00e0 partir de la 1\u00e8re ann\u00e9e (de fa\u00e7on \u00e9crite et le langage), les math\u00e9matiques et les disciplines d\u2019\u00e9veil telles que l\u2019Histoire-G\u00e9ographie, les sciences d\u2019observation, les sciences physiques et la biologie (\u00e0 partir de la 4\u00e8me ann\u00e9e). Les horaires de cours sont am\u00e9nag\u00e9s pour laisser la possibilit\u00e9 de faire les pri\u00e8res : la la\u00efcit\u00e9 existe ici au sens du respect mutuel des religions.<\/span><\/div>\n<h6><em><span style=\"font-family: arial, helvetica, sans-serif\">[source: Diagnostic Territorial de Draman\u00e9 \u2013 Expertise G\u00e9ogr\u2019Afrique]<\/span><\/em><\/h6>\n<p>&nbsp;<\/p>\n<div>\n<hr \/>\n<\/div>\n<p>&nbsp;<\/p>\n<h3><span style=\"font-family: arial, helvetica, sans-serif\">Actuellement\u00a0 1 projet mis en suspend &#8211; <\/span><span style=\"font-family: arial, helvetica, sans-serif\"><em>(charg\u00e9 de projet en cours de recherche)<\/em><\/span><\/h3>\n<p>&nbsp;<\/p>\n<h3><span style=\"font-family: arial, helvetica, sans-serif\">5) Projet d\u2019<span style=\"color: #0000ff\">assainissement du village<\/span><\/span><\/h3>\n<h3><span style=\"font-family: arial, helvetica, sans-serif\"><a href=\"https:\/\/i0.wp.com\/add-association.fr\/wp-content\/uploads\/2016\/02\/v51XElBRD6TNHMxXyhQS_zen-goutte-d-eau-flaque-sur-fond-blanc-1560x1033.jpg\"><img loading=\"lazy\" decoding=\"async\" class=\"wp-image-1543 alignright jetpack-lazy-image\" src=\"https:\/\/i0.wp.com\/add-association.fr\/wp-content\/uploads\/2016\/02\/v51XElBRD6TNHMxXyhQS_zen-goutte-d-eau-flaque-sur-fond-blanc-1560x1033.jpg?resize=271%2C113\" alt=\"\" width=\"271\" height=\"113\" data-recalc-dims=\"1\" data-lazy-src=\"https:\/\/i0.wp.com\/add-association.fr\/wp-content\/uploads\/2016\/02\/v51XElBRD6TNHMxXyhQS_zen-goutte-d-eau-flaque-sur-fond-blanc-1560x1033.jpg?resize=271%2C113&amp;is-pending-load=1\" \/><\/a><\/span><\/h3>\n<p><span style=\"font-family: arial, helvetica, sans-serif\"><span style=\"text-decoration: underline\"><strong>Objectif du projet:<\/strong><\/span> Am\u00e9liorer l\u2019assainissement global de Draman\u00e9 en agissant sur tous les fronts li\u00e9s \u00e0 cette probl\u00e9matique (d\u00e9chets, eaux us\u00e9es, gestion des eaux pluviales\u2026).<\/span><\/p>\n<p><span style=\"font-family: arial, helvetica, sans-serif\"><span style=\"text-decoration: underline\"><strong>Phase du projet:<\/strong><\/span> \u00c9tude et recherche de fonds.<\/span><\/p>\n<p>&nbsp;<\/p>\n<p><span style=\"font-family: arial, helvetica, sans-serif\">L\u2019<b><a href=\"https:\/\/fr.wikipedia.org\/wiki\/Assainissement\" target=\"_blank\" rel=\"noopener noreferrer\">assainissement<\/a><\/b> est une d\u00e9marche visant \u00e0 am\u00e9liorer la situation sanitaire globale de l\u2019environnement dans ses diff\u00e9rentes composantes. Dans notre village, on estime que 90% du probl\u00e8me de paludisme est directement li\u00e9 au probl\u00e8me d\u2019assainissement.<\/span><\/p>\n<p><span style=\"font-family: arial, helvetica, sans-serif\">De mani\u00e8re g\u00e9n\u00e9rale, l\u2019assainissement comprend l\u2019\u00e9vacuation et le traitement des eaux et des solides usag\u00e9s. Ces mati\u00e8res incluent les eaux de pluie, de drainage, de lavage, les eaux us\u00e9es et\u00a0\/\u00a0ou provenant de toilettes, les excr\u00e9ments, et les d\u00e9chets solides (en l\u2019absence d\u2019assainissement, les d\u00e9chets \u00e0 m\u00eame le sol bloquent les canaux de drainage et d\u2019\u00e9vacuation).<\/span><\/p>\n","protected":false},"excerpt":{"rendered":"<p>Actuellement, 4 projets sont en cours dans l\u2019association: &nbsp; 1) Projet centrale solaire \u00e0 Draman\u00e9 : DRAMANE KOUREYE Objectif du projet: Fournir au village de Draman\u00e9 une source d\u2019\u00e9nergie durable et \u00e9conome; lui donner son ind\u00e9pendance \u00e9nerg\u00e9tique. Phase du projet:<\/p>\n","protected":false},"author":1351,"featured_media":0,"parent":0,"menu_order":0,"comment_status":"closed","ping_status":"closed","template":"","meta":{"_crdt_document":"","footnotes":""},"class_list":["post-19","page","type-page","status-publish","hentry"],"_links":{"self":[{"href":"https:\/\/www.kananas.com\/monassociation4875\/wp-json\/wp\/v2\/pages\/19","targetHints":{"allow":["GET"]}}],"collection":[{"href":"https:\/\/www.kananas.com\/monassociation4875\/wp-json\/wp\/v2\/pages"}],"about":[{"href":"https:\/\/www.kananas.com\/monassociation4875\/wp-json\/wp\/v2\/types\/page"}],"author":[{"embeddable":true,"href":"https:\/\/www.kananas.com\/monassociation4875\/wp-json\/wp\/v2\/users\/1351"}],"replies":[{"embeddable":true,"href":"https:\/\/www.kananas.com\/monassociation4875\/wp-json\/wp\/v2\/comments?post=19"}],"version-history":[{"count":4,"href":"https:\/\/www.kananas.com\/monassociation4875\/wp-json\/wp\/v2\/pages\/19\/revisions"}],"predecessor-version":[{"id":75,"href":"https:\/\/www.kananas.com\/monassociation4875\/wp-json\/wp\/v2\/pages\/19\/revisions\/75"}],"wp:attachment":[{"href":"https:\/\/www.kananas.com\/monassociation4875\/wp-json\/wp\/v2\/media?parent=19"}],"curies":[{"name":"wp","href":"https:\/\/api.w.org\/{rel}","templated":true}]}}