{"id":2,"date":"2019-01-06T16:29:15","date_gmt":"2019-01-06T15:29:15","guid":{"rendered":"http:\/\/www.kananas.com\/monassociation4875\/?page_id=2"},"modified":"2023-11-06T09:30:17","modified_gmt":"2023-11-06T08:30:17","slug":"accueil","status":"publish","type":"page","link":"https:\/\/www.kananas.com\/monassociation4875\/","title":{"rendered":"Accueil"},"content":{"rendered":"<h3 style=\"text-align: center\"><span style=\"font-family: arial, helvetica, sans-serif;color: #ff0000\"><em><strong>\u00ab L\u2019association cr\u00e9\u00e9e par les Jeunes de Draman\u00e9, pour le D\u00e9veloppement de Draman\u00e9 \u00bb<\/strong><\/em><\/span><\/h3>\n<p>&nbsp;<\/p>\n<h3><span style=\"font-family: arial, helvetica, sans-serif\">L\u2019<span style=\"color: #008000\"><strong>A<\/strong><\/span>ssociation pour le <span style=\"color: #ff9900\"><strong>D<\/strong><\/span>\u00e9veloppement de <span style=\"color: #ff0000\"><strong>D<\/strong><\/span>raman\u00e9, vous souhaite la bienvenue sur son nouveau site, que vous soyez adh\u00e9rents, membres b\u00e9n\u00e9voles ou sympathisants. Ce site internet vous permettra:<\/span><\/h3>\n<ul>\n<li><span style=\"font-family: arial, helvetica, sans-serif\"><strong>D\u2019en apprendre plus sur l\u2019association et de participer \u00e0 la promotion d\u2019ADD en faisant d\u00e9couvrir l\u2019association \u00e0 votre entourage<\/strong><\/span><\/li>\n<li><span style=\"font-family: arial, helvetica, sans-serif\"><strong>De vous tenir informer des projets futurs, en cours et pass\u00e9s<\/strong><\/span><\/li>\n<li><span style=\"font-family: arial, helvetica, sans-serif\"><strong>D\u2019avoir un \u0153il sur le planning des \u00e9v\u00e8nements de l\u2019association et des dates importantes<\/strong><\/span><\/li>\n<li><span style=\"font-family: arial, helvetica, sans-serif\"><strong>D\u2019avoir acc\u00e8s aux m\u00e9dias publi\u00e9s: Photos, compte-rendus\u2026<\/strong><\/span><\/li>\n<\/ul>\n<hr \/>\n<p>&nbsp;<\/p>\n","protected":false},"excerpt":{"rendered":"<p>\u00ab L\u2019association cr\u00e9\u00e9e par les Jeunes de Draman\u00e9, pour le D\u00e9veloppement de Draman\u00e9 \u00bb &nbsp; L\u2019Association pour le D\u00e9veloppement de Draman\u00e9, vous souhaite la bienvenue sur son nouveau site, que vous soyez adh\u00e9rents, membres b\u00e9n\u00e9voles ou sympathisants. Ce site internet<\/p>\n","protected":false},"author":1351,"featured_media":0,"parent":0,"menu_order":0,"comment_status":"closed","ping_status":"open","template":"","meta":{"_crdt_document":"","footnotes":""},"class_list":["post-2","page","type-page","status-publish","hentry"],"_links":{"self":[{"href":"https:\/\/www.kananas.com\/monassociation4875\/wp-json\/wp\/v2\/pages\/2","targetHints":{"allow":["GET"]}}],"collection":[{"href":"https:\/\/www.kananas.com\/monassociation4875\/wp-json\/wp\/v2\/pages"}],"about":[{"href":"https:\/\/www.kananas.com\/monassociation4875\/wp-json\/wp\/v2\/types\/page"}],"author":[{"embeddable":true,"href":"https:\/\/www.kananas.com\/monassociation4875\/wp-json\/wp\/v2\/users\/1351"}],"replies":[{"embeddable":true,"href":"https:\/\/www.kananas.com\/monassociation4875\/wp-json\/wp\/v2\/comments?post=2"}],"version-history":[{"count":11,"href":"https:\/\/www.kananas.com\/monassociation4875\/wp-json\/wp\/v2\/pages\/2\/revisions"}],"predecessor-version":[{"id":160,"href":"https:\/\/www.kananas.com\/monassociation4875\/wp-json\/wp\/v2\/pages\/2\/revisions\/160"}],"wp:attachment":[{"href":"https:\/\/www.kananas.com\/monassociation4875\/wp-json\/wp\/v2\/media?parent=2"}],"curies":[{"name":"wp","href":"https:\/\/api.w.org\/{rel}","templated":true}]}}