{"id":20,"date":"2019-09-14T13:39:53","date_gmt":"2019-09-14T11:39:53","guid":{"rendered":"http:\/\/www.kananas.com\/monassociation4875\/?page_id=20"},"modified":"2023-11-06T10:30:23","modified_gmt":"2023-11-06T09:30:23","slug":"evenements","status":"publish","type":"page","link":"https:\/\/www.kananas.com\/monassociation4875\/evenements\/","title":{"rendered":"\u00c9v\u00e8nements"},"content":{"rendered":"<h3 style=\"text-align: center\"><span style=\"font-family: arial, helvetica, sans-serif\">\u00c9v\u00e8nements ADD \u00e0 venir<\/span><\/h3>\n<p style=\"text-align: center\"><span style=\"font-family: arial, helvetica, sans-serif\"><em>Retrouvez prochainement les \u00e9v\u00e8nements ADD \u00e0 venir!<\/em><\/span><\/p>\n<p>&nbsp;<\/p>\n<h3><\/h3>\n<h3 style=\"text-align: center\"><span style=\"font-family: arial, helvetica, sans-serif;font-size: 14pt\">\u00c9v\u00e8nements ADD pass\u00e9s<\/span><\/h3>\n<table style=\"border-collapse: collapse;width: 100%;height: 216px\">\n<tbody>\n<tr style=\"height: 48px\">\n<td style=\"width: 33.3333%;height: 48px\"><strong>29\/10\/2023<\/strong><\/td>\n<td style=\"width: 33.3333%;height: 48px\"><strong>Tounoi de Foot ADD 2023<\/strong><\/p>\n<p>&nbsp;<\/td>\n<td style=\"width: 33.3333%;height: 48px\"><em>Stade Auguste Delaune \u00e0 Champigny sur Marne<\/em><\/td>\n<\/tr>\n<tr style=\"height: 24px\">\n<td style=\"width: 33.3333%;height: 24px\"><strong>06\/08\/2023<\/strong><\/td>\n<td style=\"width: 33.3333%;height: 24px\"><strong>Barbecue ADD 2022<\/strong><\/p>\n<p>&nbsp;<\/td>\n<td style=\"width: 33.3333%;height: 24px\"><em><span class=\"x193iq5w xeuugli x13faqbe x1vvkbs x1xmvt09 x1lliihq x1s928wv xhkezso x1gmr53x x1cpjm7i x1fgarty x1943h6x xudqn12 x3x7a5m x6prxxf xvq8zen xo1l8bm xzsf02u x1yc453h\" dir=\"auto\">Lac de Sarcelles<br \/>\n<\/span><\/em><\/td>\n<\/tr>\n<tr style=\"height: 24px\">\n<td style=\"width: 33.3333%;height: 24px\"><strong>28\/05\/2023<\/strong><\/td>\n<td style=\"width: 33.3333%;height: 24px\"><strong>AG ADD 2023<\/strong><\/p>\n<p>&nbsp;<\/td>\n<td style=\"width: 33.3333%;height: 24px\"><em><span class=\"x193iq5w xeuugli x13faqbe x1vvkbs x1xmvt09 x1lliihq x1s928wv xhkezso x1gmr53x x1cpjm7i x1fgarty x1943h6x xudqn12 x3x7a5m x6prxxf xvq8zen xo1l8bm xzsf02u x1yc453h\" dir=\"auto\">Le Joyau de la Marne \u00e0 Bry-sur-Marne<\/span><\/em><\/td>\n<\/tr>\n<tr style=\"height: 24px\">\n<td style=\"width: 33.3333%;height: 24px\"><strong>17\/12\/2022<\/strong><\/td>\n<td style=\"width: 33.3333%;height: 24px\"><strong>Journ\u00e9e d&rsquo;\u00e9change projet CAPAD<\/strong><\/p>\n<p>&nbsp;<\/td>\n<td style=\"width: 33.3333%;height: 24px\"><em>Paris 13\u00e8me<\/em><\/td>\n<\/tr>\n<tr style=\"height: 24px\">\n<td style=\"width: 33.3333%;height: 24px\"><strong>28\/08\/2022<\/strong><\/td>\n<td style=\"width: 33.3333%;height: 24px\"><strong>Tounoi de Foot ADD 2022<\/strong><\/p>\n<p>&nbsp;<\/td>\n<td style=\"width: 33.3333%;height: 24px\"><em>Parc Interdepartemental des Sports, Creteil<\/em><\/td>\n<\/tr>\n<tr style=\"height: 24px\">\n<td style=\"width: 33.3333%;height: 24px\"><strong>06\/08\/2022<\/strong><\/td>\n<td style=\"width: 33.3333%;height: 24px\"><strong>Barbecue ADD 2022<\/strong><\/p>\n<p>&nbsp;<\/td>\n<td style=\"width: 33.3333%;height: 24px\"><em>Lac de Cr\u00e9teil<\/em><\/td>\n<\/tr>\n<tr style=\"height: 24px\">\n<td style=\"width: 33.3333%;height: 24px\"><strong>11\/06\/2022<\/strong><\/td>\n<td style=\"width: 33.3333%;height: 24px\"><strong>AG ADD 2023<\/strong><\/p>\n<p>&nbsp;<\/td>\n<td style=\"width: 33.3333%;height: 24px\"><em>AGECA &#8211; Paris 11\u00e8me<\/em><\/td>\n<\/tr>\n<tr style=\"height: 24px\">\n<td style=\"width: 33.3333%;height: 24px\"><strong>30\/08\/2021<br \/>\n<\/strong><\/td>\n<td style=\"width: 33.3333%;height: 24px\"><strong>AG ADD 2021<\/strong><\/td>\n<td style=\"width: 33.3333%;height: 24px\"><em>Parc Interdepartemental des Sports, Creteil<\/em><\/td>\n<\/tr>\n<\/tbody>\n<\/table>\n<p>&nbsp;<\/p>\n<p style=\"text-align: center\"><span style=\"color: #ff0000\"><strong>Coupure 2019 \/ 2020 : COVID (interdiction de rassemblement)<\/strong><\/span><\/p>\n<p>&nbsp;<\/p>\n<ul>\n<li>\n<div class=\"_24er\">\n<table class=\" _4eok _10c5 uiGrid _51mz\" style=\"width: 76.1956%\" cellspacing=\"0\" cellpadding=\"0\">\n<tbody>\n<tr class=\"_51mx\">\n<td class=\"_5px7 _51m-\" style=\"width: 16.4179%\"><strong><span class=\"_5x8v _5a5j _5a5i\"><span class=\"_5a4-\">31 Ao\u00fbt 2019<\/span><\/span><\/strong><\/td>\n<td class=\"_4dmi _51m-\" style=\"width: 51.4097%\">\n<div class=\"_4dmj\">\n<div class=\"_4dmk\"><a href=\"https:\/\/www.facebook.com\/events\/640020639820250\/?acontext=%7B%22source%22%3A5%2C%22action_history%22%3A[%7B%22surface%22%3A%22page%22%2C%22mechanism%22%3A%22main_list%22%2C%22extra_data%22%3A%22%5C%22[]%5C%22%22%7D]%2C%22has_source%22%3Atrue%7D\" data-hovercard=\"\/ajax\/hovercard\/event.php?id=640020639820250\"><span class=\" _50f7\"> Tournoi de Foot ADD 2019 <\/span><\/a><\/div>\n<div class=\"_4dml fsm fwn fcg\"><span class=\"\">\u00a0<\/span><\/div>\n<\/div>\n<\/td>\n<td class=\"_5pxd _51m-\" style=\"width: 34.4864%\">\n<div class=\"_4dmn\">\n<div class=\"_30n-\"><a href=\"https:\/\/www.facebook.com\/pages\/Parc-Interdepartemental-des-Sports-Creteil\/450906961917779\" data-hovercard=\"\/ajax\/hovercard\/hovercard.php?id=450906961917779\">Parc Interdepartemental des Sports, Creteil<\/a><\/div>\n<\/div>\n<\/td>\n<td class=\"_4dmt _51mw _51m-\" style=\"width: 28.5602%\">\n<div><\/div>\n<div><\/div>\n<div><\/div>\n<\/td>\n<\/tr>\n<\/tbody>\n<\/table>\n<\/div>\n<div>\n<div class=\"_4dmd _xqr _23n-\">\n<div class=\"_24er\">\n<table class=\" _4eok _10c5 uiGrid _51mz\" style=\"width: 76.5429%\" cellspacing=\"0\" cellpadding=\"0\">\n<tbody>\n<tr class=\"_51mx\">\n<td class=\"_5px7 _51m-\" style=\"width: 16.1524%\"><strong><span class=\"_5x8v _5a5j _5a5i\"><span class=\"_5a4-\">6 Juillet 2019<\/span><\/span><\/strong><\/td>\n<td class=\"_4dmi _51m-\" style=\"width: 51.3856%\">\n<div class=\"_4dmj\">\n<div class=\"_4dmk\"><a href=\"https:\/\/www.facebook.com\/events\/1290495714437441\/?acontext=%7B%22source%22%3A5%2C%22action_history%22%3A[%7B%22surface%22%3A%22page%22%2C%22mechanism%22%3A%22main_list%22%2C%22extra_data%22%3A%22%5C%22[]%5C%22%22%7D]%2C%22has_source%22%3Atrue%7D\" data-hovercard=\"\/ajax\/hovercard\/event.php?id=1290495714437441\"><span class=\" _50f7\"> Assembl\u00e9e g\u00e9n\u00e9rale + Soir\u00e9e Repas ADD <\/span><\/a><\/div>\n<div class=\"_4dml fsm fwn fcg\"><span class=\"\">\u00a0<\/span><\/div>\n<\/div>\n<\/td>\n<td class=\"_5pxd _51m-\" style=\"width: 43.2909%\">\n<div class=\"_4dmn\">\n<div class=\"_30n-\">177 Rue de Charonne, 75011 Paris, France<\/div>\n<div class=\"_30n_\"><\/div>\n<\/div>\n<\/td>\n<td class=\"_4dmt _51mw _51m-\" style=\"width: 17.3623%\">\n<div class=\"_4dmu\">\n<div><\/div>\n<\/div>\n<\/td>\n<\/tr>\n<\/tbody>\n<\/table>\n<\/div>\n<\/div>\n<\/div>\n<div>\n<div class=\"_4dmd _xqr _23n-\">\n<div class=\"_24er\">\n<table class=\" _4eok _10c5 uiGrid _51mz\" style=\"width: 75.1726%\" cellspacing=\"0\" cellpadding=\"0\">\n<tbody>\n<tr class=\"_51mx\">\n<td class=\"_5px7 _51m-\" style=\"width: 17.0331%\"><strong><span class=\"_5x8v _5a5j _5a5i\"><span class=\"_5a4-\">25 Ao\u00fbt 2018<\/span><\/span><\/strong><\/td>\n<td class=\"_4dmi _51m-\" style=\"width: 51.8519%\">\n<div class=\"_4dmj\">\n<div class=\"_4dmk\"><a href=\"https:\/\/www.facebook.com\/events\/650097025362410\/?acontext=%7B%22source%22%3A5%2C%22action_history%22%3A[%7B%22surface%22%3A%22page%22%2C%22mechanism%22%3A%22main_list%22%2C%22extra_data%22%3A%22%5C%22[]%5C%22%22%7D]%2C%22has_source%22%3Atrue%7D\" data-hovercard=\"\/ajax\/hovercard\/event.php?id=650097025362410\"><span class=\" _50f7\"> Rentr\u00e9e ADD: Tournoi de Foot et Th\u00e8que <\/span><\/a><\/div>\n<div class=\"_4dml fsm fwn fcg\"><span class=\"\">\u00a0<\/span><\/div>\n<\/div>\n<\/td>\n<td class=\"_5pxd _51m-\" style=\"width: 30.5668%\">\n<div class=\"_4dmn\">\n<div class=\"_30n-\"><a href=\"https:\/\/www.facebook.com\/Parc-Interd%C3%A9partemental-des-sports-ParisVal-de-Marne-913377335394677\/\" data-hovercard=\"\/ajax\/hovercard\/hovercard.php?id=913377335394677\">Parc Interd\u00e9partemental des sports Paris\/Val de Marne<\/a><\/div>\n<div class=\"_30n_\">Cr\u00e9teil<\/div>\n<\/div>\n<\/td>\n<td class=\"_4dmt _51mw _51m-\" style=\"width: 7.79172%\">\n<div class=\"_4dmu\">\n<div><\/div>\n<\/div>\n<\/td>\n<\/tr>\n<\/tbody>\n<\/table>\n<\/div>\n<\/div>\n<\/div>\n<div>\n<div class=\"_4dmd _xqr _23n-\">\n<div class=\"_24er\">\n<table class=\" _4eok _10c5 uiGrid _51mz\" style=\"width: 84.1686%\" cellspacing=\"0\" cellpadding=\"0\">\n<tbody>\n<tr class=\"_51mx\">\n<td class=\"_5px7 _51m-\" style=\"width: 14.8037%\"><strong><span class=\"_5x8v _5a5j _5a5i\"><span class=\"_5a4-\">21 Juillet 2018<\/span><\/span><\/strong><\/td>\n<td class=\"_4dmi _51m-\" style=\"width: 47.1133%\">\n<div class=\"_4dmj\">\n<div class=\"_4dmk\"><a href=\"https:\/\/www.facebook.com\/events\/879266905592089\/?acontext=%7B%22source%22%3A5%2C%22action_history%22%3A[%7B%22surface%22%3A%22page%22%2C%22mechanism%22%3A%22main_list%22%2C%22extra_data%22%3A%22%5C%22[]%5C%22%22%7D]%2C%22has_source%22%3Atrue%7D\" data-hovercard=\"\/ajax\/hovercard\/event.php?id=879266905592089\"><span class=\" _50f7\"> Soir\u00e9e Repas ADD #2 <\/span><\/a><\/div>\n<div class=\"_4dml fsm fwn fcg\"><span class=\"\">\u00a0<\/span><\/div>\n<\/div>\n<\/td>\n<td class=\"_5pxd _51m-\" style=\"width: 50.1854%\">\n<div class=\"_4dmn\">\n<div class=\"_30n-\">177 Rue de Charonne, 75011 Paris, France<\/div>\n<div class=\"_30n_\"><\/div>\n<\/div>\n<\/td>\n<td class=\"_4dmt _51mw _51m-\" style=\"width: 34.6611%\">\n<div class=\"_4dmu\">\n<div><\/div>\n<\/div>\n<\/td>\n<\/tr>\n<\/tbody>\n<\/table>\n<\/div>\n<\/div>\n<\/div>\n<div>\n<div class=\"_4dmd _xqr _23n-\">\n<div class=\"_24er\">\n<table class=\" _4eok _10c5 uiGrid _51mz\" style=\"width: 90.9513%\" cellspacing=\"0\" cellpadding=\"0\">\n<tbody>\n<tr class=\"_51mx\">\n<td class=\"_5px7 _51m-\" style=\"width: 13.5296%\"><strong><span class=\"_5x8v _5a5j _5a5i\"><span class=\"_5a4-\">14 Avril 2018<\/span><\/span><\/strong><\/td>\n<td class=\"_4dmi _51m-\" style=\"width: 43.5931%\">\n<div class=\"_4dmj\">\n<div class=\"_4dmk\"><a href=\"https:\/\/www.facebook.com\/events\/152506415434647\/?acontext=%7B%22source%22%3A5%2C%22action_history%22%3A[%7B%22surface%22%3A%22page%22%2C%22mechanism%22%3A%22main_list%22%2C%22extra_data%22%3A%22%5C%22[]%5C%22%22%7D]%2C%22has_source%22%3Atrue%7D\" data-hovercard=\"\/ajax\/hovercard\/event.php?id=152506415434647\"><span class=\" _50f7\"> Assembl\u00e9e G\u00e9n\u00e9rale n\u00b03: Bilan de l&rsquo;ann\u00e9e 2017 <\/span><\/a><\/div>\n<div class=\"_4dml fsm fwn fcg\"><span class=\"\">\u00a0<\/span><\/div>\n<\/div>\n<\/td>\n<td class=\"_5pxd _51m-\" style=\"width: 45.7332%\">\n<div class=\"_4dmn\">\n<div class=\"_30n-\">177 Rue de Charonne, 75011 Paris, France<\/div>\n<div class=\"_30n_\"><\/div>\n<\/div>\n<\/td>\n<td class=\"_4dmt _51mw _51m-\" style=\"width: 40.1728%\">\n<div class=\"_4dmu\">\n<div><\/div>\n<\/div>\n<\/td>\n<\/tr>\n<\/tbody>\n<\/table>\n<\/div>\n<\/div>\n<\/div>\n<div>\n<div class=\"_4dmd _xqr _23n-\">\n<div class=\"_24er\">\n<table class=\" _4eok _10c5 uiGrid _51mz\" style=\"width: 92.1462%\" cellspacing=\"0\" cellpadding=\"0\">\n<tbody>\n<tr class=\"_51mx\">\n<td class=\"_5px7 _51m-\" style=\"width: 13.7234%\"><strong><span class=\"_5x8v _5a5j _5a5i\"><span class=\"_5a4-\">26 Ao\u00fbt 2017<\/span><\/span><\/strong><\/td>\n<td class=\"_4dmi _51m-\" style=\"width: 43.0391%\">\n<div class=\"_4dmj\">\n<div class=\"_4dmk\"><a href=\"https:\/\/www.facebook.com\/events\/112988299357291\/?acontext=%7B%22source%22%3A5%2C%22action_history%22%3A[%7B%22surface%22%3A%22page%22%2C%22mechanism%22%3A%22main_list%22%2C%22extra_data%22%3A%22%5C%22[]%5C%22%22%7D]%2C%22has_source%22%3Atrue%7D\" data-hovercard=\"\/ajax\/hovercard\/event.php?id=112988299357291\"><span class=\" _50f7\"> Tournoi De Foot ADD <\/span><\/a><\/div>\n<div class=\"_4dml fsm fwn fcg\"><span class=\"\">\u00a0<\/span><\/div>\n<\/div>\n<\/td>\n<td class=\"_5pxd _51m-\" style=\"width: 42.8234%\">\n<div class=\"_4dmn\">\n<div class=\"_30n-\"><a href=\"https:\/\/www.facebook.com\/pages\/Parc-Interdepartemental-des-Sports-Creteil\/450906961917779\" data-hovercard=\"\/ajax\/hovercard\/hovercard.php?id=450906961917779\">Parc Interdepartemental des Sports, Creteil<\/a><\/div>\n<div class=\"_30n_\"><\/div>\n<\/div>\n<\/td>\n<td class=\"_4dmt _51mw _51m-\" style=\"width: 20.5601%\">\n<div class=\"_4dmu\">\n<div><\/div>\n<\/div>\n<\/td>\n<\/tr>\n<\/tbody>\n<\/table>\n<\/div>\n<\/div>\n<\/div>\n<div>\n<div class=\"_4dmd _xqr _23n-\">\n<div class=\"_24er\">\n<table class=\" _4eok _10c5 uiGrid _51mz\" style=\"width: 98.3675%\" cellspacing=\"0\" cellpadding=\"0\">\n<tbody>\n<tr class=\"_51mx\">\n<td class=\"_5px7 _51m-\" style=\"width: 12.9395%\"><strong><span class=\"_5x8v _5a5j _5a5i\"><span class=\"_5a4-\">22 Juillet 2017<\/span><\/span><\/strong><\/td>\n<td class=\"_4dmi _51m-\" style=\"width: 40.3029%\">\n<div class=\"_4dmj\">\n<div class=\"_4dmk\"><a href=\"https:\/\/www.facebook.com\/events\/423768251356939\/?acontext=%7B%22source%22%3A5%2C%22action_history%22%3A[%7B%22surface%22%3A%22page%22%2C%22mechanism%22%3A%22main_list%22%2C%22extra_data%22%3A%22%5C%22[]%5C%22%22%7D]%2C%22has_source%22%3Atrue%7D\" data-hovercard=\"\/ajax\/hovercard\/event.php?id=423768251356939\"><span class=\" _50f7\"> Soir\u00e9e Repas ADD <\/span><\/a><\/div>\n<div class=\"_4dml fsm fwn fcg\"><\/div>\n<\/div>\n<\/td>\n<td class=\"_5pxd _51m-\" style=\"width: 174.113%\">\n<div class=\"_4dmn\">\n<div class=\"_30n-\">42 Route de la Queue en Brie, 94370 Sucy-en-Brie, France<\/div>\n<div class=\"_30n_\"><\/div>\n<\/div>\n<\/td>\n<td class=\"_4dmt _51mw _51m-\" style=\"width: 23.913%\">\n<div class=\"_4dmu\">\n<div><\/div>\n<\/div>\n<\/td>\n<\/tr>\n<\/tbody>\n<\/table>\n<\/div>\n<\/div>\n<\/div>\n<div>\n<div class=\"_4dmd _xqr _23n-\">\n<div class=\"_24er\">\n<table class=\" _4eok _10c5 uiGrid _51mz\" style=\"width: 97.8145%\" cellspacing=\"0\" cellpadding=\"0\">\n<tbody>\n<tr class=\"_51mx\">\n<td class=\"_5px7 _51m-\" style=\"width: 12.7276%\"><strong><span class=\"_5x8v _5a5j _5a5i\"><span class=\"_5a4-\">7 Janvier 2017<\/span><\/span><\/strong><\/td>\n<td class=\"_4dmi _51m-\" style=\"width: 40.6397%\">\n<div class=\"_4dmj\">\n<div class=\"_4dmk\"><a href=\"https:\/\/www.facebook.com\/events\/1226857344074242\/?acontext=%7B%22source%22%3A5%2C%22action_history%22%3A[%7B%22surface%22%3A%22page%22%2C%22mechanism%22%3A%22main_list%22%2C%22extra_data%22%3A%22%5C%22[]%5C%22%22%7D]%2C%22has_source%22%3Atrue%7D\" data-hovercard=\"\/ajax\/hovercard\/event.php?id=1226857344074242\"><span class=\" _50f7\"> Assembl\u00e9e G\u00e9n\u00e9rale 2016 ADD <\/span><\/a><\/div>\n<div class=\"_4dml fsm fwn fcg\"><\/div>\n<\/div>\n<\/td>\n<td class=\"_5pxd _51m-\" style=\"width: 45.8484%\">\n<div class=\"_4dmn\">\n<div class=\"_30n-\"><a href=\"https:\/\/www.facebook.com\/pages\/Bourse-Du-Travail-De-St-Denis-93\/202780403087766\" data-hovercard=\"\/ajax\/hovercard\/hovercard.php?id=202780403087766\">Bourse Du Travail De St Denis 93<\/a><\/div>\n<div class=\"_30n_\"><\/div>\n<\/div>\n<\/td>\n<td class=\"_4dmt _51mw _51m-\" style=\"width: 60.7505%\">\n<div class=\"_4dmu\">\n<div><\/div>\n<\/div>\n<\/td>\n<\/tr>\n<\/tbody>\n<\/table>\n<\/div>\n<\/div>\n<\/div>\n<div>\n<div class=\"_4dmd _xqr _23n-\">\n<div class=\"_24er\">\n<table class=\" _4eok _10c5 uiGrid _51mz\" style=\"width: 92.8661%\" cellspacing=\"0\" cellpadding=\"0\">\n<tbody>\n<tr class=\"_51mx\">\n<td class=\"_5px7 _51m-\" style=\"width: 13.3603%\"><span class=\"_5x8v _5a5j _5a5i\"><strong><span class=\"_5a4-\">3 Septembre 2016<\/span><\/strong><\/span><\/td>\n<td class=\"_4dmi _51m-\" style=\"width: 42.33%\">\n<div class=\"_4dmj\">\n<div class=\"_4dmk\"><a href=\"https:\/\/www.facebook.com\/events\/288093651568549\/?acontext=%7B%22source%22%3A5%2C%22action_history%22%3A[%7B%22surface%22%3A%22page%22%2C%22mechanism%22%3A%22main_list%22%2C%22extra_data%22%3A%22%5C%22[]%5C%22%22%7D]%2C%22has_source%22%3Atrue%7D\" data-hovercard=\"\/ajax\/hovercard\/event.php?id=288093651568549\"><span class=\" _50f7\"> Rentr\u00e9e ADD: Foot \/ Barbecue <\/span><\/a><\/div>\n<div class=\"_4dml fsm fwn fcg\"><\/div>\n<\/div>\n<\/td>\n<td class=\"_5pxd _51m-\" style=\"width: 53.0323%\">\n<div class=\"_4dmn\">\n<div class=\"_30n-\"><a href=\"https:\/\/www.facebook.com\/Parc-Interd%C3%A9partemental-des-sports-ParisVal-de-Marne-913377335394677\/\" data-hovercard=\"\/ajax\/hovercard\/hovercard.php?id=913377335394677\">Parc Interd\u00e9partemental des sports Paris\/Val de Marne<\/a><\/div>\n<div class=\"_30n_\"><\/div>\n<\/div>\n<\/td>\n<td class=\"_4dmt _51mw _51m-\" style=\"width: 44.13%\">\n<div class=\"_4dmu\">\n<div><\/div>\n<\/div>\n<\/td>\n<\/tr>\n<\/tbody>\n<\/table>\n<\/div>\n<\/div>\n<\/div>\n<div>\n<div class=\"_4dmd _xqr _23n-\">\n<div class=\"_24er\">\n<table class=\" _4eok _10c5 uiGrid _51mz\" style=\"width: 93.7758%\" cellspacing=\"0\" cellpadding=\"0\">\n<tbody>\n<tr class=\"_51mx\">\n<td class=\"_5px7 _51m-\" style=\"width: 13.1446%\"><strong><span class=\"_5x8v _5a5j _5a5i\"><span class=\"_5a4-\">17 Octobre 2015<\/span><\/span><\/strong><\/td>\n<td class=\"_4dmi _51m-\" style=\"width: 41.9547%\">\n<div class=\"_4dmj\">\n<div class=\"_4dmk\"><a href=\"https:\/\/www.facebook.com\/events\/1497818370531729\/?acontext=%7B%22source%22%3A5%2C%22action_history%22%3A[%7B%22surface%22%3A%22page%22%2C%22mechanism%22%3A%22main_list%22%2C%22extra_data%22%3A%22%5C%22[]%5C%22%22%7D]%2C%22has_source%22%3Atrue%7D\" data-hovercard=\"\/ajax\/hovercard\/event.php?id=1497818370531729\"><span class=\" _50f7\"> Assembl\u00e9e G\u00e9n\u00e9rale : ADD <\/span><\/a><\/div>\n<div class=\"_4dml fsm fwn fcg\"><\/div>\n<\/div>\n<\/td>\n<td class=\"_5pxd _51m-\" style=\"width: 69.151%\">\n<div class=\"_4dmn\">\n<div class=\"_30n-\">3 Boulevard de Friedberg, 94 350 Villiers-sur-Marne<\/div>\n<div class=\"_30n_\"><\/div>\n<\/div>\n<\/td>\n<td class=\"_4dmt _51mw _51m-\" style=\"width: 77.3298%\">\n<div class=\"_4dmu\">\n<div><\/div>\n<\/div>\n<\/td>\n<\/tr>\n<\/tbody>\n<\/table>\n<\/div>\n<\/div>\n<\/div>\n<\/li>\n<\/ul>\n","protected":false},"excerpt":{"rendered":"<p>\u00c9v\u00e8nements ADD \u00e0 venir Retrouvez prochainement les \u00e9v\u00e8nements ADD \u00e0 venir! &nbsp; \u00c9v\u00e8nements ADD pass\u00e9s 29\/10\/2023 Tounoi de Foot ADD 2023 &nbsp; Stade Auguste Delaune \u00e0 Champigny sur Marne 06\/08\/2023 Barbecue ADD 2022 &nbsp; Lac de Sarcelles 28\/05\/2023 AG ADD<\/p>\n","protected":false},"author":1351,"featured_media":0,"parent":0,"menu_order":0,"comment_status":"closed","ping_status":"closed","template":"","meta":{"_crdt_document":"","footnotes":""},"class_list":["post-20","page","type-page","status-publish","hentry"],"_links":{"self":[{"href":"https:\/\/www.kananas.com\/monassociation4875\/wp-json\/wp\/v2\/pages\/20","targetHints":{"allow":["GET"]}}],"collection":[{"href":"https:\/\/www.kananas.com\/monassociation4875\/wp-json\/wp\/v2\/pages"}],"about":[{"href":"https:\/\/www.kananas.com\/monassociation4875\/wp-json\/wp\/v2\/types\/page"}],"author":[{"embeddable":true,"href":"https:\/\/www.kananas.com\/monassociation4875\/wp-json\/wp\/v2\/users\/1351"}],"replies":[{"embeddable":true,"href":"https:\/\/www.kananas.com\/monassociation4875\/wp-json\/wp\/v2\/comments?post=20"}],"version-history":[{"count":8,"href":"https:\/\/www.kananas.com\/monassociation4875\/wp-json\/wp\/v2\/pages\/20\/revisions"}],"predecessor-version":[{"id":170,"href":"https:\/\/www.kananas.com\/monassociation4875\/wp-json\/wp\/v2\/pages\/20\/revisions\/170"}],"wp:attachment":[{"href":"https:\/\/www.kananas.com\/monassociation4875\/wp-json\/wp\/v2\/media?parent=20"}],"curies":[{"name":"wp","href":"https:\/\/api.w.org\/{rel}","templated":true}]}}