{"id":101,"date":"2017-01-27T16:26:06","date_gmt":"2017-01-27T15:26:06","guid":{"rendered":"http:\/\/www.kananas.com\/moto-clubleskochersbikers851\/?page_id=101"},"modified":"2024-05-07T10:25:57","modified_gmt":"2024-05-07T08:25:57","slug":"accueil","status":"publish","type":"page","link":"https:\/\/www.kananas.com\/moto-clubleskochersbikers851\/","title":{"rendered":"Accueil"},"content":{"rendered":"<p><img loading=\"lazy\" decoding=\"async\" class=\"alignleft wp-image-387 size-full\" src=\"http:\/\/www.kananas.com\/moto-clubleskochersbikers851\/wp-content\/uploads\/sites\/244\/2019\/02\/fond-virages01small.jpg\" alt=\"\" width=\"800\" height=\"400\" srcset=\"https:\/\/www.kananas.com\/moto-clubleskochersbikers851\/wp-content\/uploads\/sites\/244\/2019\/02\/fond-virages01small.jpg 800w, https:\/\/www.kananas.com\/moto-clubleskochersbikers851\/wp-content\/uploads\/sites\/244\/2019\/02\/fond-virages01small-300x150.jpg 300w, https:\/\/www.kananas.com\/moto-clubleskochersbikers851\/wp-content\/uploads\/sites\/244\/2019\/02\/fond-virages01small-768x384.jpg 768w\" sizes=\"auto, (max-width: 800px) 100vw, 800px\" \/><\/p>\n<p><span style=\"font-family: comic sans ms,sans-serif;font-size: 12pt\">Bienvenue sur le site du moto club Les KochersBikers.<\/span><\/p>\n<p><span style=\"font-family: comic sans ms,sans-serif;font-size: 12pt\">Cr\u00e9\u00e9 en 2012, sur les communes de Dingsheim, Griesheim-sur-Souffel et Pfulgriesheim, notre association regroupe une 50aine de membres. <\/span><br \/>\n<span style=\"font-family: comic sans ms,sans-serif;font-size: 12pt\">Ils se retrouvent pour des balades dans notre belle r\u00e9gion alsacienne ou chez nos voisins du Jura, du Doubs, de la For\u00eat-Noire\u2026<\/span><\/p>\n<p><span style=\"font-family: comic sans ms,sans-serif;font-size: 12pt\">Plusieurs sorties sont organis\u00e9es chaque ann\u00e9e, sur une journ\u00e9e ou sur un week-end. <\/span><br \/>\n<span style=\"font-family: comic sans ms,sans-serif;font-size: 12pt\">Un seul\u00a0leitmotiv \u00ab\u00a0Partager de bons moments motards dans un esprit de franche camaraderie\u00a0\u00bb.<\/span><\/p>\n<p><span style=\"font-family: comic sans ms,sans-serif;font-size: 12pt\">Nous ne manquons pas de terrain de jeux en Alsace et aucun circuit ne ressemble \u00e0 un autre. <\/span><br \/>\n<span style=\"font-family: comic sans ms,sans-serif;font-size: 12pt\">Ils combleront aussi bien les \u00ab roule toujours \u00bb que les amoureux de vieilles pierres ou les amateurs de nature.<\/span><\/p>\n<p><span style=\"font-family: comic sans ms,sans-serif;font-size: 12pt\">Si vous \u00eates int\u00e9ress\u00e9s pour participer \u00e0 l\u2019une de nos vir\u00e9es et\/ou adh\u00e9rer au club, n\u2019h\u00e9sitez pas \u00e0 nous contacter (via la page \u00ab\u00a0Nous contacter\u00a0\u00bb) pour conna\u00eetre le calendrier des sorties ou \u00e0 vous rendre sur la page \u00ab\u00a0Adh\u00e9rer\u00a0\u00bb.<\/span><\/p>\n<p><span style=\"font-family: comic sans ms,sans-serif;font-size: 12pt\">Une sortie est organis\u00e9e chaque 2\u00e8me dimanche du mois (de mars \u00e0 octobre) au d\u00e9part de Dingsheim (parking du tennis couvert)<\/span><\/p>\n<p><span style=\"font-family: comic sans ms,sans-serif;font-size: 12pt\">Appel de phare et @ bient\u00f4t peut-\u00eatre<\/span><\/p>\n<p><span style=\"font-family: comic sans ms,sans-serif;font-size: 12pt\">Le comit\u00e9 du moto club Les KochersBikers<\/span><\/p>\n","protected":false},"excerpt":{"rendered":"<p>Bienvenue sur le site du moto club Les KochersBikers. Cr\u00e9\u00e9 en 2012, sur les communes de Dingsheim, Griesheim-sur-Souffel et Pfulgriesheim, notre association regroupe une 50aine de membres. Ils se retrouvent pour des balades dans notre belle r\u00e9gion alsacienne ou chez&#8230;<br \/><a class=\"read-more-button\" href=\"https:\/\/www.kananas.com\/moto-clubleskochersbikers851\/\">Read more<\/a><\/p>\n","protected":false},"author":251,"featured_media":0,"parent":0,"menu_order":0,"comment_status":"closed","ping_status":"closed","template":"","meta":{"_crdt_document":"","footnotes":""},"class_list":["post-101","page","type-page","status-publish","hentry"],"_links":{"self":[{"href":"https:\/\/www.kananas.com\/moto-clubleskochersbikers851\/wp-json\/wp\/v2\/pages\/101","targetHints":{"allow":["GET"]}}],"collection":[{"href":"https:\/\/www.kananas.com\/moto-clubleskochersbikers851\/wp-json\/wp\/v2\/pages"}],"about":[{"href":"https:\/\/www.kananas.com\/moto-clubleskochersbikers851\/wp-json\/wp\/v2\/types\/page"}],"author":[{"embeddable":true,"href":"https:\/\/www.kananas.com\/moto-clubleskochersbikers851\/wp-json\/wp\/v2\/users\/251"}],"replies":[{"embeddable":true,"href":"https:\/\/www.kananas.com\/moto-clubleskochersbikers851\/wp-json\/wp\/v2\/comments?post=101"}],"version-history":[{"count":14,"href":"https:\/\/www.kananas.com\/moto-clubleskochersbikers851\/wp-json\/wp\/v2\/pages\/101\/revisions"}],"predecessor-version":[{"id":626,"href":"https:\/\/www.kananas.com\/moto-clubleskochersbikers851\/wp-json\/wp\/v2\/pages\/101\/revisions\/626"}],"wp:attachment":[{"href":"https:\/\/www.kananas.com\/moto-clubleskochersbikers851\/wp-json\/wp\/v2\/media?parent=101"}],"curies":[{"name":"wp","href":"https:\/\/api.w.org\/{rel}","templated":true}]}}