{"id":131,"date":"2017-02-28T10:04:18","date_gmt":"2017-02-28T09:04:18","guid":{"rendered":"http:\/\/www.kananas.com\/moto-clubleskochersbikers851\/?page_id=131"},"modified":"2017-03-06T14:45:11","modified_gmt":"2017-03-06T13:45:11","slug":"informations-utiles","status":"publish","type":"page","link":"https:\/\/www.kananas.com\/moto-clubleskochersbikers851\/informations-utiles\/","title":{"rendered":"Infos et docs utiles"},"content":{"rendered":"<p style=\"text-align: center\"><span style=\"color: #333300;font-size: 18pt\"><strong>&#8230;concernant le monde de la moto<\/strong><\/span><\/p>\n<p><span style=\"font-size: 12pt\">Utilisez le menu d\u00e9roulant pour acc\u00e9der aux diff\u00e9rentes rubriques d&rsquo;informations&#8230;<\/span><\/p>\n<p>&nbsp;<\/p>\n","protected":false},"excerpt":{"rendered":"<p>&#8230;concernant le monde de la moto Utilisez le menu d\u00e9roulant pour acc\u00e9der aux diff\u00e9rentes rubriques d&rsquo;informations&#8230; &nbsp;<\/p>\n","protected":false},"author":251,"featured_media":0,"parent":0,"menu_order":0,"comment_status":"closed","ping_status":"closed","template":"","meta":{"_crdt_document":"","footnotes":""},"class_list":["post-131","page","type-page","status-publish","hentry"],"_links":{"self":[{"href":"https:\/\/www.kananas.com\/moto-clubleskochersbikers851\/wp-json\/wp\/v2\/pages\/131","targetHints":{"allow":["GET"]}}],"collection":[{"href":"https:\/\/www.kananas.com\/moto-clubleskochersbikers851\/wp-json\/wp\/v2\/pages"}],"about":[{"href":"https:\/\/www.kananas.com\/moto-clubleskochersbikers851\/wp-json\/wp\/v2\/types\/page"}],"author":[{"embeddable":true,"href":"https:\/\/www.kananas.com\/moto-clubleskochersbikers851\/wp-json\/wp\/v2\/users\/251"}],"replies":[{"embeddable":true,"href":"https:\/\/www.kananas.com\/moto-clubleskochersbikers851\/wp-json\/wp\/v2\/comments?post=131"}],"version-history":[{"count":21,"href":"https:\/\/www.kananas.com\/moto-clubleskochersbikers851\/wp-json\/wp\/v2\/pages\/131\/revisions"}],"predecessor-version":[{"id":184,"href":"https:\/\/www.kananas.com\/moto-clubleskochersbikers851\/wp-json\/wp\/v2\/pages\/131\/revisions\/184"}],"wp:attachment":[{"href":"https:\/\/www.kananas.com\/moto-clubleskochersbikers851\/wp-json\/wp\/v2\/media?parent=131"}],"curies":[{"name":"wp","href":"https:\/\/api.w.org\/{rel}","templated":true}]}}