{"id":178,"date":"2017-03-06T14:43:12","date_gmt":"2017-03-06T13:43:12","guid":{"rendered":"http:\/\/www.kananas.com\/moto-clubleskochersbikers851\/?page_id=178"},"modified":"2025-02-13T17:34:26","modified_gmt":"2025-02-13T16:34:26","slug":"documents-utiles","status":"publish","type":"page","link":"https:\/\/www.kananas.com\/moto-clubleskochersbikers851\/documents-utiles\/","title":{"rendered":"Documents utiles"},"content":{"rendered":"<p><strong><span style=\"font-size: 14pt\">Documents t\u00e9l\u00e9chargeables (format PDF)<\/span><\/strong><\/p>\n<p><span style=\"font-size: 12pt\">Formulaire d&rsquo;adh\u00e9sion papier : <a href=\"https:\/\/www.kananas.com\/moto-clubleskochersbikers851\/wp-content\/uploads\/sites\/244\/2025\/02\/Bulletin-adhesion-2025.pdf\">Bulletin d&rsquo;adh\u00e9sion au motoclub<\/a><\/span><\/p>\n<p>&nbsp;<\/p>\n<p><span style=\"font-size: 12pt\">R\u00e8glement int\u00e9rieur : <a href=\"http:\/\/www.kananas.com\/moto-clubleskochersbikers851\/wp-content\/uploads\/sites\/244\/2017\/03\/Reglement-interieur.pdf\">R\u00e8glement int\u00e9rieur<\/a> <\/span><\/p>\n<p><span style=\"font-size: 12pt\">Statuts de l&rsquo;association : <a href=\"http:\/\/www.kananas.com\/moto-clubleskochersbikers851\/wp-content\/uploads\/sites\/244\/2017\/03\/Statuts.pdf\">Statuts<\/a><\/span><\/p>\n<p>&nbsp;<\/p>\n","protected":false},"excerpt":{"rendered":"<p>Documents t\u00e9l\u00e9chargeables (format PDF) Formulaire d&rsquo;adh\u00e9sion papier : Bulletin d&rsquo;adh\u00e9sion au motoclub &nbsp; R\u00e8glement int\u00e9rieur : R\u00e8glement int\u00e9rieur Statuts de l&rsquo;association : Statuts &nbsp;<\/p>\n","protected":false},"author":251,"featured_media":0,"parent":0,"menu_order":0,"comment_status":"closed","ping_status":"closed","template":"","meta":{"_crdt_document":"","footnotes":""},"class_list":["post-178","page","type-page","status-publish","hentry"],"_links":{"self":[{"href":"https:\/\/www.kananas.com\/moto-clubleskochersbikers851\/wp-json\/wp\/v2\/pages\/178","targetHints":{"allow":["GET"]}}],"collection":[{"href":"https:\/\/www.kananas.com\/moto-clubleskochersbikers851\/wp-json\/wp\/v2\/pages"}],"about":[{"href":"https:\/\/www.kananas.com\/moto-clubleskochersbikers851\/wp-json\/wp\/v2\/types\/page"}],"author":[{"embeddable":true,"href":"https:\/\/www.kananas.com\/moto-clubleskochersbikers851\/wp-json\/wp\/v2\/users\/251"}],"replies":[{"embeddable":true,"href":"https:\/\/www.kananas.com\/moto-clubleskochersbikers851\/wp-json\/wp\/v2\/comments?post=178"}],"version-history":[{"count":14,"href":"https:\/\/www.kananas.com\/moto-clubleskochersbikers851\/wp-json\/wp\/v2\/pages\/178\/revisions"}],"predecessor-version":[{"id":663,"href":"https:\/\/www.kananas.com\/moto-clubleskochersbikers851\/wp-json\/wp\/v2\/pages\/178\/revisions\/663"}],"wp:attachment":[{"href":"https:\/\/www.kananas.com\/moto-clubleskochersbikers851\/wp-json\/wp\/v2\/media?parent=178"}],"curies":[{"name":"wp","href":"https:\/\/api.w.org\/{rel}","templated":true}]}}