{"id":225,"date":"2017-03-20T16:02:25","date_gmt":"2017-03-20T15:02:25","guid":{"rendered":"http:\/\/www.kananas.com\/moto-clubleskochersbikers851\/?page_id=225"},"modified":"2017-03-20T16:04:49","modified_gmt":"2017-03-20T15:04:49","slug":"logiciels-et-utilitaires","status":"publish","type":"page","link":"https:\/\/www.kananas.com\/moto-clubleskochersbikers851\/logiciels-et-utilitaires\/","title":{"rendered":"Logiciels et utilitaires"},"content":{"rendered":"<p><strong><span style=\"font-size: 14pt\">Les indispensables<br \/>\n<\/span><\/strong><span style=\"font-size: 14pt\"><span style=\"font-size: 12pt\">liste non exhaustive qui sera compl\u00e9t\u00e9e au fur et \u00e0 mesure. Toute vos suggestions sont les bienvenues.<\/span><\/span><\/p>\n<table>\n<tbody>\n<tr>\n<td style=\"width: 356px\"><strong><span style=\"font-size: 12pt\">Utilitaires de cr\u00e9ation d&rsquo;itin\u00e9raire<\/span><\/strong><\/td>\n<td style=\"width: 321px\"><span style=\"font-size: 12pt\"><a href=\"http:\/\/www.benichou-software.com\/index.php?option=com_content&amp;view=article&amp;id=1&amp;Itemid=4&amp;lang=fr\" target=\"_blank\"><span style=\"color: #0066cc\">ItnConverter<\/span><\/a>\u00a0un must<\/span><\/td>\n<td style=\"width: 366px\"><span style=\"font-size: 12pt\"><a href=\"http:\/\/www.tyretotravel.com\/download-tyre\/\" target=\"_blank\"><span style=\"color: #0066cc\">Tyre<\/span><\/a> (la version gratuite est suffisante)<\/span><\/td>\n<\/tr>\n<tr>\n<td style=\"width: 356px\"><strong><span style=\"font-size: 12pt\">Cr\u00e9ation de road book en ligne<\/span><\/strong><\/td>\n<td style=\"width: 321px\"><span style=\"color: #0066cc;font-size: 12pt\"><a href=\"http:\/\/www.lerepairedesmotards.com\/roadbook\/creation-roadbook.php\" target=\"_blank\"><span style=\"color: #0066cc\">Le repaire des motards<\/span><\/a><\/span><\/td>\n<td style=\"width: 366px\"><\/td>\n<\/tr>\n<tr>\n<td style=\"width: 356px\"><strong><span style=\"font-size: 12pt\">Lecture des PDF<\/span><\/strong><\/td>\n<td style=\"width: 321px\"><span style=\"color: #0066cc;font-size: 12pt\"><span style=\"color: #0066cc\"><a href=\"https:\/\/get.adobe.com\/fr\/reader\/otherversions\/\" target=\"_blank\"><span style=\"color: #0066cc\">Adobe Reader<\/span><\/a><\/span><\/span><\/td>\n<td style=\"width: 366px\"><\/td>\n<\/tr>\n<\/tbody>\n<\/table>\n<p>&nbsp;<\/p>\n","protected":false},"excerpt":{"rendered":"<p>Les indispensables liste non exhaustive qui sera compl\u00e9t\u00e9e au fur et \u00e0 mesure. Toute vos suggestions sont les bienvenues. Utilitaires de cr\u00e9ation d&rsquo;itin\u00e9raire ItnConverter\u00a0un must Tyre (la version gratuite est suffisante) Cr\u00e9ation de road book en ligne Le repaire des&#8230;<br \/><a class=\"read-more-button\" href=\"https:\/\/www.kananas.com\/moto-clubleskochersbikers851\/logiciels-et-utilitaires\/\">Read more<\/a><\/p>\n","protected":false},"author":251,"featured_media":0,"parent":0,"menu_order":0,"comment_status":"closed","ping_status":"closed","template":"","meta":{"_crdt_document":"","footnotes":""},"class_list":["post-225","page","type-page","status-publish","hentry"],"_links":{"self":[{"href":"https:\/\/www.kananas.com\/moto-clubleskochersbikers851\/wp-json\/wp\/v2\/pages\/225","targetHints":{"allow":["GET"]}}],"collection":[{"href":"https:\/\/www.kananas.com\/moto-clubleskochersbikers851\/wp-json\/wp\/v2\/pages"}],"about":[{"href":"https:\/\/www.kananas.com\/moto-clubleskochersbikers851\/wp-json\/wp\/v2\/types\/page"}],"author":[{"embeddable":true,"href":"https:\/\/www.kananas.com\/moto-clubleskochersbikers851\/wp-json\/wp\/v2\/users\/251"}],"replies":[{"embeddable":true,"href":"https:\/\/www.kananas.com\/moto-clubleskochersbikers851\/wp-json\/wp\/v2\/comments?post=225"}],"version-history":[{"count":4,"href":"https:\/\/www.kananas.com\/moto-clubleskochersbikers851\/wp-json\/wp\/v2\/pages\/225\/revisions"}],"predecessor-version":[{"id":229,"href":"https:\/\/www.kananas.com\/moto-clubleskochersbikers851\/wp-json\/wp\/v2\/pages\/225\/revisions\/229"}],"wp:attachment":[{"href":"https:\/\/www.kananas.com\/moto-clubleskochersbikers851\/wp-json\/wp\/v2\/media?parent=225"}],"curies":[{"name":"wp","href":"https:\/\/api.w.org\/{rel}","templated":true}]}}