{"id":248,"date":"2017-04-10T11:33:54","date_gmt":"2017-04-10T09:33:54","guid":{"rendered":"http:\/\/www.kananas.com\/moto-clubleskochersbikers851\/?page_id=248"},"modified":"2019-02-26T10:05:37","modified_gmt":"2019-02-26T09:05:37","slug":"calendrier","status":"publish","type":"page","link":"https:\/\/www.kananas.com\/moto-clubleskochersbikers851\/calendrier\/","title":{"rendered":"Calendrier"},"content":{"rendered":"<p><span style=\"font-size: 12pt\">Avant de cliquez sur le lien ci-contre pour acc\u00e9der \u00e0 <a href=\"http:\/\/orgaresa.neuraxones.fr\/calendrier\/index.php\" target=\"_blank\" rel=\"noopener\">OrgaResa<\/a>, le calendrier de nos sorties, merci de prendre connaissance du mode d&#8217;emploi ci dessous.<\/span><\/p>\n<p><strong><span style=\"font-size: 12pt\">Attention, <span style=\"color: #ff0000\">pour acc\u00e9der \u00e0 l&rsquo;ensemble des fonctionnalit\u00e9s, il est n\u00e9cessaire de vous connecter<\/span> (ou de vous inscrire) via le menu \u00ab\u00a0Connexion\u00a0\u00bb<\/span><\/strong><\/p>\n<hr \/>\n<p style=\"text-align: center\"><span style=\"font-size: 18pt\"><strong>Mode d&#8217;emploi :<\/strong><\/span><\/p>\n<table>\n<tbody>\n<tr>\n<td><span style=\"color: #ff0000;font-size: 14pt\"><strong>Menu \u00ab\u00a0Connexion\u00a0\u00bb<\/strong><\/span><br \/>\n<img loading=\"lazy\" decoding=\"async\" class=\"alignnone wp-image-282\" src=\"http:\/\/www.kananas.com\/moto-clubleskochersbikers851\/wp-content\/uploads\/sites\/244\/2017\/04\/Menu_Connexion800.jpg\" alt=\"\" width=\"700\" height=\"309\" srcset=\"https:\/\/www.kananas.com\/moto-clubleskochersbikers851\/wp-content\/uploads\/sites\/244\/2017\/04\/Menu_Connexion800.jpg 800w, https:\/\/www.kananas.com\/moto-clubleskochersbikers851\/wp-content\/uploads\/sites\/244\/2017\/04\/Menu_Connexion800-300x132.jpg 300w, https:\/\/www.kananas.com\/moto-clubleskochersbikers851\/wp-content\/uploads\/sites\/244\/2017\/04\/Menu_Connexion800-768x339.jpg 768w\" sizes=\"auto, (max-width: 700px) 100vw, 700px\" \/><span style=\"font-size: 12pt\">C&rsquo;est \u00e0 partir de ce menu que vous pouvez :<\/span><\/p>\n<ul>\n<li><span style=\"font-size: 12pt\"><strong>Vous connectez<\/strong> au site en saisissant votre adresse mail et votre mot de passe et en cliquant sur le bouton \u00ab\u00a0<strong>Connexion<\/strong>\u00ab\u00a0<\/span><\/li>\n<li><span style=\"font-size: 12pt\"><strong>Redemander votre mot de passe<\/strong> si vous l&rsquo;avez oubli\u00e9, en cliquant sur le bouton \u00ab\u00a0<strong>Oubli\u00e9<\/strong>\u00a0\u00bb et en indiquant votre adresse mail. Le mot de passe y sera envoy\u00e9 en quelques minutes.<\/span><\/li>\n<li><span style=\"font-size: 12pt\"><strong>Vous inscrire sur le site<\/strong> OrgaResa des KochersBikers en cliquant sur le bouton \u00ab\u00a0<strong>Inscription<\/strong>\u00ab\u00a0<\/span><\/li>\n<li><span style=\"font-size: 12pt\"><strong>D\u00e9connecter votre session<\/strong> en cliquant sur \u00ab\u00a0<strong>D\u00e9connexion<\/strong>\u00ab\u00a0<\/span><\/li>\n<\/ul>\n<\/td>\n<\/tr>\n<tr>\n<td><span style=\"font-size: 14pt\">\u00a0<\/span><span style=\"font-size: 14pt\"><span style=\"color: #ff0000\"><strong>Menu \u00ab\u00a0Calendrier\u00a0\u00bb<\/strong> <\/span><\/span><span style=\"font-size: 10pt\">:\u00a0<span style=\"font-size: 12pt\">acc\u00e9der\u00a0au calendrier des sorties du moto-club.<\/span><\/span><\/p>\n<p><span style=\"font-size: 12pt\"><img loading=\"lazy\" decoding=\"async\" class=\"alignnone wp-image-281\" src=\"http:\/\/www.kananas.com\/moto-clubleskochersbikers851\/wp-content\/uploads\/sites\/244\/2017\/04\/Menu_Calendrier800.jpg\" alt=\"\" width=\"700\" height=\"386\" srcset=\"https:\/\/www.kananas.com\/moto-clubleskochersbikers851\/wp-content\/uploads\/sites\/244\/2017\/04\/Menu_Calendrier800.jpg 800w, https:\/\/www.kananas.com\/moto-clubleskochersbikers851\/wp-content\/uploads\/sites\/244\/2017\/04\/Menu_Calendrier800-300x165.jpg 300w, https:\/\/www.kananas.com\/moto-clubleskochersbikers851\/wp-content\/uploads\/sites\/244\/2017\/04\/Menu_Calendrier800-768x423.jpg 768w\" sizes=\"auto, (max-width: 700px) 100vw, 700px\" \/><\/span><\/p>\n<ul>\n<li><span style=\"font-size: 12pt\">Date sur fond blanc = date disponible<\/span><\/li>\n<li><span style=\"font-size: 12pt\">Date sur fond vert = WE et jour f\u00e9ri\u00e9<\/span><\/li>\n<li><span style=\"font-size: 12pt\">Date sur fond rouge :\u00a0date de sortie ou d\u2019\u00e9v\u00e9nement du club<\/span><\/li>\n<\/ul>\n<p><span style=\"font-size: 12pt\"><strong>Fonctions utilisables <span style=\"color: #ff0000\">sans \u00eatre connect\u00e9 :<\/span><\/strong><\/span><\/p>\n<ul>\n<li><span style=\"font-size: 12pt\">En passant la souris sur une date d\u2019\u00e9v\u00e9nement, une info-bulle appara\u00eet avec, g\u00e9n\u00e9ralement, le libell\u00e9 de l\u2019\u00e9v\u00e9nement<\/span><\/li>\n<li><span style=\"font-size: 12pt\">En cliquant sur une date d\u2019\u00e9v\u00e9nement, les d\u00e9tails s&rsquo;affichent et il est possible de s&rsquo;inscrire en cliquant sur le bouton \u00ab\u00a0<strong>Connexion<\/strong>\u00ab\u00a0<\/span><\/li>\n<\/ul>\n<p><span style=\"font-size: 12pt\"><strong>Fonctions utilisables <span style=\"color: #ff0000\">en \u00e9tant connect\u00e9 :<\/span><\/strong><\/span><\/p>\n<ul>\n<li><span style=\"font-size: 12pt\">En cliquant sur une date d\u2019\u00e9v\u00e9nement, les d\u00e9tails s&rsquo;affichent ainsi que la liste des participants.<br \/>\nPour vous inscrire \u00e0 l\u2019\u00e9v\u00e9nement,\u00a0il faut s\u00e9lectionner le mode de transport, le nombre \u00e9ventuel d&rsquo;invit\u00e9s (y compris votre passager(e)) avant de cliquer sur \u00ab\u00a0<strong>S&rsquo;inscrire<\/strong>\u00ab\u00a0.<\/span><\/li>\n<li><span style=\"font-size: 12pt\">En cliquant sur \u00ab\u00a0<strong>D\u00e9cliner<\/strong>\u00ab\u00a0, vous pr\u00e9venez que vous n&rsquo;\u00eates pas disponible ce jour l\u00e0.<\/span><br \/>\n<img loading=\"lazy\" decoding=\"async\" class=\"alignnone wp-image-283\" src=\"http:\/\/www.kananas.com\/moto-clubleskochersbikers851\/wp-content\/uploads\/sites\/244\/2017\/04\/Sortie800.jpg\" alt=\"\" width=\"700\" height=\"542\" srcset=\"https:\/\/www.kananas.com\/moto-clubleskochersbikers851\/wp-content\/uploads\/sites\/244\/2017\/04\/Sortie800.jpg 800w, https:\/\/www.kananas.com\/moto-clubleskochersbikers851\/wp-content\/uploads\/sites\/244\/2017\/04\/Sortie800-300x232.jpg 300w, https:\/\/www.kananas.com\/moto-clubleskochersbikers851\/wp-content\/uploads\/sites\/244\/2017\/04\/Sortie800-768x594.jpg 768w\" sizes=\"auto, (max-width: 700px) 100vw, 700px\" \/><\/li>\n<\/ul>\n<\/td>\n<\/tr>\n<tr>\n<td><span style=\"font-size: 14pt\"><strong><span style=\"color: #ff0000\">Menu \u00ab\u00a0Organisateur\u00a0\u00bb<\/span><\/strong><\/span><\/p>\n<p>Lorsque vous \u00eates connect\u00e9, le menu \u00ab\u00a0Organisateur\u00a0\u00bb vous permet de :<\/p>\n<ul>\n<li>Cr\u00e9er un \u00e9v\u00e9nement<\/li>\n<li>G\u00e9rer un \u00e9v\u00e9nement dont vous \u00eates l&rsquo;organisateur<\/li>\n<\/ul>\n<\/td>\n<\/tr>\n<\/tbody>\n<\/table>\n<p>&nbsp;<\/p>\n","protected":false},"excerpt":{"rendered":"<p>Avant de cliquez sur le lien ci-contre pour acc\u00e9der \u00e0 OrgaResa, le calendrier de nos sorties, merci de prendre connaissance du mode d&#8217;emploi ci dessous. Attention, pour acc\u00e9der \u00e0 l&rsquo;ensemble des fonctionnalit\u00e9s, il est n\u00e9cessaire de vous connecter (ou de&#8230;<br \/><a class=\"read-more-button\" href=\"https:\/\/www.kananas.com\/moto-clubleskochersbikers851\/calendrier\/\">Read more<\/a><\/p>\n","protected":false},"author":251,"featured_media":0,"parent":0,"menu_order":0,"comment_status":"closed","ping_status":"closed","template":"","meta":{"_crdt_document":"","footnotes":""},"class_list":["post-248","page","type-page","status-publish","hentry"],"_links":{"self":[{"href":"https:\/\/www.kananas.com\/moto-clubleskochersbikers851\/wp-json\/wp\/v2\/pages\/248","targetHints":{"allow":["GET"]}}],"collection":[{"href":"https:\/\/www.kananas.com\/moto-clubleskochersbikers851\/wp-json\/wp\/v2\/pages"}],"about":[{"href":"https:\/\/www.kananas.com\/moto-clubleskochersbikers851\/wp-json\/wp\/v2\/types\/page"}],"author":[{"embeddable":true,"href":"https:\/\/www.kananas.com\/moto-clubleskochersbikers851\/wp-json\/wp\/v2\/users\/251"}],"replies":[{"embeddable":true,"href":"https:\/\/www.kananas.com\/moto-clubleskochersbikers851\/wp-json\/wp\/v2\/comments?post=248"}],"version-history":[{"count":36,"href":"https:\/\/www.kananas.com\/moto-clubleskochersbikers851\/wp-json\/wp\/v2\/pages\/248\/revisions"}],"predecessor-version":[{"id":293,"href":"https:\/\/www.kananas.com\/moto-clubleskochersbikers851\/wp-json\/wp\/v2\/pages\/248\/revisions\/293"}],"wp:attachment":[{"href":"https:\/\/www.kananas.com\/moto-clubleskochersbikers851\/wp-json\/wp\/v2\/media?parent=248"}],"curies":[{"name":"wp","href":"https:\/\/api.w.org\/{rel}","templated":true}]}}