{"id":468,"date":"2019-10-23T13:13:17","date_gmt":"2019-10-23T11:13:17","guid":{"rendered":"http:\/\/www.kananas.com\/moto-clubleskochersbikers851\/?page_id=468"},"modified":"2019-10-23T13:54:22","modified_gmt":"2019-10-23T11:54:22","slug":"espace-adherent","status":"publish","type":"page","link":"https:\/\/www.kananas.com\/moto-clubleskochersbikers851\/espace-adherent\/","title":{"rendered":"Espace adh\u00e9rent"},"content":{"rendered":"<p>L&rsquo;espace adh\u00e9rent est r\u00e9serv\u00e9 aux membres du motoclub Les Kochersbikers.<\/p>\n<p>Il requiert un identifiant ainsi qu&rsquo;un mot de passe, communiqu\u00e9s lors de l&rsquo;adh\u00e9sion au motoclub.<\/p>\n<p>Pour acc\u00e9der \u00e0 votre espace adh\u00e9rent, <a href=\"https:\/\/backoffice.kananas.com\/action_manager.php?event=member_connect\" target=\"_blank\" rel=\"noopener noreferrer\">cliquez ici<\/a><\/p>\n","protected":false},"excerpt":{"rendered":"<p>L&rsquo;espace adh\u00e9rent est r\u00e9serv\u00e9 aux membres du motoclub Les Kochersbikers. Il requiert un identifiant ainsi qu&rsquo;un mot de passe, communiqu\u00e9s lors de l&rsquo;adh\u00e9sion au motoclub. Pour acc\u00e9der \u00e0 votre espace adh\u00e9rent, cliquez ici<\/p>\n","protected":false},"author":251,"featured_media":0,"parent":0,"menu_order":0,"comment_status":"closed","ping_status":"closed","template":"","meta":{"_crdt_document":"","footnotes":""},"class_list":["post-468","page","type-page","status-publish","hentry"],"_links":{"self":[{"href":"https:\/\/www.kananas.com\/moto-clubleskochersbikers851\/wp-json\/wp\/v2\/pages\/468","targetHints":{"allow":["GET"]}}],"collection":[{"href":"https:\/\/www.kananas.com\/moto-clubleskochersbikers851\/wp-json\/wp\/v2\/pages"}],"about":[{"href":"https:\/\/www.kananas.com\/moto-clubleskochersbikers851\/wp-json\/wp\/v2\/types\/page"}],"author":[{"embeddable":true,"href":"https:\/\/www.kananas.com\/moto-clubleskochersbikers851\/wp-json\/wp\/v2\/users\/251"}],"replies":[{"embeddable":true,"href":"https:\/\/www.kananas.com\/moto-clubleskochersbikers851\/wp-json\/wp\/v2\/comments?post=468"}],"version-history":[{"count":12,"href":"https:\/\/www.kananas.com\/moto-clubleskochersbikers851\/wp-json\/wp\/v2\/pages\/468\/revisions"}],"predecessor-version":[{"id":483,"href":"https:\/\/www.kananas.com\/moto-clubleskochersbikers851\/wp-json\/wp\/v2\/pages\/468\/revisions\/483"}],"wp:attachment":[{"href":"https:\/\/www.kananas.com\/moto-clubleskochersbikers851\/wp-json\/wp\/v2\/media?parent=468"}],"curies":[{"name":"wp","href":"https:\/\/api.w.org\/{rel}","templated":true}]}}