{"id":543,"date":"2022-03-12T18:02:09","date_gmt":"2022-03-12T17:02:09","guid":{"rendered":"http:\/\/www.kananas.com\/moto-clubleskochersbikers851\/?page_id=543"},"modified":"2023-11-24T10:46:59","modified_gmt":"2023-11-24T09:46:59","slug":"annees-2022-2023","status":"publish","type":"page","link":"https:\/\/www.kananas.com\/moto-clubleskochersbikers851\/annees-2022-2023\/","title":{"rendered":"Ann\u00e9es 2022\/2023"},"content":{"rendered":"\r\n<table style=\"width: 100%;height: 95px\">\r\n<tbody>\r\n<tr style=\"height: 23px\">\r\n<td style=\"height: 23px\">2022<\/td>\r\n<td style=\"height: 23px\"><a href=\"https:\/\/photos.app.goo.gl\/5cZnsCGvdWD6fDW66\" target=\"_blank\" rel=\"noopener\">11 Mars Assembl\u00e9e g\u00e9n\u00e9rale<\/a><\/td>\r\n<td style=\"height: 23px\"><a href=\"https:\/\/photos.app.goo.gl\/jrvJ6uRqRMgYcr4P6\" target=\"_blank\" rel=\"noopener\">13 Mars &#8211; Gimbelhof, Bretzels Boehly<\/a><\/td>\r\n<\/tr>\r\n<tr style=\"height: 24px\">\r\n<td style=\"height: 24px\">\u00a0<\/td>\r\n<td style=\"height: 24px\"><a href=\"https:\/\/photos.app.goo.gl\/6qcmwG2LVtdvVZTVA\" target=\"_blank\" rel=\"noopener\">10 Avril &#8211; Vill\u00e9, \u00e0 La Bonne Franquette<\/a><\/td>\r\n<td style=\"height: 24px\"><a href=\"https:\/\/photos.app.goo.gl\/iSiGY13wGfdzBRzVA\" target=\"_blank\" rel=\"noopener\">30 Avril &#8211; op\u00e9ration \u00ab\u00a0Une rose, un espoir\u00a0\u00bb<\/a><\/td>\r\n<\/tr>\r\n<tr style=\"height: 24px\">\r\n<td style=\"height: 24px\">\u00a0<\/td>\r\n<td style=\"height: 24px\"><a href=\"https:\/\/photos.app.goo.gl\/wHVTj4H82SVAxivk8\" target=\"_blank\" rel=\"noopener\">15 Mai &#8211; Soucht, visite Mus\u00e9e du sabot<\/a><\/td>\r\n<td style=\"height: 24px\"><a href=\"https:\/\/photos.app.goo.gl\/YctHHGuiXJzA7hC47\" target=\"_blank\" rel=\"noopener\">12 Juin &#8211; La Bresse, la ferme des lamas<\/a><\/td>\r\n<\/tr>\r\n<tr style=\"height: 24px\">\r\n<td style=\"height: 24px\">\u00a0<\/td>\r\n<td style=\"height: 24px\"><a href=\"https:\/\/photos.app.goo.gl\/aiDntbeCqwBSxoK87\" target=\"_blank\" rel=\"noopener\">17 Juin &#8211; BBQ &#8211; 10 ans du Motoclub<\/a><\/td>\r\n<td style=\"height: 24px\"><a href=\"https:\/\/photos.app.goo.gl\/QdoJz3G7P3cJG2vp8\" target=\"_blank\" rel=\"noopener\">10 Juillet &#8211; Col de Bussang<\/a><\/td>\r\n<\/tr>\r\n<tr>\r\n<td>\u00a0<\/td>\r\n<td><a href=\"https:\/\/photos.app.goo.gl\/BTKfHqsBdwrEmYcSA\" target=\"_blank\" rel=\"noopener\">21 Ao\u00fbt &#8211; Wieden<\/a><\/td>\r\n<td><a href=\"https:\/\/photos.app.goo.gl\/qUWx4unbkncvFom86\" target=\"_blank\" rel=\"noopener\">10 Juillet &#8211; Shooting photos de Philippe au d\u00e9part de Bussang l&rsquo;apr\u00e8s midi<\/a><\/td>\r\n<\/tr>\r\n<tr>\r\n<td>\u00a0<\/td>\r\n<td><a href=\"https:\/\/photos.app.goo.gl\/759ieTPwrsBLaCqu7\" target=\"_blank\" rel=\"noopener\">11 Septembre &#8211; Bantzenheim, mus\u00e9e de la moto<\/a><\/td>\r\n<td><a href=\"https:\/\/photos.app.goo.gl\/SnqRhF5WpnM23jyG7\" target=\"_blank\" rel=\"noopener\">9 Octobre &#8211; Wingen sur Moder<\/a><\/td>\r\n<\/tr>\r\n<tr>\r\n<td>\u00a0<\/td>\r\n<td><a href=\"https:\/\/photos.app.goo.gl\/KQn9fiwjPCfA8eab7\" target=\"_blank\" rel=\"noopener\">14 Octobre &#8211; Cl\u00f4ture \u00ab\u00a0saison 10\u00a0\u00bb<\/a><\/td>\r\n<td>\u00a0<\/td>\r\n<\/tr>\r\n<\/tbody>\r\n<\/table>\r\n\r\n<p>&nbsp;<\/p>\r\n<table style=\"width: 100%\">\r\n<tbody>\r\n<tr>\r\n<td style=\"width: 5.88664%\">2023<\/td>\r\n<td style=\"width: 37.6011%\"><a href=\"https:\/\/photos.app.goo.gl\/3xCdHTeAyNBAYRYa7\" target=\"_blank\" rel=\"noopener\">17 Mars &#8211; Assembl\u00e9e g\u00e9n\u00e9rale<\/a><\/td>\r\n<td style=\"width: 56.4386%\"><a href=\"https:\/\/photos.app.goo.gl\/h6wbfU4fKcZCihmV6\" target=\"_blank\" rel=\"noopener\">16 Avril &#8211; Birkenwald<\/a><\/td>\r\n<\/tr>\r\n<tr>\r\n<td style=\"width: 5.88664%\">\u00a0<\/td>\r\n<td style=\"width: 37.6011%\"><a href=\"https:\/\/photos.app.goo.gl\/QWKKcPPKh2cCnwJEA\" target=\"_blank\" rel=\"noopener\">15 Mai &#8211; Holzbronn, Krabbanecht<\/a><\/td>\r\n<td style=\"width: 56.4386%\"><a href=\"https:\/\/photos.app.goo.gl\/SFzyeVvK22gGHhey8\" target=\"_blank\" rel=\"noopener\">11 Juin &#8211; Aichhalden<\/a><\/td>\r\n<\/tr>\r\n<tr>\r\n<td style=\"width: 5.88664%\">\u00a0<\/td>\r\n<td style=\"width: 37.6011%\"><a href=\"https:\/\/photos.app.goo.gl\/Bay2WsH498f1RHk48\" target=\"_blank\" rel=\"noopener\">16 Juin &#8211; BBQ<\/a><\/td>\r\n<td style=\"width: 56.4386%\"><a href=\"https:\/\/photos.app.goo.gl\/bTGNrAfxcT9B8Pum9\" target=\"_blank\" rel=\"noopener\">9 Juillet &#8211; Orbey<\/a><\/td>\r\n<\/tr>\r\n<tr>\r\n<td style=\"width: 5.88664%\">\u00a0<\/td>\r\n<td style=\"width: 37.6011%\"><a href=\"https:\/\/photos.app.goo.gl\/W3E7HhHfMqr6G6XK9\" target=\"_blank\" rel=\"noopener\">13 ao\u00fbt &#8211; Saales, Senones, mus\u00e9e du Solex<\/a><\/td>\r\n<td style=\"width: 56.4386%\"><a href=\"https:\/\/photos.app.goo.gl\/TCBPhRmAe6djzPWr8\" target=\"_blank\" rel=\"noopener\">W-end 3 jours Bourgogne, Champagne<\/a><\/td>\r\n<\/tr>\r\n<tr>\r\n<td style=\"width: 5.88664%\">\u00a0<\/td>\r\n<td style=\"width: 37.6011%\"><a href=\"https:\/\/photos.app.goo.gl\/UtMCnUbe3ftaEsWCA\" target=\"_blank\" rel=\"noopener\">10 septembre &#8211; Luttenbach<\/a><\/td>\r\n<td style=\"width: 56.4386%\"><a href=\"https:\/\/photos.app.goo.gl\/VPB5j5Jqjnw7iUnT8\" target=\"_blank\" rel=\"noopener\">17 Septembre -ANDLAU \u00ab\u00a0la main du coeur\u00a0\u00bb<\/a><\/td>\r\n<\/tr>\r\n<tr>\r\n<td style=\"width: 5.88664%\">\u00a0<\/td>\r\n<td style=\"width: 37.6011%\"><a href=\"https:\/\/photos.app.goo.gl\/TuFFAgC3wrvL1Ljo9\" target=\"_blank\" rel=\"noopener\">8 octobre &#8211; Rhodes, Le Paquis<\/a><\/td>\r\n<td style=\"width: 56.4386%\"><a href=\"https:\/\/photos.app.goo.gl\/j9hSu3BtAN2gPFQYA\" target=\"_blank\" rel=\"noopener\">Repas de fin de saison<\/a><\/td>\r\n<\/tr>\r\n<tr>\r\n<td style=\"width: 5.88664%\">\u00a0<\/td>\r\n<td style=\"width: 37.6011%\">\u00a0<\/td>\r\n<td style=\"width: 56.4386%\">\u00a0<\/td>\r\n<\/tr>\r\n<\/tbody>\r\n<\/table>","protected":false},"excerpt":{"rendered":"<p>2022 11 Mars Assembl\u00e9e g\u00e9n\u00e9rale 13 Mars &#8211; Gimbelhof, Bretzels Boehly \u00a0 10 Avril &#8211; Vill\u00e9, \u00e0 La Bonne Franquette 30 Avril &#8211; op\u00e9ration \u00ab\u00a0Une rose, un espoir\u00a0\u00bb \u00a0 15 Mai &#8211; Soucht, visite Mus\u00e9e du sabot 12 Juin &#8211;&#8230;<br \/><a class=\"read-more-button\" href=\"https:\/\/www.kananas.com\/moto-clubleskochersbikers851\/annees-2022-2023\/\">Read more<\/a><\/p>\n","protected":false},"author":251,"featured_media":0,"parent":0,"menu_order":0,"comment_status":"closed","ping_status":"closed","template":"","meta":{"_crdt_document":"","footnotes":""},"class_list":["post-543","page","type-page","status-publish","hentry"],"_links":{"self":[{"href":"https:\/\/www.kananas.com\/moto-clubleskochersbikers851\/wp-json\/wp\/v2\/pages\/543","targetHints":{"allow":["GET"]}}],"collection":[{"href":"https:\/\/www.kananas.com\/moto-clubleskochersbikers851\/wp-json\/wp\/v2\/pages"}],"about":[{"href":"https:\/\/www.kananas.com\/moto-clubleskochersbikers851\/wp-json\/wp\/v2\/types\/page"}],"author":[{"embeddable":true,"href":"https:\/\/www.kananas.com\/moto-clubleskochersbikers851\/wp-json\/wp\/v2\/users\/251"}],"replies":[{"embeddable":true,"href":"https:\/\/www.kananas.com\/moto-clubleskochersbikers851\/wp-json\/wp\/v2\/comments?post=543"}],"version-history":[{"count":41,"href":"https:\/\/www.kananas.com\/moto-clubleskochersbikers851\/wp-json\/wp\/v2\/pages\/543\/revisions"}],"predecessor-version":[{"id":611,"href":"https:\/\/www.kananas.com\/moto-clubleskochersbikers851\/wp-json\/wp\/v2\/pages\/543\/revisions\/611"}],"wp:attachment":[{"href":"https:\/\/www.kananas.com\/moto-clubleskochersbikers851\/wp-json\/wp\/v2\/media?parent=543"}],"curies":[{"name":"wp","href":"https:\/\/api.w.org\/{rel}","templated":true}]}}