{"id":674,"date":"2025-05-17T15:41:11","date_gmt":"2025-05-17T13:41:11","guid":{"rendered":"https:\/\/www.kananas.com\/moto-clubleskochersbikers851\/?page_id=674"},"modified":"2026-05-11T15:13:44","modified_gmt":"2026-05-11T13:13:44","slug":"annees-2026-2027","status":"publish","type":"page","link":"https:\/\/www.kananas.com\/moto-clubleskochersbikers851\/annees-2026-2027\/","title":{"rendered":"Ann\u00e9es 2026\/2027"},"content":{"rendered":"\n<figure class=\"wp-block-table\"><table class=\"has-fixed-layout\"><tbody><tr><td>2026<\/td><td>Album photo<\/td><td>Album photo<\/td><\/tr><tr><td><a href=\"https:\/\/photos.app.goo.gl\/LziF72AdG7swDcBK8\">13.02 Assembl\u00e9e g\u00e9n\u00e9rale<\/a><\/td><td><a href=\"https:\/\/photos.app.goo.gl\/apx5VfcRJMbyo1aT7\" target=\"_blank\" rel=\"noreferrer noopener\">\u00a029.03 Oppenau, la premi\u00e8re<\/a><\/td><td><a href=\"https:\/\/photos.app.goo.gl\/GRKp2CJoheXa4Tc19\">12.04 Bitche Auberge du Lac<\/a><\/td><\/tr><tr><td><a href=\"https:\/\/photos.app.goo.gl\/J1evQQcLrknXVDxT9\">10.05 Todtnau<\/a><\/td><td><\/td><td><\/td><\/tr><tr><td>\u00a0<\/td><td><\/td><td><\/td><\/tr><tr><td>\u00a0<\/td><td><\/td><td><\/td><\/tr><tr><td>\u00a0<\/td><td><\/td><td><\/td><\/tr><tr><td>\u00a0<\/td><td><\/td><td>\u00a0<\/td><\/tr><\/tbody><\/table><\/figure>\n\n\n\n<figure class=\"wp-block-table\"><table class=\"has-fixed-layout\"><tbody><tr><td>2027<\/td><td>Album photo<\/td><td>Album photo<\/td><\/tr><tr><td>\u00a0<\/td><td><\/td><td><\/td><\/tr><tr><td>\u00a0<\/td><td><\/td><td><\/td><\/tr><tr><td>\u00a0<\/td><td><\/td><td><\/td><\/tr><tr><td>\u00a0<\/td><td><\/td><td><\/td><\/tr><tr><td>\u00a0<\/td><td><\/td><td><\/td><\/tr><tr><td>\u00a0<\/td><td><\/td><td>\u00a0<\/td><\/tr><\/tbody><\/table><\/figure>\n","protected":false},"excerpt":{"rendered":"<p>2026 Album photo Album photo 13.02 Assembl\u00e9e g\u00e9n\u00e9rale \u00a029.03 Oppenau, la premi\u00e8re 12.04 Bitche Auberge du Lac 10.05 Todtnau \u00a0 \u00a0 \u00a0 \u00a0 \u00a0 2027 Album photo Album photo \u00a0 \u00a0 \u00a0 \u00a0 \u00a0 \u00a0 \u00a0<\/p>\n","protected":false},"author":1682,"featured_media":0,"parent":0,"menu_order":0,"comment_status":"closed","ping_status":"closed","template":"","meta":{"_crdt_document":"{\"document\":\"AABXpunc0hSMkp+PFJy1p+YMucu1\/gXMkp+PFKsBnLWn5gyMkp+PFNy1p+YMAIySn48UnLWn5gzMkp+PFAKctafmDMySn48UAdy1p+YMRLnLtf4F3LWn5gwg3wGsI+ojAwNCAQMWAkIBAyQCQgECfqIBAwFCAQOyAgJCAQOMBAJCAQLCB7oJAwFCAQMQAQQOAQNiMAMBQgEDEAEEDgEDYjADAUIBAxABBA4BA2IwAwFCAQMQAQQOAQNiMAMBQgEDEAEEDgJCAQKsFMYYpgGeAsQEggTcAp4C2gLMDSKyCgKOAQQgBIQBDIgBDIgBDIgBDCQMrAYMiAEMiAEMiAEMiAEMiAEMJAy6AQQCAQIKAQJKABgBAgoBAkpWENIYkAGoGMgBAjjAAeoYkAGoGOQYqAGVAQEwuAaVAQMwIpINAOgBrAMYAtoC+AGQAQCaGAwC5BioAZUBATC4BpUBAzDHAigAIQCnAQcAJwAHACcABAAoBIcAJwAEACgEhwAnAAQAKASHACcABwAnAAQAKASHACcABAAoBIcAJwAEACgEhwAnAAcAJwAEACgEhwAnACgEhwAnACgEhwAnAAcAJwAEACgEhwAnACgEhwAnACgEhwAnAAcAJwAEACgEhwAnACgEhwAnACgEhwAnAAcAJwAEACgEhwAnACgEhwAnACgEhwAnAAcAJwAEACgEhwAnACgEhwAnAAQAKASnAIQAxAFEAMQAhADEAiEAKAInAAQAJwAEAIEAhASBAIQAgQCEAIEAhACBAIQAgQCEAIEAhACBAIQAgQCEAIEAhACBAIQAgQCEAIEAhAAnACgEJwAoACcABwAhACgCJwAoACcAKAAhACgAJwCHACgDJwAoACcAKAAhACgAJwAhAagAoQDBAMQBqAEhAKgBxIEYnRZzdGF0ZXZlcnNpb25zdGF0ZXZlcnNpb25jZWxsc2NvbnRlbnQyMDI2dGFnc2NvcGVhbGlnbmNvbHNwYW5yb3dzcGFuY29udGVudEFsYnVtIHBob3RvdGFnc2NvcGVhbGlnbmNvbHNwYW5yb3dzcGFuY29udGVudEFsYnVtIHBob3RvdGFnc2NvcGVhbGlnbmNvbHNwYW5yb3dzcGFuY2VsbHNjb250ZW50PGEgaHJlZj0iaHR0cHM6Ly9waG90b3MuYXBwLmdvby5nbC9MemlGNzJBZEc3c3dEY0JLOCI+MTMuMDIgQXNzZW1ibMOpZSBnw6luw6lyYWxlPC9hPnRhZ3Njb3BlYWxpZ25jb2xzcGFucm93c3BhbmNvbnRlbnQ8YSBocmVmPSJodHRwczovL3Bob3Rvcy5hcHAuZ29vLmdsL2FweDVWZmNSSk1ieW8xYVQ3IiB0YXJnZXQ9Il9ibGFuayIgcmVsPSJub3JlZmVycmVyIG5vb3BlbmVyIj7CoDI5LjAzIE9wcGVuYXUsIGxhIHByZW1pw6hyZTwvYT50YWdzY29wZWFsaWduY29sc3BhbnJvd3NwYW5jb250ZW50PGEgaHJlZj0iaHR0cHM6Ly9waG90b3MuYXBwLmdvby5nbC9HUktwMkNKb2hlWGE0VGMxOSI+MTIuMDQgQml0Y2hlIEF1YmVyZ2UgZHUgTGFjPC9hPnRhZ3Njb3BlYWxpZ25jb2xzcGFucm93c3BhbmNlbGxzY29udGVudDF0YWdzY29wZWFsaWduY29sc3BhbnJvd3NwYW5jb250ZW50dGFnc2NvcGVhbGlnbmNvbHNwYW5yb3dzcGFuY29udGVudHRhZ3Njb3BlYWxpZ25jb2xzcGFucm93c3BhbmNlbGxzY29udGVudMKgdGFnc2NvcGVhbGlnbmNvbHNwYW5yb3dzcGFuY29udGVudHRhZ3Njb3BlYWxpZ25jb2xzcGFucm93c3BhbmNvbnRlbnR0YWdzY29wZWFsaWduY29sc3BhbnJvd3NwYW5jZWxsc2NvbnRlbnTCoHRhZ3Njb3BlYWxpZ25jb2xzcGFucm93c3BhbmNvbnRlbnR0YWdzY29wZWFsaWduY29sc3BhbnJvd3NwYW5jb250ZW50dGFnc2NvcGVhbGlnbmNvbHNwYW5yb3dzcGFuY2VsbHNjb250ZW50wqB0YWdzY29wZWFsaWduY29sc3BhbnJvd3NwYW5jb250ZW50dGFnc2NvcGVhbGlnbmNvbHNwYW5yb3dzcGFuY29udGVudHRhZ3Njb3BlYWxpZ25jb2xzcGFucm93c3BhbmNlbGxzY29udGVudMKgdGFnc2NvcGVhbGlnbmNvbHNwYW5yb3dzcGFuY29udGVudHRhZ3Njb3BlYWxpZ25jb2xzcGFucm93c3BhbmNvbnRlbnTCoHRhZ3Njb3BlYWxpZ25jb2xzcGFucm93c3BhbjAuMDUgVG9kdG5hdTEwLjA1IFRvZHRuYXU8YSBocmVmPSJodHRwczovL3Bob3Rvcy5hcHAuZ29vLmdsL0pldlFRY0xya25YVkR4VDkiPjE8L2E+PGEgaHJlZj0iaHR0cHM6Ly9waG90b3MuYXBwLmdvby5nbC9KZXZRUWNMcmtuWFZEeFQ5Ij4xYT48L3N0YXRldmVyc2lvbmRvY3VtZW50ZGF0ZWRvY3VtZW50c2x1Z2RvY3VtZW50c3RhdHVzZG9jdW1lbnR0aXRsZUFubsOpZXMgMjAyNi8yMDI3ZG9jdW1lbnRjb250ZW50PCEtLSB3cDp0YWJsZSAtLT4KPGZpZ3VyZSBjbGFzcz0id3AtYmxvY2stdGFibGUiPjx0YWJsZSBjbGFzcz0iaGFzLWZpeGVkLWxheW91dCI+PHRib2R5Pjx0cj48dGQ+MjAyNjwvdGQ+PHRkPkFsYnVtIHBob3RvPC90ZD48dGQ+QWxidW0gcGhvdG88L3RkPjwvdHI+PHRyPjx0ZD48YSBocmVmPSJodHRwczovL3Bob3Rvcy5hcHAuZ29vLmdsL0x6aUY3MkFkRzdzd0RjQks4Ij4xMy4wMiBBc3NlbWJsw6llIGfDqW7DqXJhbGU8L2E+PC90ZD48dGQ+PGEgaHJlZj0iaHR0cHM6Ly9waG90b3MuYXBwLmdvby5nbC9hcHg1VmZjUkpNYnlvMWFUNyIgdGFyZ2V0PSJfYmxhbmsiIHJlbD0ibm9yZWZlcnJlciBub29wZW5lciI+MjkuMDMgT3BwZW5hdSwgbGEgcHJlbWnDqHJlPC9hPjwvdGQ+PHRkPjwvdGQ+PC90cj48dHI+PHRkPjwvdGQ+PHRkPjwvdGQ+PHRkPjwvdGQ+PC90cj48dHI+PHRkPjwvdGQ+PHRkPjwvdGQ+PHRkPjwvdGQ+PC90cj48dHI+PHRkPjwvdGQ+PHRkPjwvdGQ+PHRkPjwvdGQ+PC90cj48dHI+PHRkPjwvdGQ+PHRkPjwvdGQ+PHRkPjwvdGQ+PC90cj48dHI+PHRkPjwvdGQ+PHRkPjwvdGQ+PHRkPjwvdGQ+PC90cj48L3Rib2R5PjwvdGFibGU+PC9maWd1cmU+CjwhLS0gL3dwOnRhYmxlIC0tPgoKPCEtLSB3cDp0YWJsZSAtLT4KPGZpZ3VyZSBjbGFzcz0id3AtYmxvY2stdGFibGUiPjx0YWJsZSBjbGFzcz0iaGFzLWZpeGVkLWxheW91dCI+PHRib2R5Pjx0cj48dGQ+MjAyNzwvdGQ+PHRkPkFsYnVtIHBob3RvPC90ZD48dGQ+QWxidW0gcGhvdG88L3RkPjwvdHI+PHRyPjx0ZD48L3RkPjx0ZD48L3RkPjx0ZD48L3RkPjwvdHI+PHRyPjx0ZD48L3RkPjx0ZD48L3RkPjx0ZD48L3RkPjwvdHI+PHRyPjx0ZD48L3RkPjx0ZD48L3RkPjx0ZD48L3RkPjwvdHI+PHRyPjx0ZD48L3RkPjx0ZD48L3RkPjx0ZD48L3RkPjwvdHI+PHRyPjx0ZD48L3RkPjx0ZD48L3RkPjx0ZD48L3RkPjwvdHI+PHRyPjx0ZD48L3RkPjx0ZD48L3RkPjx0ZD48L3RkPjwvdHI+PC90Ym9keT48L3RhYmxlPjwvZmlndXJlPgo8IS0tIC93cDp0YWJsZSAtLT5kb2N1bWVudGV4Y2VycHRkb2N1bWVudGF1dGhvcmRvY3VtZW50ZmVhdHVyZWRfbWVkaWFkb2N1bWVudGNvbW1lbnRfc3RhdHVzZG9jdW1lbnRwaW5nX3N0YXR1c2RvY3VtZW50dGVtcGxhdGVkb2N1bWVudG1ldGFmb290bm90ZXNkb2N1bWVudGJsb2Nrc2NsaWVudElkaXNWYWxpZG9yaWdpbmFsQ29udGVudG5hbWVhdHRyaWJ1dGVzaGFzRml4ZWRMYXlvdXRjYXB0aW9uaGVhZGJvZHlmb290aW5uZXJCbG9ja3NjbGllbnRJZGlzVmFsaWRvcmlnaW5hbENvbnRlbnRuYW1lYXR0cmlidXRlc2hhc0ZpeGVkTGF5b3V0Y2FwdGlvbmhlYWRib2R5Zm9vdGlubmVyQmxvY2tzc3RhdGVzYXZlZEF0c3RhdGVzYXZlZEJ5MTIuMDQgQml0Y2hlIEF1YmVyZ2UgZHUgTGFjc3RhdGV2ZXJzaW9uwqA8YSBocmVmPSJodHRwczovL3Bob3Rvcy5hcHAuZ29vLmdsL0dSS3AyQ0pvaGVYYTRUYzkiPjFhPjwvwqDCoMKgwqDCoMKgwqDCoMKgwqDCoMKgBQcFBwUHBANFAEcBCwNFAEcBCwNFAEcABQeSAQNFAEcBvwEDRQBHAZUBA0UARwAFBwEDRQBHAQNFAEcBA0UARwAFBwEDRQBHAQNFAEcBA0UARwAFBwEDRQBHAQNFAEcBA0UARwAFBwEDRQBHAQNFAEcBA0UARwAFBwEDRQBHAQNFAEcBAQNFAEcADAEMJBIEJBIEBQcIBAgECAYIBRAIB5kFJwIQAiJkARKWA2QDEjYIBwgGCA4IDggLSAEECQgGCAcPBAoOB0QBCwgHDwQKDgdEAQsFBwUHARoFBwEyRABBChYBAQCYAQEEAAABAAAAAQYAAAEAABYBR0AAAQABAgECAQIBAAECAQIBAgEAAQIBAgECAQABAgECAQIBAAECAQIBAgEAAQIBAgECAQABAgECAQIAQgEBAEEAAgBBAAIACkFuRgpBFxsGQQMEAQB9AboBAHcCdGR\/f39\/dwJ0ZH9\/f393AnRkf39\/f3cCdGR\/f39\/dwJ0ZH9\/f393AnRkf39\/f3cCdGR\/f39\/dwJ0ZH9\/f393AnRkf39\/f3cCdGR\/f39\/dwJ0ZH9\/f393AnRkf39\/f3cCdGR\/f39\/dwJ0ZH9\/f393AnRkf39\/f3cCdGR\/f39\/dwJ0ZH9\/f393AnRkf39\/f3cCdGR\/f39\/dwJ0ZH9\/f393AnRkf39\/f1AAdxMyMDI1LTA1LTE3VDE1OjQxOjExdxBhbm5lZXMtMjAyNi0yMDI3dwdwdWJsaXNofZIafQB3BmNsb3NlZHcGY2xvc2VkdwB3AHh36QQ8ZmlndXJlIGNsYXNzPSJ3cC1ibG9jay10YWJsZSI+PHRhYmxlIGNsYXNzPSJoYXMtZml4ZWQtbGF5b3V0Ij48dGJvZHk+PHRyPjx0ZD4yMDI2PC90ZD48dGQ+QWxidW0gcGhvdG88L3RkPjx0ZD5BbGJ1bSBwaG90bzwvdGQ+PC90cj48dHI+PHRkPjxhIGhyZWY9Imh0dHBzOi8vcGhvdG9zLmFwcC5nb28uZ2wvTHppRjcyQWRHN3N3RGNCSzgiPjEzLjAyIEFzc2VtYmzDqWUgZ8OpbsOpcmFsZTwvYT48L3RkPjx0ZD48YSBocmVmPSJodHRwczovL3Bob3Rvcy5hcHAuZ29vLmdsL2FweDVWZmNSSk1ieW8xYVQ3IiB0YXJnZXQ9Il9ibGFuayIgcmVsPSJub3JlZmVycmVyIG5vb3BlbmVyIj7CoDI5LjAzIE9wcGVuYXUsIGxhIHByZW1pw6hyZTwvYT48L3RkPjx0ZD48L3RkPjwvdHI+PHRyPjx0ZD48L3RkPjx0ZD48L3RkPjx0ZD48L3RkPjwvdHI+PHRyPjx0ZD4mbmJzcDs8L3RkPjx0ZD48L3RkPjx0ZD48L3RkPjwvdHI+PHRyPjx0ZD4mbmJzcDs8L3RkPjx0ZD48L3RkPjx0ZD48L3RkPjwvdHI+PHRyPjx0ZD4mbmJzcDs8L3RkPjx0ZD48L3RkPjx0ZD48L3RkPjwvdHI+PHRyPjx0ZD4mbmJzcDs8L3RkPjx0ZD48L3RkPjx0ZD4mbmJzcDs8L3RkPjwvdHI+PC90Ym9keT48L3RhYmxlPjwvZmlndXJlPncKY29yZS90YWJsZXh1AHUAdyQ1YzhmNTE0Yy00ODlkLTRmNDItYWY2Yi1lMTg0NjNkYjc4ODF4d58DPGZpZ3VyZSBjbGFzcz0id3AtYmxvY2stdGFibGUiPjx0YWJsZSBjbGFzcz0iaGFzLWZpeGVkLWxheW91dCI+PHRib2R5Pjx0cj48dGQ+MjAyNzwvdGQ+PHRkPkFsYnVtIHBob3RvPC90ZD48dGQ+QWxidW0gcGhvdG88L3RkPjwvdHI+PHRyPjx0ZD4mbmJzcDs8L3RkPjx0ZD48L3RkPjx0ZD48L3RkPjwvdHI+PHRyPjx0ZD4mbmJzcDs8L3RkPjx0ZD48L3RkPjx0ZD48L3RkPjwvdHI+PHRyPjx0ZD4mbmJzcDs8L3RkPjx0ZD48L3RkPjx0ZD48L3RkPjwvdHI+PHRyPjx0ZD4mbmJzcDs8L3RkPjx0ZD48L3RkPjx0ZD48L3RkPjwvdHI+PHRyPjx0ZD4mbmJzcDs8L3RkPjx0ZD48L3RkPjx0ZD48L3RkPjwvdHI+PHRyPjx0ZD4mbmJzcDs8L3RkPjx0ZD48L3RkPjx0ZD4mbmJzcDs8L3RkPjwvdHI+PC90Ym9keT48L3RhYmxlPjwvZmlndXJlPncKY29yZS90YWJsZXh1AHUAdyRjNGM2NGU0MS01NGU3LTRiMWQtYWE5NS04NTdiZjYwNTRiOTh7QnnYKYOD0AB9nLWn5gwTAHUHdgEFY2VsbHN1A3YGB2NvbnRlbnR3BDIwMjYDdGFndwJ0ZAVzY29wZX8FYWxpZ25\/B2NvbHNwYW5\/B3Jvd3NwYW5\/dgYHY29udGVudHcLQWxidW0gcGhvdG8DdGFndwJ0ZAVzY29wZX8FYWxpZ25\/B2NvbHNwYW5\/B3Jvd3NwYW5\/dgYHY29udGVudHcLQWxidW0gcGhvdG8DdGFndwJ0ZAVzY29wZX8FYWxpZ25\/B2NvbHNwYW5\/B3Jvd3NwYW5\/dgEFY2VsbHN1A3YGB2NvbnRlbnR3VTxhIGhyZWY9Imh0dHBzOi8vcGhvdG9zLmFwcC5nb28uZ2wvTHppRjcyQWRHN3N3RGNCSzgiPjEzLjAyIEFzc2VtYmzDqWUgZ8OpbsOpcmFsZTwvYT4DdGFndwJ0ZAVzY29wZX8FYWxpZ25\/B2NvbHNwYW5\/B3Jvd3NwYW5\/dgYHY29udGVudHeBATxhIGhyZWY9Imh0dHBzOi8vcGhvdG9zLmFwcC5nb28uZ2wvYXB4NVZmY1JKTWJ5bzFhVDciIHRhcmdldD0iX2JsYW5rIiByZWw9Im5vcmVmZXJyZXIgbm9vcGVuZXIiPsKgMjkuMDMgT3BwZW5hdSwgbGEgcHJlbWnDqHJlPC9hPgN0YWd3AnRkBXNjb3BlfwVhbGlnbn8HY29sc3Bhbn8Hcm93c3Bhbn92Bgdjb250ZW50d1U8YSBocmVmPSJodHRwczovL3Bob3Rvcy5hcHAuZ29vLmdsL0dSS3AyQ0pvaGVYYTRUYzE5Ij4xMi4wNCBCaXRjaGUgQXViZXJnZSBkdSBMYWM8L2E+A3RhZ3cCdGQFc2NvcGV\/BWFsaWdufwdjb2xzcGFufwdyb3dzcGFuf3YBBWNlbGxzdQN2Bgdjb250ZW50dwADdGFndwJ0ZAVzY29wZX8FYWxpZ25\/B2NvbHNwYW5\/B3Jvd3NwYW5\/dgYHY29udGVudHcAA3RhZ3cCdGQFc2NvcGV\/BWFsaWdufwdjb2xzcGFufwdyb3dzcGFuf3YGB2NvbnRlbnR3AAN0YWd3AnRkBXNjb3BlfwVhbGlnbn8HY29sc3Bhbn8Hcm93c3Bhbn92AQVjZWxsc3UDdgYHY29udGVudHcCwqADdGFndwJ0ZAVzY29wZX8FYWxpZ25\/B2NvbHNwYW5\/B3Jvd3NwYW5\/dgYHY29udGVudHcAA3RhZ3cCdGQFc2NvcGV\/BWFsaWdufwdjb2xzcGFufwdyb3dzcGFuf3YGB2NvbnRlbnR3AAN0YWd3AnRkBXNjb3BlfwVhbGlnbn8HY29sc3Bhbn8Hcm93c3Bhbn92AQVjZWxsc3UDdgYHY29udGVudHcCwqADdGFndwJ0ZAVzY29wZX8FYWxpZ25\/B2NvbHNwYW5\/B3Jvd3NwYW5\/dgYHY29udGVudHcAA3RhZ3cCdGQFc2NvcGV\/BWFsaWdufwdjb2xzcGFufwdyb3dzcGFuf3YGB2NvbnRlbnR3AAN0YWd3AnRkBXNjb3BlfwVhbGlnbn8HY29sc3Bhbn8Hcm93c3Bhbn92AQVjZWxsc3UDdgYHY29udGVudHcCwqADdGFndwJ0ZAVzY29wZX8FYWxpZ25\/B2NvbHNwYW5\/B3Jvd3NwYW5\/dgYHY29udGVudHcAA3RhZ3cCdGQFc2NvcGV\/BWFsaWdufwdjb2xzcGFufwdyb3dzcGFuf3YGB2NvbnRlbnR3AAN0YWd3AnRkBXNjb3BlfwVhbGlnbn8HY29sc3Bhbn8Hcm93c3Bhbn92AQVjZWxsc3UDdgYHY29udGVudHcCwqADdGFndwJ0ZAVzY29wZX8FYWxpZ25\/B2NvbHNwYW5\/B3Jvd3NwYW5\/dgYHY29udGVudHcAA3RhZ3cCdGQFc2NvcGV\/BWFsaWdufwdjb2xzcGFufwdyb3dzcGFuf3YGB2NvbnRlbnR3AsKgA3RhZ3cCdGQFc2NvcGV\/BWFsaWdufwdjb2xzcGFufwdyb3dzcGFuf3UHdgEFY2VsbHN1A3YGB2NvbnRlbnR3BDIwMjcDdGFndwJ0ZAVzY29wZX8FYWxpZ25\/B2NvbHNwYW5\/B3Jvd3NwYW5\/dgYHY29udGVudHcLQWxidW0gcGhvdG8DdGFndwJ0ZAVzY29wZX8FYWxpZ25\/B2NvbHNwYW5\/B3Jvd3NwYW5\/dgYHY29udGVudHcLQWxidW0gcGhvdG8DdGFndwJ0ZAVzY29wZX8FYWxpZ25\/B2NvbHNwYW5\/B3Jvd3NwYW5\/dgEFY2VsbHN1A3YGB2NvbnRlbnR3AsKgA3RhZ3cCdGQFc2NvcGV\/BWFsaWdufwdjb2xzcGFufwdyb3dzcGFuf3YGB2NvbnRlbnR3AAN0YWd3AnRkBXNjb3BlfwVhbGlnbn8HY29sc3Bhbn8Hcm93c3Bhbn92Bgdjb250ZW50dwADdGFndwJ0ZAVzY29wZX8FYWxpZ25\/B2NvbHNwYW5\/B3Jvd3NwYW5\/dgEFY2VsbHN1A3YGB2NvbnRlbnR3AsKgA3RhZ3cCdGQFc2NvcGV\/BWFsaWdufwdjb2xzcGFufwdyb3dzcGFuf3YGB2NvbnRlbnR3AAN0YWd3AnRkBXNjb3BlfwVhbGlnbn8HY29sc3Bhbn8Hcm93c3Bhbn92Bgdjb250ZW50dwADdGFndwJ0ZAVzY29wZX8FYWxpZ25\/B2NvbHNwYW5\/B3Jvd3NwYW5\/dgEFY2VsbHN1A3YGB2NvbnRlbnR3AsKgA3RhZ3cCdGQFc2NvcGV\/BWFsaWdufwdjb2xzcGFufwdyb3dzcGFuf3YGB2NvbnRlbnR3AAN0YWd3AnRkBXNjb3BlfwVhbGlnbn8HY29sc3Bhbn8Hcm93c3Bhbn92Bgdjb250ZW50dwADdGFndwJ0ZAVzY29wZX8FYWxpZ25\/B2NvbHNwYW5\/B3Jvd3NwYW5\/dgEFY2VsbHN1A3YGB2NvbnRlbnR3AsKgA3RhZ3cCdGQFc2NvcGV\/BWFsaWdufwdjb2xzcGFufwdyb3dzcGFuf3YGB2NvbnRlbnR3AAN0YWd3AnRkBXNjb3BlfwVhbGlnbn8HY29sc3Bhbn8Hcm93c3Bhbn92Bgdjb250ZW50dwADdGFndwJ0ZAVzY29wZX8FYWxpZ25\/B2NvbHNwYW5\/B3Jvd3NwYW5\/dgEFY2VsbHN1A3YGB2NvbnRlbnR3AsKgA3RhZ3cCdGQFc2NvcGV\/BWFsaWdufwdjb2xzcGFufwdyb3dzcGFuf3YGB2NvbnRlbnR3AAN0YWd3AnRkBXNjb3BlfwVhbGlnbn8HY29sc3Bhbn8Hcm93c3Bhbn92Bgdjb250ZW50dwADdGFndwJ0ZAVzY29wZX8FYWxpZ25\/B2NvbHNwYW5\/B3Jvd3NwYW5\/dgEFY2VsbHN1A3YGB2NvbnRlbnR3AsKgA3RhZ3cCdGQFc2NvcGV\/BWFsaWdufwdjb2xzcGFufwdyb3dzcGFuf3YGB2NvbnRlbnR3AAN0YWd3AnRkBXNjb3BlfwVhbGlnbn8HY29sc3Bhbn8Hcm93c3Bhbn92Bgdjb250ZW50dwLCoAN0YWd3AnRkBXNjb3BlfwVhbGlnbn8HY29sc3Bhbn8Hcm93c3Bhbn8DjMnPhwoBAADc2pOzBhMAAO4CAF0FJAUkBSQFEgXWAQUkBSQFJAUkBSQFEgVAAAYCCgACAQEg+eWa\/wIBAAE=\",\"updateId\":161260897}","footnotes":""},"class_list":["post-674","page","type-page","status-publish","hentry"],"_links":{"self":[{"href":"https:\/\/www.kananas.com\/moto-clubleskochersbikers851\/wp-json\/wp\/v2\/pages\/674","targetHints":{"allow":["GET"]}}],"collection":[{"href":"https:\/\/www.kananas.com\/moto-clubleskochersbikers851\/wp-json\/wp\/v2\/pages"}],"about":[{"href":"https:\/\/www.kananas.com\/moto-clubleskochersbikers851\/wp-json\/wp\/v2\/types\/page"}],"author":[{"embeddable":true,"href":"https:\/\/www.kananas.com\/moto-clubleskochersbikers851\/wp-json\/wp\/v2\/users\/1682"}],"replies":[{"embeddable":true,"href":"https:\/\/www.kananas.com\/moto-clubleskochersbikers851\/wp-json\/wp\/v2\/comments?post=674"}],"version-history":[{"count":9,"href":"https:\/\/www.kananas.com\/moto-clubleskochersbikers851\/wp-json\/wp\/v2\/pages\/674\/revisions"}],"predecessor-version":[{"id":731,"href":"https:\/\/www.kananas.com\/moto-clubleskochersbikers851\/wp-json\/wp\/v2\/pages\/674\/revisions\/731"}],"wp:attachment":[{"href":"https:\/\/www.kananas.com\/moto-clubleskochersbikers851\/wp-json\/wp\/v2\/media?parent=674"}],"curies":[{"name":"wp","href":"https:\/\/api.w.org\/{rel}","templated":true}]}}