{"id":193,"date":"2019-06-24T13:28:06","date_gmt":"2019-06-24T11:28:06","guid":{"rendered":"http:\/\/www.kananas.com\/motomentum\/?page_id=193"},"modified":"2019-06-24T13:44:20","modified_gmt":"2019-06-24T11:44:20","slug":"proposition-de-balade","status":"publish","type":"page","link":"https:\/\/www.kananas.com\/motomentum\/proposition-de-balade\/","title":{"rendered":"Proposition de balade"},"content":{"rendered":"<p>Nous te conseillons de te cr\u00e9er un compte sur le site Moto Trip afin de pouvoir facilement cr\u00e9er un itin\u00e9raire et nous le partager.<\/p>\n[button url=\u00a0\u00bbhttps:\/\/moto-trip.com\u00a0\u00bb target=\u00a0\u00bbblank\u00a0\u00bb style=\u00a0\u00bbflat\u00a0\u00bb size=\u00a0\u00bb8&Prime; center=\u00a0\u00bbyes\u00a0\u00bb]Je m&rsquo;inscris sur Moto Trip \u270c\ufe0f[\/button]\n<p>&nbsp;<\/p>\n\n<div class=\"wpcf7 no-js\" id=\"wpcf7-f192-o1\" lang=\"en-US\" dir=\"ltr\" data-wpcf7-id=\"192\">\n<div class=\"screen-reader-response\"><p role=\"status\" aria-live=\"polite\" aria-atomic=\"true\"><\/p> <ul><\/ul><\/div>\n<form action=\"\/motomentum\/wp-json\/wp\/v2\/pages\/193#wpcf7-f192-o1\" method=\"post\" class=\"wpcf7-form init\" aria-label=\"Contact form\" enctype=\"multipart\/form-data\" novalidate=\"novalidate\" data-status=\"init\">\n<fieldset class=\"hidden-fields-container\"><input type=\"hidden\" name=\"_wpcf7\" value=\"192\" \/><input type=\"hidden\" name=\"_wpcf7_version\" value=\"6.1.5\" \/><input type=\"hidden\" name=\"_wpcf7_locale\" value=\"en_US\" \/><input type=\"hidden\" name=\"_wpcf7_unit_tag\" value=\"wpcf7-f192-o1\" \/><input type=\"hidden\" name=\"_wpcf7_container_post\" value=\"0\" \/><input type=\"hidden\" name=\"_wpcf7_posted_data_hash\" value=\"\" \/>\n<\/fieldset>\n<p><label> Ton Nom et Pr\u00e9nom (requis)<br \/>\n<span class=\"wpcf7-form-control-wrap\" data-name=\"your-name\"><input size=\"40\" maxlength=\"400\" class=\"wpcf7-form-control wpcf7-text wpcf7-validates-as-required\" aria-required=\"true\" aria-invalid=\"false\" value=\"\" type=\"text\" name=\"your-name\" \/><\/span> <\/label>\n<\/p>\n<p><label> Ton Email (requis)<br \/>\n<span class=\"wpcf7-form-control-wrap\" data-name=\"your-email\"><input size=\"40\" maxlength=\"400\" class=\"wpcf7-form-control wpcf7-email wpcf7-validates-as-required wpcf7-text wpcf7-validates-as-email\" aria-required=\"true\" aria-invalid=\"false\" value=\"\" type=\"email\" name=\"your-email\" \/><\/span> <\/label>\n<\/p>\n<p><label> Nom de la Balade (requis)<br \/>\n<span class=\"wpcf7-form-control-wrap\" data-name=\"your-subject\"><input size=\"40\" maxlength=\"400\" class=\"wpcf7-form-control wpcf7-text wpcf7-validates-as-required\" aria-required=\"true\" aria-invalid=\"false\" value=\"\" type=\"text\" name=\"your-subject\" \/><\/span> <\/label>\n<\/p>\n<p><label> Descriptif<br \/>\n<span class=\"wpcf7-form-control-wrap\" data-name=\"your-message\"><textarea cols=\"40\" rows=\"10\" maxlength=\"2000\" class=\"wpcf7-form-control wpcf7-textarea\" aria-invalid=\"false\" name=\"your-message\"><\/textarea><\/span> <\/label>\n<\/p>\n<p><label> URL du Fichier GPX<br \/>\n<span class=\"wpcf7-form-control-wrap\" data-name=\"FichierGPX\"><input size=\"40\" maxlength=\"400\" class=\"wpcf7-form-control wpcf7-url wpcf7-text wpcf7-validates-as-url\" aria-invalid=\"false\" value=\"\" type=\"url\" name=\"FichierGPX\" \/><\/span> <\/label>\n<\/p>\n<p><label> Fichier Joint (carte de la balade, autres)<br \/>\n<span class=\"wpcf7-form-control-wrap\" data-name=\"file-526\"><input size=\"40\" class=\"wpcf7-form-control wpcf7-file\" accept=\"audio\/*,video\/*,image\/*\" aria-invalid=\"false\" type=\"file\" name=\"file-526\" \/><\/span> <\/label>\n<\/p>\n<p><input class=\"wpcf7-form-control wpcf7-submit has-spinner\" type=\"submit\" value=\"Partager\" \/>\n<\/p><p style=\"display: none !important;\" class=\"akismet-fields-container\" data-prefix=\"_wpcf7_ak_\"><label>&#916;<textarea name=\"_wpcf7_ak_hp_textarea\" cols=\"45\" rows=\"8\" maxlength=\"100\"><\/textarea><\/label><input type=\"hidden\" id=\"ak_js_1\" name=\"_wpcf7_ak_js\" value=\"137\"\/><script type=\"text\/javascript\">\n\/* <![CDATA[ *\/\ndocument.getElementById( \"ak_js_1\" ).setAttribute( \"value\", ( new Date() ).getTime() );\n\/* ]]> *\/\n<\/script>\n<\/p><div class=\"wpcf7-response-output\" aria-hidden=\"true\"><\/div>\n<\/form>\n<\/div>\n\n","protected":false},"excerpt":{"rendered":"<p>Nous te conseillons de te cr\u00e9er un compte sur le site Moto Trip afin de pouvoir facilement cr\u00e9er un itin\u00e9raire et nous le partager. [button url=\u00a0\u00bbhttps:\/\/moto-trip.com\u00a0\u00bb target=\u00a0\u00bbblank\u00a0\u00bb style=\u00a0\u00bbflat\u00a0\u00bb size=\u00a0\u00bb8&Prime; center=\u00a0\u00bbyes\u00a0\u00bb]Je m&rsquo;inscris sur Moto Trip \u270c\ufe0f[\/button] &nbsp;<\/p>\n","protected":false},"author":1477,"featured_media":0,"parent":0,"menu_order":0,"comment_status":"closed","ping_status":"closed","template":"","meta":{"_crdt_document":"","footnotes":""},"class_list":{"0":"post-193","1":"page","2":"type-page","3":"status-publish","5":"entry"},"_links":{"self":[{"href":"https:\/\/www.kananas.com\/motomentum\/wp-json\/wp\/v2\/pages\/193","targetHints":{"allow":["GET"]}}],"collection":[{"href":"https:\/\/www.kananas.com\/motomentum\/wp-json\/wp\/v2\/pages"}],"about":[{"href":"https:\/\/www.kananas.com\/motomentum\/wp-json\/wp\/v2\/types\/page"}],"author":[{"embeddable":true,"href":"https:\/\/www.kananas.com\/motomentum\/wp-json\/wp\/v2\/users\/1477"}],"replies":[{"embeddable":true,"href":"https:\/\/www.kananas.com\/motomentum\/wp-json\/wp\/v2\/comments?post=193"}],"version-history":[{"count":4,"href":"https:\/\/www.kananas.com\/motomentum\/wp-json\/wp\/v2\/pages\/193\/revisions"}],"predecessor-version":[{"id":200,"href":"https:\/\/www.kananas.com\/motomentum\/wp-json\/wp\/v2\/pages\/193\/revisions\/200"}],"wp:attachment":[{"href":"https:\/\/www.kananas.com\/motomentum\/wp-json\/wp\/v2\/media?parent=193"}],"curies":[{"name":"wp","href":"https:\/\/api.w.org\/{rel}","templated":true}]}}