{"id":304,"date":"2020-02-10T10:24:23","date_gmt":"2020-02-10T09:24:23","guid":{"rendered":"http:\/\/www.kananas.com\/motomentum\/?page_id=304"},"modified":"2020-02-10T16:17:56","modified_gmt":"2020-02-10T15:17:56","slug":"qui-sommes-nous","status":"publish","type":"page","link":"https:\/\/www.kananas.com\/motomentum\/qui-sommes-nous\/","title":{"rendered":"Qui sommes-nous ?"},"content":{"rendered":"<p>L&rsquo;association Motomentum est cr\u00e9e pour tous les chr\u00e9tiens motards :<br \/>\n1. Passionn\u00e9s par notre Seigneur Dieu, son fils J\u00e9sus ainsi que le St Esprit<br \/>\n2. Passionn\u00e9s par la moto et tout ce qui s\u2019y rattache<\/p>\n<p>Elle \u00e9tend le minist\u00e8re de l&rsquo;\u00e9glise Momentum aupr\u00e8s de l&rsquo;association.<\/p>\n<p>La vision de cette association est de prendre soin du troupeau de motards que Dieu nous a confi\u00e9 et de partager un m\u00eame amour, une m\u00eame pens\u00e9e, un m\u00eame esprit, un m\u00eame c\u0153ur afin que le Christ nous rende plus fort et courageux dans la foi. Ensemble nous chercherons l\u2019int\u00e9r\u00eat des autres en toute simplicit\u00e9.<\/p>\n<p>Nous, motards de Motomentum, brillerons comme des phares dans le monde motard s\u00e9culier par notre conduite afin d\u2019apporter le salut motard en J\u00e9sus Christ.<\/p>\n<p>&nbsp;<\/p>\n<blockquote><p><span class=\"verse v2\" data-usfm=\"1PE.5.2\"><span class=\"content\">Prenez soin du troupeau que Dieu vous a confi\u00e9. Ne faites pas cela par devoir, mais de bon c\u0153ur, comme Dieu le d\u00e9sire.<\/span><\/span><\/p>\n<p>1 Pierre 5.2<\/p><\/blockquote>\n<blockquote><p><span class=\"verse v2\" data-usfm=\"PHP.2.2\"><span class=\"content\">Ayez un m\u00eame amour, un m\u00eame c\u0153ur, une m\u00eame pens\u00e9e. <\/span><\/span><span class=\"verse v3\" data-usfm=\"PHP.2.3\"><span class=\"content\">Ne faites rien pour passer devant les autres&#8230;<\/span><\/span><\/p>\n<p>Philippiens 2.1:18<\/p><\/blockquote>\n","protected":false},"excerpt":{"rendered":"<p>L&rsquo;association Motomentum est cr\u00e9e pour tous les chr\u00e9tiens motards : 1. Passionn\u00e9s par notre Seigneur Dieu, son fils J\u00e9sus ainsi que le St Esprit 2. Passionn\u00e9s par la moto et tout ce qui s\u2019y rattache Elle \u00e9tend le minist\u00e8re de l&rsquo;\u00e9glise Momentum aupr\u00e8s de l&rsquo;association. La vision de cette association est de prendre soin du&hellip; <\/p>\n<p class=\"toivo-read-more\"><a href=\"https:\/\/www.kananas.com\/motomentum\/qui-sommes-nous\/\" class=\"more-link\">Lire la suite <span class=\"screen-reader-text\">Qui sommes-nous ?<\/span><\/a><\/p>\n","protected":false},"author":1477,"featured_media":0,"parent":0,"menu_order":0,"comment_status":"closed","ping_status":"closed","template":"","meta":{"_crdt_document":"","footnotes":""},"class_list":{"0":"post-304","1":"page","2":"type-page","3":"status-publish","5":"entry"},"_links":{"self":[{"href":"https:\/\/www.kananas.com\/motomentum\/wp-json\/wp\/v2\/pages\/304","targetHints":{"allow":["GET"]}}],"collection":[{"href":"https:\/\/www.kananas.com\/motomentum\/wp-json\/wp\/v2\/pages"}],"about":[{"href":"https:\/\/www.kananas.com\/motomentum\/wp-json\/wp\/v2\/types\/page"}],"author":[{"embeddable":true,"href":"https:\/\/www.kananas.com\/motomentum\/wp-json\/wp\/v2\/users\/1477"}],"replies":[{"embeddable":true,"href":"https:\/\/www.kananas.com\/motomentum\/wp-json\/wp\/v2\/comments?post=304"}],"version-history":[{"count":4,"href":"https:\/\/www.kananas.com\/motomentum\/wp-json\/wp\/v2\/pages\/304\/revisions"}],"predecessor-version":[{"id":309,"href":"https:\/\/www.kananas.com\/motomentum\/wp-json\/wp\/v2\/pages\/304\/revisions\/309"}],"wp:attachment":[{"href":"https:\/\/www.kananas.com\/motomentum\/wp-json\/wp\/v2\/media?parent=304"}],"curies":[{"name":"wp","href":"https:\/\/api.w.org\/{rel}","templated":true}]}}