{"id":2544,"date":"2020-06-29T11:58:02","date_gmt":"2020-06-29T09:58:02","guid":{"rendered":"http:\/\/www.kananas.com\/mouvementcorpsetdanse1149\/?page_id=2544"},"modified":"2022-06-04T11:52:31","modified_gmt":"2022-06-04T09:52:31","slug":"cgv-3","status":"publish","type":"page","link":"https:\/\/www.kananas.com\/mouvementcorpsetdanse1149\/cgv-3\/","title":{"rendered":"CGV"},"content":{"rendered":"<p><strong>Conditions g\u00e9n\u00e9rales de vente <\/strong><\/p>\n<p>Mis \u00e0 jour le 29 juin 2020<\/p>\n<p>&nbsp;<\/p>\n<p><strong>Mentions relatives \u00e0 votre identit\u00e9 ou \u00e0 l&rsquo;identit\u00e9 l&rsquo;association<\/strong><\/p>\n<p>Les conditions g\u00e9n\u00e9rales de vente concernent l\u2019association Mouvement Corps et Danse, dirig\u00e9e par Marie France Facchetti, pr\u00e9sidente \u00e0 ce jour, et dont le si\u00e8ge social se trouve\u00a0:<\/p>\n<p>H\u00f4tel de ville, parc du souvenir Emile Fouchard, 77505 Chelles Cedex<\/p>\n<p>Vous pouvez nous joindre au 06 30 11 93 65 ou par mail \u00e0 <a href=\"mailto:mcdanse@mcdanse77.com\">mcdanse@mcdanse77.com<\/a><\/p>\n<p>Cet organisme n\u2019est pas assujetti \u00e0 la TVA.<\/p>\n<p>SIRET\u00a0: 488\u00a0971\u00a0540\u00a0000<\/p>\n<p>Agr\u00e9ments<\/p>\n<p>&#8211; sports\u00a0: AS77101423<\/p>\n<p>&#8211; Jeunesse\u00a0: AS7707505J<\/p>\n<p>&nbsp;<\/p>\n<p><strong>Mentions relatives aux produits ou services mis en vente<\/strong><\/p>\n<p>Mouvement Corps et Danse h\u00e9berge des professeurs qui assurent les cours de danse de styles divers : Flamenco, Country, Bachata, Modern Jazz, Initiation \u00e0 la danse, Contemporain, Danse Africaine, Danse de Salon, GRS, Pom Pom, et Street Jazz.<\/p>\n<p>Ainsi que des cours de forme : Step, yoga Nidra, Yoga r\u00e9g\u00e9n\u00e9rateur, Pilates, Renforcement musculaire, Cardio, et Barre \u00e0 terre.<\/p>\n<p>Durant l\u2019ann\u00e9e, les professeurs peuvent proposer des stages, soir\u00e9es et autres spectacles.<\/p>\n<p><strong>Mentions relatives au prix, \u00e0 la dur\u00e9e de validit\u00e9 de l&rsquo;offre et au paiement<\/strong><\/p>\n<p>Les conditions g\u00e9n\u00e9rales de vente doivent pr\u00e9ciser :<\/p>\n<p>Les tarifs sont d\u00e9cid\u00e9s par les professeurs h\u00e9berg\u00e9s. Ils doivent \u00eatre r\u00e9gl\u00e9s aupr\u00e8s d&rsquo;eux.<\/p>\n<p>Une adh\u00e9sion obligatoire est due \u00e0 l&rsquo;association Mouvement Corps et danse. Elle s&rsquo;\u00e9l\u00e8ve \u00e0 30\u20ac<\/p>\n<p><a href=\"http:\/\/www.mcdanse77.com\">www.mcdanse77.com<\/a><\/p>\n<p>Les moyens de paiements accept\u00e9s pour l&rsquo;adh\u00e9sion de 30\u20ac :<\/p>\n<p>&#8211; Ch\u00e8ques, Esp\u00e8ces, Carte bleue (paiement en ligne), Ch\u00e8ques vacances, Coupons sports.<\/p>\n<p><strong>Pour le r\u00e8glement des cours, vous devez voir aupr\u00e8s des professeurs.<\/strong><\/p>\n<p><strong>Mention relative \u00e0 l&rsquo;existence d&rsquo;un droit de r\u00e9tractation<\/strong><\/p>\n<p>Concernant les achats d&rsquo;adh\u00e9sion par l\u2019interm\u00e9diaire d\u2019Internet, vous disposez d\u2019un droit de r\u00e9tractation de 14 jours si vous n\u2019avez pas commencez \u00e0 consommer la prestation de service. Le d\u00e9lai court \u00e0 compter de l&rsquo;acceptation de l&rsquo;offre. Vous serez rembours\u00e9s dans les meilleurs d\u00e9lais et au plus tard dans les 30 jours suivant sa r\u00e9tractation.<\/p>\n<p><strong>Mentions relatives \u00e0 la protection des donn\u00e9es \u00e0 caract\u00e8re personnel<\/strong><\/p>\n<p>Les informations port\u00e9es sur ce formulaire sont obligatoires. Elles font l\u2019objet d\u2019un traitement informatis\u00e9 destin\u00e9 \u00e0 votre inscription au sein de l&rsquo;association Mouvement Corps et Danse. Les destinataires des donn\u00e9es sont : les b\u00e9n\u00e9voles de l&rsquo;association<\/p>\n<p>Depuis la loi \u201cinformatique et libert\u00e9s\u201d du 6 janvier 1978 modifi\u00e9e, vous b\u00e9n\u00e9ficiez d\u2019un droit d\u2019acc\u00e8s et de rectification aux informations qui vous concernent. Si vous souhaitez exercer ce droit et obtenir communication des informations vous concernant, veuillez-vous adresser \u00e0 mcdanse@mcdanse77.com<\/p>\n<p>\u201d Vous pouvez \u00e9galement, pour des motifs l\u00e9gitimes, vous opposer au traitement des donn\u00e9es vous concernant \u201d<\/p>\n<p><strong>Mention relative \u00e0 la conclusion du contrat \u00e9lectronique<\/strong><\/p>\n<p>Suite \u00e0 votre inscription sur le site <a href=\"http:\/\/www.mcdanse77.com\">www.mcdanse77.com<\/a> pour les nouveaux adh\u00e9rents ou l\u2019envoi d\u2019un mail indiquant le nom et pr\u00e9nom de la personne concern\u00e9e, et le ou les cours d\u00e9sir\u00e9s, \u00e0 <a href=\"mailto:mcdanse@mcdanse77.com\">mcdanse@mcdanse77.com<\/a> pour les anciens, vous avez la possibilit\u00e9 de payer en ligne en suivant le lien indiqu\u00e9, ou vous recevez une fiche \u00e0 signer et \u00e0 retourner par courrier accompagn\u00e9e de votre r\u00e8glement.<\/p>\n<p>Les personnes qui souhaitent payer en esp\u00e8ces doivent attendre la reprise des cours afin de r\u00e9gler directement aupr\u00e8s d\u2019un b\u00e9n\u00e9vole de l\u2019association.<\/p>\n<p>Un r\u00e9capitulatif votre inscription vous est envoy\u00e9 lorsque vous payez en ligne. Celui-ci contient le prix total en d\u00e9tail.<\/p>\n<p>&nbsp;<\/p>\n","protected":false},"excerpt":{"rendered":"<p>Conditions g\u00e9n\u00e9rales de vente Mis \u00e0 jour le 29 juin 2020 &nbsp; Mentions relatives \u00e0 votre identit\u00e9 ou \u00e0 l&rsquo;identit\u00e9 l&rsquo;association Les conditions g\u00e9n\u00e9rales de vente concernent l\u2019association Mouvement Corps et Danse,<a class=\"moretag\" href=\"https:\/\/www.kananas.com\/mouvementcorpsetdanse1149\/cgv-3\/\">Read More&#8230;<\/a><\/p>\n","protected":false},"author":384,"featured_media":0,"parent":0,"menu_order":0,"comment_status":"closed","ping_status":"closed","template":"","meta":{"_crdt_document":"","footnotes":""},"class_list":["post-2544","page","type-page","status-publish","hentry"],"_links":{"self":[{"href":"https:\/\/www.kananas.com\/mouvementcorpsetdanse1149\/wp-json\/wp\/v2\/pages\/2544","targetHints":{"allow":["GET"]}}],"collection":[{"href":"https:\/\/www.kananas.com\/mouvementcorpsetdanse1149\/wp-json\/wp\/v2\/pages"}],"about":[{"href":"https:\/\/www.kananas.com\/mouvementcorpsetdanse1149\/wp-json\/wp\/v2\/types\/page"}],"author":[{"embeddable":true,"href":"https:\/\/www.kananas.com\/mouvementcorpsetdanse1149\/wp-json\/wp\/v2\/users\/384"}],"replies":[{"embeddable":true,"href":"https:\/\/www.kananas.com\/mouvementcorpsetdanse1149\/wp-json\/wp\/v2\/comments?post=2544"}],"version-history":[{"count":3,"href":"https:\/\/www.kananas.com\/mouvementcorpsetdanse1149\/wp-json\/wp\/v2\/pages\/2544\/revisions"}],"predecessor-version":[{"id":2934,"href":"https:\/\/www.kananas.com\/mouvementcorpsetdanse1149\/wp-json\/wp\/v2\/pages\/2544\/revisions\/2934"}],"wp:attachment":[{"href":"https:\/\/www.kananas.com\/mouvementcorpsetdanse1149\/wp-json\/wp\/v2\/media?parent=2544"}],"curies":[{"name":"wp","href":"https:\/\/api.w.org\/{rel}","templated":true}]}}